{"id":3690,"date":"2023-12-21T12:51:39","date_gmt":"2023-12-21T12:51:39","guid":{"rendered":"https:\/\/blogsaverroes.juntadeandalucia.es\/ieslamarisma\/?page_id=3690"},"modified":"2023-12-21T12:51:39","modified_gmt":"2023-12-21T12:51:39","slug":"solicitud-de-titulo","status":"publish","type":"page","link":"https:\/\/blogsaverroes.juntadeandalucia.es\/ieslamarisma\/solicitud-de-titulo\/","title":{"rendered":"Solicitud de T\u00edtulo"},"content":{"rendered":"<p>Para facilitar los tr\u00e1mites de solicitud de t\u00edtulo, ponemos a vuestra disposici\u00f3n la informaci\u00f3n y los impresos necesarios a trav\u00e9s de nuestra web. El procedimiento de expedici\u00f3n de t\u00edtulos se iniciar\u00e1 s\u00f3lo a solicitud del interesado\/a, previo pago de las tasas correspondientes mediante el modelo 046 y una vez entregada toda la documentaci\u00f3n requerida.<\/p>\n<p><strong>Documentaci\u00f3n para la solicitud del t\u00edtulo en caso de tramitaci\u00f3n presencial<br \/>\n<\/strong><\/p>\n<p>Si vas a solicitar el t\u00edtulo a trav\u00e9s de la \u00abSecretar\u00eda virtual\u00bb NO es necesario descargar el impreso de instancia ni el modelo 046, ya que estos se rellenan online.<\/p>\n<p>1\u00ba Instancia de solicitud debidamente cumplimentada. Puedes descargarla en el siguiente enlace:&nbsp;<a href=\"https:\/\/drive.google.com\/file\/d\/1XgpSwuaDkVM4xd-QLuLKFVkqYiaMqi86\/view?usp=sharing\">Instancia en formato pdf rellenable<\/a><\/p>\n<p>2\u00ba Tasas:<\/p>\n<table class=\"table table-hover table-bordered thead-light\">\n<colgroup>\n<col width=\"25%\">\n<col width=\"25%\">\n<col width=\"25%\">\n<col width=\"30%\"><\/colgroup>\n<tbody>\n<tr>\n<td><strong>T\u00edtulo<\/strong><\/td>\n<td><strong>Tarifa normal<\/strong><\/td>\n<td data-sheets-value=\"{&quot;1&quot;:2,&quot;2&quot;:&quot;2\u00ba AF-A\/2\u00ba ASIR&quot;}\"><strong>Familia numerosa general<\/strong><\/td>\n<td data-sheets-value=\"{&quot;1&quot;:2,&quot;2&quot;:&quot;ADMVO\/VICEDIRECCION&quot;}\"><strong>Familia numerosa especial, victimas de terrorismo, v\u00edctimas de violencia de g\u00e9nero, dom\u00e9stica o de ambas; discapacidad igual o superior al 33%, beneficiarios de la prestaci\u00f3n del ingreso m\u00ednimo vital y beneficiarios de la Renta M\u00ednima de Inserci\u00f3n Social de Andaluc\u00eda.<\/strong><\/td>\n<\/tr>\n<tr>\n<td data-sheets-value=\"{&quot;1&quot;:2,&quot;2&quot;:&quot;11:00-11.30&quot;}\">Bachillerato<\/td>\n<td data-sheets-value=\"{&quot;1&quot;:2,&quot;2&quot;:&quot;2\u00ba AF-B\/2\u00ba DAW&quot;}\">54.97\u20ac<\/td>\n<td data-sheets-value=\"{&quot;1&quot;:2,&quot;2&quot;:&quot;2\u00ba AF-B\/2\u00ba DAW&quot;}\">27.49\u20ac<\/td>\n<td data-sheets-value=\"{&quot;1&quot;:2,&quot;2&quot;:&quot;ADMVO\/VICEDIRECCION&quot;}\">Gratuito<\/td>\n<\/tr>\n<tr>\n<td data-sheets-value=\"{&quot;1&quot;:2,&quot;2&quot;:&quot;11.30-12.00&quot;}\">Ciclo Superior<\/td>\n<td data-sheets-value=\"{&quot;1&quot;:2,&quot;2&quot;:&quot;2\u00ba AF-C\/2\u00ba SMR&quot;}\">54.97\u20ac<\/td>\n<td data-sheets-value=\"{&quot;1&quot;:2,&quot;2&quot;:&quot;2\u00ba AF-C\/2\u00ba SMR&quot;}\">27.49\u20ac<\/td>\n<td data-sheets-value=\"{&quot;1&quot;:2,&quot;2&quot;:&quot;ADMVO\/VICEDIRECCION&quot;}\">Gratuito<\/td>\n<\/tr>\n<tr>\n<td data-sheets-value=\"{&quot;1&quot;:2,&quot;2&quot;:&quot;12.00-12.30&quot;}\">Ciclo Medio<\/td>\n<td data-sheets-value=\"{&quot;1&quot;:2,&quot;2&quot;:&quot;2\u00ba G.A\/2\u00ba JARD \/2\u00ba DAM&quot;}\">22.38\u20ac<\/td>\n<td data-sheets-value=\"{&quot;1&quot;:2,&quot;2&quot;:&quot;2\u00ba G.A\/2\u00ba JARD \/2\u00ba DAM&quot;}\">11.19\u20ac<\/td>\n<td data-sheets-value=\"{&quot;1&quot;:2,&quot;2&quot;:&quot;ADMVO\/DPTO JARD\/VICE.&quot;}\">Gratuito<\/td>\n<\/tr>\n<\/tbody>\n<\/table>\n<p>3\u00ba Las tasas se abonan en el banco mediante el impreso de autoliquidaci\u00f3n correspondiente. Siga previamente las siguientes indicaciones:<\/p>\n<ol>\n<li>Rellene la solicitud del modelo 046 online, disponible a trav\u00e9s de este enlace:&nbsp;<a href=\"https:\/\/www.juntadeandalucia.es\/economiayhacienda\/apl\/surweb\/modelos\/modelo046\/046.jsp\">Modelo 046<\/a>.<\/li>\n<li>En el apartado OBLIGADO AL PAGO, incluya los datos personales del interesado.<\/li>\n<li>En el apartado DATOS GENERALES:&nbsp;&nbsp;&nbsp;&nbsp;&nbsp;\n<ol>\n<li>Marque la casilla 35 de Autoliquidaci\u00f3n&nbsp;&nbsp;&nbsp;&nbsp;<\/li>\n<li>Indique en la casilla 36:&nbsp; T\u00edtulo que desea solicitar (Ej. Expedici\u00f3n de t\u00edtulo de Bachillerato o Ciclo Formativo de Grado Superior de Administraci\u00f3n y Finanzas) &nbsp;<\/li>\n<li>Casilla 37: La cantidad a ingresar ser\u00e1 la que corresponda seg\u00fan el apartado 2\u00ba,<\/li>\n<li>C\u00f3digo Territorial: ED21C0 (con este c\u00f3digo aparecer\u00e1 el IES La Marisma).<\/li>\n<li>Concepto de pago: 0049.<\/li>\n<\/ol>\n<\/li>\n<li>No rellene LIQUIDACI\u00d3N ANEXA Y RESPONSABLE SOLIDARIO<\/li>\n<li>Pulse VALIDAR.<\/li>\n<li>Imprima el documento.<\/li>\n<\/ol>\n<p>4\u00ba Para acogerse a la tarifa reducia o exenta por familia numerosa, habr\u00e1 que presentar una fotocopia actualizada y compulsada de la TARJETA DE FAMILIA NUMEROSA.<\/p>\n<p>5\u00ba Fotocopia del DNI del solicitante<\/p>\n<p>&nbsp;<\/p>\n<p><strong>Tramitaci\u00f3n<\/strong><\/p>\n<p>Se recomienda encarecidamente&nbsp;<strong>utitizar la teletramitaci\u00f3n<\/strong>&nbsp;a trav\u00e9s de la Secretaria Virtual de la Junta de Andalucia.<\/p>\n<p>1- Teletramitaci\u00f3n<\/p>\n<ul>\n<li>Dir\u00edjase a la Secretar\u00eda virtual de la Junta de Andaluc\u00eda:&nbsp;<a href=\"https:\/\/www.juntadeandalucia.es\/educacion\/secretariavirtual\/solicitudes\/#Solicitud_Titulos\">https:\/\/www.juntadeandalucia.es\/educacion\/secretariavirtual\/solicitudes\/#Solicitud_Titulos&nbsp;<\/a>y asegurese de que se encuentra en el apartado \u00absolicitud de t\u00edtulo<\/li>\n<\/ul>\n<p>2- Tramitaci\u00f3n presencial en el centro<\/p>\n<ul>\n<li>Si no fuera posible, se tramitar\u00e1 de forma presencial previa cita con objeto de garantizar la seguridad.<\/li>\n<li>Recopile la documentaci\u00f3n necesaria para el tr\u00e1mite a llevar a cabo: impresos y documentaci\u00f3n a presentar.<\/li>\n<li>Haga clic en el siguiente enlace y siga las instrucci\u00f3nes para solicitar cita:&nbsp;<a href=\"https:\/\/www.ieslamarisma.net\/cita\/\">https:\/\/ieslamarisma.net\/cita\/<\/a><\/li>\n<li>El d\u00eda de la cita acuda con toda la documentaci\u00f3n necesaria y debidamente cumplimentada.<\/li>\n<\/ul>\n","protected":false},"excerpt":{"rendered":"<p>Para facilitar los tr\u00e1mites de solicitud de t\u00edtulo, ponemos a vuestra disposici\u00f3n la informaci\u00f3n y los impresos necesarios a trav\u00e9s de nuestra web. El procedimiento de expedici\u00f3n de t\u00edtulos se iniciar\u00e1 s\u00f3lo a solicitud&#46;&#46;&#46;<\/p>\n","protected":false},"author":10553,"featured_media":0,"parent":0,"menu_order":0,"comment_status":"closed","ping_status":"closed","template":"","meta":{"ngg_post_thumbnail":0,"footnotes":"","_mc_calendar":[]},"aioseo_notices":[],"_links":{"self":[{"href":"https:\/\/blogsaverroes.juntadeandalucia.es\/ieslamarisma\/wp-json\/wp\/v2\/pages\/3690"}],"collection":[{"href":"https:\/\/blogsaverroes.juntadeandalucia.es\/ieslamarisma\/wp-json\/wp\/v2\/pages"}],"about":[{"href":"https:\/\/blogsaverroes.juntadeandalucia.es\/ieslamarisma\/wp-json\/wp\/v2\/types\/page"}],"author":[{"embeddable":true,"href":"https:\/\/blogsaverroes.juntadeandalucia.es\/ieslamarisma\/wp-json\/wp\/v2\/users\/10553"}],"replies":[{"embeddable":true,"href":"https:\/\/blogsaverroes.juntadeandalucia.es\/ieslamarisma\/wp-json\/wp\/v2\/comments?post=3690"}],"version-history":[{"count":1,"href":"https:\/\/blogsaverroes.juntadeandalucia.es\/ieslamarisma\/wp-json\/wp\/v2\/pages\/3690\/revisions"}],"predecessor-version":[{"id":3691,"href":"https:\/\/blogsaverroes.juntadeandalucia.es\/ieslamarisma\/wp-json\/wp\/v2\/pages\/3690\/revisions\/3691"}],"wp:attachment":[{"href":"https:\/\/blogsaverroes.juntadeandalucia.es\/ieslamarisma\/wp-json\/wp\/v2\/media?parent=3690"}],"curies":[{"name":"wp","href":"https:\/\/api.w.org\/{rel}","templated":true}]}}