{"id":2354,"date":"2018-02-19T11:49:58","date_gmt":"2018-02-19T11:49:58","guid":{"rendered":"https:\/\/blogsaverroes.juntadeandalucia.es\/ieslapandera\/?page_id=2354"},"modified":"2018-02-19T11:49:58","modified_gmt":"2018-02-19T11:49:58","slug":"matematicas","status":"publish","type":"page","link":"https:\/\/blogsaverroes.juntadeandalucia.es\/ieslapandera\/matematicas\/","title":{"rendered":"Matem\u00e1ticas"},"content":{"rendered":"<p>El departamento de Matem\u00e1ticas est\u00e1 compuesto por:<\/p>\n<ul>\n<li>D. Manuel Garc\u00eda Armenteros<\/li>\n<li>D. Miguel J. Garc\u00eda Lorite<\/li>\n<li>D. Joaqu\u00edn Herrador Higueras<\/li>\n<li>D. Antonio Ruiz Montoro.<\/li>\n<li>D. Francisco Jos\u00e9 Mart\u00ednez Mata<\/li>\n<\/ul>\n<p><a href=\"http:\/\/matieslapandera.blogspot.com.es\/\">Blog de Matem\u00e1ticas<\/a><\/p>\n","protected":false},"excerpt":{"rendered":"<p>El departamento de Matem\u00e1ticas est\u00e1 compuesto por: D. Manuel Garc\u00eda Armenteros D. Miguel J. Garc\u00eda Lorite D. Joaqu\u00edn Herrador Higueras D. Antonio Ruiz Montoro. D. Francisco Jos\u00e9 Mart\u00ednez Mata Blog de Matem\u00e1ticas<\/p>\n","protected":false},"author":6005,"featured_media":0,"parent":0,"menu_order":0,"comment_status":"closed","ping_status":"closed","template":"","meta":{"ngg_post_thumbnail":0,"footnotes":"","_mc_calendar":[]},"aioseo_notices":[],"_links":{"self":[{"href":"https:\/\/blogsaverroes.juntadeandalucia.es\/ieslapandera\/wp-json\/wp\/v2\/pages\/2354"}],"collection":[{"href":"https:\/\/blogsaverroes.juntadeandalucia.es\/ieslapandera\/wp-json\/wp\/v2\/pages"}],"about":[{"href":"https:\/\/blogsaverroes.juntadeandalucia.es\/ieslapandera\/wp-json\/wp\/v2\/types\/page"}],"author":[{"embeddable":true,"href":"https:\/\/blogsaverroes.juntadeandalucia.es\/ieslapandera\/wp-json\/wp\/v2\/users\/6005"}],"replies":[{"embeddable":true,"href":"https:\/\/blogsaverroes.juntadeandalucia.es\/ieslapandera\/wp-json\/wp\/v2\/comments?post=2354"}],"version-history":[{"count":1,"href":"https:\/\/blogsaverroes.juntadeandalucia.es\/ieslapandera\/wp-json\/wp\/v2\/pages\/2354\/revisions"}],"predecessor-version":[{"id":2355,"href":"https:\/\/blogsaverroes.juntadeandalucia.es\/ieslapandera\/wp-json\/wp\/v2\/pages\/2354\/revisions\/2355"}],"wp:attachment":[{"href":"https:\/\/blogsaverroes.juntadeandalucia.es\/ieslapandera\/wp-json\/wp\/v2\/media?parent=2354"}],"curies":[{"name":"wp","href":"https:\/\/api.w.org\/{rel}","templated":true}]}}