{"id":2356,"date":"2018-02-19T11:52:40","date_gmt":"2018-02-19T11:52:40","guid":{"rendered":"https:\/\/blogsaverroes.juntadeandalucia.es\/ieslapandera\/?page_id=2356"},"modified":"2018-02-19T11:52:40","modified_gmt":"2018-02-19T11:52:40","slug":"lengua-y-literatura","status":"publish","type":"page","link":"https:\/\/blogsaverroes.juntadeandalucia.es\/ieslapandera\/lengua-y-literatura\/","title":{"rendered":"Lengua y Literatura"},"content":{"rendered":"<p>El departamento de Lengua y Literatura est\u00e1 compuesto por:<\/p>\n<ul>\n<li>D. Sergio R. Franco Duro<\/li>\n<li>D. Joaqu\u00edn Fabrellas Jim\u00e9nez<\/li>\n<li>D\u00aa Mar\u00eda Mesa Romero<\/li>\n<li>D\u00aa M.\u00aa Jos\u00e9 Higueras Garc\u00eda.<\/li>\n<li>D. Juli\u00e1n Jes\u00fas Molina Cruz&nbsp;<\/li>\n<\/ul>\n<p><a href=\"http:\/\/lacuevadelgatonegro.blogspot.com.es\/\">Blog del Departamento de Lengua y Literatura<\/a><\/p>\n<p><a href=\"http:\/\/bibliotecaieslapandera.blogspot.com.es\/\">Blog de la biblioteca<\/a><\/p>\n","protected":false},"excerpt":{"rendered":"<p>El departamento de Lengua y Literatura est\u00e1 compuesto por: D. Sergio R. Franco Duro D. Joaqu\u00edn Fabrellas Jim\u00e9nez D\u00aa Mar\u00eda Mesa Romero D\u00aa M.\u00aa Jos\u00e9 Higueras Garc\u00eda. D. Juli\u00e1n Jes\u00fas Molina Cruz&nbsp; Blog del&#46;&#46;&#46;<\/p>\n","protected":false},"author":6005,"featured_media":0,"parent":0,"menu_order":0,"comment_status":"closed","ping_status":"closed","template":"","meta":{"ngg_post_thumbnail":0,"footnotes":"","_mc_calendar":[]},"aioseo_notices":[],"_links":{"self":[{"href":"https:\/\/blogsaverroes.juntadeandalucia.es\/ieslapandera\/wp-json\/wp\/v2\/pages\/2356"}],"collection":[{"href":"https:\/\/blogsaverroes.juntadeandalucia.es\/ieslapandera\/wp-json\/wp\/v2\/pages"}],"about":[{"href":"https:\/\/blogsaverroes.juntadeandalucia.es\/ieslapandera\/wp-json\/wp\/v2\/types\/page"}],"author":[{"embeddable":true,"href":"https:\/\/blogsaverroes.juntadeandalucia.es\/ieslapandera\/wp-json\/wp\/v2\/users\/6005"}],"replies":[{"embeddable":true,"href":"https:\/\/blogsaverroes.juntadeandalucia.es\/ieslapandera\/wp-json\/wp\/v2\/comments?post=2356"}],"version-history":[{"count":1,"href":"https:\/\/blogsaverroes.juntadeandalucia.es\/ieslapandera\/wp-json\/wp\/v2\/pages\/2356\/revisions"}],"predecessor-version":[{"id":2357,"href":"https:\/\/blogsaverroes.juntadeandalucia.es\/ieslapandera\/wp-json\/wp\/v2\/pages\/2356\/revisions\/2357"}],"wp:attachment":[{"href":"https:\/\/blogsaverroes.juntadeandalucia.es\/ieslapandera\/wp-json\/wp\/v2\/media?parent=2356"}],"curies":[{"name":"wp","href":"https:\/\/api.w.org\/{rel}","templated":true}]}}