{"id":2882,"date":"2021-02-02T11:34:03","date_gmt":"2021-02-02T10:34:03","guid":{"rendered":"https:\/\/blogsaverroes.juntadeandalucia.es\/ieslapaz\/?page_id=2882"},"modified":"2024-01-23T01:13:33","modified_gmt":"2024-01-23T00:13:33","slug":"programaciones","status":"publish","type":"page","link":"https:\/\/blogsaverroes.juntadeandalucia.es\/ieslapaz\/programaciones\/","title":{"rendered":"PROGRAMACIONES"},"content":{"rendered":"<h2 style=\"text-align: center\"><strong>PROGRAMACIONES 2023\/2024<\/strong><\/h2>\n<table class=\"aligncenter\" style=\"width: 97.4863%;border-collapse: collapse;border-color: #000000;border-style: solid;height: 538px\" border=\"1\" cellpadding=\"1\">\n<tbody>\n<tr>\n<td style=\"width: 24.8036%;text-align: center;background-color: #b9d0ed\"><strong>DEPARTAMENTOS<\/strong><\/td>\n<td style=\"width: 44.335%;text-align: center;background-color: #b9d0ed\"><strong>PROGRAMACIONES<\/strong><\/td>\n<\/tr>\n<tr>\n<td style=\"width: 24.8036%\">EDUCACI\u00d3N PL\u00c1STICA Y VISUAL<\/td>\n<td style=\"width: 44.335%;text-align: left\">\n<ul>\n<li><a href=\"https:\/\/blogsaverroes.juntadeandalucia.es\/ieslapaz\/files\/2021\/11\/Programaci\u00f3n_Pl\u00e1stica_2021_20221.pdf\">Educaci\u00f3n pl\u00e1stica, visual y audiovisual<\/a><\/li>\n<li><a href=\"http:\/\/PD_MUSICA_23-24_1y2ESO\">M\u00fasica 1\u00ba ESO y 2\u00ba ESO<\/a><\/li>\n<\/ul>\n<\/td>\n<\/tr>\n<tr>\n<td style=\"width: 24.8036%\">CIENCIAS NATURALES<\/td>\n<td style=\"width: 44.335%;text-align: left\">\n<ul>\n<li><a href=\"https:\/\/blogsaverroes.juntadeandalucia.es\/ieslapaz\/files\/2024\/01\/PD_DPTO_CCNN_23-24.pdf\">Departamento de Ciencias Naturales<\/a><\/li>\n<li><a href=\"https:\/\/blogsaverroes.juntadeandalucia.es\/ieslapaz\/files\/2024\/01\/PD_BG_23-24_1ESO.pdf\">Biolog\u00eda y Geolog\u00eda 1\u00ba ESO<\/a><\/li>\n<li><a href=\"https:\/\/blogsaverroes.juntadeandalucia.es\/ieslapaz\/files\/2024\/01\/PD_BG_23-24_3ESO.pdf\">Biolog\u00eda y Geolog\u00eda 3\u00ba ESO<\/a><\/li>\n<li><a href=\"https:\/\/blogsaverroes.juntadeandalucia.es\/ieslapaz\/files\/2024\/01\/PD_FYQ_23-24_2ESO.pdf\">F\u00edsica y Qu\u00edmica 2\u00ba ESO<\/a><\/li>\n<li><a href=\"https:\/\/blogsaverroes.juntadeandalucia.es\/ieslapaz\/files\/2024\/01\/PD_FYQ_23-24_3ESO.pdf\">F\u00edsica y Qu\u00edmica 3\u00ba ESO<\/a><\/li>\n<li><a href=\"https:\/\/blogsaverroes.juntadeandalucia.es\/ieslapaz\/files\/2021\/11\/4ProgCAAP_4ESO_21.22.pdf\">Ciencias Aplicadas a la Actividad Profesional 4\u00ba ESO<\/a><\/li>\n<li><a href=\"https:\/\/blogsaverroes.juntadeandalucia.es\/ieslapaz\/files\/2021\/11\/7ProgCIENCIAS.APLICADAS.I_FPB_21.22.pdf\">Ciencias Aplicadas I 1\u00ba FPB Peluquer\u00eda y Est\u00e9tica<\/a><\/li>\n<li><a href=\"https:\/\/blogsaverroes.juntadeandalucia.es\/ieslapaz\/files\/2021\/11\/ProgTIC_4ESO_21.22.pdf\">Tecnolog\u00edas de la Informaci\u00f3n y la Comunicaci\u00f3n 4\u00ba ESO<\/a><\/li>\n<\/ul>\n<\/td>\n<\/tr>\n<tr>\n<td style=\"width: 24.8036%\">DACE<\/td>\n<td style=\"width: 44.335%;text-align: left\">\n<ul>\n<li><a href=\"https:\/\/blogsaverroes.juntadeandalucia.es\/ieslapaz\/files\/2021\/11\/DACE2021-22pdfULTIMO2.pdf\">Actividades extraescolares y complementarias<\/a><\/li>\n<\/ul>\n<\/td>\n<\/tr>\n<tr>\n<td style=\"width: 24.8036%\">EDUCACI\u00d3N F\u00cdSICA<\/td>\n<td style=\"width: 44.335%;text-align: left\">\n<ul>\n<li><a href=\"https:\/\/blogsaverroes.juntadeandalucia.es\/ieslapaz\/files\/2021\/11\/Programaci\u00f3n-Departamento-de-Educaci\u00f3n-F\u00edsica-2021-20222-copia.pdf\">Departamento de Educaci\u00f3n F\u00edsica<\/a><\/li>\n<li><a href=\"https:\/\/blogsaverroes.juntadeandalucia.es\/ieslapaz\/files\/2024\/01\/PD_EF_23-24_1-4ESO.pdf\">Educaci\u00f3n F\u00edsica<\/a><\/li>\n<\/ul>\n<\/td>\n<\/tr>\n<tr>\n<td style=\"width: 24.8036%\">ELECTR\u00d3NICA Y ELECTRICIDAD<\/td>\n<td style=\"width: 44.335%;text-align: left\">\n<ul>\n<li><a href=\"https:\/\/blogsaverroes.juntadeandalucia.es\/ieslapaz\/files\/2021\/11\/FPBEE_EEE_2021_programacion.pdf\">Equipos El\u00e9ctricos y Electr\u00f3nicos<\/a><\/li>\n<li><a href=\"https:\/\/blogsaverroes.juntadeandalucia.es\/ieslapaz\/files\/2021\/11\/FPBEE_IMTRD_2021_programacion.pdf\">Instalaci\u00f3n y Mantenimiento de Redes de Transmisi\u00f3n de Datos<\/a><\/li>\n<li><a href=\"https:\/\/blogsaverroes.juntadeandalucia.es\/ieslapaz\/files\/2021\/11\/FPBEE_IT_2021_programacion.pdf\">Instalaciones de Telecomunicaciones<\/a><\/li>\n<li><a href=\"https:\/\/blogsaverroes.juntadeandalucia.es\/ieslapaz\/files\/2021\/11\/FPBEE_IED_2021_programacion.pdf\">Instalaciones El\u00e9ctricas y Dom\u00f3ticas<\/a><\/li>\n<\/ul>\n<\/td>\n<\/tr>\n<tr>\n<td style=\"width: 24.8036%\">CIENCIAS SOCIALES<\/td>\n<td style=\"width: 44.335%;text-align: left\">\n<ul>\n<li><a href=\"https:\/\/blogsaverroes.juntadeandalucia.es\/ieslapaz\/files\/2024\/01\/PD_DPTO_CCSS_23-24.pdf\">Departamento de Ciencias Sociales<\/a><\/li>\n<li><a href=\"https:\/\/blogsaverroes.juntadeandalucia.es\/ieslapaz\/files\/2021\/02\/Comunicaci\u00f3n-y-Sociedad-II-20_21.pdf\">Comunicaci\u00f3n y Sociedad II 2\u00ba FPB<\/a><\/li>\n<li><a href=\"https:\/\/blogsaverroes.juntadeandalucia.es\/ieslapaz\/files\/2024\/01\/PD_CCSS_23-24_1a4ESO.pdf\">Ciencias Sociales Geograf\u00eda e Historia 1\u00ba a 4\u00ba ESO<\/a><\/li>\n<li><a href=\"https:\/\/blogsaverroes.juntadeandalucia.es\/ieslapaz\/files\/2021\/11\/PD-CIUDADAN\u00cdA-21.pdf\">Educaci\u00f3n para la Ciudadan\u00eda<\/a><\/li>\n<\/ul>\n<\/td>\n<\/tr>\n<tr>\n<td style=\"width: 24.8036%\">INGL\u00c9S<\/td>\n<td style=\"width: 44.335%;text-align: left\">\n<ul>\n<li><a href=\"https:\/\/blogsaverroes.juntadeandalucia.es\/ieslapaz\/files\/2024\/01\/PD_DPTO_INGLES_23-24.pdf\">Departamento de Ingl\u00e9s<\/a><\/li>\n<\/ul>\n<\/td>\n<\/tr>\n<tr>\n<td style=\"width: 24.8036%\">LENGUA CASTELLANA Y LITERATURA<\/td>\n<td style=\"width: 44.335%;text-align: left\">\n<ul>\n<li><a href=\"https:\/\/blogsaverroes.juntadeandalucia.es\/ieslapaz\/files\/2024\/01\/PD_DPTO_LENGUA_23-24.pdf\">Departamento de Lengua Castellana y Literatura<\/a><\/li>\n<\/ul>\n<\/td>\n<\/tr>\n<tr>\n<td style=\"width: 24.8036%\">MATEM\u00c1TICAS<\/td>\n<td style=\"width: 44.335%;text-align: left\">\n<ul>\n<li><a href=\"https:\/\/blogsaverroes.juntadeandalucia.es\/ieslapaz\/files\/2023\/12\/PROGRAMACI\u00d3N-DID\u00c1CTICA-MATEM\u00c1TICAS_23_24.pdf\">Departamento de Matem\u00e1ticas<\/a><\/li>\n<li><a href=\"https:\/\/blogsaverroes.juntadeandalucia.es\/ieslapaz\/files\/2024\/01\/PD_MATES_23-24_1ESO.pdf\">Matem\u00e1ticas 1\u00ba ESO<\/a><\/li>\n<li><a href=\"https:\/\/blogsaverroes.juntadeandalucia.es\/ieslapaz\/files\/2024\/01\/PD_MATES_23-24_2ESO.pdf\">Matem\u00e1ticas 2\u00ba ESO<\/a><\/li>\n<li><a href=\"https:\/\/blogsaverroes.juntadeandalucia.es\/ieslapaz\/files\/2024\/01\/PD_MATES_23-24_3ESO.pdf\">Matem\u00e1ticas 3\u00ba ESO<\/a><\/li>\n<li><a href=\"https:\/\/blogsaverroes.juntadeandalucia.es\/ieslapaz\/files\/2024\/01\/PD_MATES_23-24_4ESO.pdf\">Matem\u00e1ticas 4\u00ba ESO<\/a><\/li>\n<li><a href=\"https:\/\/blogsaverroes.juntadeandalucia.es\/ieslapaz\/files\/2021\/11\/7ProgCIENCIAS.APLICADAS.I_FPB_21.22.pdf\">Ciencias Aplicadas I 1\u00ba FPB Electricidad y Electr\u00f3nica<\/a><\/li>\n<li><a href=\"https:\/\/blogsaverroes.juntadeandalucia.es\/ieslapaz\/files\/2021\/11\/PROGRAMACION-CCAAII-21_22.pdf\">Ciencias Aplicadas II 2\u00ba FPB<\/a><\/li>\n<\/ul>\n<\/td>\n<\/tr>\n<tr>\n<td style=\"width: 24.8036%\">ORIENTACI\u00d3N<\/td>\n<td style=\"width: 44.335%;text-align: left\">\n<ul>\n<li><a href=\"https:\/\/blogsaverroes.juntadeandalucia.es\/ieslapaz\/files\/2021\/11\/PEDAGOG\u00cdA-TERAP\u00c9UTICA-CURSO-21-22-.docx.pdf\">Pedagog\u00eda terap\u00e9utica<\/a><\/li>\n<li><a href=\"https:\/\/blogsaverroes.juntadeandalucia.es\/ieslapaz\/files\/2024\/01\/PD_-ATEDU_23-24_1a4ESO.pdf\">Atenci\u00f3n educativa 1\u00ba a 4\u00ba ESO<\/a><\/li>\n<li><a href=\"https:\/\/blogsaverroes.juntadeandalucia.es\/ieslapaz\/files\/2021\/11\/PROGRAMACIO\u0301N-EMBELLECIMIENTO_HUERTO-ESCOLAR-Y-AJARDINAMIENTO_21-22-DEF1.pdf\">Embellecimiento y Huerto escolar<\/a><\/li>\n<\/ul>\n<\/td>\n<\/tr>\n<tr>\n<td style=\"width: 24.8036%\">PELUQUER\u00cdA Y EST\u00c9TICA<\/td>\n<td style=\"width: 44.335%;text-align: left\">\n<ul>\n<li><a href=\"https:\/\/blogsaverroes.juntadeandalucia.es\/ieslapaz\/files\/2021\/11\/2021-2\u00ba-MAQUILLAJE-Y-ATAENCION-AL-CLIENTE.pdf\">Maquillaje y Atenci\u00f3n al Cliente<\/a><\/li>\n<li><a href=\"https:\/\/blogsaverroes.juntadeandalucia.es\/ieslapaz\/files\/2021\/11\/PROGRAMACION-FCT-IMAGEN-PERSONAL-21-211.pdf\">FCT<\/a><\/li>\n<li><a href=\"https:\/\/blogsaverroes.juntadeandalucia.es\/ieslapaz\/files\/2021\/11\/2021-1\u00ba-DEPILACION.pdf\">Depilaci\u00f3n mec\u00e1nica y decoloraci\u00f3n del vello superfluo 1\u00ba<\/a><\/li>\n<li><a href=\"https:\/\/blogsaverroes.juntadeandalucia.es\/ieslapaz\/files\/2021\/11\/2021-2\u00ba-DEPILACION.pdf\">Depilaci\u00f3n mec\u00e1nica y decoloraci\u00f3n del vello superfluo 2\u00ba<\/a><\/li>\n<li><a href=\"https:\/\/blogsaverroes.juntadeandalucia.es\/ieslapaz\/files\/2021\/11\/PROGR-COLOR-21-21-2\u00baFPB-FINAL.pdf\">Cambios de Color<\/a><\/li>\n<li><a href=\"https:\/\/blogsaverroes.juntadeandalucia.es\/ieslapaz\/files\/2021\/11\/PRGR-PRENT-2021-22-1\u00baFPB-FINAL.pdf\">Preparaci\u00f3n del Entorno Profesional<\/a><\/li>\n<li><a href=\"https:\/\/blogsaverroes.juntadeandalucia.es\/ieslapaz\/files\/2021\/11\/PROGRAM-LAVCA-1\u00baFPB-2021-22-FINAL.pdf\">Lavado y Cambios de Forma del Cabello<\/a><\/li>\n<li><a href=\"https:\/\/blogsaverroes.juntadeandalucia.es\/ieslapaz\/files\/2021\/11\/2021-u\u00f1as-2pdf.pdf\">Cuidados Est\u00e9ticos B\u00e1sicos de U\u00f1as<\/a><\/li>\n<\/ul>\n<\/td>\n<\/tr>\n<tr>\n<td style=\"width: 24.8036%\">RELIGI\u00d3N<\/td>\n<td style=\"width: 44.335%;text-align: left\">\n<ul>\n<li><a href=\"https:\/\/blogsaverroes.juntadeandalucia.es\/ieslapaz\/files\/2021\/02\/Programaci\u258cn-Religi\u258cn-Evang\u2310lica-Ana-Sola-20-IES-LA-PAZ.pdf\">Religi\u00f3n Evang\u00e9lica<\/a><\/li>\n<\/ul>\n<\/td>\n<\/tr>\n<tr>\n<td style=\"width: 24.8036%\">TECNOLOG\u00cdA<\/td>\n<td style=\"width: 44.335%;text-align: left\">\n<ul>\n<li><a href=\"https:\/\/blogsaverroes.juntadeandalucia.es\/ieslapaz\/files\/2024\/01\/PD_DPTO_TECN_23-24.pdf\">Departamento de Tecnolog\u00eda<\/a><\/li>\n<li><a href=\"https:\/\/blogsaverroes.juntadeandalucia.es\/ieslapaz\/files\/2024\/01\/PD_CYR_23-24_1y2y3ESO.pdf\">Computaci\u00f3n y Rob\u00f3tica 1\u00ba, 2\u00ba y 3\u00ba ESO<\/a><\/li>\n<li><a href=\"https:\/\/blogsaverroes.juntadeandalucia.es\/ieslapaz\/files\/2024\/01\/PD_DIG_23-24_4ESO.pdf\">Digitalizaci\u00f3n 4\u00ba ESO<\/a><\/li>\n<li><a href=\"https:\/\/blogsaverroes.juntadeandalucia.es\/ieslapaz\/files\/2024\/01\/PD_TYD_23-24_2y3ESO.pdf\">Tecnolog\u00eda y Digitalizaci\u00f3n 2\u00ba y 3\u00ba ESO<\/a><\/li>\n<li><a href=\"https:\/\/blogsaverroes.juntadeandalucia.es\/ieslapaz\/files\/2024\/01\/PD_TECN_23-24_4ESO.pdf\">Tecnolog\u00eda 4\u00ba ESO<\/a><\/li>\n<\/ul>\n<\/td>\n<\/tr>\n<\/tbody>\n<\/table>\n<p>&nbsp;<\/p>\n","protected":false},"excerpt":{"rendered":"<p>PROGRAMACIONES 2023\/2024 DEPARTAMENTOS PROGRAMACIONES EDUCACI\u00d3N PL\u00c1STICA Y VISUAL Educaci\u00f3n pl\u00e1stica, visual y audiovisual M\u00fasica 1\u00ba ESO y 2\u00ba ESO CIENCIAS NATURALES Departamento de Ciencias Naturales Biolog\u00eda y Geolog\u00eda 1\u00ba ESO Biolog\u00eda y Geolog\u00eda 3\u00ba&#46;&#46;&#46;<\/p>\n","protected":false},"author":5091,"featured_media":0,"parent":0,"menu_order":0,"comment_status":"closed","ping_status":"closed","template":"","meta":{"ngg_post_thumbnail":0,"footnotes":"","_mc_calendar":[]},"aioseo_notices":[],"_links":{"self":[{"href":"https:\/\/blogsaverroes.juntadeandalucia.es\/ieslapaz\/wp-json\/wp\/v2\/pages\/2882"}],"collection":[{"href":"https:\/\/blogsaverroes.juntadeandalucia.es\/ieslapaz\/wp-json\/wp\/v2\/pages"}],"about":[{"href":"https:\/\/blogsaverroes.juntadeandalucia.es\/ieslapaz\/wp-json\/wp\/v2\/types\/page"}],"author":[{"embeddable":true,"href":"https:\/\/blogsaverroes.juntadeandalucia.es\/ieslapaz\/wp-json\/wp\/v2\/users\/5091"}],"replies":[{"embeddable":true,"href":"https:\/\/blogsaverroes.juntadeandalucia.es\/ieslapaz\/wp-json\/wp\/v2\/comments?post=2882"}],"version-history":[{"count":75,"href":"https:\/\/blogsaverroes.juntadeandalucia.es\/ieslapaz\/wp-json\/wp\/v2\/pages\/2882\/revisions"}],"predecessor-version":[{"id":3605,"href":"https:\/\/blogsaverroes.juntadeandalucia.es\/ieslapaz\/wp-json\/wp\/v2\/pages\/2882\/revisions\/3605"}],"wp:attachment":[{"href":"https:\/\/blogsaverroes.juntadeandalucia.es\/ieslapaz\/wp-json\/wp\/v2\/media?parent=2882"}],"curies":[{"name":"wp","href":"https:\/\/api.w.org\/{rel}","templated":true}]}}