{"id":44,"date":"2015-03-13T08:42:15","date_gmt":"2015-03-13T08:42:15","guid":{"rendered":"http:\/\/blogsaverroes.juntadeandalucia.es\/pre\/ceip\/?page_id=44"},"modified":"2024-06-01T20:34:35","modified_gmt":"2024-06-01T18:34:35","slug":"planes-y-proyectos","status":"publish","type":"page","link":"https:\/\/blogsaverroes.juntadeandalucia.es\/ieslapaz\/planes-y-proyectos\/","title":{"rendered":"Planes y Proyectos"},"content":{"rendered":"<p style=\"text-align: justify\">Durante el presente curso <strong>2023\/2024<\/strong>&nbsp;tenemos vigentes los siguientes Planes, Proyectos y Programas educativos:<\/p>\n<table class=\" aligncenter\" style=\"height: 288px;width: 58.4788%;border-style: solid\">\n<tbody>\n<tr style=\"height: 24px;background-color: #9c9797\">\n<td style=\"width: 55.4524%;height: 24px;text-align: center;border-color: #c4bcbc;border-style: solid\"><strong>PLANES, PROYECTOS Y PROGRAMAS EDUCATIVOS<\/strong><\/td>\n<td style=\"width: 42.6914%;text-align: center;height: 24px;border-style: solid;border-color: #c4bcbc\"><strong>&nbsp;COORDINADOR<\/strong><\/td>\n<\/tr>\n<tr style=\"height: 24px\">\n<td style=\"width: 55.4524%;text-align: left;height: 24px;border-color: #c4bcbc;border-style: solid\"><strong><a href=\"https:\/\/blogsaverroes.juntadeandalucia.es\/ieslapaz\/files\/2023\/01\/Plan-de-Trabajo-2022-23.-Biblioteca.pdf\">Biblioteca<\/a><\/strong><\/td>\n<td style=\"width: 42.6914%;text-align: left;height: 24px;border-style: solid;border-color: #c4bcbc\">Ana Moreno Rodr\u00edguez<\/td>\n<\/tr>\n<tr style=\"height: 24px\">\n<td style=\"width: 55.4524%;text-align: left;height: 24px;border-color: #c4bcbc;border-style: solid\"><strong>Plan de salud laboral y prevenci\u00f3n de riesgos laborales<\/strong><\/td>\n<td style=\"width: 42.6914%;text-align: left;height: 24px;border-style: solid;border-color: #c4bcbc\">Miguel \u00c1ngel Tenorio Rodr\u00edguez<\/td>\n<\/tr>\n<tr style=\"height: 24px\">\n<td style=\"width: 55.4524%;text-align: left;height: 24px;border-color: #c4bcbc;border-style: solid\"><a href=\"https:\/\/blogsaverroes.juntadeandalucia.es\/ieslapaz\/files\/2024\/06\/Plan-de-Igualdad-23-24-IES-LA-PAZ.pdf\"><strong>Plan de igualdad entre hombres y mujeres en la educaci\u00f3n<\/strong><\/a><\/td>\n<td style=\"width: 42.6914%;text-align: left;height: 24px;border-style: solid;border-color: #c4bcbc\">Eva Mar\u00eda Mu\u00f1oz Waissen<\/td>\n<\/tr>\n<tr style=\"height: 24px\">\n<td style=\"width: 55.4524%;text-align: left;height: 24px;border-color: #c4bcbc;border-style: solid\"><strong><a href=\"https:\/\/blogsaverroes.juntadeandalucia.es\/ieslapaz\/files\/2024\/06\/PLAN-CONVIVENCIA-2023-24.pdf\">Plan de Convivencia<\/a><\/strong><\/td>\n<td style=\"width: 42.6914%;text-align: left;height: 24px;border-style: solid;border-color: #c4bcbc\">Jos\u00e9 Antonio Comino Ballesteros<\/td>\n<\/tr>\n<tr style=\"height: 24px\">\n<td style=\"width: 55.4524%;text-align: left;height: 24px;border-color: #c4bcbc;border-style: solid\"><a href=\"https:\/\/blogsaverroes.juntadeandalucia.es\/ieslapaz\/files\/2024\/06\/PLAN-DE-ABSENTISMO-23-24-IES-LA-PAZ.pdf\"><span style=\"color: #0000ff\"><strong>Plan de Absentismo<\/strong><\/span><\/a><\/td>\n<td style=\"width: 42.6914%;text-align: left;height: 24px;border-color: #c4bcbc;border-style: solid\">Mar\u00eda Calles Ruiz<\/td>\n<\/tr>\n<tr style=\"height: 48px\">\n<td style=\"width: 55.4524%;text-align: left;height: 48px;border-color: #c4bcbc;border-style: solid\"><a href=\"https:\/\/blogsaverroes.juntadeandalucia.es\/ieslapaz\/files\/2023\/01\/PROGRAMA-ACOGIDA-Y-TRANSITO-22-23.pdf\"><span style=\"color: #0000ff\"><strong>Plan de Acogida y Tr\u00e1nsito<\/strong><\/span><\/a><\/td>\n<td style=\"width: 42.6914%;text-align: left;height: 48px;border-color: #c4bcbc;border-style: solid\">Jos\u00e9 Antonio Comino Ballesteros<\/td>\n<\/tr>\n<tr style=\"height: 24px\">\n<td style=\"width: 55.4524%;height: 24px;border-color: #c4bcbc;border-style: solid;text-align: left\"><span style=\"color: #0000ff\"><strong><a style=\"color: #0000ff\" href=\"https:\/\/blogsaverroes.juntadeandalucia.es\/ieslapaz\/files\/2023\/01\/Informe_del_Plan_de_Actuacion_Digital_22_23.pdf\">Proceso de Transformaci\u00f3n Digital Educativa (TDE)<\/a><\/strong><\/span><\/td>\n<td style=\"width: 42.6914%;height: 24px;border-color: #c4bcbc;border-style: solid;text-align: left\">M\u00aa Bel\u00e9n Rold\u00e1n Ruiz<\/td>\n<\/tr>\n<tr style=\"height: 24px\">\n<td style=\"width: 55.4524%;height: 24px;border-style: solid;text-align: left\"><strong><span style=\"color: #0000ff\">Pr\u00e1cticum del m\u00e1ster de secundaria<\/span><\/strong><\/td>\n<td style=\"width: 42.6914%;height: 24px;border-style: solid;text-align: left\">Carmen de la Torre Ru\u00edz<\/td>\n<\/tr>\n<tr style=\"height: 24px\">\n<td style=\"width: 55.4524%;height: 24px;border-style: solid;text-align: left\"><strong><span style=\"color: #0000ff\">Comunidades de aprendizaje<\/span><\/strong><\/td>\n<td style=\"width: 42.6914%;height: 24px;border-style: solid;text-align: left\">Jorge Due\u00f1as Salcedo<\/td>\n<\/tr>\n<\/tbody>\n<\/table>\n<p>&nbsp;<\/p>\n<p>&nbsp;<\/p>\n","protected":false},"excerpt":{"rendered":"<p>Durante el presente curso 2023\/2024&nbsp;tenemos vigentes los siguientes Planes, Proyectos y Programas educativos: PLANES, PROYECTOS Y PROGRAMAS EDUCATIVOS &nbsp;COORDINADOR Biblioteca Ana Moreno Rodr\u00edguez Plan de salud laboral y prevenci\u00f3n de riesgos laborales Miguel \u00c1ngel&#46;&#46;&#46;<\/p>\n","protected":false},"author":1,"featured_media":0,"parent":0,"menu_order":0,"comment_status":"closed","ping_status":"closed","template":"","meta":{"ngg_post_thumbnail":0,"footnotes":"","_mc_calendar":[]},"aioseo_notices":[],"_links":{"self":[{"href":"https:\/\/blogsaverroes.juntadeandalucia.es\/ieslapaz\/wp-json\/wp\/v2\/pages\/44"}],"collection":[{"href":"https:\/\/blogsaverroes.juntadeandalucia.es\/ieslapaz\/wp-json\/wp\/v2\/pages"}],"about":[{"href":"https:\/\/blogsaverroes.juntadeandalucia.es\/ieslapaz\/wp-json\/wp\/v2\/types\/page"}],"author":[{"embeddable":true,"href":"https:\/\/blogsaverroes.juntadeandalucia.es\/ieslapaz\/wp-json\/wp\/v2\/users\/1"}],"replies":[{"embeddable":true,"href":"https:\/\/blogsaverroes.juntadeandalucia.es\/ieslapaz\/wp-json\/wp\/v2\/comments?post=44"}],"version-history":[{"count":52,"href":"https:\/\/blogsaverroes.juntadeandalucia.es\/ieslapaz\/wp-json\/wp\/v2\/pages\/44\/revisions"}],"predecessor-version":[{"id":3712,"href":"https:\/\/blogsaverroes.juntadeandalucia.es\/ieslapaz\/wp-json\/wp\/v2\/pages\/44\/revisions\/3712"}],"wp:attachment":[{"href":"https:\/\/blogsaverroes.juntadeandalucia.es\/ieslapaz\/wp-json\/wp\/v2\/media?parent=44"}],"curies":[{"name":"wp","href":"https:\/\/api.w.org\/{rel}","templated":true}]}}