{"id":49,"date":"2015-03-13T08:47:05","date_gmt":"2015-03-13T08:47:05","guid":{"rendered":"http:\/\/blogsaverroes.juntadeandalucia.es\/pre\/ceip\/?page_id=49"},"modified":"2024-06-01T20:33:26","modified_gmt":"2024-06-01T18:33:26","slug":"proyecto-educativo","status":"publish","type":"page","link":"https:\/\/blogsaverroes.juntadeandalucia.es\/ieslapaz\/proyecto-educativo\/","title":{"rendered":"Plan de Centro"},"content":{"rendered":"<p><img loading=\"lazy\" decoding=\"async\" class=\"aligncenter\" src=\"https:\/\/blogsaverroes.juntadeandalucia.es\/ieslapaz\/files\/2015\/03\/proyecto-300x266.png\" alt=\"proyecto\" width=\"170\" height=\"151\"><\/p>\n<p>&nbsp;<\/p>\n<ul>\n<li><a href=\"https:\/\/blogsaverroes.juntadeandalucia.es\/ieslapaz\/files\/2024\/02\/PROYECTO-EDUCATIVO-2023-24.pdf\">PROYECTO EDUCATIVO 2023-24<\/a><\/li>\n<\/ul>\n<ul>\n<li style=\"list-style-type: none\">\n<ul>\n<li><span style=\"color: #993366\"><strong>Anexos:<\/strong><\/span>\n<ul>\n<li style=\"list-style-type: none\">\n<ul>\n<li><a href=\"https:\/\/blogsaverroes.juntadeandalucia.es\/ieslapaz\/files\/2024\/06\/PLAN-CONVIVENCIA-2023-24-1.pdf\">Plan de Convivencia<\/a><\/li>\n<li><a href=\"https:\/\/blogsaverroes.juntadeandalucia.es\/ieslapaz\/files\/2024\/06\/Plan-de-Trabajo-DO-23-24.pdf\">Plan de Trabajo Dpto Orientaci\u00f3n<\/a><\/li>\n<li><a href=\"https:\/\/blogsaverroes.juntadeandalucia.es\/ieslapaz\/files\/2023\/01\/Plan-de-Trabajo-2022-23.-Biblioteca.pdf\">Plan de Trabajo Biblioteca<\/a><\/li>\n<li><a href=\"https:\/\/blogsaverroes.juntadeandalucia.es\/ieslapaz\/files\/2024\/06\/PLAN-LECTOR-2023-24-1.pdf\">Plan lector<\/a><\/li>\n<li><a href=\"https:\/\/blogsaverroes.juntadeandalucia.es\/ieslapaz\/files\/2024\/06\/PLAN-DE-ABSENTISMO-23-24-IES-LA-PAZ-1.pdf\">Plan de Absentismo<\/a><\/li>\n<li><a href=\"https:\/\/blogsaverroes.juntadeandalucia.es\/ieslapaz\/files\/2024\/06\/Plan-de-formacion-Plan-de-centro-2023-24-2.pdf\">Plan de Formaci\u00f3n<\/a><\/li>\n<li><a href=\"https:\/\/blogsaverroes.juntadeandalucia.es\/ieslapaz\/files\/2023\/01\/PROGRAMA-ACOGIDA-Y-TRANSITO-22-23.pdf\">Programa de Acogida y Tr\u00e1nsito<\/a><\/li>\n<li><a href=\"https:\/\/blogsaverroes.juntadeandalucia.es\/ieslapaz\/files\/2023\/01\/Informe_del_Plan_de_Actuacion_Digital_22_23.pdf\">Informe_del_Plan_de_Actuacion_Digital<\/a><\/li>\n<li><a href=\"https:\/\/blogsaverroes.juntadeandalucia.es\/ieslapaz\/files\/2023\/01\/COORD-SALUD.pdf\">Coordinaci\u00f3n de Salud<\/a><\/li>\n<\/ul>\n<\/li>\n<\/ul>\n<\/li>\n<\/ul>\n<\/li>\n<\/ul>\n<ul>\n<li style=\"text-align: left\"><a href=\"https:\/\/blogsaverroes.juntadeandalucia.es\/ieslapaz\/files\/2024\/02\/ROF-2023-24.pdf\">ROF 2023-24<\/a><\/li>\n<\/ul>\n<ul>\n<li style=\"text-align: left\"><a href=\"https:\/\/blogsaverroes.juntadeandalucia.es\/ieslapaz\/files\/2024\/02\/PROYECTO-DE-GESTI\u00d3N-2023-24.pdf\">PROYECTO DE GESTI\u00d3N 2023-24<\/a><\/li>\n<\/ul>\n<p style=\"text-align: center\">&nbsp;<\/p>\n","protected":false},"excerpt":{"rendered":"<p>&nbsp; PROYECTO EDUCATIVO 2023-24 Anexos: Plan de Convivencia Plan de Trabajo Dpto Orientaci\u00f3n Plan de Trabajo Biblioteca Plan lector Plan de Absentismo Plan de Formaci\u00f3n Programa de Acogida y Tr\u00e1nsito Informe_del_Plan_de_Actuacion_Digital Coordinaci\u00f3n de Salud&#46;&#46;&#46;<\/p>\n","protected":false},"author":1,"featured_media":0,"parent":0,"menu_order":0,"comment_status":"closed","ping_status":"open","template":"","meta":{"ngg_post_thumbnail":0,"footnotes":"","_mc_calendar":[]},"aioseo_notices":[],"_links":{"self":[{"href":"https:\/\/blogsaverroes.juntadeandalucia.es\/ieslapaz\/wp-json\/wp\/v2\/pages\/49"}],"collection":[{"href":"https:\/\/blogsaverroes.juntadeandalucia.es\/ieslapaz\/wp-json\/wp\/v2\/pages"}],"about":[{"href":"https:\/\/blogsaverroes.juntadeandalucia.es\/ieslapaz\/wp-json\/wp\/v2\/types\/page"}],"author":[{"embeddable":true,"href":"https:\/\/blogsaverroes.juntadeandalucia.es\/ieslapaz\/wp-json\/wp\/v2\/users\/1"}],"replies":[{"embeddable":true,"href":"https:\/\/blogsaverroes.juntadeandalucia.es\/ieslapaz\/wp-json\/wp\/v2\/comments?post=49"}],"version-history":[{"count":39,"href":"https:\/\/blogsaverroes.juntadeandalucia.es\/ieslapaz\/wp-json\/wp\/v2\/pages\/49\/revisions"}],"predecessor-version":[{"id":3711,"href":"https:\/\/blogsaverroes.juntadeandalucia.es\/ieslapaz\/wp-json\/wp\/v2\/pages\/49\/revisions\/3711"}],"wp:attachment":[{"href":"https:\/\/blogsaverroes.juntadeandalucia.es\/ieslapaz\/wp-json\/wp\/v2\/media?parent=49"}],"curies":[{"name":"wp","href":"https:\/\/api.w.org\/{rel}","templated":true}]}}