{"id":353,"date":"2015-03-18T10:22:24","date_gmt":"2015-03-18T10:22:24","guid":{"rendered":"http:\/\/blogsaverroes.juntadeandalucia.es\/pre\/ceip\/?page_id=353"},"modified":"2024-10-02T20:13:51","modified_gmt":"2024-10-02T20:13:51","slug":"educacion-fisica","status":"publish","type":"page","link":"https:\/\/blogsaverroes.juntadeandalucia.es\/ieslaribera\/educacion-fisica\/","title":{"rendered":"Educaci\u00f3n F\u00edsica"},"content":{"rendered":"<h4>Departamento Educaci\u00f3n F\u00edsica<\/h4>\n<ul style=\"list-style-type: circle\">\n<li>Calvo Ferraro, Mar\u00eda Luisa<\/li>\n<li>Carri\u00f3n Gonz\u00e1lez, Fco. David<\/li>\n<li>Medina Vilchez, Margarita(Jefe del Departamento)<\/li>\n<li>&nbsp;<\/li>\n<\/ul>\n<h6><a href=\"https:\/\/blogsaverroes.juntadeandalucia.es\/ieslaribera\/files\/2021\/01\/modificaci\u00f3n-PROGRAMACI\u00d3N-EDUCACI\u00d3N-F\u00cdSICA-20-21.pdf\">PROGRAMACI\u00d3N EDUCACI\u00d3N F\u00cdSICA 20-21<\/a><a href=\"https:\/\/blogsaverroes.juntadeandalucia.es\/ieslaribera\/files\/2022\/05\/DEFINITIVO-resumen-EF.pdf\">_22<\/a><\/h6>\n<p>&nbsp;<\/p>\n","protected":false},"excerpt":{"rendered":"<p>Departamento Educaci\u00f3n F\u00edsica Calvo Ferraro, Mar\u00eda Luisa Carri\u00f3n Gonz\u00e1lez, Fco. David Medina Vilchez, Margarita(Jefe del Departamento) &nbsp; PROGRAMACI\u00d3N EDUCACI\u00d3N F\u00cdSICA 20-21_22 &nbsp;<\/p>\n","protected":false},"author":1,"featured_media":0,"parent":0,"menu_order":0,"comment_status":"open","ping_status":"open","template":"page-templates\/child-menu.php","meta":{"ngg_post_thumbnail":0,"footnotes":"","_mc_calendar":[]},"aioseo_notices":[],"_links":{"self":[{"href":"https:\/\/blogsaverroes.juntadeandalucia.es\/ieslaribera\/wp-json\/wp\/v2\/pages\/353"}],"collection":[{"href":"https:\/\/blogsaverroes.juntadeandalucia.es\/ieslaribera\/wp-json\/wp\/v2\/pages"}],"about":[{"href":"https:\/\/blogsaverroes.juntadeandalucia.es\/ieslaribera\/wp-json\/wp\/v2\/types\/page"}],"author":[{"embeddable":true,"href":"https:\/\/blogsaverroes.juntadeandalucia.es\/ieslaribera\/wp-json\/wp\/v2\/users\/1"}],"replies":[{"embeddable":true,"href":"https:\/\/blogsaverroes.juntadeandalucia.es\/ieslaribera\/wp-json\/wp\/v2\/comments?post=353"}],"version-history":[{"count":30,"href":"https:\/\/blogsaverroes.juntadeandalucia.es\/ieslaribera\/wp-json\/wp\/v2\/pages\/353\/revisions"}],"predecessor-version":[{"id":5532,"href":"https:\/\/blogsaverroes.juntadeandalucia.es\/ieslaribera\/wp-json\/wp\/v2\/pages\/353\/revisions\/5532"}],"wp:attachment":[{"href":"https:\/\/blogsaverroes.juntadeandalucia.es\/ieslaribera\/wp-json\/wp\/v2\/media?parent=353"}],"curies":[{"name":"wp","href":"https:\/\/api.w.org\/{rel}","templated":true}]}}