{"id":361,"date":"2015-03-18T10:23:27","date_gmt":"2015-03-18T10:23:27","guid":{"rendered":"http:\/\/blogsaverroes.juntadeandalucia.es\/pre\/ceip\/?page_id=361"},"modified":"2026-04-18T11:33:40","modified_gmt":"2026-04-18T11:33:40","slug":"geografia-e-historia","status":"publish","type":"page","link":"https:\/\/blogsaverroes.juntadeandalucia.es\/ieslaribera\/geografia-e-historia\/","title":{"rendered":"Geograf\u00eda e Historia"},"content":{"rendered":"<h4>Departamento de Geograf\u00eda e Historia<\/h4>\n<ul style=\"list-style-type: circle\">\n<li>Ba\u00f1os Guti\u00e9rrez, Daniel&nbsp;<\/li>\n<li>D\u00edaz Robledo, Ignacio (Jefe del Departamento)&nbsp;<\/li>\n<li>Garc\u00eda Corchero, Jos\u00e9 Javier<\/li>\n<li>Jim\u00e9nez Romero, Manuel Jos\u00e9<\/li>\n<li>Lagares Lagares, Antonio (Jefe de Estudios)<\/li>\n<li>Millet S\u00e1nchez, Jos\u00e9 Manuel<\/li>\n<\/ul>\n<h6><a href=\"https:\/\/blogsaverroes.juntadeandalucia.es\/ieslaribera\/files\/2021\/01\/Programaci\u00f3n-Departamento-de-Ciencias-Sociales-2020-2021.docx\">Programaci\u00f3n Departamento de Ciencias Sociales 2020-202<\/a><\/h6>\n<ul>\n<li><a href=\"https:\/\/blogsaverroes.juntadeandalucia.es\/ieslaribera\/files\/2020\/06\/CUAD-PEND-1-ANAYA.pdf\">Cuadernillo de 1\u00ba Pendiente<\/a><\/li>\n<li><a href=\"https:\/\/blogsaverroes.juntadeandalucia.es\/ieslaribera\/files\/2020\/06\/CUAD-PEND-2ANAYA.pdf\">Cuadernillo de 2\u00ba Pendiente<\/a><\/li>\n<li><a href=\"https:\/\/blogsaverroes.juntadeandalucia.es\/ieslaribera\/files\/2020\/06\/CUAD-PEND-3-ANAYA.pdf\">Cuadernillo de 3\u00ba Pendiente <\/a><\/li>\n<\/ul>\n","protected":false},"excerpt":{"rendered":"<p>Departamento de Geograf\u00eda e Historia Ba\u00f1os Guti\u00e9rrez, Daniel&nbsp; D\u00edaz Robledo, Ignacio (Jefe del Departamento)&nbsp; Garc\u00eda Corchero, Jos\u00e9 Javier Jim\u00e9nez Romero, Manuel Jos\u00e9 Lagares Lagares, Antonio (Jefe de Estudios) Millet S\u00e1nchez, Jos\u00e9 Manuel Programaci\u00f3n Departamento&#46;&#46;&#46;<\/p>\n","protected":false},"author":1,"featured_media":0,"parent":0,"menu_order":0,"comment_status":"open","ping_status":"closed","template":"page-templates\/child-menu.php","meta":{"ngg_post_thumbnail":0,"footnotes":"","_mc_calendar":[]},"aioseo_notices":[],"_links":{"self":[{"href":"https:\/\/blogsaverroes.juntadeandalucia.es\/ieslaribera\/wp-json\/wp\/v2\/pages\/361"}],"collection":[{"href":"https:\/\/blogsaverroes.juntadeandalucia.es\/ieslaribera\/wp-json\/wp\/v2\/pages"}],"about":[{"href":"https:\/\/blogsaverroes.juntadeandalucia.es\/ieslaribera\/wp-json\/wp\/v2\/types\/page"}],"author":[{"embeddable":true,"href":"https:\/\/blogsaverroes.juntadeandalucia.es\/ieslaribera\/wp-json\/wp\/v2\/users\/1"}],"replies":[{"embeddable":true,"href":"https:\/\/blogsaverroes.juntadeandalucia.es\/ieslaribera\/wp-json\/wp\/v2\/comments?post=361"}],"version-history":[{"count":19,"href":"https:\/\/blogsaverroes.juntadeandalucia.es\/ieslaribera\/wp-json\/wp\/v2\/pages\/361\/revisions"}],"predecessor-version":[{"id":6804,"href":"https:\/\/blogsaverroes.juntadeandalucia.es\/ieslaribera\/wp-json\/wp\/v2\/pages\/361\/revisions\/6804"}],"wp:attachment":[{"href":"https:\/\/blogsaverroes.juntadeandalucia.es\/ieslaribera\/wp-json\/wp\/v2\/media?parent=361"}],"curies":[{"name":"wp","href":"https:\/\/api.w.org\/{rel}","templated":true}]}}