{"id":365,"date":"2015-03-18T10:24:37","date_gmt":"2015-03-18T10:24:37","guid":{"rendered":"http:\/\/blogsaverroes.juntadeandalucia.es\/pre\/ceip\/?page_id=365"},"modified":"2024-10-02T20:11:49","modified_gmt":"2024-10-02T20:11:49","slug":"ingles","status":"publish","type":"page","link":"https:\/\/blogsaverroes.juntadeandalucia.es\/ieslaribera\/ingles\/","title":{"rendered":"Ingl\u00e9s"},"content":{"rendered":"<div class=\"iDevice_inner\">\n<div id=\"ta3_21_4\" class=\"block\">\n<h4 align=\"justify\">Departamento de Ingl\u00e9s<\/h4>\n<ul style=\"list-style-type: circle\">\n<li>Escobar Sevilla, Jes\u00fas<\/li>\n<li>P\u00e9rez S\u00e1nchez, Marta<\/li>\n<li>Rodr\u00edguez Corral, Julia<\/li>\n<li>S\u00e1nchez De Santa Ana, Blanca<\/li>\n<li>Santos Carrasco, M\u00aa Carmen (Jefa del Departamento) &nbsp;(Coord. Biling\u00fce)<\/li>\n<li>Vega Fernandez, Mar\u00eda Nieves<\/li>\n<\/ul>\n<h6><a href=\"https:\/\/blogsaverroes.juntadeandalucia.es\/ieslaribera\/files\/2021\/01\/programaci\u00f3n-ingl\u00e9s-2020-2021.pdf\">PROGRAMACI\u00d3N DEPARTAMENTO DE INGL\u00c9S 2020-2021<\/a><\/h6>\n<p>&nbsp;<\/p>\n<\/div>\n<\/div>\n","protected":false},"excerpt":{"rendered":"<p>Departamento de Ingl\u00e9s Escobar Sevilla, Jes\u00fas P\u00e9rez S\u00e1nchez, Marta Rodr\u00edguez Corral, Julia S\u00e1nchez De Santa Ana, Blanca Santos Carrasco, M\u00aa Carmen (Jefa del Departamento) &nbsp;(Coord. Biling\u00fce) Vega Fernandez, Mar\u00eda Nieves PROGRAMACI\u00d3N DEPARTAMENTO DE INGL\u00c9S&#46;&#46;&#46;<\/p>\n","protected":false},"author":1,"featured_media":0,"parent":0,"menu_order":0,"comment_status":"open","ping_status":"closed","template":"page-templates\/child-menu.php","meta":{"ngg_post_thumbnail":0,"footnotes":"","_mc_calendar":[]},"aioseo_notices":[],"_links":{"self":[{"href":"https:\/\/blogsaverroes.juntadeandalucia.es\/ieslaribera\/wp-json\/wp\/v2\/pages\/365"}],"collection":[{"href":"https:\/\/blogsaverroes.juntadeandalucia.es\/ieslaribera\/wp-json\/wp\/v2\/pages"}],"about":[{"href":"https:\/\/blogsaverroes.juntadeandalucia.es\/ieslaribera\/wp-json\/wp\/v2\/types\/page"}],"author":[{"embeddable":true,"href":"https:\/\/blogsaverroes.juntadeandalucia.es\/ieslaribera\/wp-json\/wp\/v2\/users\/1"}],"replies":[{"embeddable":true,"href":"https:\/\/blogsaverroes.juntadeandalucia.es\/ieslaribera\/wp-json\/wp\/v2\/comments?post=365"}],"version-history":[{"count":19,"href":"https:\/\/blogsaverroes.juntadeandalucia.es\/ieslaribera\/wp-json\/wp\/v2\/pages\/365\/revisions"}],"predecessor-version":[{"id":5530,"href":"https:\/\/blogsaverroes.juntadeandalucia.es\/ieslaribera\/wp-json\/wp\/v2\/pages\/365\/revisions\/5530"}],"wp:attachment":[{"href":"https:\/\/blogsaverroes.juntadeandalucia.es\/ieslaribera\/wp-json\/wp\/v2\/media?parent=365"}],"curies":[{"name":"wp","href":"https:\/\/api.w.org\/{rel}","templated":true}]}}