{"id":367,"date":"2015-03-18T10:25:01","date_gmt":"2015-03-18T10:25:01","guid":{"rendered":"http:\/\/blogsaverroes.juntadeandalucia.es\/pre\/ceip\/?page_id=367"},"modified":"2024-10-02T20:19:17","modified_gmt":"2024-10-02T20:19:17","slug":"lengua-castellana-2","status":"publish","type":"page","link":"https:\/\/blogsaverroes.juntadeandalucia.es\/ieslaribera\/lengua-castellana-2\/","title":{"rendered":"Lengua Castellana y Literatura"},"content":{"rendered":"<h4>Departamento de Lengua y Literatura<\/h4>\n<ul>\n<li>Dom\u00ednguez Del Castillo, Mar\u00eda<\/li>\n<li>Hormigo Rando, Adri\u00e1n (Jefe del DACE)<\/li>\n<li>Medina Naranjo, Juan Jos\u00e9<\/li>\n<li>Medina Larios, Jos\u00e9 M\u00aa (Jefe de Estudios Adjunto)<\/li>\n<li>P\u00e9rez Viejo, Roc\u00edo del Pilar (Jefa del Departamento)<\/li>\n<li>Raposo Beller\u00edn, Patricia del Rosario<\/li>\n<\/ul>\n<h6><a href=\"https:\/\/blogsaverroes.juntadeandalucia.es\/ieslaribera\/files\/2021\/01\/Programaci\u00f3n-LCL-20-21.pdf\">PROGRAMACI\u00d3N DEL DEPARTAMENTO DE&nbsp; LENGUA CASTELLANA Y LITERATURA&nbsp; 20-21<\/a><\/h6>\n<p>&nbsp;<\/p>\n<p>&nbsp;<\/p>\n<ul>\n<li><a href=\"https:\/\/blogsaverroes.juntadeandalucia.es\/ieslaribera\/files\/2020\/06\/CUAD-PEND-3-ANAYA.pdf\">Cuadernillo de Pendiente Geografia 3\u00ba<\/a><\/li>\n<li><a href=\"https:\/\/blogsaverroes.juntadeandalucia.es\/ieslaribera\/files\/2020\/06\/Lengua-informe-y-cuadernillo-jose-manuel-3PMAR-1.pdf\">Cuadernillo de Lengua PMAR 3\u00ba<\/a><\/li>\n<li><a href=\"https:\/\/blogsaverroes.juntadeandalucia.es\/ieslaribera\/files\/2020\/06\/INFORME-ILYASS-y-cuadernillo-lengua-1\u00ba-b.pdf\">Cuadernillo Lengua 1\u00ba B<\/a><\/li>\n<li><a href=\"https:\/\/blogsaverroes.juntadeandalucia.es\/ieslaribera\/files\/2020\/06\/Gram\u00e1tica-de-Uso-A1-B2-SM-ELE-12-40.pdf\">Gram\u00e1tica de Uso <\/a><\/li>\n<\/ul>\n","protected":false},"excerpt":{"rendered":"<p>Departamento de Lengua y Literatura Dom\u00ednguez Del Castillo, Mar\u00eda Hormigo Rando, Adri\u00e1n (Jefe del DACE) Medina Naranjo, Juan Jos\u00e9 Medina Larios, Jos\u00e9 M\u00aa (Jefe de Estudios Adjunto) P\u00e9rez Viejo, Roc\u00edo del Pilar (Jefa del&#46;&#46;&#46;<\/p>\n","protected":false},"author":1,"featured_media":0,"parent":0,"menu_order":0,"comment_status":"open","ping_status":"closed","template":"page-templates\/child-menu.php","meta":{"ngg_post_thumbnail":0,"footnotes":"","_mc_calendar":[]},"aioseo_notices":[],"_links":{"self":[{"href":"https:\/\/blogsaverroes.juntadeandalucia.es\/ieslaribera\/wp-json\/wp\/v2\/pages\/367"}],"collection":[{"href":"https:\/\/blogsaverroes.juntadeandalucia.es\/ieslaribera\/wp-json\/wp\/v2\/pages"}],"about":[{"href":"https:\/\/blogsaverroes.juntadeandalucia.es\/ieslaribera\/wp-json\/wp\/v2\/types\/page"}],"author":[{"embeddable":true,"href":"https:\/\/blogsaverroes.juntadeandalucia.es\/ieslaribera\/wp-json\/wp\/v2\/users\/1"}],"replies":[{"embeddable":true,"href":"https:\/\/blogsaverroes.juntadeandalucia.es\/ieslaribera\/wp-json\/wp\/v2\/comments?post=367"}],"version-history":[{"count":25,"href":"https:\/\/blogsaverroes.juntadeandalucia.es\/ieslaribera\/wp-json\/wp\/v2\/pages\/367\/revisions"}],"predecessor-version":[{"id":5536,"href":"https:\/\/blogsaverroes.juntadeandalucia.es\/ieslaribera\/wp-json\/wp\/v2\/pages\/367\/revisions\/5536"}],"wp:attachment":[{"href":"https:\/\/blogsaverroes.juntadeandalucia.es\/ieslaribera\/wp-json\/wp\/v2\/media?parent=367"}],"curies":[{"name":"wp","href":"https:\/\/api.w.org\/{rel}","templated":true}]}}