{"id":369,"date":"2015-03-18T10:25:18","date_gmt":"2015-03-18T10:25:18","guid":{"rendered":"http:\/\/blogsaverroes.juntadeandalucia.es\/pre\/ceip\/?page_id=369"},"modified":"2024-10-02T20:07:06","modified_gmt":"2024-10-02T20:07:06","slug":"matematicas","status":"publish","type":"page","link":"https:\/\/blogsaverroes.juntadeandalucia.es\/ieslaribera\/matematicas\/","title":{"rendered":"Matem\u00e1ticas"},"content":{"rendered":"<h4>Departamento de Matem\u00e1ticas<\/h4>\n<ul style=\"list-style-type: circle\">\n<li>Francisca Coronel Pulido (Secretaria)<\/li>\n<li>Esther Barrera S\u00e1nchez (Jefa del Departamento)<\/li>\n<li>Manuel Alonso D\u00edaz Fern\u00e1ndez<\/li>\n<li>Roc\u00edo del Mar Gil Moreno<\/li>\n<li>Cristina Losada Buiza<\/li>\n<li>Raquel Reinoso Valdivia (Jefe del FEIE)<\/li>\n<\/ul>\n<p>&nbsp;<\/p>\n<h6><a href=\"https:\/\/drive.google.com\/file\/d\/1qP-JmHiQhMvauPfLf9eP82w3zxmfuWbJ\/view?usp=sharing\">Programacio\u0301n Matem\u00e1ticas&nbsp; 2023-2024<\/a><\/h6>\n<h6>&nbsp;<\/h6>\n<h4>CRITERIOS DE EVALUACI\u00d3N Y CALIFICACI\u00d3N<\/h4>\n<table style=\"height: 70px;background-color: #e3e6e8;width: 86.6927%;border-color: #3d0505\" width=\"86.6927%\">\n<tbody>\n<tr style=\"height: 70px\">\n<td style=\"width: 11.1405%;text-align: center;height: 70px\"><a href=\"https:\/\/blogsaverroes.juntadeandalucia.es\/ieslaribera\/files\/2022\/10\/Criterios-de-evaluaci\u00f3n-y-calificaci\u00f3n-1\u00baESO-22-23.docx2_.pdf\"> 1\u00ba ESO <\/a><\/td>\n<td style=\"width: 13.0874%;text-align: center;height: 70px\"><a href=\"https:\/\/blogsaverroes.juntadeandalucia.es\/ieslaribera\/files\/2022\/10\/Criterios-de-evaluaci\u00f3n-y-calificaci\u00f3n-2\u00baESO-22-23.docx1_.pdf\">&nbsp;2\u00ba ESO <\/a><\/td>\n<td style=\"width: 15.6437%;text-align: center;height: 70px\"><a href=\"https:\/\/blogsaverroes.juntadeandalucia.es\/ieslaribera\/files\/2022\/10\/Criterios-de-evaluaci\u00f3n-y-calificaci\u00f3n-3\u00baESO-22-23.docx2_.pdf\"> 3\u00ba ESO <\/a><\/td>\n<td style=\"width: 13.2167%;text-align: center;height: 70px\"><a href=\"https:\/\/blogsaverroes.juntadeandalucia.es\/ieslaribera\/files\/2022\/10\/Criterios-de-evaluaci\u00f3n-y-calificaci\u00f3n-3\u00baDIVER-22-23.docx.pdf\"> 3\u00ba DIVER <\/a><\/td>\n<td style=\"width: 16.8682%;text-align: center;height: 70px\"><a href=\"https:\/\/blogsaverroes.juntadeandalucia.es\/ieslaribera\/files\/2022\/10\/Criterios-de-evaluaci\u00f3n-y-calificaci\u00f3n-4\u00ba-ESO-Acad\u00e9micas-22-23.docx.pdf\"> 4\u00ba ESO Acad\u00e9micas <\/a><\/td>\n<td style=\"width: 13.9913%;text-align: center;height: 70px\"><a href=\"https:\/\/blogsaverroes.juntadeandalucia.es\/ieslaribera\/files\/2022\/10\/Criterios-de-evaluaci\u00f3n-y-calificaci\u00f3n-4\u00baESO-Aplicadas-22-23.docx.pdf\">4\u00baESO Aplicadas <\/a><\/td>\n<\/tr>\n<\/tbody>\n<\/table>\n<h6>Cuadernillos de Pendientes<\/h6>\n<table style=\"height: 23px;border-color: #19bd70;background-color: #7ad435;width: 71.6254%\" width=\"71.6254%\">\n<tbody>\n<tr style=\"height: 23px\">\n<td style=\"width: 25.303%;text-align: center;height: 23px\"><a href=\"https:\/\/blogsaverroes.juntadeandalucia.es\/ieslaribera\/files\/2022\/03\/Cuadernillo-pendientes-1\u00baESO-21-22.pdf\"><strong>&nbsp;PENDIENTES 1\u00baESO<\/strong><\/a><\/td>\n<td style=\"width: 24.8375%;text-align: center;height: 23px\"><strong><a href=\"https:\/\/blogsaverroes.juntadeandalucia.es\/ieslaribera\/files\/2020\/10\/Cuadernillo-pendientes-2\u00ba-20-21.pdf\">PENDIENTES 2\u00ba ESO<\/a><\/strong><\/td>\n<td style=\"width: 26.7979%;text-align: center;height: 23px\"><a href=\"https:\/\/blogsaverroes.juntadeandalucia.es\/ieslaribera\/files\/2022\/03\/Cuadernillo-pendientes-3\u00ba-acad-21-22.pdf\"><strong>PENDIENTES 3\u00ba ACAD <\/strong><\/a><\/td>\n<td style=\"width: 38.1691%;text-align: center;height: 23px\"><strong><a href=\"https:\/\/blogsaverroes.juntadeandalucia.es\/ieslaribera\/files\/2022\/03\/Cuadernillo-pendientes-3\u00ba-aplic-21-22.pdf\">PENDIENTES 3\u00ba APLI<\/a><\/strong><\/td>\n<\/tr>\n<\/tbody>\n<\/table>\n<p>&nbsp;<\/p>\n<p>Libros de lectura<\/p>\n<p>2\u00ba ESO<\/p>\n<p><a title=\"El gran juego.pdf\" href=\"http:\/\/www.juntadeandalucia.es\/averroes\/centros-tic\/21700642\/helvia\/sitio\/upload\/El_Gran_Juego.PDF\" target=\"_blank\" rel=\"noopener noreferrer\">\u00abEl gran juego\u00bb<\/a>&nbsp;Libro en formato pdf<\/p>\n<p>Autor: Carlo Fabretti<\/p>\n<p>3\u00ba ESO<\/p>\n<p><a title=\"Malditas matematicas\" href=\"http:\/\/www.juntadeandalucia.es\/averroes\/centros-tic\/21700642\/helvia\/sitio\/upload\/Malditas_matematicas__Carlo_Frabetti.pdf\" target=\"_blank\" rel=\"noopener noreferrer\">\u00abMalditas Matem\u00e1ticas\u00bb<\/a>&nbsp; Libro en formato pdf<\/p>\n<p>Autor: Carlo&nbsp; Fabretti<\/p>\n","protected":false},"excerpt":{"rendered":"<p>Departamento de Matem\u00e1ticas Francisca Coronel Pulido (Secretaria) Esther Barrera S\u00e1nchez (Jefa del Departamento) Manuel Alonso D\u00edaz Fern\u00e1ndez Roc\u00edo del Mar Gil Moreno Cristina Losada Buiza Raquel Reinoso Valdivia (Jefe del FEIE) &nbsp; Programacio\u0301n Matem\u00e1ticas&nbsp;&#46;&#46;&#46;<\/p>\n","protected":false},"author":1,"featured_media":0,"parent":0,"menu_order":0,"comment_status":"open","ping_status":"closed","template":"page-templates\/child-menu.php","meta":{"ngg_post_thumbnail":0,"footnotes":"","_mc_calendar":[]},"aioseo_notices":[],"_links":{"self":[{"href":"https:\/\/blogsaverroes.juntadeandalucia.es\/ieslaribera\/wp-json\/wp\/v2\/pages\/369"}],"collection":[{"href":"https:\/\/blogsaverroes.juntadeandalucia.es\/ieslaribera\/wp-json\/wp\/v2\/pages"}],"about":[{"href":"https:\/\/blogsaverroes.juntadeandalucia.es\/ieslaribera\/wp-json\/wp\/v2\/types\/page"}],"author":[{"embeddable":true,"href":"https:\/\/blogsaverroes.juntadeandalucia.es\/ieslaribera\/wp-json\/wp\/v2\/users\/1"}],"replies":[{"embeddable":true,"href":"https:\/\/blogsaverroes.juntadeandalucia.es\/ieslaribera\/wp-json\/wp\/v2\/comments?post=369"}],"version-history":[{"count":41,"href":"https:\/\/blogsaverroes.juntadeandalucia.es\/ieslaribera\/wp-json\/wp\/v2\/pages\/369\/revisions"}],"predecessor-version":[{"id":5527,"href":"https:\/\/blogsaverroes.juntadeandalucia.es\/ieslaribera\/wp-json\/wp\/v2\/pages\/369\/revisions\/5527"}],"wp:attachment":[{"href":"https:\/\/blogsaverroes.juntadeandalucia.es\/ieslaribera\/wp-json\/wp\/v2\/media?parent=369"}],"curies":[{"name":"wp","href":"https:\/\/api.w.org\/{rel}","templated":true}]}}