{"id":373,"date":"2015-03-18T10:25:52","date_gmt":"2015-03-18T10:25:52","guid":{"rendered":"http:\/\/blogsaverroes.juntadeandalucia.es\/pre\/ceip\/?page_id=373"},"modified":"2024-06-05T12:21:51","modified_gmt":"2024-06-05T12:21:51","slug":"orientacion-2","status":"publish","type":"page","link":"https:\/\/blogsaverroes.juntadeandalucia.es\/ieslaribera\/orientacion-2\/","title":{"rendered":"Orientaci\u00f3n"},"content":{"rendered":"<h4>Departamento de Orientaci\u00f3n<\/h4>\n<ul style=\"list-style-type: circle\">\n<li>Moreno Hern\u00e1ndez, Gertrudis (Jefa del Departamento)<\/li>\n<li>Mazo Conde, Lola<\/li>\n<li>D\u00edaz D\u00edaz, Laura (Pedagog\u00eda Terap\u00e9utica)<\/li>\n<li>Urain Sosa, Rosana (Directora)<\/li>\n<\/ul>\n<div style=\"width: 100%\">\n<div><a href=\"https:\/\/blogsaverroes.juntadeandalucia.es\/ieslaribera\/files\/2024\/06\/Y-despues-de-la-ESO-que.pptx\">Y despu\u00e9s de la ESO, qu\u00e9<\/a><\/div>\n<div><a href=\"https:\/\/blogsaverroes.juntadeandalucia.es\/ieslaribera\/files\/2024\/06\/PARAMETROS_DE_PONDERACION_2024_2025-PEvAU.pdf\">PARAMETROS_DE_PONDERACION_2024_2025 PEvAU<\/a><\/div>\n<div><a href=\"https:\/\/blogsaverroes.juntadeandalucia.es\/ieslaribera\/files\/2024\/06\/Y-despues-de-la-ESO-que.pdf\">Y despu\u00e9s de la ESO, qu\u00e9<\/a><\/div>\n<div><a href=\"https:\/\/blogsaverroes.juntadeandalucia.es\/ieslaribera\/files\/2024\/06\/Materias-1o-y-2o-Bachillerato.pdf\">Materias 1\u00ba y 2\u00ba Bachillerato<\/a> <a href=\"https:\/\/blogsaverroes.juntadeandalucia.es\/ieslaribera\/files\/2024\/06\/FP-GM.pdf\">FP GM<\/a><\/div>\n<div><a href=\"https:\/\/blogsaverroes.juntadeandalucia.es\/ieslaribera\/files\/2024\/06\/Oferta-CFGM-23-24-Huelva.pdf\">Oferta CFGM 23-24 Huelva<\/a><\/div>\n<div><a href=\"https:\/\/blogsaverroes.juntadeandalucia.es\/ieslaribera\/files\/2024\/06\/Y-despues-de-la-ESO-que.pdf\">Y despu\u00e9s de la ESO, qu\u00e9<\/a><\/div>\n<\/div>\n<div>&nbsp;<\/div>\n<h3>&nbsp;<strong>Informaci\u00f3n del paso de 3\u00ba de ESO a 4\u00ba de ESO para las familias<\/strong><\/h3>\n<p><iframe class=\"wp-embedded-content\" sandbox=\"allow-scripts\" security=\"restricted\" title=\"CHARLA 3\u00ba ESO 22-23 LOMLOE\" frameborder='0' width='1200' height='675' src='https:\/\/view.genially.com\/644fdf6bc777830012b5763c#?secret=3rI27VIxIK' data-secret='3rI27VIxIK' scrolling='yes'><\/iframe><\/p>\n<p><a href=\"https:\/\/blogsaverroes.juntadeandalucia.es\/ieslaribera\/files\/2024\/06\/Presentacion-orientacion-familias-3o-ESO.pdf\">Presentaci\u00f3n orientaci\u00f3n familias 3\u00ba ESO<\/a><\/p>\n","protected":false},"excerpt":{"rendered":"<p>Departamento de Orientaci\u00f3n Moreno Hern\u00e1ndez, Gertrudis (Jefa del Departamento) Mazo Conde, Lola D\u00edaz D\u00edaz, Laura (Pedagog\u00eda Terap\u00e9utica) Urain Sosa, Rosana (Directora) Y despu\u00e9s de la ESO, qu\u00e9 PARAMETROS_DE_PONDERACION_2024_2025 PEvAU Y despu\u00e9s de la ESO,&#46;&#46;&#46;<\/p>\n","protected":false},"author":1,"featured_media":0,"parent":0,"menu_order":0,"comment_status":"open","ping_status":"closed","template":"page-templates\/child-menu.php","meta":{"ngg_post_thumbnail":0,"footnotes":"","_mc_calendar":[]},"aioseo_notices":[],"_links":{"self":[{"href":"https:\/\/blogsaverroes.juntadeandalucia.es\/ieslaribera\/wp-json\/wp\/v2\/pages\/373"}],"collection":[{"href":"https:\/\/blogsaverroes.juntadeandalucia.es\/ieslaribera\/wp-json\/wp\/v2\/pages"}],"about":[{"href":"https:\/\/blogsaverroes.juntadeandalucia.es\/ieslaribera\/wp-json\/wp\/v2\/types\/page"}],"author":[{"embeddable":true,"href":"https:\/\/blogsaverroes.juntadeandalucia.es\/ieslaribera\/wp-json\/wp\/v2\/users\/1"}],"replies":[{"embeddable":true,"href":"https:\/\/blogsaverroes.juntadeandalucia.es\/ieslaribera\/wp-json\/wp\/v2\/comments?post=373"}],"version-history":[{"count":33,"href":"https:\/\/blogsaverroes.juntadeandalucia.es\/ieslaribera\/wp-json\/wp\/v2\/pages\/373\/revisions"}],"predecessor-version":[{"id":5477,"href":"https:\/\/blogsaverroes.juntadeandalucia.es\/ieslaribera\/wp-json\/wp\/v2\/pages\/373\/revisions\/5477"}],"wp:attachment":[{"href":"https:\/\/blogsaverroes.juntadeandalucia.es\/ieslaribera\/wp-json\/wp\/v2\/media?parent=373"}],"curies":[{"name":"wp","href":"https:\/\/api.w.org\/{rel}","templated":true}]}}