{"id":375,"date":"2015-03-18T10:26:09","date_gmt":"2015-03-18T10:26:09","guid":{"rendered":"http:\/\/blogsaverroes.juntadeandalucia.es\/pre\/ceip\/?page_id=375"},"modified":"2024-10-02T20:08:35","modified_gmt":"2024-10-02T20:08:35","slug":"tecnologia","status":"publish","type":"page","link":"https:\/\/blogsaverroes.juntadeandalucia.es\/ieslaribera\/tecnologia\/","title":{"rendered":"Tecnolog\u00eda"},"content":{"rendered":"<h4>Departamento de Tecnolog\u00eda<\/h4>\n<ul>\n<li>Aguilera Navarro, Ana<\/li>\n<li>Gonz\u00e1lez Jurado, Mar\u00eda Rosario (Jefa del Departamento)<\/li>\n<li>Perej\u00f3n Ortiz, Jos\u00e9 Manuel<\/li>\n<li>P\u00e9rez Camacho, Santiago<\/li>\n<\/ul>\n<p>&nbsp;<\/p>\n<h6><a href=\"https:\/\/blogsaverroes.juntadeandalucia.es\/ieslaribera\/files\/2021\/01\/Tecnolog\u00eda-PROGRAMACI\u00d3N_DID\u00c1CTICA-_IES_la_Ribera_20_21.pdf\">PROGRAMACI\u00d3N DEPARTAMENTO DE&nbsp; TECNOLOG\u00cdA_2020-21<\/a><\/h6>\n","protected":false},"excerpt":{"rendered":"<p>Departamento de Tecnolog\u00eda Aguilera Navarro, Ana Gonz\u00e1lez Jurado, Mar\u00eda Rosario (Jefa del Departamento) Perej\u00f3n Ortiz, Jos\u00e9 Manuel P\u00e9rez Camacho, Santiago &nbsp; PROGRAMACI\u00d3N DEPARTAMENTO DE&nbsp; TECNOLOG\u00cdA_2020-21<\/p>\n","protected":false},"author":1,"featured_media":0,"parent":0,"menu_order":0,"comment_status":"open","ping_status":"closed","template":"page-templates\/child-menu.php","meta":{"ngg_post_thumbnail":0,"footnotes":"","_mc_calendar":[]},"aioseo_notices":[],"_links":{"self":[{"href":"https:\/\/blogsaverroes.juntadeandalucia.es\/ieslaribera\/wp-json\/wp\/v2\/pages\/375"}],"collection":[{"href":"https:\/\/blogsaverroes.juntadeandalucia.es\/ieslaribera\/wp-json\/wp\/v2\/pages"}],"about":[{"href":"https:\/\/blogsaverroes.juntadeandalucia.es\/ieslaribera\/wp-json\/wp\/v2\/types\/page"}],"author":[{"embeddable":true,"href":"https:\/\/blogsaverroes.juntadeandalucia.es\/ieslaribera\/wp-json\/wp\/v2\/users\/1"}],"replies":[{"embeddable":true,"href":"https:\/\/blogsaverroes.juntadeandalucia.es\/ieslaribera\/wp-json\/wp\/v2\/comments?post=375"}],"version-history":[{"count":18,"href":"https:\/\/blogsaverroes.juntadeandalucia.es\/ieslaribera\/wp-json\/wp\/v2\/pages\/375\/revisions"}],"predecessor-version":[{"id":5528,"href":"https:\/\/blogsaverroes.juntadeandalucia.es\/ieslaribera\/wp-json\/wp\/v2\/pages\/375\/revisions\/5528"}],"wp:attachment":[{"href":"https:\/\/blogsaverroes.juntadeandalucia.es\/ieslaribera\/wp-json\/wp\/v2\/media?parent=375"}],"curies":[{"name":"wp","href":"https:\/\/api.w.org\/{rel}","templated":true}]}}