{"id":3890,"date":"2020-11-29T21:02:11","date_gmt":"2020-11-29T21:02:11","guid":{"rendered":"http:\/\/blogsaverroes.juntadeandalucia.es\/ieslaribera\/?page_id=3890"},"modified":"2022-11-13T19:56:22","modified_gmt":"2022-11-13T19:56:22","slug":"recursos-educativos-digitales","status":"publish","type":"page","link":"https:\/\/blogsaverroes.juntadeandalucia.es\/ieslaribera\/recursos-educativos-digitales\/","title":{"rendered":"Recursos Educativos Digitales"},"content":{"rendered":"<table style=\"height: 3497px;width: 99.9213%;border-collapse: collapse\" border=\"1\">\n<tbody>\n<tr>\n<td style=\"width: 100%\">\n<div class=\"title-text\">\n<h5 class=\"title-heading\" style=\"text-align: left\"><span style=\"color: #993366\">Bienvenido\/a al mayor <a href=\"https:\/\/recursostde.notion.site\/\"><span class=\"notion-enable-hover\" data-token-index=\"1\" data-reactroot=\"\">repositorio de recursos<\/span> <\/a>dirigido a la <span class=\"notion-enable-hover\" data-token-index=\"3\" data-reactroot=\"\">Transformaci\u00f3n Digital Educativa<\/span> en <span class=\"notion-enable-hover\" data-token-index=\"5\" data-reactroot=\"\">Andaluc\u00eda<\/span>.<\/span><\/h5>\n<p>&nbsp;<\/p>\n<\/div>\n<\/td>\n<\/tr>\n<tr style=\"height: 95px\">\n<td style=\"width: 100%;height: 95px\">\n<div class=\"title-text\">\n<h5 class=\"title-heading\" style=\"text-align: left\"><span style=\"color: #993366\">Elaboraci\u00f3n colaborativa de un banco de recursos digitales<\/span><\/h5>\n<p style=\"text-align: justify\">Padlet colaborativo con m\u00faltiples recursos digitales.<\/p>\n<p style=\"text-align: justify\">Haz clic <a href=\"https:\/\/padlet.com\/digcomp\/107dkgi581q0t2r8\">aqu\u00ed<\/a> para acceder.<\/p>\n<\/div>\n<\/td>\n<\/tr>\n<tr style=\"height: 288px\">\n<td style=\"width: 100%;height: 288px\">\n<div class=\"et_pb_toggle_content clearfix\">\n<h5 style=\"text-align: left\"><span style=\"color: #993366\">Proyecto Agrega<img decoding=\"async\" class=\"alignright\" title=\"recursos-educativos-digitales-r-1-1\" src=\"https:\/\/iesagala.eu\/wp-content\/uploads\/2020\/10\/recursos-educativos-digitales-r-1-1.png\" alt=\"\" width=\"259\" height=\"175\"><\/span><\/h5>\n<p style=\"text-align: justify\">Plataforma tecnol\u00f3gica implantada en las administraciones educativas espa\u00f1olas, a trav\u00e9s de nodos auton\u00f3micos interconectados entre s\u00ed&nbsp;(federaci\u00f3n de repositorios de objetos digitales educativos Agrega). Esta red de servidores aloja miles de recursos educativos, adecuadamente etiquetados y empaquetados, que&nbsp;se pueden descargar y ser utiliza<\/p>\n<p style=\"text-align: justify\">dos directamente por profesores y alumnos como recursos did\u00e1cticos, y tambi\u00e9n ser recombinados para confeccionar con ellos nuevos materiales educativos.&nbsp;<\/p>\n<p style=\"text-align: left\">Haz clic <a href=\"http:\/\/www.agrega2.es\/web\/\">aqu\u00ed<\/a> para acceder.<\/p>\n<\/div>\n<\/td>\n<\/tr>\n<tr style=\"height: 198px\">\n<td style=\"width: 100%;height: 198px\">\n<div class=\"et_pb_toggle_content clearfix\">\n<h5 class=\"et_pb_toggle_title\" style=\"text-align: left\"><span style=\"color: #993366\">Proyecto Edia, de CeDeC<\/span><\/h5>\n<div class=\"et_pb_toggle_content clearfix\">\n<p style=\"text-align: justify\">(Educativo, Digital, Innovador y Abierto): Su objetivo fundamental es que cualquier profesor pueda introducir la<strong>&nbsp;metodolog\u00eda de trabajo&nbsp;<\/strong><strong>por proyectos<\/strong>&nbsp;en el aula (ABP). Para ello ha publicado una serie de recursos educativos abiertos para Secundaria y Primaria en diferentes materias (<a href=\"http:\/\/cedec.educalab.es\/es\/noticias-de-portada\/2329-contenidos-completos-para-lengua-castellana-y-literatura-en-secundaria\" target=\"_blank\" rel=\"nofollow noopener noreferrer\">Lengua y Literatura<\/a>,&nbsp;<a href=\"http:\/\/cedec.educalab.es\/es\/noticias-de-portada\/2309-contenidos-completos-de-matematicas-para-secundaria\" target=\"_blank\" rel=\"nofollow noopener noreferrer\">Matem\u00e1ticas<\/a>,&nbsp;<a href=\"http:\/\/cedec.educalab.es\/es\/noticias-de-portada\/2337-contenidos-completos-de-ingles-para-1o-de-eso\" target=\"_blank\" rel=\"nofollow noopener noreferrer\">Ingl\u00e9s<\/a>,&nbsp;<a href=\"http:\/\/cedec.educalab.es\/es\/noticias-de-portada\/2315-contenidos-completos-para-historia-en-eso-y-bachillerato\" target=\"_blank\" rel=\"nofollow noopener noreferrer\">Geograf\u00eda e Historia<\/a>) que se ajustan a este planteamiento metodol\u00f3gico.&nbsp;<\/p>\n<p style=\"text-align: justify\">Haz clic <a href=\"https:\/\/cedec.intef.es\/proyecto-edia\/\">aqu\u00ed<\/a> para acceder.<\/p>\n<\/div>\n<\/div>\n<\/td>\n<\/tr>\n<tr style=\"height: 222px\">\n<td style=\"width: 100%;height: 222px\">\n<div class=\"et_pb_toggle_content clearfix\">\n<h5 class=\"et_pb_toggle_title\" style=\"text-align: left\"><span style=\"color: #993366\">Proyecto Ieda (Ense\u00f1anzas a Distancia de Andaluc\u00eda)<\/span><\/h5>\n<div class=\"et_pb_toggle_content clearfix\">\n<p style=\"text-align: justify\">Desde su plataforma de educaci\u00f3n permanente&nbsp;podemos acceder todos los materiales para las distintas ense\u00f1anzas de Secundaria, Bachillerato, Escuela Oficial de Idiomas (ingl\u00e9s, franc\u00e9s, alem\u00e1n, chino), Formaci\u00f3n Profesional, Pruebas de acceso a la Universidad, a Ciclos Formativos, Aula de Espa\u00f1ol, etc. Disponibles desde el&nbsp;<a href=\"http:\/\/agrega.juntadeandalucia.es\/\" target=\"_blank\" rel=\"nofollow noopener noreferrer\">nodo andaluz del repositorio AGREGA<\/a>, son recursos que responden a una metodolog\u00eda pr\u00e1ctica, enfocada a la&nbsp;<strong>adquisici\u00f3n de competencias<\/strong>&nbsp;mediante la resoluci\u00f3n de tareas y el \u00abaprender haciendo\u00bb.<\/p>\n<p style=\"text-align: justify\">Haz clic <a href=\"http:\/\/www.juntadeandalucia.es\/educacion\/permanente\/materiales\/\">aqu\u00ed<\/a> para acceder.<\/p>\n<\/div>\n<\/div>\n<\/td>\n<\/tr>\n<tr style=\"height: 247px\">\n<td style=\"width: 100%;height: 247px\">\n<div class=\"et_pb_toggle_content clearfix\">\n<h5 class=\"et_pb_toggle_title\" style=\"text-align: left\"><span style=\"color: #993366\">Proyecto ed@d \/ Cidead<\/span><\/h5>\n<div class=\"et_pb_toggle_content clearfix\">\n<p style=\"text-align: justify\">(Ense\u00f1anza Digital a Distancia): Con este proyecto el Ministerio de Educaci\u00f3n, Cultura y Deporte de Espa\u00f1a presenta una serie de &nbsp;libros interactivos para cada una de las materias en sus distintos cursos de la ESO (<a href=\"http:\/\/recursostic.educacion.es\/secundaria\/edad\/index_lengua.htm\" target=\"_blank\" rel=\"nofollow noopener noreferrer\">Lengua y Literatura<\/a>,&nbsp;<a href=\"http:\/\/recursostic.educacion.es\/secundaria\/edad\/index_ingles.htm\" target=\"_blank\" rel=\"nofollow noopener noreferrer\">Ingl\u00e9s<\/a>,&nbsp;<a href=\"http:\/\/recursostic.educacion.es\/secundaria\/edad\/index_mat.htm\" target=\"_blank\" rel=\"nofollow noopener noreferrer\">Matem\u00e1ticas<\/a>,&nbsp;<a href=\"http:\/\/recursostic.educacion.es\/secundaria\/edad\/index_fq.htm\" target=\"_blank\" rel=\"nofollow noopener noreferrer\">F\u00edsica y Qu\u00edmica<\/a>,&nbsp;<a href=\"http:\/\/recursostic.educacion.es\/secundaria\/edad\/index_biogeo.htm\" target=\"_blank\" rel=\"nofollow noopener noreferrer\">Biolog\u00eda y Geolog\u00eda, Ciencias de la Naturaleza<\/a>,&nbsp;<a href=\"http:\/\/recursostic.educacion.es\/secundaria\/edad\/4esotecnologia\/index.htm\" target=\"_blank\" rel=\"nofollow noopener noreferrer\">Tecnolog\u00eda<\/a>,&nbsp;<a href=\"http:\/\/recursostic.educacion.es\/secundaria\/edad\/4esoetica\/index.htm\" target=\"_blank\" rel=\"nofollow noopener noreferrer\">\u00c9tica y Ciudadan\u00eda<\/a>,&nbsp;<a href=\"http:\/\/recursostic.educacion.es\/secundaria\/edad\/index_sociales.htm\" target=\"_blank\" rel=\"nofollow noopener noreferrer\">Geograf\u00eda e Historia<\/a>), que permiten a los estudiantes aprovechar las ventajas de las Tecnolog\u00edas de la Informaci\u00f3n y la Comunicaci\u00f3n para mejorar su aprendizaje aut\u00f3nomo y agilizar la comunicaci\u00f3n con sus tutores, en un entorno tecnol\u00f3gico avanzado.<\/p>\n<p style=\"text-align: justify\">Haz clic <a href=\"http:\/\/recursostic.educacion.es\/secundaria\/edad\/\">aqu\u00ed<\/a> para acceder.<\/p>\n<\/div>\n<\/div>\n<\/td>\n<\/tr>\n<tr style=\"height: 198px\">\n<td style=\"width: 100%;height: 198px\">\n<div class=\"et_pb_toggle_content clearfix\">\n<h5 class=\"et_pb_toggle_title\" style=\"text-align: left\"><span style=\"color: #993366\">Rincones did\u00e1cticos Educarex<\/span><\/h5>\n<div class=\"et_pb_toggle_content clearfix\">\n<p style=\"text-align: justify\">Una web para cada asignatura, en donde encontraremos un nutrido banco de recursos para enriquecer la docencia y el aprendizaje de estas materias haciendo uso de las TIC, as\u00ed como eventos, experiencias y otras noticias de inter\u00e9s. Los materiales aparecen clasificados por cursos, materias, bloques de contenidos y tipo de recurso (unidades did\u00e1cticas, v\u00eddeos, presentaciones, webquests\u2026).<\/p>\n<p style=\"text-align: justify\">Haz clic <a href=\"http:\/\/rincones.educarex.es\/\">aqu\u00ed<\/a> para acceder.<\/p>\n<\/div>\n<\/div>\n<\/td>\n<\/tr>\n<tr style=\"height: 231px\">\n<td style=\"width: 100%;height: 231px\">\n<div class=\"et_pb_toggle_content clearfix\">\n<h5 class=\"et_pb_toggle_title\" style=\"text-align: left\"><span style=\"color: #993366\">Portal educativo de Extremadura<\/span><\/h5>\n<div class=\"et_pb_toggle_content clearfix\">\n<p style=\"text-align: justify\">En \u00e9l podemos localizar recursos, ejercicios, actividades o&nbsp;animaciones muy atractivas para nuestros alumnos. Est\u00e1n organizados por etapas, niveles y bloques de contenidos, lo que facilita enormemente la b\u00fasqueda y localizaci\u00f3n de materiales, muchos de los cuales han sido elaborados a trav\u00e9s de&nbsp;<strong>Constructor<\/strong>&nbsp;(<a href=\"https:\/\/constructor.educarex.es\/\" target=\"_blank\" rel=\"noopener noreferrer\">https:\/\/constructor.educarex.es\/<\/a>&nbsp;). Tambi\u00e9n podemos descargarnos estos recursos para usarlos sin necesidad de conexi\u00f3n a Internet.<\/p>\n<\/div>\n<h5 class=\"et_pb_toggle_title\" style=\"text-align: left\"><span style=\"color: #993366\">&nbsp;<\/span><\/h5>\n<\/div>\n<\/td>\n<\/tr>\n<tr style=\"height: 222px\">\n<td style=\"width: 100%;height: 222px\">\n<h5 class=\"et_pb_toggle_title\" style=\"text-align: left\"><span style=\"color: #993366\">CATEDU ( Centro Aragon\u00e9s de Tecnolog\u00edas para la Educaci\u00f3n)<\/span><\/h5>\n<div class=\"et_pb_toggle_content clearfix\">\n<p style=\"text-align: justify\">Ofrece servicios destinados a incentivar y facilitar el uso de las TIC en la educaci\u00f3n. Tambi\u00e9n organizados por etapas y asignaturas, accedemos a un banco de&nbsp;<strong>recursos did\u00e1cticos descargables<\/strong>, as\u00ed como a una recopilaci\u00f3n de herramientas TIC de uso educativo, tutoriales,&nbsp;<strong>materiales para la PDI<\/strong>&nbsp;y proyectos considerados como Buenas Pr\u00e1cticas en educaci\u00f3n. Destacamos especialmente la web&nbsp;<a href=\"http:\/\/wp.catedu.es\/colaboraulatic\/\" target=\"_blank\" rel=\"nofollow noopener noreferrer\"><em><strong>Colaboraulatic<\/strong><\/em><\/a>, creada como soporte de trabajo de los colaboradores did\u00e1cticos TIC para el aula de Arag\u00f3n.&nbsp;<\/p>\n<p style=\"text-align: justify\">Haz clic <a href=\"http:\/\/facilitamos.catedu.es\/\">aqu\u00ed<\/a> para acceder.<\/p>\n<\/div>\n<\/td>\n<\/tr>\n<tr style=\"height: 148px\">\n<td style=\"width: 100%;height: 148px\">\n<h5 class=\"et_pb_toggle_title\" style=\"text-align: left\"><span style=\"color: #993366\">EducaMadrid<\/span><\/h5>\n<div class=\"et_pb_toggle_content clearfix\">\n<p style=\"text-align: justify\">Contenidos educativos organizados por niveles educativos.<\/p>\n<p style=\"text-align: justify\">Haz clic <a href=\"http:\/\/www.educa2.madrid.org\/web\/coordinadores-tic\/inicio\/-\/visor\/contenidos-digitales-organizados-por-nivel-educativo\">aqu\u00ed<\/a> para acceder.<\/p>\n<\/div>\n<\/td>\n<\/tr>\n<tr style=\"height: 222px\">\n<td style=\"width: 100%;height: 222px\">\n<h5 class=\"et_pb_toggle_title\" style=\"text-align: left\"><span style=\"color: #993366\">Intef (Procom\u00fan)<\/span><\/h5>\n<div class=\"et_pb_toggle_content clearfix\">\n<p style=\"text-align: justify\">El&nbsp;Instituto Nacional de Tecnolog\u00edas Educativas y Formaci\u00f3n del Profesorado, en su espacio Procom\u00fan, &nbsp;nos&nbsp;facilita el acceso al repositorio de recursos digitales educativos abiertos (REA) del Ministerio y las Comunidades Aut\u00f3nomas, en el que se re\u00fane material did\u00e1ctico ajustado al curr\u00edculo de Educaci\u00f3n Infantil, Primaria y Secundaria, descargable y con la posibilidad de ser modificado y adaptado a diferentes contextos o necesidades. Adem\u00e1s,&nbsp;incorpora una red social profesional para valorar y difundir experiencias y contenidos educativos.&nbsp;<\/p>\n<p style=\"text-align: justify\">Haz clic <a href=\"https:\/\/procomun.educalab.es\/es\/ode-search?type=LEARNING_RESOURCE\">aqu\u00ed<\/a> para acceder.<\/p>\n<\/div>\n<\/td>\n<\/tr>\n<tr style=\"height: 222px\">\n<td style=\"width: 100%;height: 222px\">\n<h5 class=\"et_pb_toggle_title\" style=\"text-align: left\"><span style=\"color: #993366\">Leer.es<\/span><\/h5>\n<div class=\"et_pb_toggle_content clearfix\">\n<p style=\"text-align: justify\">(Centro virtual para la mejora de la competencia en comunicaci\u00f3n ling\u00fc\u00edstica y la lectura en todas las \u00e1reas y niveles educativos): Una&nbsp;iniciativa del Ministerio de Educaci\u00f3n&nbsp;dirigida a estudiantes de Infantil, Primaria y Secundaria, al profesorado y a las familias. Destacamos su secci\u00f3n&nbsp;<a href=\"http:\/\/leer.es\/recursos\" target=\"_blank\" rel=\"nofollow noopener noreferrer\">recursos<\/a>, organizada por etapas y \u00e1reas, &nbsp;en la que se incluyen materiales informativos, art\u00edculos y unidades did\u00e1cticas para trabajar la comprensi\u00f3n lectora desde distintos \u00e1mbitos.<\/p>\n<p style=\"text-align: justify\">Haz clic <a href=\"http:\/\/leer.es\/\">aqu\u00ed<\/a> para acceder.<\/p>\n<\/div>\n<\/td>\n<\/tr>\n<tr style=\"height: 198px\">\n<td style=\"width: 100%;height: 198px\">\n<h5 class=\"et_pb_toggle_title\" style=\"text-align: left\"><span style=\"color: #993366\">Wikidid\u00e1ctica<\/span><\/h5>\n<div class=\"et_pb_toggle_content clearfix\">\n<p style=\"text-align: justify\">Pretende aprovechar el conocimiento colectivo del profesorado para construir un espacio \u00fatil que facilite la incorporaci\u00f3n paulatina de los recursos digitales como medio did\u00e1ctico en las distintas \u00e1reas y etapas educativas.&nbsp;Cada art\u00edculo tiene informaci\u00f3n relacionada con un tema del curr\u00edculo y presenta tres apartados: recursos digitales, experiencias y pr\u00e1cticas innovadoras.<\/p>\n<p style=\"text-align: justify\">Haz clic <a href=\"http:\/\/recursostic.educacion.es\/multidisciplinar\/wikididactica\/index.php\/P%C3%A1gina_Principal\">aqu\u00ed<\/a> para acceder.<\/p>\n<\/div>\n<\/td>\n<\/tr>\n<tr style=\"height: 173px\">\n<td style=\"width: 100%;height: 173px\">\n<h5 class=\"et_pb_toggle_title\" style=\"text-align: left\"><span style=\"color: #993366\">Educagu\u00eda<\/span><\/h5>\n<div class=\"et_pb_toggle_content clearfix\">\n<p style=\"text-align: justify\">Portal educativo que ofrece m\u00faltiples recursos estructurados en bloques. Cuenta con buscador propio y permite la consulta a texto completo de diversos documentos.<\/p>\n<p style=\"text-align: justify\">Haz clic <a href=\"http:\/\/www.educaguia.com\/\">aqu\u00ed<\/a> para acceder.<\/p>\n<\/div>\n<\/td>\n<\/tr>\n<tr style=\"height: 198px\">\n<td style=\"width: 100%;height: 198px\">\n<h5 class=\"et_pb_toggle_title\" style=\"text-align: left\"><span style=\"color: #993366\">Red educativa digital Descartes<\/span><\/h5>\n<div class=\"et_pb_toggle_content clearfix\">\n<p style=\"text-align: justify\">Asociaci\u00f3n no gubernamental sin \u00e1nimo de lucro que tiene como fin promover la renovaci\u00f3n y cambio metodol\u00f3gico en los procesos de aprendizaje y ense\u00f1anza de las Matem\u00e1ticas, y tambi\u00e9n en otras \u00e1reas de conocimiento, utilizando los recursos digitales interactivos generados en el Proyecto Descartes. En particular, para la consecuci\u00f3n de este fin, se promueve el desarrollo y difusi\u00f3n de la herramienta de autor denominada \u00abDescartes\u00bb.&nbsp;<\/p>\n<p style=\"text-align: justify\">Haz clic <a href=\"http:\/\/proyectodescartes.org\/descartescms\/\">aqu\u00ed<\/a> para acceder.<\/p>\n<\/div>\n<\/td>\n<\/tr>\n<tr style=\"height: 173px\">\n<td style=\"width: 100%;height: 173px\">\n<h5 class=\"et_pb_toggle_title\" style=\"text-align: left\"><span style=\"color: #993366\">Educarm (Portal educativo de la regi\u00f3n de Murcia)<\/span><\/h5>\n<div class=\"et_pb_toggle_content clearfix\">\n<p style=\"text-align: justify\">Con recursos propios y enlaces a herramientas TIC (<em>software<\/em>&nbsp;de autor, Internet y web, imagen, v\u00eddeo y sonido\u2026) y otros materiales, organizados en las etapas de Educaci\u00f3n Infantil, Primaria, Secundaria y Bachillerato, Formaci\u00f3n Profesional, Universidades y Educaci\u00f3n para Adultos.&nbsp;<\/p>\n<p style=\"text-align: justify\">Haz clic <a href=\"http:\/\/www.educarm.es\/\">aqu\u00ed<\/a> para acceder.<\/p>\n<\/div>\n<\/td>\n<\/tr>\n<tr style=\"height: 198px\">\n<td style=\"width: 100%;height: 198px\">\n<div class=\"et_pb_toggle_content clearfix\">\n<h5 class=\"et_pb_toggle_title\" style=\"text-align: left\"><span style=\"color: #993366\">Eduteka<\/span><\/h5>\n<div class=\"et_pb_toggle_content clearfix\">\n<p style=\"text-align: justify\">Publicaci\u00f3n de la Fundaci\u00f3n Gabriel Piedrahita Uribe (FGPU) que pone a nuestra disposici\u00f3n&nbsp;centenares de contenidos formativos e informativos que ayudan a&nbsp;enriquecer, con el uso de las TIC, el aprendizaje. Adem\u00e1s, dise\u00f1a e implementa espacios interactivos en l\u00ednea con recursos \u00fatiles y valiosos para los docentes (Gestor de Proyectos de Aula, Planeador de Proyectos Colaborativos, Curr\u00edculo Interactivo&nbsp;2.0).<\/p>\n<p style=\"text-align: justify\">Haz clic <a href=\"http:\/\/www.eduteka.org\/\">aqu\u00ed<\/a> para acceder.<\/p>\n<\/div>\n<\/div>\n<\/td>\n<\/tr>\n<tr style=\"height: 264px\">\n<td style=\"width: 100%;height: 264px\">\n<h5 class=\"et_pb_toggle_title\" style=\"text-align: left\"><span style=\"color: #993366\">Educared<\/span><\/h5>\n<div class=\"et_pb_toggle_content clearfix\">\n<p style=\"text-align: justify\">Portal educativo orientado a educaci\u00f3n 2.0 y TIC para padres, alumnos y&nbsp;profesores con presencia en la mayor\u00eda de pa\u00edses de Iberoam\u00e9rica, impulsado por la Fundaci\u00f3n Telef\u00f3nica y una mayor\u00eda de organizaciones del mundo educativo, en la que se encuentran las principales Asociaciones profesionales, Confederaciones de padres y Sindicatos. No solo ofrece cursos virtuales, sino tambi\u00e9n recursos,&nbsp;<em>softwares<\/em>&nbsp;educativos, enciclopedias infantiles, editoriales, congresos y buenas pr\u00e1cticas que apoyan la destreza, la escritura y la lectura.<\/p>\n<p style=\"text-align: justify\">Haz clic <a href=\"http:\/\/educared.fundacion.telefonica.com.pe\/buenas-practicas-educativas\/\">aqu\u00ed<\/a> para acceder.<\/p>\n<p>&nbsp;<\/p>\n<\/div>\n<\/td>\n<\/tr>\n<\/tbody>\n<\/table>\n<p>&nbsp;<\/p>\n","protected":false},"excerpt":{"rendered":"<p>Bienvenido\/a al mayor repositorio de recursos dirigido a la Transformaci\u00f3n Digital Educativa en Andaluc\u00eda. &nbsp; Elaboraci\u00f3n colaborativa de un banco de recursos digitales Padlet colaborativo con m\u00faltiples recursos digitales. Haz clic aqu\u00ed para acceder.&#46;&#46;&#46;<\/p>\n","protected":false},"author":1988,"featured_media":0,"parent":0,"menu_order":0,"comment_status":"closed","ping_status":"closed","template":"","meta":{"ngg_post_thumbnail":0,"footnotes":"","_mc_calendar":[]},"aioseo_notices":[],"_links":{"self":[{"href":"https:\/\/blogsaverroes.juntadeandalucia.es\/ieslaribera\/wp-json\/wp\/v2\/pages\/3890"}],"collection":[{"href":"https:\/\/blogsaverroes.juntadeandalucia.es\/ieslaribera\/wp-json\/wp\/v2\/pages"}],"about":[{"href":"https:\/\/blogsaverroes.juntadeandalucia.es\/ieslaribera\/wp-json\/wp\/v2\/types\/page"}],"author":[{"embeddable":true,"href":"https:\/\/blogsaverroes.juntadeandalucia.es\/ieslaribera\/wp-json\/wp\/v2\/users\/1988"}],"replies":[{"embeddable":true,"href":"https:\/\/blogsaverroes.juntadeandalucia.es\/ieslaribera\/wp-json\/wp\/v2\/comments?post=3890"}],"version-history":[{"count":25,"href":"https:\/\/blogsaverroes.juntadeandalucia.es\/ieslaribera\/wp-json\/wp\/v2\/pages\/3890\/revisions"}],"predecessor-version":[{"id":4794,"href":"https:\/\/blogsaverroes.juntadeandalucia.es\/ieslaribera\/wp-json\/wp\/v2\/pages\/3890\/revisions\/4794"}],"wp:attachment":[{"href":"https:\/\/blogsaverroes.juntadeandalucia.es\/ieslaribera\/wp-json\/wp\/v2\/media?parent=3890"}],"curies":[{"name":"wp","href":"https:\/\/api.w.org\/{rel}","templated":true}]}}