{"id":3906,"date":"2020-11-29T20:46:58","date_gmt":"2020-11-29T20:46:58","guid":{"rendered":"http:\/\/blogsaverroes.juntadeandalucia.es\/ieslaribera\/?page_id=3906"},"modified":"2021-02-21T18:51:22","modified_gmt":"2021-02-21T18:51:22","slug":"servicios-digitales","status":"publish","type":"page","link":"https:\/\/blogsaverroes.juntadeandalucia.es\/ieslaribera\/servicios-digitales\/","title":{"rendered":"Servicios digitales"},"content":{"rendered":"<table style=\"border-collapse: collapse;width: 76.7123%;height: 79px\">\n<tbody>\n<tr>\n<td style=\"width: 100%\">\n<h5 style=\"text-align: left\"><span style=\"color: #800080\">Moodle Centros<\/span><\/h5>\n<p style=\"text-align: justify\"><strong>Moodle centros<\/strong> es un <em>entorno de aprendizaje virtual<\/em> si quieres acceder haz clic <a href=\"https:\/\/educacionadistancia.juntadeandalucia.es\/centros\/huelva\/\">aqu\u00ed*<\/a><\/p>\n<p><img decoding=\"async\" class=\"alignright\" title=\"serviciosdigitales\" src=\"https:\/\/iesagala.eu\/wp-content\/uploads\/2020\/10\/serviciosdigitales.png\" alt=\"\" width=\"270\" height=\"183\"><\/td>\n<\/tr>\n<tr>\n<td style=\"width: 100%\">\n<h5 class=\"et_pb_toggle_title\" style=\"text-align: left\"><span style=\"color: #800080\">Google Classroom<\/span><\/h5>\n<div class=\"et_pb_toggle_content clearfix\">\n<p style=\"text-align: justify\"><strong>Classroom&nbsp;<\/strong>es una herramienta creada por Google en 2014, y destinada exclusivamente al mundo educativo. Su misi\u00f3n es la de permitir&nbsp;<strong>gestionar un aula de forma colaborativa a trav\u00e9s de Internet<\/strong>, siendo una plataforma para la gesti\u00f3n del aprendizaje o&nbsp;<em>Learning Management System<\/em>.<\/p>\n<p style=\"text-align: justify\"><strong>Todas las opciones de esta herramienta est\u00e1n asociadas a una cuenta de Google<\/strong>, de manera que tanto el profesor como los estudiantes deber\u00e1n tener su Gmail, y su cuenta de Google actuar\u00e1 como su identificador. Esto quiere decir que no&nbsp;tendr\u00e1s que crear una cuenta espec\u00edfica para esta herramienta, ya que se utilizar\u00e1n tus identidades de Google.<\/p>\n<h3 style=\"text-align: left\"><span style=\"color: #808000\">EJEMPLOS DE PROYECTOS USANDO LAS HERRAMIENTA DE GOOGLE SUITE<\/span><\/h3>\n<p style=\"text-align: left\">Proyecto con Google My Maps&nbsp;<a href=\"https:\/\/leccionesdehistoria.com\/4eso\/aprendiendo-cultura-clasica-con-google-my-maps\/\" target=\"_blank\" rel=\"noopener noreferrer\">https:\/\/leccionesdehistoria.com\/4eso\/aprendiendo-cultura-clasica-con-google-my-maps\/<\/a><\/p>\n<p style=\"text-align: left\">Proyecto de Visual Thinking (portfolios con Documentos de Google)&nbsp;<a href=\"https:\/\/leccionesdehistoria.com\/4eso\/aprendiendo-historia-visual-thinking\/\" target=\"_blank\" rel=\"noopener noreferrer\">https:\/\/leccionesdehistoria.com\/4eso\/aprendiendo-historia-visual-thinking\/<\/a><\/p>\n<p style=\"text-align: left\">Historyflix (Presentaciones de Google)&nbsp;<a href=\"https:\/\/leccionesdehistoria.com\/4eso\/proyecto-historyflix-heroes-anonimos\/\" target=\"_blank\" rel=\"noopener noreferrer\">https:\/\/leccionesdehistoria.com\/4eso\/proyecto-historyflix-heroes-anonimos\/<\/a><\/p>\n<p style=\"text-align: left\">Breakout Edu del Desarrollo Sostenible (Formularios de Google)&nbsp;<a href=\"https:\/\/leccionesdehistoria.com\/3eso\/breakout-edu-desarrollo-sostenible-3o-eso\/\" target=\"_blank\" rel=\"noopener noreferrer\">https:\/\/leccionesdehistoria.com\/3eso\/breakout-edu-desarrollo-sostenible-3o-eso\/<\/a><\/p>\n<p style=\"text-align: left\">Proyecto Elecciones (Documentos de Google)&nbsp;<a href=\"https:\/\/leccionesdehistoria.com\/3eso\/proyecto-elecciones-aprender-sobre-politica\/\" target=\"_blank\" rel=\"noopener noreferrer\">https:\/\/leccionesdehistoria.com\/3eso\/proyecto-elecciones-aprender-sobre-politica\/<\/a><\/p>\n<p style=\"text-align: left\">Proyecto Olimpiadas (varias herramientas de Google)&nbsp;<a href=\"https:\/\/leccionesdehistoria.com\/3eso\/aprender-geografia-candidatura-olimpica\/\" target=\"_blank\" rel=\"noopener noreferrer\">https:\/\/leccionesdehistoria.com\/3eso\/aprender-geografia-candidatura-olimpica\/<\/a>&nbsp;&nbsp;<\/p>\n<p style=\"text-align: left\">Proyecto SIM City&nbsp;<a href=\"https:\/\/leccionesdehistoria.com\/3eso\/aprender-geografia-jugando-sim-city\/\" target=\"_blank\" rel=\"noopener noreferrer\">https:\/\/leccionesdehistoria.com\/3eso\/aprender-geografia-jugando-sim-city\/<\/a><\/p>\n<p style=\"text-align: left\">#Merezcounacalle&nbsp;<\/p>\n<p style=\"text-align: left\"><a href=\"https:\/\/leccionesdehistoria.com\/2eso\/merezcounacalle-proyecto-contra-micromachismos\/\" target=\"_blank\" rel=\"noopener noreferrer\">https:\/\/leccionesdehistoria.com\/2eso\/merezcounacalle-proyecto-contra-micromachismos\/<\/a><\/p>\n<p style=\"text-align: left\"><a href=\"https:\/\/leccionesdehistoria.com\/destacados\/cartama-pondra-cuatro-calles-de-mujeres-gracias-a-merezcounacalle\/\" target=\"_blank\" rel=\"noopener noreferrer\">https:\/\/leccionesdehistoria.com\/destacados\/cartama-pondra-cuatro-calles-de-mujeres-gracias-a-merezcounacalle\/<\/a>&nbsp;<\/p>\n<p style=\"text-align: left\"><a href=\"https:\/\/www.merezcounacalle.com\/\" target=\"_blank\" rel=\"noopener noreferrer\">https:\/\/www.merezcounacalle.com\/<\/a>&nbsp;<\/p>\n<p style=\"text-align: left\"><a href=\"https:\/\/earth.google.com\/web\/@38.41687424,56.30864334,330.37833476a,5677765.22291666d,30y,0h,0t,0r\/data=MicKJQojCiExMDIwNElzNFJkdS1PQk9DVENCWGFtRDFOTDdIVVVweHc\" target=\"_blank\" rel=\"noopener noreferrer\">https:\/\/earth.google.com\/web\/@38.41687424,56.30864334,330.37833476a,5677765.22291666d,30y,0h,0t,0r\/data=MicKJQojCiExMDIwNElzNFJkdS1PQk9DVENCWGFtRDFOTDdIVVVweHc<\/a><\/p>\n<p style=\"text-align: left\"><a href=\"https:\/\/earth.google.com\/web\/data=Mj8KPQo7CiExaENJZnN1MTBNVkZKdV9MbTc4eVczYW15bXNjSHZCRUMSFgoUMDcyRTk1MjJFNjEwMjBCMUM3Qzc\" target=\"_blank\" rel=\"noopener noreferrer\">https:\/\/earth.google.com\/web\/data=Mj8KPQo7CiExaENJZnN1MTBNVkZKdV9MbTc4eVczYW15bXNjSHZCRUMSFgoUMDcyRTk1MjJFNjEwMjBCMUM3Qzc<\/a><\/p>\n<p style=\"text-align: left\">La vuelta al mundo en 24 d\u00edas<\/p>\n<p style=\"text-align: left\"><a href=\"https:\/\/sites.google.com\/site\/lavueltaalmundoen24dias\" target=\"_blank\" rel=\"noopener noreferrer\">https:\/\/sites.google.com\/site\/lavueltaalmundoen24dias<\/a>&nbsp;<\/p>\n<p style=\"text-align: left\">Google Edu Podcast<\/p>\n<p style=\"text-align: left\"><a href=\"https:\/\/www.googleedupodcast.com\/\" target=\"_blank\" rel=\"noopener noreferrer\">https:\/\/www.googleedupodcast.com\/<\/a>&nbsp;<\/p>\n<\/div>\n<\/td>\n<\/tr>\n<tr>\n<td style=\"width: 100%\">\n<h5 class=\"et_pb_toggle_title\" style=\"text-align: left\"><span style=\"color: #800080\">Moc Edu<\/span><\/h5>\n<div class=\"et_pb_toggle_content clearfix\">\n<p style=\"text-align: justify\"><strong>MoocEdu<\/strong> es la plataforma de <em>cursos abiertos en l\u00ednea masivos<\/em> (\u201cMOOC\u201d por sus siglas en ingl\u00e9s) de la Consejer\u00eda de Educaci\u00f3n y Deporte.Los cursos tienen como objetivo principal poner a disposici\u00f3n de los centros educativos recursos para su transformaci\u00f3n digital.<\/p>\n<p style=\"text-align: justify\">Si quieres acceder a MocEdu haz clic <a href=\"https:\/\/moocedu.juntadeandalucia.es\/\">aqu\u00ed<\/a><\/p>\n<\/div>\n<\/td>\n<\/tr>\n<\/tbody>\n<\/table>\n","protected":false},"excerpt":{"rendered":"<p>Moodle Centros Moodle centros es un entorno de aprendizaje virtual si quieres acceder haz clic aqu\u00ed* Google Classroom Classroom&nbsp;es una herramienta creada por Google en 2014, y destinada exclusivamente al mundo educativo. Su misi\u00f3n&#46;&#46;&#46;<\/p>\n","protected":false},"author":1988,"featured_media":0,"parent":0,"menu_order":0,"comment_status":"closed","ping_status":"closed","template":"","meta":{"ngg_post_thumbnail":0,"footnotes":"","_mc_calendar":[]},"aioseo_notices":[],"_links":{"self":[{"href":"https:\/\/blogsaverroes.juntadeandalucia.es\/ieslaribera\/wp-json\/wp\/v2\/pages\/3906"}],"collection":[{"href":"https:\/\/blogsaverroes.juntadeandalucia.es\/ieslaribera\/wp-json\/wp\/v2\/pages"}],"about":[{"href":"https:\/\/blogsaverroes.juntadeandalucia.es\/ieslaribera\/wp-json\/wp\/v2\/types\/page"}],"author":[{"embeddable":true,"href":"https:\/\/blogsaverroes.juntadeandalucia.es\/ieslaribera\/wp-json\/wp\/v2\/users\/1988"}],"replies":[{"embeddable":true,"href":"https:\/\/blogsaverroes.juntadeandalucia.es\/ieslaribera\/wp-json\/wp\/v2\/comments?post=3906"}],"version-history":[{"count":8,"href":"https:\/\/blogsaverroes.juntadeandalucia.es\/ieslaribera\/wp-json\/wp\/v2\/pages\/3906\/revisions"}],"predecessor-version":[{"id":4069,"href":"https:\/\/blogsaverroes.juntadeandalucia.es\/ieslaribera\/wp-json\/wp\/v2\/pages\/3906\/revisions\/4069"}],"wp:attachment":[{"href":"https:\/\/blogsaverroes.juntadeandalucia.es\/ieslaribera\/wp-json\/wp\/v2\/media?parent=3906"}],"curies":[{"name":"wp","href":"https:\/\/api.w.org\/{rel}","templated":true}]}}