{"id":42,"date":"2015-03-13T08:40:47","date_gmt":"2015-03-13T08:40:47","guid":{"rendered":"http:\/\/blogsaverroes.juntadeandalucia.es\/pre\/ceip\/?page_id=42"},"modified":"2026-04-18T11:24:21","modified_gmt":"2026-04-18T11:24:21","slug":"equipo-directivo","status":"publish","type":"page","link":"https:\/\/blogsaverroes.juntadeandalucia.es\/ieslaribera\/equipo-directivo\/","title":{"rendered":"Equipo directivo"},"content":{"rendered":"<p>Las personas que componen el equipo directivo durante el presente curso son:<\/p>\n<p>&nbsp;<\/p>\n<table style=\"width: 64.1961%;border-collapse: collapse;border-style: solid\">\n<tbody>\n<tr>\n<td style=\"width: 23.2033%\">DIRECCI\u00d3N<\/td>\n<td style=\"width: 41.0677%\">&nbsp; D\u00aa. ROSA MAR\u00cdA URA\u00cdN SOSA<\/td>\n<\/tr>\n<tr>\n<td style=\"width: 23.2033%\">JEFATURA DE ESTUDIOS<\/td>\n<td style=\"width: 41.0677%\">&nbsp; D.&nbsp; ANTONIO JES\u00daS&nbsp; LAGARES LAGARES<\/td>\n<\/tr>\n<tr>\n<td style=\"width: 23.2033%\">JEFATURA DE ESTUDIOS ADJUNTA<\/td>\n<td style=\"width: 41.0677%\">&nbsp; D\u00aa. MAR\u00cdA P\u00c9REZ MART\u00cdN<\/td>\n<\/tr>\n<tr>\n<td style=\"width: 23.2033%\">SECRETAR\u00cdA<\/td>\n<td style=\"width: 41.0677%\">&nbsp; D\u00aa. FRANCISCA CORONEL PULIDO<\/td>\n<\/tr>\n<\/tbody>\n<\/table>\n","protected":false},"excerpt":{"rendered":"<p>Las personas que componen el equipo directivo durante el presente curso son: &nbsp; DIRECCI\u00d3N &nbsp; D\u00aa. ROSA MAR\u00cdA URA\u00cdN SOSA JEFATURA DE ESTUDIOS &nbsp; D.&nbsp; ANTONIO JES\u00daS&nbsp; LAGARES LAGARES JEFATURA DE ESTUDIOS ADJUNTA &nbsp;&#46;&#46;&#46;<\/p>\n","protected":false},"author":1,"featured_media":0,"parent":0,"menu_order":0,"comment_status":"open","ping_status":"open","template":"page-templates\/child-menu.php","meta":{"ngg_post_thumbnail":0,"footnotes":"","_mc_calendar":[]},"aioseo_notices":[],"_links":{"self":[{"href":"https:\/\/blogsaverroes.juntadeandalucia.es\/ieslaribera\/wp-json\/wp\/v2\/pages\/42"}],"collection":[{"href":"https:\/\/blogsaverroes.juntadeandalucia.es\/ieslaribera\/wp-json\/wp\/v2\/pages"}],"about":[{"href":"https:\/\/blogsaverroes.juntadeandalucia.es\/ieslaribera\/wp-json\/wp\/v2\/types\/page"}],"author":[{"embeddable":true,"href":"https:\/\/blogsaverroes.juntadeandalucia.es\/ieslaribera\/wp-json\/wp\/v2\/users\/1"}],"replies":[{"embeddable":true,"href":"https:\/\/blogsaverroes.juntadeandalucia.es\/ieslaribera\/wp-json\/wp\/v2\/comments?post=42"}],"version-history":[{"count":11,"href":"https:\/\/blogsaverroes.juntadeandalucia.es\/ieslaribera\/wp-json\/wp\/v2\/pages\/42\/revisions"}],"predecessor-version":[{"id":6803,"href":"https:\/\/blogsaverroes.juntadeandalucia.es\/ieslaribera\/wp-json\/wp\/v2\/pages\/42\/revisions\/6803"}],"wp:attachment":[{"href":"https:\/\/blogsaverroes.juntadeandalucia.es\/ieslaribera\/wp-json\/wp\/v2\/media?parent=42"}],"curies":[{"name":"wp","href":"https:\/\/api.w.org\/{rel}","templated":true}]}}