{"id":44,"date":"2015-03-13T08:42:15","date_gmt":"2015-03-13T08:42:15","guid":{"rendered":"http:\/\/blogsaverroes.juntadeandalucia.es\/pre\/ceip\/?page_id=44"},"modified":"2022-03-24T21:04:20","modified_gmt":"2022-03-24T21:04:20","slug":"planes-y-proyectos","status":"publish","type":"page","link":"https:\/\/blogsaverroes.juntadeandalucia.es\/ieslaribera\/planes-y-proyectos\/","title":{"rendered":"Planes y Programas"},"content":{"rendered":"<h1 style=\"text-align: left\"><span style=\"color: #ff0000\">&nbsp;&nbsp;&nbsp;&nbsp;&nbsp;&nbsp;&nbsp;&nbsp;&nbsp;&nbsp;&nbsp;&nbsp;&nbsp;&nbsp;&nbsp;&nbsp;&nbsp;&nbsp;&nbsp;&nbsp;&nbsp;&nbsp;&nbsp;&nbsp;&nbsp; Proyectos y Programas Educativos<\/span><\/h1>\n<h2>&nbsp;&nbsp;&nbsp;&nbsp; <span style=\"color: #000080\"># Planes\/Proyectos Educativos<\/span><\/h2>\n<ul style=\"list-style-type: circle\">\n<li><span style=\"color: #0000ff\">Plan de Apertura de Centros<\/span><\/li>\n<li><span style=\"color: #0000ff\">Red Andaluza Escuela : \u00abEspacio de Paz\u00bb<\/span><\/li>\n<li><span style=\"color: #0000ff\">Programa Centro Biling\u00fce<\/span><\/li>\n<li><span style=\"color: #0000ff\">Plan de Salud y P.R.I.<\/span><\/li>\n<li><span style=\"color: #0000ff\">Pr\u00e1cticum M\u00e1ster Secundaria<\/span><\/li>\n<li><span style=\"color: #0000ff\">Proyecto STEAM: Investigaci\u00f3n Aeroespacial aplicada al aula<\/span><\/li>\n<li><span style=\"color: #0000ff\">Programa de Bibliotecas Escolares <\/span><\/li>\n<li><span style=\"color: #0000ff\">Transformaci\u00f3n Digital Educativa (TDE)<\/span><\/li>\n<li><span style=\"color: #0000ff\">Plan de Igualdad de g\u00e9nero en Educaci\u00f3n<\/span><\/li>\n<\/ul>\n<h2>&nbsp;&nbsp;&nbsp; <span style=\"color: #000080\"># Programas Innovaci\u00f3n Educativa<\/span><\/h2>\n<ul style=\"list-style-type: circle\">\n<li><span style=\"color: #0000ff\">Forma Joven en el \u00e1mbito educativo<\/span><\/li>\n<li><span style=\"color: #0000ff\">ComunicA<\/span><\/li>\n<li><span style=\"color: #0000ff\">AulaDcine<\/span><\/li>\n<li><span style=\"color: #0000ff\">Aula DJaque<\/span><\/li>\n<li><span style=\"color: #0000ff\">Vivir y sentir el patrimonio<\/span><\/li>\n<\/ul>\n","protected":false},"excerpt":{"rendered":"<p>&nbsp;&nbsp;&nbsp;&nbsp;&nbsp;&nbsp;&nbsp;&nbsp;&nbsp;&nbsp;&nbsp;&nbsp;&nbsp;&nbsp;&nbsp;&nbsp;&nbsp;&nbsp;&nbsp;&nbsp;&nbsp;&nbsp;&nbsp;&nbsp;&nbsp; Proyectos y Programas Educativos &nbsp;&nbsp;&nbsp;&nbsp; # Planes\/Proyectos Educativos Plan de Apertura de Centros Red Andaluza Escuela : \u00abEspacio de Paz\u00bb Programa Centro Biling\u00fce Plan de Salud y P.R.I. Pr\u00e1cticum M\u00e1ster Secundaria Proyecto STEAM:&#46;&#46;&#46;<\/p>\n","protected":false},"author":1,"featured_media":0,"parent":0,"menu_order":0,"comment_status":"open","ping_status":"closed","template":"page-templates\/child-menu.php","meta":{"ngg_post_thumbnail":0,"footnotes":"","_mc_calendar":[]},"aioseo_notices":[],"_links":{"self":[{"href":"https:\/\/blogsaverroes.juntadeandalucia.es\/ieslaribera\/wp-json\/wp\/v2\/pages\/44"}],"collection":[{"href":"https:\/\/blogsaverroes.juntadeandalucia.es\/ieslaribera\/wp-json\/wp\/v2\/pages"}],"about":[{"href":"https:\/\/blogsaverroes.juntadeandalucia.es\/ieslaribera\/wp-json\/wp\/v2\/types\/page"}],"author":[{"embeddable":true,"href":"https:\/\/blogsaverroes.juntadeandalucia.es\/ieslaribera\/wp-json\/wp\/v2\/users\/1"}],"replies":[{"embeddable":true,"href":"https:\/\/blogsaverroes.juntadeandalucia.es\/ieslaribera\/wp-json\/wp\/v2\/comments?post=44"}],"version-history":[{"count":6,"href":"https:\/\/blogsaverroes.juntadeandalucia.es\/ieslaribera\/wp-json\/wp\/v2\/pages\/44\/revisions"}],"predecessor-version":[{"id":4501,"href":"https:\/\/blogsaverroes.juntadeandalucia.es\/ieslaribera\/wp-json\/wp\/v2\/pages\/44\/revisions\/4501"}],"wp:attachment":[{"href":"https:\/\/blogsaverroes.juntadeandalucia.es\/ieslaribera\/wp-json\/wp\/v2\/media?parent=44"}],"curies":[{"name":"wp","href":"https:\/\/api.w.org\/{rel}","templated":true}]}}