{"id":2613,"date":"2016-07-31T15:41:01","date_gmt":"2016-07-31T15:41:01","guid":{"rendered":"http:\/\/blogsaverroes.juntadeandalucia.es\/ieslaroda\/?page_id=2613"},"modified":"2021-06-14T11:18:44","modified_gmt":"2021-06-14T11:18:44","slug":"coeducacion","status":"publish","type":"page","link":"https:\/\/blogsaverroes.juntadeandalucia.es\/ieslaroda\/coeducacion\/","title":{"rendered":"Coeducaci\u00f3n"},"content":{"rendered":"<p><a href=\"https:\/\/blogsaverroes.juntadeandalucia.es\/ieslaroda\/files\/2021\/06\/Gu\u00eda-Coeducativa-para-padres-y-madres.pdf\">Gu\u00eda Coeducativa para padres y madres<\/a><\/p>\n<p>Desde la direcci\u00f3n del AMPA IES La Roda consideramos necesaria y fundamental nuestra contribuci\u00f3n a la prevenci\u00f3n de la violencia de g\u00e9nero, a trav\u00e9s de una formaci\u00f3n que promocione la igualdad.<\/p>\n<p>Es por ello que hemos incluido en nuestro Proyecto de Coeducaci\u00f3n para el curso 20\/21 \u201cAPRENDEMOS EN IGUALDAD\u201d, la elaboraci\u00f3n de una Gu\u00eda dirigida a Padres y Madres como un instrumento de apoyo \u00fatil para las familias en la ardua tarea que implica la educaci\u00f3n de los hijos e hijas, ayud\u00e1ndonos a introducir cambios de actitud que favorezcan la igualdad de G\u00e9nero.<\/p>\n<h4>CONCURSO DE V\u00cdDEO \u00abAPRENDEMOS EN IGUALDAD\u00bb<\/h4>\n<p>Organizado por el AMPA Federico Garc\u00eda Lorca\u00bb<\/p>\n<p><a href=\"https:\/\/blogsaverroes.juntadeandalucia.es\/ieslaroda\/files\/2021\/06\/concurso.jpg\"><img loading=\"lazy\" decoding=\"async\" class=\"aligncenter size-medium wp-image-4825\" src=\"https:\/\/blogsaverroes.juntadeandalucia.es\/ieslaroda\/files\/2021\/06\/concurso-212x300.jpg\" alt=\"\" width=\"212\" height=\"300\" srcset=\"https:\/\/blogsaverroes.juntadeandalucia.es\/ieslaroda\/files\/2021\/06\/concurso-212x300.jpg 212w, https:\/\/blogsaverroes.juntadeandalucia.es\/ieslaroda\/files\/2021\/06\/concurso.jpg 393w\" sizes=\"(max-width: 212px) 100vw, 212px\" \/><\/a><\/p>\n<p>PRIMER PREMIO<\/p>\n<p><iframe loading=\"lazy\" src=\"\/\/www.youtube.com\/embed\/qChuuC10XOg\" width=\"560\" height=\"314\"><\/iframe><\/p>\n<p>SEGUNDO PREMIO<\/p>\n<p><iframe loading=\"lazy\" src=\"\/\/www.youtube.com\/embed\/bcxmfJGE6H8\" width=\"560\" height=\"314\"><\/iframe><\/p>\n<p>&nbsp;<\/p>\n<h4>&nbsp;<\/h4>\n<p><a href=\"http:\/\/coeducacionieslaroda.blogia.com\">Blog de coeducaci\u00f3n<\/a><\/p>\n<p>Una de las limitaciones para que m\u00e1s ni\u00f1as quieran seguir una carrera cient\u00edfica es la falta de referentes femeninos en estos campos. Con el objetivo de acabar con este h\u00e1ndicap, el Museo de Ciencias Universidad de Navarra presenta el proyecto \u201cLa mujer en la ciencia\u201d: una serie de animaci\u00f3n que narra, a trav\u00e9s de peque\u00f1os videos y en un tono divulgativo, la biograf\u00eda de cient\u00edficas relevantes en su campo pero que resultan desconocidas para el p\u00fablico general.<\/p>\n<p><a href=\"https:\/\/mujeresconciencia.com\/2019\/11\/19\/serie-de-animacion-la-mujer-en-la-ciencia\/\">https:\/\/mujeresconciencia.com\/2019\/11\/19\/serie-de-animacion-la-mujer-en-la-ciencia\/<\/a><\/p>\n<p>Con motivo del II V\u00eddeo-concurso \u00abProgramar en Igualdad\u00bb de la Universidad Pablo de Olavide, el alumnado de IAEE del IES La Roda ha elaborado un corto para promover la presencia de las mujeres en la carrera de Ingenier\u00eda inform\u00e1tica.<\/p>\n<p><iframe loading=\"lazy\" src=\"\/\/www.youtube.com\/embed\/w1K79HR0mmE\" width=\"560\" height=\"314\"><\/iframe><\/p>\n<p>&nbsp;<\/p>\n<p>&nbsp;<\/p>\n<p>&nbsp;<\/p>\n<p>Mujeres Inspiradoras<\/p>\n<p><iframe loading=\"lazy\" src=\"\/\/www.youtube.com\/embed\/Leb3HuI8d-U\" width=\"560\" height=\"314\"><\/iframe><\/p>\n<p>11 de febrero D\u00eda Internacional de la Mujer y la Ni\u00f1a en la Ciencia<\/p>\n<p><a href=\"https:\/\/11defebrero.org\/2019\/01\/28\/reportaje-tve\/\">https:\/\/11defebrero.org\/2019\/01\/28\/reportaje-tve\/<\/a><\/p>\n<p>Miniseries:<\/p>\n<p>Epidemi\u00f3loga<\/p>\n<p><iframe loading=\"lazy\" src=\"\/\/www.youtube.com\/embed\/xKp297gHDCU\" width=\"200\" height=\"112\"><\/iframe><\/p>\n<p>Matem\u00e1tica<\/p>\n<p><iframe loading=\"lazy\" src=\"\/\/www.youtube.com\/embed\/XCv-7af3a2g\" width=\"200\" height=\"112\"><\/iframe><\/p>\n<p>Comunicadora Cient\u00edfica<\/p>\n<p><iframe loading=\"lazy\" src=\"\/\/www.youtube.com\/embed\/EDe5amm2t6U\" width=\"200\" height=\"112\"><\/iframe><\/p>\n<p>Ingeniera biom\u00e9dica<\/p>\n<p><iframe loading=\"lazy\" src=\"\/\/www.youtube.com\/embed\/mBimEoLes5o\" width=\"200\" height=\"112\"><\/iframe><\/p>\n<p>Investigadora cl\u00ednica<\/p>\n<p><iframe loading=\"lazy\" src=\"\/\/www.youtube.com\/embed\/o6k2lDrUPbw\" width=\"200\" height=\"112\"><\/iframe><\/p>\n<p>Investigadora farmac\u00e9utica<\/p>\n<p><iframe loading=\"lazy\" src=\"\/\/www.youtube.com\/embed\/Wc1XYyZBFRs\" width=\"200\" height=\"112\"><\/iframe><\/p>\n<p>&nbsp;<\/p>\n<p>Ingeniera inform\u00e1tica<\/p>\n<p><iframe loading=\"lazy\" src=\"\/\/www.youtube.com\/embed\/A5B8G392gLY\" width=\"200\" height=\"112\"><\/iframe><\/p>\n<p>Ingeniera en rob\u00f3tica<\/p>\n<p><iframe loading=\"lazy\" src=\"\/\/www.youtube.com\/embed\/o6k2lDrUPbw\" width=\"200\" height=\"112\"><\/iframe><\/p>\n<p>Ingeniera de tejidos<\/p>\n<p><iframe loading=\"lazy\" src=\"\/\/www.youtube.com\/embed\/cFT9Zasw6Y0\" width=\"200\" height=\"112\"><\/iframe><\/p>\n<p>Ingeniera textil<\/p>\n<p><iframe loading=\"lazy\" src=\"\/\/www.youtube.com\/embed\/S3cmyfYzD2l\" width=\"200\" height=\"112\"><\/iframe><\/p>\n<p>&nbsp;<\/p>\n<p>&nbsp;<\/p>\n<h1 class=\"portlet-title\"><a href=\"http:\/\/www.juntadeandalucia.es\/educacion\/webportal\/web\/portal-de-igualdad\/-aulasvioletasandalucia\"><span class=\"portlet-title-text\">#AulasVioletasAndaluc\u00eda<\/span><\/a><\/h1>\n<p>La Educaci\u00f3n es uno de los instrumentos m\u00e1s potentes con el que contamos para lograr cambios reales en materia de igualdad, ya que los modelos de comportamiento y valores que se adquieren en la infancia, la adolescencia y en la juventud condicionan y modelan la construcci\u00f3n de la propia identidad y las relaciones interpersonales que se establecen en el centro y en la sociedad.<\/p>\n<h3><a href=\"https:\/\/www.lassinsombrero.com\/ellas\">La Sinsombrero<\/a><\/h3>\n<p><a href=\"https:\/\/blogsaverroes.juntadeandalucia.es\/ieslaroda\/files\/2016\/07\/DSCF0045.jpg\"><img loading=\"lazy\" decoding=\"async\" class=\"aligncenter size-medium wp-image-3322\" src=\"https:\/\/blogsaverroes.juntadeandalucia.es\/ieslaroda\/files\/2016\/07\/DSCF0045-300x225.jpg\" alt=\"\" width=\"300\" height=\"225\" srcset=\"https:\/\/blogsaverroes.juntadeandalucia.es\/ieslaroda\/files\/2016\/07\/DSCF0045-300x225.jpg 300w, https:\/\/blogsaverroes.juntadeandalucia.es\/ieslaroda\/files\/2016\/07\/DSCF0045-768x576.jpg 768w, https:\/\/blogsaverroes.juntadeandalucia.es\/ieslaroda\/files\/2016\/07\/DSCF0045-1024x768.jpg 1024w, https:\/\/blogsaverroes.juntadeandalucia.es\/ieslaroda\/files\/2016\/07\/DSCF0045-24x18.jpg 24w, https:\/\/blogsaverroes.juntadeandalucia.es\/ieslaroda\/files\/2016\/07\/DSCF0045-36x27.jpg 36w, https:\/\/blogsaverroes.juntadeandalucia.es\/ieslaroda\/files\/2016\/07\/DSCF0045-48x36.jpg 48w, https:\/\/blogsaverroes.juntadeandalucia.es\/ieslaroda\/files\/2016\/07\/DSCF0045.jpg 1600w\" sizes=\"(max-width: 300px) 100vw, 300px\" \/><\/a> <a href=\"https:\/\/blogsaverroes.juntadeandalucia.es\/ieslaroda\/files\/2016\/07\/DSCF0046.jpg\"><img loading=\"lazy\" decoding=\"async\" class=\"aligncenter size-medium wp-image-3323\" src=\"https:\/\/blogsaverroes.juntadeandalucia.es\/ieslaroda\/files\/2016\/07\/DSCF0046-300x225.jpg\" alt=\"\" width=\"300\" height=\"225\" srcset=\"https:\/\/blogsaverroes.juntadeandalucia.es\/ieslaroda\/files\/2016\/07\/DSCF0046-300x225.jpg 300w, https:\/\/blogsaverroes.juntadeandalucia.es\/ieslaroda\/files\/2016\/07\/DSCF0046-768x576.jpg 768w, https:\/\/blogsaverroes.juntadeandalucia.es\/ieslaroda\/files\/2016\/07\/DSCF0046-1024x768.jpg 1024w, https:\/\/blogsaverroes.juntadeandalucia.es\/ieslaroda\/files\/2016\/07\/DSCF0046-24x18.jpg 24w, https:\/\/blogsaverroes.juntadeandalucia.es\/ieslaroda\/files\/2016\/07\/DSCF0046-36x27.jpg 36w, https:\/\/blogsaverroes.juntadeandalucia.es\/ieslaroda\/files\/2016\/07\/DSCF0046-48x36.jpg 48w, https:\/\/blogsaverroes.juntadeandalucia.es\/ieslaroda\/files\/2016\/07\/DSCF0046.jpg 1600w\" sizes=\"(max-width: 300px) 100vw, 300px\" \/><\/a> <a href=\"https:\/\/blogsaverroes.juntadeandalucia.es\/ieslaroda\/files\/2016\/07\/DSCF0047.jpg\"><img loading=\"lazy\" decoding=\"async\" class=\"aligncenter size-medium wp-image-3324\" src=\"https:\/\/blogsaverroes.juntadeandalucia.es\/ieslaroda\/files\/2016\/07\/DSCF0047-300x225.jpg\" alt=\"\" width=\"300\" height=\"225\" srcset=\"https:\/\/blogsaverroes.juntadeandalucia.es\/ieslaroda\/files\/2016\/07\/DSCF0047-300x225.jpg 300w, https:\/\/blogsaverroes.juntadeandalucia.es\/ieslaroda\/files\/2016\/07\/DSCF0047-768x576.jpg 768w, https:\/\/blogsaverroes.juntadeandalucia.es\/ieslaroda\/files\/2016\/07\/DSCF0047-1024x768.jpg 1024w, https:\/\/blogsaverroes.juntadeandalucia.es\/ieslaroda\/files\/2016\/07\/DSCF0047-24x18.jpg 24w, https:\/\/blogsaverroes.juntadeandalucia.es\/ieslaroda\/files\/2016\/07\/DSCF0047-36x27.jpg 36w, https:\/\/blogsaverroes.juntadeandalucia.es\/ieslaroda\/files\/2016\/07\/DSCF0047-48x36.jpg 48w, https:\/\/blogsaverroes.juntadeandalucia.es\/ieslaroda\/files\/2016\/07\/DSCF0047.jpg 1600w\" sizes=\"(max-width: 300px) 100vw, 300px\" \/><\/a><\/p>\n<h2><a href=\"https:\/\/elpais.com\/especiales\/2018\/mujeres-de-la-ciencia\/\">&nbsp;Mujeres de la Ciencia<\/a><\/h2>\n<p><a href=\"https:\/\/blogsaverroes.juntadeandalucia.es\/ieslaroda\/files\/2016\/07\/20080316003339-cientificas-320x200-1.jpg\"><img loading=\"lazy\" decoding=\"async\" class=\"aligncenter size-full wp-image-3259\" src=\"https:\/\/blogsaverroes.juntadeandalucia.es\/ieslaroda\/files\/2016\/07\/20080316003339-cientificas-320x200-1.jpg\" alt=\"\" width=\"280\" height=\"200\" srcset=\"https:\/\/blogsaverroes.juntadeandalucia.es\/ieslaroda\/files\/2016\/07\/20080316003339-cientificas-320x200-1.jpg 280w, https:\/\/blogsaverroes.juntadeandalucia.es\/ieslaroda\/files\/2016\/07\/20080316003339-cientificas-320x200-1-24x17.jpg 24w, https:\/\/blogsaverroes.juntadeandalucia.es\/ieslaroda\/files\/2016\/07\/20080316003339-cientificas-320x200-1-36x26.jpg 36w, https:\/\/blogsaverroes.juntadeandalucia.es\/ieslaroda\/files\/2016\/07\/20080316003339-cientificas-320x200-1-48x34.jpg 48w\" sizes=\"(max-width: 280px) 100vw, 280px\" \/><\/a><\/p>\n<p><a href=\"https:\/\/blogsaverroes.juntadeandalucia.es\/ieslaroda\/files\/2016\/07\/IMG-20171205-WA0001.jpg\"><img loading=\"lazy\" decoding=\"async\" class=\"size-medium wp-image-3101 alignleft\" src=\"https:\/\/blogsaverroes.juntadeandalucia.es\/ieslaroda\/files\/2016\/07\/IMG-20171205-WA0001-198x300.jpg\" alt=\"\" width=\"198\" height=\"300\" srcset=\"https:\/\/blogsaverroes.juntadeandalucia.es\/ieslaroda\/files\/2016\/07\/IMG-20171205-WA0001-198x300.jpg 198w, https:\/\/blogsaverroes.juntadeandalucia.es\/ieslaroda\/files\/2016\/07\/IMG-20171205-WA0001-768x1161.jpg 768w, https:\/\/blogsaverroes.juntadeandalucia.es\/ieslaroda\/files\/2016\/07\/IMG-20171205-WA0001-677x1024.jpg 677w, https:\/\/blogsaverroes.juntadeandalucia.es\/ieslaroda\/files\/2016\/07\/IMG-20171205-WA0001-16x24.jpg 16w, https:\/\/blogsaverroes.juntadeandalucia.es\/ieslaroda\/files\/2016\/07\/IMG-20171205-WA0001-24x36.jpg 24w, https:\/\/blogsaverroes.juntadeandalucia.es\/ieslaroda\/files\/2016\/07\/IMG-20171205-WA0001-32x48.jpg 32w, https:\/\/blogsaverroes.juntadeandalucia.es\/ieslaroda\/files\/2016\/07\/IMG-20171205-WA0001.jpg 1058w\" sizes=\"(max-width: 198px) 100vw, 198px\" \/><\/a><\/p>\n<p><a href=\"https:\/\/blogsaverroes.juntadeandalucia.es\/ieslaroda\/files\/2016\/07\/IMG-20171205-WA0002.jpg\"><img loading=\"lazy\" decoding=\"async\" class=\"aligncenter wp-image-3102\" src=\"https:\/\/blogsaverroes.juntadeandalucia.es\/ieslaroda\/files\/2016\/07\/IMG-20171205-WA0002-300x245.jpg\" alt=\"\" width=\"469\" height=\"383\" srcset=\"https:\/\/blogsaverroes.juntadeandalucia.es\/ieslaroda\/files\/2016\/07\/IMG-20171205-WA0002-300x245.jpg 300w, https:\/\/blogsaverroes.juntadeandalucia.es\/ieslaroda\/files\/2016\/07\/IMG-20171205-WA0002-768x628.jpg 768w, https:\/\/blogsaverroes.juntadeandalucia.es\/ieslaroda\/files\/2016\/07\/IMG-20171205-WA0002-1024x837.jpg 1024w, https:\/\/blogsaverroes.juntadeandalucia.es\/ieslaroda\/files\/2016\/07\/IMG-20171205-WA0002-24x20.jpg 24w, https:\/\/blogsaverroes.juntadeandalucia.es\/ieslaroda\/files\/2016\/07\/IMG-20171205-WA0002-36x29.jpg 36w, https:\/\/blogsaverroes.juntadeandalucia.es\/ieslaroda\/files\/2016\/07\/IMG-20171205-WA0002-48x39.jpg 48w, https:\/\/blogsaverroes.juntadeandalucia.es\/ieslaroda\/files\/2016\/07\/IMG-20171205-WA0002.jpg 1600w\" sizes=\"(max-width: 469px) 100vw, 469px\" \/><\/a><\/p>\n<p><iframe loading=\"lazy\" src=\"\/\/www.youtube.com\/embed\/5wenAs6rNWM\" width=\"560\" height=\"314\"><\/iframe><\/p>\n<h2>Escuchando a las abuelas<\/h2>\n<p><iframe loading=\"lazy\" src=\"\/\/www.youtube.com\/embed\/ryqt8DsTNQA\" width=\"560\" height=\"314\"><\/iframe><\/p>\n<p>&nbsp;<\/p>\n<p>Actividad realizada para comparar el papel de la mujer en la actualidad con el de hace unos a\u00f1os.<\/p>\n<p><iframe loading=\"lazy\" src=\"\/\/www.youtube.com\/embed\/00YYqI366CM\" width=\"560\" height=\"314\"><\/iframe><\/p>\n<p><iframe loading=\"lazy\" src=\"\/\/www.youtube.com\/embed\/7jVqRLFlO_I\" width=\"560\" height=\"314\"><\/iframe><\/p>\n<p><iframe loading=\"lazy\" src=\"\/\/www.youtube.com\/embed\/Y5Qs2HtgzUE\" width=\"560\" height=\"314\"><\/iframe><\/p>\n<p><iframe loading=\"lazy\" src=\"\/\/www.youtube.com\/embed\/lAd81NizZaI\" width=\"560\" height=\"314\"><\/iframe><\/p>\n<p><iframe loading=\"lazy\" src=\"\/\/www.youtube.com\/embed\/ZeiUSEW3oCA\" width=\"560\" height=\"314\"><\/iframe><\/p>\n<p>&nbsp;<\/p>\n","protected":false},"excerpt":{"rendered":"<p>Gu\u00eda Coeducativa para padres y madres Desde la direcci\u00f3n del AMPA IES La Roda consideramos necesaria y fundamental nuestra contribuci\u00f3n a la prevenci\u00f3n de la violencia de g\u00e9nero, a trav\u00e9s de una formaci\u00f3n que&#46;&#46;&#46;<\/p>\n","protected":false},"author":2459,"featured_media":0,"parent":0,"menu_order":0,"comment_status":"open","ping_status":"open","template":"","meta":{"ngg_post_thumbnail":0,"footnotes":"","_mc_calendar":[]},"aioseo_notices":[],"_links":{"self":[{"href":"https:\/\/blogsaverroes.juntadeandalucia.es\/ieslaroda\/wp-json\/wp\/v2\/pages\/2613"}],"collection":[{"href":"https:\/\/blogsaverroes.juntadeandalucia.es\/ieslaroda\/wp-json\/wp\/v2\/pages"}],"about":[{"href":"https:\/\/blogsaverroes.juntadeandalucia.es\/ieslaroda\/wp-json\/wp\/v2\/types\/page"}],"author":[{"embeddable":true,"href":"https:\/\/blogsaverroes.juntadeandalucia.es\/ieslaroda\/wp-json\/wp\/v2\/users\/2459"}],"replies":[{"embeddable":true,"href":"https:\/\/blogsaverroes.juntadeandalucia.es\/ieslaroda\/wp-json\/wp\/v2\/comments?post=2613"}],"version-history":[{"count":25,"href":"https:\/\/blogsaverroes.juntadeandalucia.es\/ieslaroda\/wp-json\/wp\/v2\/pages\/2613\/revisions"}],"predecessor-version":[{"id":4827,"href":"https:\/\/blogsaverroes.juntadeandalucia.es\/ieslaroda\/wp-json\/wp\/v2\/pages\/2613\/revisions\/4827"}],"wp:attachment":[{"href":"https:\/\/blogsaverroes.juntadeandalucia.es\/ieslaroda\/wp-json\/wp\/v2\/media?parent=2613"}],"curies":[{"name":"wp","href":"https:\/\/api.w.org\/{rel}","templated":true}]}}