{"id":2926,"date":"2017-06-07T10:24:11","date_gmt":"2017-06-07T10:24:11","guid":{"rendered":"http:\/\/blogsaverroes.juntadeandalucia.es\/ieslaroda\/?page_id=2926"},"modified":"2025-02-25T18:02:05","modified_gmt":"2025-02-25T18:02:05","slug":"bilinguismo","status":"publish","type":"page","link":"https:\/\/blogsaverroes.juntadeandalucia.es\/ieslaroda\/bilinguismo\/","title":{"rendered":"Biling\u00fcismo"},"content":{"rendered":"<h3>Inmersi\u00f3n ling\u00fc\u00edstica a Dublin<\/h3>\n<p><a href=\"https:\/\/youtube.com\/shorts\/-QD0DDKW7QI?feature=share\">Fotos<\/a><\/p>\nngg_shortcode_0_placeholder\n<h3>Jornada intercultural pluriling\u00fce<\/h3>\n<p><iframe loading=\"lazy\" src=\"\/\/www.youtube.com\/embed\/tucE0pQuYF8?si=Y9PjkwToc9z5lw_4\" width=\"560\" height=\"314\"><\/iframe><\/p>\n<p>&nbsp;<\/p>\n<div><b>D\u00eda Europeo de las Lenguas, 26 de septiembre &#8211; Pluriling\u00fcismo<\/b><\/div>\n<div>Para celebrar el D\u00eda Europeo de las Lenguas del pasado 26 de septiembre, nuestros alumnos han creado mapas con diferentes expresiones en las distintas lenguas europeas.<\/div>\n<div>\u00a1El pluriling\u00fcismo abre puertas!<\/div>\n<div>ngg_shortcode_1_placeholder<\/div>\n<p>&nbsp;<\/p>\n<p><a href=\"https:\/\/www.dropbox.com\/sh\/78bocy3w4p58yfl\/AADMAq40Zbz-tkajEfcIepWea?dl=0\">Materiales elaborados el curso 2016\/2017<\/a><\/p>\n","protected":false},"excerpt":{"rendered":"<p>Inmersi\u00f3n ling\u00fc\u00edstica a Dublin Fotos Jornada intercultural pluriling\u00fce &nbsp; D\u00eda Europeo de las Lenguas, 26 de septiembre &#8211; Pluriling\u00fcismo Para celebrar el D\u00eda Europeo de las Lenguas del pasado 26 de septiembre, nuestros alumnos&#46;&#46;&#46;<\/p>\n","protected":false},"author":2459,"featured_media":0,"parent":0,"menu_order":0,"comment_status":"closed","ping_status":"closed","template":"page-templates\/child-menu.php","meta":{"ngg_post_thumbnail":0,"footnotes":"","_mc_calendar":[]},"aioseo_notices":[],"_links":{"self":[{"href":"https:\/\/blogsaverroes.juntadeandalucia.es\/ieslaroda\/wp-json\/wp\/v2\/pages\/2926"}],"collection":[{"href":"https:\/\/blogsaverroes.juntadeandalucia.es\/ieslaroda\/wp-json\/wp\/v2\/pages"}],"about":[{"href":"https:\/\/blogsaverroes.juntadeandalucia.es\/ieslaroda\/wp-json\/wp\/v2\/types\/page"}],"author":[{"embeddable":true,"href":"https:\/\/blogsaverroes.juntadeandalucia.es\/ieslaroda\/wp-json\/wp\/v2\/users\/2459"}],"replies":[{"embeddable":true,"href":"https:\/\/blogsaverroes.juntadeandalucia.es\/ieslaroda\/wp-json\/wp\/v2\/comments?post=2926"}],"version-history":[{"count":11,"href":"https:\/\/blogsaverroes.juntadeandalucia.es\/ieslaroda\/wp-json\/wp\/v2\/pages\/2926\/revisions"}],"predecessor-version":[{"id":6798,"href":"https:\/\/blogsaverroes.juntadeandalucia.es\/ieslaroda\/wp-json\/wp\/v2\/pages\/2926\/revisions\/6798"}],"wp:attachment":[{"href":"https:\/\/blogsaverroes.juntadeandalucia.es\/ieslaroda\/wp-json\/wp\/v2\/media?parent=2926"}],"curies":[{"name":"wp","href":"https:\/\/api.w.org\/{rel}","templated":true}]}}