{"id":35,"date":"2015-03-13T08:21:43","date_gmt":"2015-03-13T08:21:43","guid":{"rendered":"http:\/\/blogsaverroes.juntadeandalucia.es\/pre\/ceip\/?page_id=35"},"modified":"2016-01-08T18:14:20","modified_gmt":"2016-01-08T18:14:20","slug":"el-centro-2","status":"publish","type":"page","link":"https:\/\/blogsaverroes.juntadeandalucia.es\/ieslaroda\/el-centro-2\/","title":{"rendered":"Datos del centro"},"content":{"rendered":"<p>&nbsp;<\/p>\n<p>&nbsp;<\/p>\n<p><a href=\"https:\/\/www.google.com\/maps\/place\/Instituto+de+Educaci%C3%B3n+Secundaria+Ies+la+Roda\/@37.2020321,-4.7819988,607m\/data=!3m2!1e3!4b1!4m2!3m1!1s0xd6d5f62a042ed63:0x9c87feda6a82f794!6m1!1e1?hl=es-ES\"><iframe loading=\"lazy\" src=\"https:\/\/www.google.com\/maps\/embed?pb=!1m14!1m12!1m3!1d6339.890443749757!2d-6.011622443226177!3d37.3911277028954!2m3!1f0!2f0!3f0!3m2!1i1024!2i768!4f13.1!5e0!3m2!1ses!2ses!4v1441087035639\" width=\"600\" height=\"450\" frameborder=\"0\"><\/iframe><\/a><\/p>\n<p><a href=\"https:\/\/www.google.com\/maps\/place\/Instituto+de+Educaci%C3%B3n+Secundaria+Ies+la+Roda\/@37.2020321,-4.7819988,607m\/data=!3m2!1e3!4b1!4m2!3m1!1s0xd6d5f62a042ed63:0x9c87feda6a82f794!6m1!1e1?hl=es-ES\">Localizaci\u00f3n<\/a><\/p>\n<h4>Datos de contacto<\/h4>\n<p>Consejer\u00eda de Educaci\u00f3n. Servicio de Innovaci\u00f3n Educativa<\/p>\n<p><strong>Direcci\u00f3n:<\/strong>\u00a0 Calle Manuel Siurot sn, La Roda de Andaluc\u00eda, CP: 41590, Sevilla<br \/>\n<strong>Tel\u00e9fono:\u00a0954822549 \/ FAX:954822555<\/strong><br \/>\n<strong>Email:<\/strong> 41701389.edu@juntadeandalucia.es<\/p>\n<p><strong>Sitio WEb:<\/strong> http:\/\/www.juntadeandalucia.es\/averroes\/centros-tic\/41701389\/helvia\/sitio\/<\/p>\n<h4><strong>Horarios<\/strong><\/h4>\n<p>El horario de apertura del centro es de 8:30 a 15:00<\/p>\n<p>Actividades lectivas,<\/p>\n<p>Plan de Acompa\u00f1amiento<\/p>\n<p>Talleres extraescolares organizados desde el AMPA, etc.<\/p>\n<h4><strong>Oferta educativa<\/strong><\/h4>\n<ul>\n<li><strong>\u00a0Educaci\u00f3n B\u00e1sica Especial<\/strong>\n<ul>\n<li><img decoding=\"async\" src=\"http:\/\/www.juntadeandalucia.es\/educacion\/vscripts\/centros\/datoscuract\/archivos\/bullet03.gif\" alt=\"\" \/>\u00a0Educaci\u00f3n especial unidad espec\u00edfica<\/li>\n<\/ul>\n<\/li>\n<li><b>Primer y Segundo cursos de Educaci\u00f3n Secundaria Obligatoria<\/b><\/li>\n<li><b>Tercer y Cuarto cursos de Educaci\u00f3n Secundaria Obligatoria<\/b><\/li>\n<\/ul>\n<div id=\"map1\">\n<div class=\"centro\">\n<h2>Biling\u00fcismo<\/h2>\n<hr size=\"1\" \/>\n<ul>\n<li><img decoding=\"async\" src=\"http:\/\/www.juntadeandalucia.es\/educacion\/vscripts\/centros\/datoscuract\/archivos\/bullet03.gif\" alt=\"\" \/>\u00a0 <b>Centro biling\u00fce Espa\u00f1ol &#8211; Ingl\u00e9s<\/b><\/li>\n<\/ul>\n<h2>Adscripciones<\/h2>\n<hr size=\"1\" \/>\n<h2>Recibe alumnos de:<\/h2>\n<ul>\n<li><img decoding=\"async\" src=\"http:\/\/www.juntadeandalucia.es\/educacion\/vscripts\/centros\/datoscuract\/archivos\/bullet03.gif\" alt=\"\" \/>\u00a0 6\u00ba de Educ. Primaria<br \/>\n(41003789)\u00a0 C.E.I.P.\u00a0Manuel Siurot \u00a0 100%<\/li>\n<\/ul>\n<h2>Env\u00eda alumnos a:<\/h2>\n<ul>\n<li><img decoding=\"async\" src=\"http:\/\/www.juntadeandalucia.es\/educacion\/vscripts\/centros\/datoscuract\/archivos\/bullet03.gif\" alt=\"\" \/>\u00a0 4\u00ba curso de E.S.O.<br \/>\n(41002013)\u00a0 \u00a0 I.E.S.\u00a0Ostippo \u00a0 100%<\/p>\n<h2>Servicios<\/h2>\n<hr size=\"1\" \/>\n<ul>\n<li><img decoding=\"async\" src=\"http:\/\/www.juntadeandalucia.es\/educacion\/vscripts\/centros\/datoscuract\/archivos\/bullet03.gif\" alt=\"\" \/>\u00a0 <b>Plan de apertura. Comedor<\/b><br \/>\nServicio prestado en (C.E.I.P. Manuel Siurot )<\/li>\n<li><img decoding=\"async\" src=\"http:\/\/www.juntadeandalucia.es\/educacion\/vscripts\/centros\/datoscuract\/archivos\/bullet03.gif\" alt=\"\" \/>\u00a0 <b>Transporte escolar<\/b><\/li>\n<\/ul>\n<\/li>\n<li>Localizaci\u00f3n<\/li>\n<\/ul>\n<p><a href=\"https:\/\/www.google.com\/maps\/place\/Instituto+de+Educaci%C3%B3n+Secundaria+Ies+la+Roda\/@37.2020321,-4.7819988,607m\/data=!3m2!1e3!4b1!4m2!3m1!1s0xd6d5f62a042ed63:0x9c87feda6a82f794!6m1!1e1?hl=es-ES\">Localizaci\u00f3n<\/a><\/p>\n<\/div>\n<\/div>\n<p>&nbsp;<\/p>\n<p>Una breve descripci\u00f3n de las ense\u00f1anzas ofrecidas en el centro, con posibilidad de <a title=\"Educaci\u00f3n infantil\" href=\"http:\/\/blogsaverroes.juntadeandalucia.es\/ieslaroda\/educacion-infantil\/\">enlazar <\/a>a otras secciones informativas de la web.<\/p>\n<h4>Instalaciones<\/h4>\n<p><!-- index.php -->\n<div\n\tclass=\"ngg-galleryoverview\n\t ngg-ajax-pagination-none\t\"\n\tid=\"ngg-gallery-99684dc598f6c067b864159049bb677a-1\">\n\n\t\t<div class=\"slideshowlink\">\n\t\t<a href='https:\/\/blogsaverroes.juntadeandalucia.es\/ieslaroda\/el-centro-2\/nggallery\/slideshow'>[Mostrar presentaci\u00f3n de diapositivas]<\/a>\n\n\t<\/div>\n\t\t\t<!-- Thumbnails -->\n\t\t\t\t<div id=\"ngg-image-0\" class=\"ngg-gallery-thumbnail-box\"\n\t\t\t\t\t\t\t\t\t\t\t>\n\t\t\t\t\t\t<div class=\"ngg-gallery-thumbnail\">\n\t\t\t<a href=\"https:\/\/blogsaverroes.juntadeandalucia.es\/ieslaroda\/wp-content\/uploads\/sites\/797\/nggallery\/instalaciones\/instalacion01-1.jpg\"\n\t\t\t\ttitle=\"\"\n\t\t\t\tdata-src=\"https:\/\/blogsaverroes.juntadeandalucia.es\/ieslaroda\/wp-content\/uploads\/sites\/797\/nggallery\/instalaciones\/instalacion01-1.jpg\"\n\t\t\t\tdata-thumbnail=\"https:\/\/blogsaverroes.juntadeandalucia.es\/ieslaroda\/wp-content\/uploads\/sites\/797\/nggallery\/instalaciones\/thumbs\/thumbs_instalacion01-1.jpg\"\n\t\t\t\tdata-image-id=\"21\"\n\t\t\t\tdata-title=\"instalacion01\"\n\t\t\t\tdata-description=\"\"\n\t\t\t\tdata-image-slug=\"instalacion01\"\n\t\t\t\tclass=\"ngg-fancybox\" rel=\"99684dc598f6c067b864159049bb677a\">\n\t\t\t\t<img\n\t\t\t\t\ttitle=\"instalacion01\"\n\t\t\t\t\talt=\"instalacion01\"\n\t\t\t\t\tsrc=\"https:\/\/blogsaverroes.juntadeandalucia.es\/ieslaroda\/wp-content\/uploads\/sites\/797\/nggallery\/instalaciones\/thumbs\/thumbs_instalacion01-1.jpg\"\n\t\t\t\t\twidth=\"120\"\n\t\t\t\t\theight=\"90\"\n\t\t\t\t\tstyle=\"max-width:100%;\"\n\t\t\t\t\/>\n\t\t\t<\/a>\n\t\t<\/div>\n\t\t\t\t\t\t\t<\/div>\n\t\t\t\n\t\t\n\t\t\t\t<div id=\"ngg-image-1\" class=\"ngg-gallery-thumbnail-box\"\n\t\t\t\t\t\t\t\t\t\t\t>\n\t\t\t\t\t\t<div class=\"ngg-gallery-thumbnail\">\n\t\t\t<a href=\"https:\/\/blogsaverroes.juntadeandalucia.es\/ieslaroda\/wp-content\/uploads\/sites\/797\/nggallery\/instalaciones\/instalacion02-1.jpg\"\n\t\t\t\ttitle=\"\"\n\t\t\t\tdata-src=\"https:\/\/blogsaverroes.juntadeandalucia.es\/ieslaroda\/wp-content\/uploads\/sites\/797\/nggallery\/instalaciones\/instalacion02-1.jpg\"\n\t\t\t\tdata-thumbnail=\"https:\/\/blogsaverroes.juntadeandalucia.es\/ieslaroda\/wp-content\/uploads\/sites\/797\/nggallery\/instalaciones\/thumbs\/thumbs_instalacion02-1.jpg\"\n\t\t\t\tdata-image-id=\"22\"\n\t\t\t\tdata-title=\"instalacion02\"\n\t\t\t\tdata-description=\"\"\n\t\t\t\tdata-image-slug=\"instalacion02\"\n\t\t\t\tclass=\"ngg-fancybox\" rel=\"99684dc598f6c067b864159049bb677a\">\n\t\t\t\t<img\n\t\t\t\t\ttitle=\"instalacion02\"\n\t\t\t\t\talt=\"instalacion02\"\n\t\t\t\t\tsrc=\"https:\/\/blogsaverroes.juntadeandalucia.es\/ieslaroda\/wp-content\/uploads\/sites\/797\/nggallery\/instalaciones\/thumbs\/thumbs_instalacion02-1.jpg\"\n\t\t\t\t\twidth=\"120\"\n\t\t\t\t\theight=\"90\"\n\t\t\t\t\tstyle=\"max-width:100%;\"\n\t\t\t\t\/>\n\t\t\t<\/a>\n\t\t<\/div>\n\t\t\t\t\t\t\t<\/div>\n\t\t\t\n\t\t\n\t\t\t\t<div id=\"ngg-image-2\" class=\"ngg-gallery-thumbnail-box\"\n\t\t\t\t\t\t\t\t\t\t\t>\n\t\t\t\t\t\t<div class=\"ngg-gallery-thumbnail\">\n\t\t\t<a href=\"https:\/\/blogsaverroes.juntadeandalucia.es\/ieslaroda\/wp-content\/uploads\/sites\/797\/nggallery\/instalaciones\/instalacion03-1.jpg\"\n\t\t\t\ttitle=\"\"\n\t\t\t\tdata-src=\"https:\/\/blogsaverroes.juntadeandalucia.es\/ieslaroda\/wp-content\/uploads\/sites\/797\/nggallery\/instalaciones\/instalacion03-1.jpg\"\n\t\t\t\tdata-thumbnail=\"https:\/\/blogsaverroes.juntadeandalucia.es\/ieslaroda\/wp-content\/uploads\/sites\/797\/nggallery\/instalaciones\/thumbs\/thumbs_instalacion03-1.jpg\"\n\t\t\t\tdata-image-id=\"23\"\n\t\t\t\tdata-title=\"instalacion03\"\n\t\t\t\tdata-description=\"\"\n\t\t\t\tdata-image-slug=\"instalacion03\"\n\t\t\t\tclass=\"ngg-fancybox\" rel=\"99684dc598f6c067b864159049bb677a\">\n\t\t\t\t<img\n\t\t\t\t\ttitle=\"instalacion03\"\n\t\t\t\t\talt=\"instalacion03\"\n\t\t\t\t\tsrc=\"https:\/\/blogsaverroes.juntadeandalucia.es\/ieslaroda\/wp-content\/uploads\/sites\/797\/nggallery\/instalaciones\/thumbs\/thumbs_instalacion03-1.jpg\"\n\t\t\t\t\twidth=\"120\"\n\t\t\t\t\theight=\"90\"\n\t\t\t\t\tstyle=\"max-width:100%;\"\n\t\t\t\t\/>\n\t\t\t<\/a>\n\t\t<\/div>\n\t\t\t\t\t\t\t<\/div>\n\t\t\t\n\t\t\n\t\t\t\t<div id=\"ngg-image-3\" class=\"ngg-gallery-thumbnail-box\"\n\t\t\t\t\t\t\t\t\t\t\t>\n\t\t\t\t\t\t<div class=\"ngg-gallery-thumbnail\">\n\t\t\t<a href=\"https:\/\/blogsaverroes.juntadeandalucia.es\/ieslaroda\/wp-content\/uploads\/sites\/797\/nggallery\/instalaciones\/instalacion04-1.jpg\"\n\t\t\t\ttitle=\"\"\n\t\t\t\tdata-src=\"https:\/\/blogsaverroes.juntadeandalucia.es\/ieslaroda\/wp-content\/uploads\/sites\/797\/nggallery\/instalaciones\/instalacion04-1.jpg\"\n\t\t\t\tdata-thumbnail=\"https:\/\/blogsaverroes.juntadeandalucia.es\/ieslaroda\/wp-content\/uploads\/sites\/797\/nggallery\/instalaciones\/thumbs\/thumbs_instalacion04-1.jpg\"\n\t\t\t\tdata-image-id=\"24\"\n\t\t\t\tdata-title=\"instalacion04\"\n\t\t\t\tdata-description=\"\"\n\t\t\t\tdata-image-slug=\"instalacion04\"\n\t\t\t\tclass=\"ngg-fancybox\" rel=\"99684dc598f6c067b864159049bb677a\">\n\t\t\t\t<img\n\t\t\t\t\ttitle=\"instalacion04\"\n\t\t\t\t\talt=\"instalacion04\"\n\t\t\t\t\tsrc=\"https:\/\/blogsaverroes.juntadeandalucia.es\/ieslaroda\/wp-content\/uploads\/sites\/797\/nggallery\/instalaciones\/thumbs\/thumbs_instalacion04-1.jpg\"\n\t\t\t\t\twidth=\"120\"\n\t\t\t\t\theight=\"90\"\n\t\t\t\t\tstyle=\"max-width:100%;\"\n\t\t\t\t\/>\n\t\t\t<\/a>\n\t\t<\/div>\n\t\t\t\t\t\t\t<\/div>\n\t\t\t\n\t\t\n\t\t\n\t\t<!-- Pagination -->\n\t\t<div class='ngg-clear'><\/div>\t<\/div>\n<\/p>\n<p>&nbsp;<\/p>\n","protected":false},"excerpt":{"rendered":"<p>&nbsp; &nbsp; Localizaci\u00f3n Datos de contacto Consejer\u00eda de Educaci\u00f3n. Servicio de Innovaci\u00f3n Educativa Direcci\u00f3n:\u00a0 Calle Manuel Siurot sn, La Roda de Andaluc\u00eda, CP: 41590, Sevilla Tel\u00e9fono:\u00a0954822549 \/ FAX:954822555 Email: 41701389.edu@juntadeandalucia.es Sitio WEb: http:\/\/www.juntadeandalucia.es\/averroes\/centros-tic\/41701389\/helvia\/sitio\/ Horarios&#46;&#46;&#46;<\/p>\n","protected":false},"author":1,"featured_media":0,"parent":0,"menu_order":0,"comment_status":"open","ping_status":"open","template":"","meta":{"ngg_post_thumbnail":0,"footnotes":"","_mc_calendar":[]},"aioseo_notices":[],"_links":{"self":[{"href":"https:\/\/blogsaverroes.juntadeandalucia.es\/ieslaroda\/wp-json\/wp\/v2\/pages\/35"}],"collection":[{"href":"https:\/\/blogsaverroes.juntadeandalucia.es\/ieslaroda\/wp-json\/wp\/v2\/pages"}],"about":[{"href":"https:\/\/blogsaverroes.juntadeandalucia.es\/ieslaroda\/wp-json\/wp\/v2\/types\/page"}],"author":[{"embeddable":true,"href":"https:\/\/blogsaverroes.juntadeandalucia.es\/ieslaroda\/wp-json\/wp\/v2\/users\/1"}],"replies":[{"embeddable":true,"href":"https:\/\/blogsaverroes.juntadeandalucia.es\/ieslaroda\/wp-json\/wp\/v2\/comments?post=35"}],"version-history":[{"count":27,"href":"https:\/\/blogsaverroes.juntadeandalucia.es\/ieslaroda\/wp-json\/wp\/v2\/pages\/35\/revisions"}],"predecessor-version":[{"id":2436,"href":"https:\/\/blogsaverroes.juntadeandalucia.es\/ieslaroda\/wp-json\/wp\/v2\/pages\/35\/revisions\/2436"}],"wp:attachment":[{"href":"https:\/\/blogsaverroes.juntadeandalucia.es\/ieslaroda\/wp-json\/wp\/v2\/media?parent=35"}],"curies":[{"name":"wp","href":"https:\/\/api.w.org\/{rel}","templated":true}]}}