{"id":3883,"date":"2019-10-06T16:11:35","date_gmt":"2019-10-06T16:11:35","guid":{"rendered":"https:\/\/blogsaverroes.juntadeandalucia.es\/ieslaroda\/?page_id=3883"},"modified":"2023-12-19T10:10:50","modified_gmt":"2023-12-19T10:10:50","slug":"convivencia","status":"publish","type":"page","link":"https:\/\/blogsaverroes.juntadeandalucia.es\/ieslaroda\/convivencia\/","title":{"rendered":"Convivencia"},"content":{"rendered":"<p><strong id=\"yui_3_17_2_1_1702980564787_349\">MENTOR\u00cdA SOCIAL: F\u00c9NIX ANDALUC\u00cdA<\/strong><\/p>\n<h5 id=\"yui_3_17_2_1_1702980599249_309\"><a href=\"https:\/\/www.youtube.com\/playlist?list=PLJPCPgVXGWO5e6BOM_5ifkc0bx44cW2OI\">Entrevistas de las Mentor\u00edas de Inspiraci\u00f3n<\/a><\/h5>\n<p>&nbsp;<\/p>\n<p>Un extraordinario corto nos muestra que \u00a1educar no es llenar la mente sino liberarla de las atadura!<\/p>\n<p>&nbsp;<\/p>\n<p><iframe loading=\"lazy\" src=\"\/\/www.youtube.com\/embed\/psZmAsH6I3Q\" width=\"560\" height=\"314\"><\/iframe><\/p>\n<div>\n<h3><b>3 lecciones que podemos atesorar para la vida&nbsp;<\/b><\/h3>\n<\/div>\n<div>&nbsp;<\/div>\n<div><b>1. No existe una manera correcta de hacer las cosas.<\/b>&nbsp;Cada quien debe experimentar por s\u00ed mismo y encontrar la estrategia con la que se sienta m\u00e1s c\u00f3modo y refleje mejor su forma de ser. Esto es particularmente importante en el caso de los ni\u00f1os pues tienen una creatividad asombrosa y si la cercenamos, despu\u00e9s es muy dif\u00edcil que vuelva a florecer. Podemos ense\u00f1arle las notas musicales, pero debemos dejar que sean ellos quienes compongan la melod\u00eda.<\/div>\n<div>&nbsp;<\/div>\n<div><b>2. De los errores pueden nacer grandes cosas.<\/b>&nbsp;Los errores son parte del proceso de aprendizaje, por lo que no debemos temerles ni transmitirles a los ni\u00f1os una idea negativa sobre ellos. Por ejemplo, \u00bfsab\u00edas que los rayos X, la penicilina y el grafeno, entre otros muchos inventos, fueron descubiertos por error o simple casualidad? En vez de evitar y castigar los errores, debemos animar a los ni\u00f1os a que aprendan de ellos e intenten descubrir su lado positivo. De hecho, es un excelente ejercicio mental incluso para los adultos ya que nos anima a abandonar la actitud derrotista y buscar nuevas perspectivas.<\/div>\n<div>&nbsp;<\/div>\n<div><b>3. El apoyo es fundamental.&nbsp;<\/b>Si el abuelo del corto le hubiera re\u00f1ido a su nieto y no se hubiera animado a hacer nuevas nubes, el ni\u00f1o habr\u00eda vivido esa experiencia como un fracaso que probablemente habr\u00eda marcado para siempre su vida, gener\u00e1ndole una gran&nbsp;<a href=\"http:\/\/www.rinconpsicologia.com\/2012\/12\/el-peligroso-juego-de-la-culpabilidad.html\">sensaci\u00f3n de culpa<\/a>. Sin embargo, el apoyo, la confianza y el amor lo cambian todo. \u00a1Nunca lo olvides! No son las experiencias, sino nuestra reacci\u00f3n ante ellas, lo que determina si nos estancamos o crecemos.<\/div>\n<p>&nbsp;<\/p>\n","protected":false},"excerpt":{"rendered":"<p>MENTOR\u00cdA SOCIAL: F\u00c9NIX ANDALUC\u00cdA Entrevistas de las Mentor\u00edas de Inspiraci\u00f3n &nbsp; Un extraordinario corto nos muestra que \u00a1educar no es llenar la mente sino liberarla de las atadura! &nbsp; 3 lecciones que podemos atesorar&#46;&#46;&#46;<\/p>\n","protected":false},"author":2459,"featured_media":0,"parent":0,"menu_order":0,"comment_status":"closed","ping_status":"closed","template":"","meta":{"ngg_post_thumbnail":0,"footnotes":"","_mc_calendar":[]},"aioseo_notices":[],"_links":{"self":[{"href":"https:\/\/blogsaverroes.juntadeandalucia.es\/ieslaroda\/wp-json\/wp\/v2\/pages\/3883"}],"collection":[{"href":"https:\/\/blogsaverroes.juntadeandalucia.es\/ieslaroda\/wp-json\/wp\/v2\/pages"}],"about":[{"href":"https:\/\/blogsaverroes.juntadeandalucia.es\/ieslaroda\/wp-json\/wp\/v2\/types\/page"}],"author":[{"embeddable":true,"href":"https:\/\/blogsaverroes.juntadeandalucia.es\/ieslaroda\/wp-json\/wp\/v2\/users\/2459"}],"replies":[{"embeddable":true,"href":"https:\/\/blogsaverroes.juntadeandalucia.es\/ieslaroda\/wp-json\/wp\/v2\/comments?post=3883"}],"version-history":[{"count":6,"href":"https:\/\/blogsaverroes.juntadeandalucia.es\/ieslaroda\/wp-json\/wp\/v2\/pages\/3883\/revisions"}],"predecessor-version":[{"id":6349,"href":"https:\/\/blogsaverroes.juntadeandalucia.es\/ieslaroda\/wp-json\/wp\/v2\/pages\/3883\/revisions\/6349"}],"wp:attachment":[{"href":"https:\/\/blogsaverroes.juntadeandalucia.es\/ieslaroda\/wp-json\/wp\/v2\/media?parent=3883"}],"curies":[{"name":"wp","href":"https:\/\/api.w.org\/{rel}","templated":true}]}}