{"id":42,"date":"2015-03-13T08:40:47","date_gmt":"2015-03-13T08:40:47","guid":{"rendered":"http:\/\/blogsaverroes.juntadeandalucia.es\/pre\/ceip\/?page_id=42"},"modified":"2024-11-13T16:35:40","modified_gmt":"2024-11-13T16:35:40","slug":"equipo-directivo","status":"publish","type":"page","link":"https:\/\/blogsaverroes.juntadeandalucia.es\/ieslaroda\/el-centro-2\/equipo-directivo\/","title":{"rendered":"Equipo directivo"},"content":{"rendered":"<p>&nbsp;<\/p>\n<table style=\"height: 114px\" width=\"378\">\n<tbody>\n<tr>\n<td style=\"width: 118.667px\"><a href=\"https:\/\/blogsaverroes.juntadeandalucia.es\/ieslaroda\/files\/2021\/10\/IMG-20191220-WA0014.jpg\"><img loading=\"lazy\" decoding=\"async\" class=\"aligncenter wp-image-4992 size-thumbnail\" src=\"https:\/\/blogsaverroes.juntadeandalucia.es\/ieslaroda\/files\/2021\/10\/IMG-20191220-WA0014-150x150.jpg\" alt=\"\" width=\"150\" height=\"150\" srcset=\"https:\/\/blogsaverroes.juntadeandalucia.es\/ieslaroda\/files\/2021\/10\/IMG-20191220-WA0014-150x150.jpg 150w, https:\/\/blogsaverroes.juntadeandalucia.es\/ieslaroda\/files\/2021\/10\/IMG-20191220-WA0014-80x80.jpg 80w, https:\/\/blogsaverroes.juntadeandalucia.es\/ieslaroda\/files\/2021\/10\/IMG-20191220-WA0014-320x320.jpg 320w\" sizes=\"(max-width: 150px) 100vw, 150px\" \/><\/a><\/td>\n<td style=\"width: 118.667px\"><a href=\"http:\/\/blogsaverroes.juntadeandalucia.es\/ieslaroda\/files\/2015\/03\/director1.jpg\"><img loading=\"lazy\" decoding=\"async\" class=\"alignnone wp-image-2371\" src=\"http:\/\/blogsaverroes.juntadeandalucia.es\/ieslaroda\/files\/2015\/03\/director1-229x300.jpg\" alt=\"director\" width=\"121\" height=\"158\" srcset=\"https:\/\/blogsaverroes.juntadeandalucia.es\/ieslaroda\/files\/2015\/03\/director1-229x300.jpg 229w, https:\/\/blogsaverroes.juntadeandalucia.es\/ieslaroda\/files\/2015\/03\/director1.jpg 247w\" sizes=\"(max-width: 121px) 100vw, 121px\" \/><\/a><\/td>\n<td style=\"width: 118.667px\"><a href=\"http:\/\/blogsaverroes.juntadeandalucia.es\/ieslaroda\/files\/2015\/03\/jjjj.jpg\"><img loading=\"lazy\" decoding=\"async\" class=\"alignnone wp-image-2369\" src=\"http:\/\/blogsaverroes.juntadeandalucia.es\/ieslaroda\/files\/2015\/03\/jjjj-245x300.jpg\" alt=\"jjjj\" width=\"122\" height=\"149\" srcset=\"https:\/\/blogsaverroes.juntadeandalucia.es\/ieslaroda\/files\/2015\/03\/jjjj-245x300.jpg 245w, https:\/\/blogsaverroes.juntadeandalucia.es\/ieslaroda\/files\/2015\/03\/jjjj.jpg 265w\" sizes=\"(max-width: 122px) 100vw, 122px\" \/><\/a><\/td>\n<\/tr>\n<\/tbody>\n<\/table>\n<p><strong>Direcci\u00f3n: Don Fernando L\u00f3pez Cardona<br \/>\n<\/strong><\/p>\n<p><strong>Jefatura de estudios: Don Jos\u00e9 Manuel Jim\u00e9nez Ch\u00eda<br \/>\n<\/strong><\/p>\n<p><strong>Secretar\u00eda: Do\u00f1a Josefina Carmona Luque<br \/>\n<\/strong><\/p>\n<p>&nbsp;<\/p>\n","protected":false},"excerpt":{"rendered":"<p>&nbsp; Direcci\u00f3n: Don Fernando L\u00f3pez Cardona Jefatura de estudios: Don Jos\u00e9 Manuel Jim\u00e9nez Ch\u00eda Secretar\u00eda: Do\u00f1a Josefina Carmona Luque &nbsp;<\/p>\n","protected":false},"author":1,"featured_media":0,"parent":35,"menu_order":0,"comment_status":"open","ping_status":"closed","template":"page-templates\/child-menu.php","meta":{"ngg_post_thumbnail":0,"footnotes":"","_mc_calendar":[]},"aioseo_notices":[],"_links":{"self":[{"href":"https:\/\/blogsaverroes.juntadeandalucia.es\/ieslaroda\/wp-json\/wp\/v2\/pages\/42"}],"collection":[{"href":"https:\/\/blogsaverroes.juntadeandalucia.es\/ieslaroda\/wp-json\/wp\/v2\/pages"}],"about":[{"href":"https:\/\/blogsaverroes.juntadeandalucia.es\/ieslaroda\/wp-json\/wp\/v2\/types\/page"}],"author":[{"embeddable":true,"href":"https:\/\/blogsaverroes.juntadeandalucia.es\/ieslaroda\/wp-json\/wp\/v2\/users\/1"}],"replies":[{"embeddable":true,"href":"https:\/\/blogsaverroes.juntadeandalucia.es\/ieslaroda\/wp-json\/wp\/v2\/comments?post=42"}],"version-history":[{"count":18,"href":"https:\/\/blogsaverroes.juntadeandalucia.es\/ieslaroda\/wp-json\/wp\/v2\/pages\/42\/revisions"}],"predecessor-version":[{"id":5316,"href":"https:\/\/blogsaverroes.juntadeandalucia.es\/ieslaroda\/wp-json\/wp\/v2\/pages\/42\/revisions\/5316"}],"up":[{"embeddable":true,"href":"https:\/\/blogsaverroes.juntadeandalucia.es\/ieslaroda\/wp-json\/wp\/v2\/pages\/35"}],"wp:attachment":[{"href":"https:\/\/blogsaverroes.juntadeandalucia.es\/ieslaroda\/wp-json\/wp\/v2\/media?parent=42"}],"curies":[{"name":"wp","href":"https:\/\/api.w.org\/{rel}","templated":true}]}}