{"id":44,"date":"2015-03-13T08:42:15","date_gmt":"2015-03-13T08:42:15","guid":{"rendered":"http:\/\/blogsaverroes.juntadeandalucia.es\/pre\/ceip\/?page_id=44"},"modified":"2024-11-13T16:46:50","modified_gmt":"2024-11-13T16:46:50","slug":"planes-y-proyectos","status":"publish","type":"page","link":"https:\/\/blogsaverroes.juntadeandalucia.es\/ieslaroda\/planes-y-proyectos\/","title":{"rendered":"Planes y Programas"},"content":{"rendered":"<p><img loading=\"lazy\" decoding=\"async\" class=\"alignnone size-medium wp-image-1667\" src=\"http:\/\/blogsaverroes.juntadeandalucia.es\/ieslaroda\/files\/2015\/03\/planes-300x150.png\" alt=\"planes\" width=\"300\" height=\"150\" srcset=\"https:\/\/blogsaverroes.juntadeandalucia.es\/ieslaroda\/files\/2015\/03\/planes-300x150.png 300w, https:\/\/blogsaverroes.juntadeandalucia.es\/ieslaroda\/files\/2015\/03\/planes.png 640w\" sizes=\"(max-width: 300px) 100vw, 300px\" \/><\/p>\n<p>La cada vez m\u00e1s compleja realidad social de nuestro tiempo hace que sea necesario abordar, desde el sistema educativo, todos aquellos aspectos de la misma que puedan ser mejorados a trav\u00e9s de la educaci\u00f3n.<\/p>\n<p>Los Planes y Proyectos abarcan desde la salud y la prevenci\u00f3n a la seguridad vial, desde el medio ambiente y el consumo responsable hasta la lectura y las bibliotecas escolares, las conmemoraciones de hechos o personajes relevantes, el flamenco, etc. Todo ello agrupado por tem\u00e1ticas para facilitar su localizaci\u00f3n y desarrollado en portales educativos espec\u00edficos.<\/p>\n<p><strong>Planes y Programas<\/strong><\/p>\n<ul>\n<li><strong><a>Escuela TIC 2.0<\/a>.<\/strong><\/li>\n<li><strong><a>Plan de Salud Laboral y P.R.L.<\/a>.<\/strong><\/li>\n<li><strong><a>Proyectos Centros T.I.C.<\/a>.<\/strong><\/li>\n<li><strong><a>Programa de centro biling\u00fce &#8211; Ingl\u00e9s<\/a>.<\/strong><\/li>\n<li><strong><a>Programa CIMA<br \/>\n<\/a><\/strong><\/li>\n<li><strong><a>Red Andaluza Escuela: \u00abEspacio de Paz\u00bb<\/a><\/strong><\/li>\n<li><strong><a>Plan de apertura de centros docentes<\/a>.<\/strong><\/li>\n<li><strong><a>Plan de igualdad entre hombres y mujeres en la educaci\u00f3n.<\/a><\/strong><\/li>\n<\/ul>\n<p>&nbsp;<\/p>\n","protected":false},"excerpt":{"rendered":"<p>La cada vez m\u00e1s compleja realidad social de nuestro tiempo hace que sea necesario abordar, desde el sistema educativo, todos aquellos aspectos de la misma que puedan ser mejorados a trav\u00e9s de la educaci\u00f3n.&#46;&#46;&#46;<\/p>\n","protected":false},"author":1,"featured_media":0,"parent":0,"menu_order":0,"comment_status":"open","ping_status":"closed","template":"","meta":{"ngg_post_thumbnail":0,"footnotes":"","_mc_calendar":[]},"aioseo_notices":[],"_links":{"self":[{"href":"https:\/\/blogsaverroes.juntadeandalucia.es\/ieslaroda\/wp-json\/wp\/v2\/pages\/44"}],"collection":[{"href":"https:\/\/blogsaverroes.juntadeandalucia.es\/ieslaroda\/wp-json\/wp\/v2\/pages"}],"about":[{"href":"https:\/\/blogsaverroes.juntadeandalucia.es\/ieslaroda\/wp-json\/wp\/v2\/types\/page"}],"author":[{"embeddable":true,"href":"https:\/\/blogsaverroes.juntadeandalucia.es\/ieslaroda\/wp-json\/wp\/v2\/users\/1"}],"replies":[{"embeddable":true,"href":"https:\/\/blogsaverroes.juntadeandalucia.es\/ieslaroda\/wp-json\/wp\/v2\/comments?post=44"}],"version-history":[{"count":8,"href":"https:\/\/blogsaverroes.juntadeandalucia.es\/ieslaroda\/wp-json\/wp\/v2\/pages\/44\/revisions"}],"predecessor-version":[{"id":6630,"href":"https:\/\/blogsaverroes.juntadeandalucia.es\/ieslaroda\/wp-json\/wp\/v2\/pages\/44\/revisions\/6630"}],"wp:attachment":[{"href":"https:\/\/blogsaverroes.juntadeandalucia.es\/ieslaroda\/wp-json\/wp\/v2\/media?parent=44"}],"curies":[{"name":"wp","href":"https:\/\/api.w.org\/{rel}","templated":true}]}}