{"id":4572,"date":"2021-03-18T11:27:53","date_gmt":"2021-03-18T11:27:53","guid":{"rendered":"https:\/\/blogsaverroes.juntadeandalucia.es\/ieslaroda\/?page_id=4572"},"modified":"2021-03-18T11:27:53","modified_gmt":"2021-03-18T11:27:53","slug":"g-suite","status":"publish","type":"page","link":"https:\/\/blogsaverroes.juntadeandalucia.es\/ieslaroda\/g-suite\/","title":{"rendered":"G-Suite"},"content":{"rendered":"<p><strong>G-Suite. <\/strong><\/p>\n<p><strong>Descripci\u00f3n: <\/strong><\/p>\n<p>G Suite para Educaci\u00f3n es un conjunto de soluciones de software que Google ofrece gratuitamente a los centros educativos bajo el modelo de \u201cinformaci\u00f3n alojada en la nube\u201d (Aplicaciones como Servicio). Las cuentas de G Suite para Centros Educativos son proporcionadas con el \u00fanico objeto de apoyar el proceso de aprendizaje del alumnado del y facilitar la comunicaci\u00f3n entre los miembros de la comunidad escolar del IES La Roda conforme <strong>al acuerdo establecido con Google<\/strong>.<\/p>\n<p>Los servicios bajo el dominio del centro educativo (ieslaroda.com) son servicios administrados por el IES La Roda. El acceso a estos recursos est\u00e1 condicionado a la aceptaci\u00f3n de la Pol\u00edtica de Uso por parte del alumno\/a al que se le proporcione una cuenta y de las familias.<\/p>\n<p>Las cuentas institucionales se encuentran bajo la plataforma dotada por G Suite, que incluye, entre otros los siguientes servicios:<\/p>\n<ul>\n<li><strong>Gmail <\/strong>es un servicio web de correo gracias al cual las organizaciones pueden utilizar su sistema de correo electr\u00f3nico mediante los sistemas de Google. Permite acceder a la bandeja de entrada de los Usuarios Finales desde un navegador web compatible y leer, redactar, reenviar y buscar correos, adem\u00e1s de responder a los mensajes y organizarlos por etiquetas. Este servicio cuenta con filtros contra spam y virus, y los Administradores pueden crear reglas para gestionar los mensajes con archivos adjuntos o un contenido especifico, y para enrutar mensajes a otros servidores de correo. Las reglas se pueden configurar por grupo o por Cliente (todos los dominios).<\/li>\n<li><strong>Google Calendar <\/strong>es un servicio basado en la Web para administrar calendarios personales, de empresa u organizaci\u00f3n y de equipo. Ofrece una interfaz para que los Usuarios Finales puedan ver sus calendarios, programar reuniones con otros Usuarios Finales, consultar la disponibilidad de otros Usuarios Finales, y reservar salas y recursos.<\/li>\n<li><strong>Contactos de Google <\/strong>es un servicio web que permite a los Usuarios Finales importar, almacenar y ver la informaci\u00f3n de los contactos, as\u00ed\u0301 como crear grupos de contactos personales para poder comunicarse con muchas personas con un solo correo electr\u00f3nico.<\/li>\n<li><strong>Documentos de Google<\/strong>, Hojas de C\u00e1lculo de Google, Presentaciones de Google y Formularios de Google son servicios web que permiten a los Usuarios Finales crear, editar, compartir, colaborar, dibujar, insertar contenido y exportar documentos, hojas de c\u00e1lculo, presentaciones y formularios.<\/li>\n<li><strong>Google Drive <\/strong>proporciona herramientas basadas en la Web que permiten a los Usuarios Finales almacenar, transferir y compartir archivos, as\u00ed\u0301 como ver v\u00eddeos.<\/li>\n<li><strong>Grupos de Google <\/strong>es un servicio web que permite a los Usuarios Finales y los propietarios de sitios web crear y gestionar grupos colaborativos. Los Usuarios Finales pueden mantener conversaciones por correo electr\u00f3nico y compartir documentos, calendarios, sitios web y carpetas con los miembros de un grupo, as\u00ed como acceder al archivo de las conversaciones del grupo y realizar b\u00fasquedas en \u00e9l.<\/li>\n<li><strong>Hangouts \/meet de Google <\/strong>es un servicio web que permiten la comunicaci\u00f3n en tiempo real entre usuarios finales. Hangouts de Google permite mantener conversaciones de grupo y entre dos personas mediante mensajes de chat, llamadas de voz y video-llamadas sencillas.<\/li>\n<li><strong>Google Jamboard <\/strong>es un servicio web que permite a los Usuarios Finales crear, editar, compartir, colaborar, dibujar, exportar e insertar contenido en un documento.<\/li>\n<li><strong>Google Classroom <\/strong>creaci\u00f3n de aulas virtuales de Google.<\/li>\n<\/ul>\n<p>&nbsp;<\/p>\n<p>El conjunto de aplicaciones principales de G Suite queda descrito en: <strong>https:\/\/edu.google.com\/products\/gsuite-for-education\/?modal_active=none <\/strong><\/p>\n<p>&nbsp;<\/p>\n<p><strong>Condiciones del servicio. <\/strong><\/p>\n<p><strong>Condiciones generales. <\/strong><\/p>\n<ul>\n<li>Las cuentas G Suite del IES La Roda constituyen un servicio que el centro proporciona al personal docente y personal de administraci\u00f3n y servicios que trabajan en \u00e9l, y al alumnado que cursa sus ense\u00f1anzas regladas en el mismo.<\/li>\n<li>Las cuentas G Suite del IES La Roda solo podr\u00e1n ser utilizadas por el centro, docentes y personal de administraci\u00f3n y servicios que trabajan en \u00e9l, y el alumnado que cursa sus ense\u00f1anzas regladas, en tareas relacionadas con su actividad educativa.<\/li>\n<li>La publicaci\u00f3n y distribuci\u00f3n de cualquier tipo de contenido mediante los servicios y aplicaciones vinculados a las cuentas G Suite del IES La Roda deber\u00e1\u0301 realizarse de acuerdo con la legislaci\u00f3n vigente sobre protecci\u00f3n de datos de car\u00e1cter personal.<\/li>\n<li>Queda estrictamente prohibido el uso de las cuentas G Suite del IES La Roda, y de todos los servicios y aplicaciones vinculados a ellas, para actividades comerciales o publicitarias o cualquiera otras no vinculadas a la actividad educativa del centro.<\/li>\n<li>Las cuentas G Suite del IES La Roda ser\u00e1n, salvo excepciones, nominales, y responder\u00e1n siempre a una persona f\u00edsica, pudiendo gestionarse \u00abAlias\u00bb para asignar otras direcciones por cargo o grupo de personas.<\/li>\n<li>Los usuarios o representantes legales son responsables de todas las actividades realizadas con sus cuentas de acceso y su buz\u00f3n asociado al IES La Roda.<\/li>\n<li>Es una falta grave facilitar y ofrecer acceso a la propia cuenta a personas no autorizadas; la cuenta es personal e intransferible.<\/li>\n<li>Es responsabilidad de cada usuario procurar la salvaguarda de los datos contenidos en las aplicaciones de G Suite.<\/li>\n<li>El IES La Roda podr\u00e1 crear cuentas para la administraci\u00f3n de backups (copias de seguridad), as\u00ed como habilitar LDAP y Single Sign On para la autentificaci\u00f3n con servicios de terceros.<\/li>\n<\/ul>\n<p>&nbsp;<\/p>\n<p><strong>Condiciones de las cuentas del alumnado. <\/strong><\/p>\n<p>El centro educativo IES La Roda podr\u00e1\u0301 dar de alta cuentas para sus alumnos, para lo cual deber\u00e1\u0301 seguir el procedimiento que en su momento se determine.<\/p>\n<p>El uso de las cuentas por parte del alumnado requiere manifestar la conformidad con la Pol\u00edtica de Uso de Cuentas G Suite del IES La Roda por parte del alumnado y de sus familias, haci\u00e9ndose responsables de las consecuencias derivadas del mal uso del servicio.<\/p>\n<p>&nbsp;<\/p>\n<p>El IES La Roda podr\u00e1 suspender del uso de este servicio a los alumnos\/as que no cumplan con lo establecido en la Pol\u00edtica de Uso de Cuentas.<\/p>\n<p>&nbsp;<\/p>\n<p>Cada alumno solo podr\u00e1\u0301 tener una \u00fanica cuenta G Suite del IES La Roda y su uso es exclusivo para el \u00e1mbito escolar y educativo.<\/p>\n<p>&nbsp;<\/p>\n<p>Cuando un alumno deje de estar matriculado o el profesor deje de prestar sus servicios en el centro IES La Roda se proceder\u00e1\u0301 a suspender y\/o eliminar su cuenta.<\/p>\n<p>El uso de la cuenta deber\u00e1\u0301 respetar en todo momento las normas de convivencia del centro y su incumplimiento puede llevar aparejado la limitaci\u00f3n de acceso a la misma (adem\u00e1s de la correspondiente medida correctora).<\/p>\n<p>&nbsp;<\/p>\n<p>El IES La Roda se reserva el derecho a condicionar el despliegue de las aplicaciones seg\u00fan criterios pedag\u00f3gicos y de edad del alumnado.<\/p>\n<p>&nbsp;<\/p>\n<p>En el caso de que haya indicios de que la cuenta asignada a un alumno est\u00e9 involucrada en casos graves de disciplina o mala conducta podr\u00e1\u0301 ser intervenida, suspendida y\/o supervisada por la Direcci\u00f3n del Centro.<\/p>\n<p>&nbsp;<\/p>\n<p>En caso de que se advierta un incumplimiento de las condiciones antedichas sobre prestaci\u00f3n del servicio, el Centro se reserva la potestad de desactivar o dar de baja cualquier cuenta de G Suite del IES La Roda, incluso sin previo aviso.<\/p>\n<p>&nbsp;<\/p>\n<p><strong>Privacidad, seguridad y tratamiento de datos<\/strong>.<\/p>\n<p>G Suite posee desde mayo 2012, la certificaci\u00f3n ISO 27001, adem\u00e1s de la ya existente SSAE 16\/SAE 3402 y el certificado FISMA de G Suite para Gobiernos. Adem\u00e1s, Google ha sido la primera empresa en adoptar el primer est\u00e1ndar global de privacidad para Cloud Computing ISO\/IEC 27018.<\/p>\n<p>&nbsp;<\/p>\n<p>Google ofrece una Enmienda para el Procesamiento de Datos y las Cl\u00e1usulas del Contrato Modelo como un m\u00e9todo adicional de seguridad y protecci\u00f3n de datos que permite cumplir los requisitos de idoneidad y seguridad de la Directiva de Protecci\u00f3n de Datos del Parlamento Europeo y del Consejo de la Uni\u00f3n Europea.<\/p>\n<p>&nbsp;<\/p>\n<p>Google cumple con el nuevo Reglamento General de Protecci\u00f3n de datos de la UE de 27 de abril de 2016.<\/p>\n<p>&nbsp;<\/p>\n<p>&nbsp;<\/p>\n<p>&nbsp;<\/p>\n<p>&nbsp;<\/p>\n<p>&nbsp;<\/p>\n","protected":false},"excerpt":{"rendered":"<p>G-Suite. Descripci\u00f3n: G Suite para Educaci\u00f3n es un conjunto de soluciones de software que Google ofrece gratuitamente a los centros educativos bajo el modelo de \u201cinformaci\u00f3n alojada en la nube\u201d (Aplicaciones como Servicio). Las&#46;&#46;&#46;<\/p>\n","protected":false},"author":2459,"featured_media":0,"parent":0,"menu_order":0,"comment_status":"closed","ping_status":"closed","template":"","meta":{"ngg_post_thumbnail":0,"footnotes":"","_mc_calendar":[]},"aioseo_notices":[],"_links":{"self":[{"href":"https:\/\/blogsaverroes.juntadeandalucia.es\/ieslaroda\/wp-json\/wp\/v2\/pages\/4572"}],"collection":[{"href":"https:\/\/blogsaverroes.juntadeandalucia.es\/ieslaroda\/wp-json\/wp\/v2\/pages"}],"about":[{"href":"https:\/\/blogsaverroes.juntadeandalucia.es\/ieslaroda\/wp-json\/wp\/v2\/types\/page"}],"author":[{"embeddable":true,"href":"https:\/\/blogsaverroes.juntadeandalucia.es\/ieslaroda\/wp-json\/wp\/v2\/users\/2459"}],"replies":[{"embeddable":true,"href":"https:\/\/blogsaverroes.juntadeandalucia.es\/ieslaroda\/wp-json\/wp\/v2\/comments?post=4572"}],"version-history":[{"count":1,"href":"https:\/\/blogsaverroes.juntadeandalucia.es\/ieslaroda\/wp-json\/wp\/v2\/pages\/4572\/revisions"}],"predecessor-version":[{"id":4574,"href":"https:\/\/blogsaverroes.juntadeandalucia.es\/ieslaroda\/wp-json\/wp\/v2\/pages\/4572\/revisions\/4574"}],"wp:attachment":[{"href":"https:\/\/blogsaverroes.juntadeandalucia.es\/ieslaroda\/wp-json\/wp\/v2\/media?parent=4572"}],"curies":[{"name":"wp","href":"https:\/\/api.w.org\/{rel}","templated":true}]}}