{"id":49,"date":"2015-03-13T08:47:05","date_gmt":"2015-03-13T08:47:05","guid":{"rendered":"http:\/\/blogsaverroes.juntadeandalucia.es\/pre\/ceip\/?page_id=49"},"modified":"2026-04-17T10:20:43","modified_gmt":"2026-04-17T10:20:43","slug":"proyecto-educativo","status":"publish","type":"page","link":"https:\/\/blogsaverroes.juntadeandalucia.es\/ieslaroda\/proyecto-educativo\/","title":{"rendered":"Plan de Centro"},"content":{"rendered":"<p><img loading=\"lazy\" decoding=\"async\" class=\"alignnone size-medium wp-image-1662\" src=\"http:\/\/blogsaverroes.juntadeandalucia.es\/ieslaroda\/files\/2015\/03\/proyecto-300x266.png\" alt=\"proyecto\" width=\"300\" height=\"266\" srcset=\"https:\/\/blogsaverroes.juntadeandalucia.es\/ieslaroda\/files\/2015\/03\/proyecto-300x266.png 300w, https:\/\/blogsaverroes.juntadeandalucia.es\/ieslaroda\/files\/2015\/03\/proyecto.png 640w\" sizes=\"(max-width: 300px) 100vw, 300px\" \/><\/p>\n<p>Un centro se define en gran medida por su <strong>Proyecto Educativo<\/strong>. En \u00e9l se plasma el modelo educativo y la concreci\u00f3n de la normativa que un centro realiza respecto a las ense\u00f1anzas que imparte. Aspectos tales como las finales educativas, objetivos, atenci\u00f3n a la diversidad, etc.<\/p>\n<p>&nbsp;<\/p>\n<h2><strong>Plan de centro IES La Roda<\/strong><\/h2>\n<h2>1. Proyecto educativo<\/h2>\n<h3><a href=\"https:\/\/blogsaverroes.juntadeandalucia.es\/ieslaroda\/files\/2025\/12\/proyecto-educativo-IES-LA-RODA.docx-11.pdf\">Proyecto Educativo IES LA RODA.<\/a><\/h3>\n<ul>\n<li><a href=\"https:\/\/blogsaverroes.juntadeandalucia.es\/ieslaroda\/files\/2026\/01\/plan-de-convivencia-ies-la-roda.pdf\">PLAN DE CONVIVENCIA<\/a><\/li>\n<li><a href=\"https:\/\/blogsaverroes.juntadeandalucia.es\/ieslaroda\/files\/2024\/12\/1-PAD.-PLAN-ATENCION-A-LA-DIVERSIDAD-3.pdf\">PLAN ATENCI\u00d3N A LA DIVERSIDAD 24 25<\/a><\/li>\n<li><a href=\"https:\/\/blogsaverroes.juntadeandalucia.es\/ieslaroda\/files\/2025\/10\/2025-26-PLAN-ANUAL-DE-ORIENTACION-Y-ACCION-TUTORIAL-Y-ATENCION-A-LA-DIVERSIDAD.pdf\">2025-26 PLAN ANUAL DE ORIENTACI\u00d3N Y ACCI\u00d3N TUTORIAL Y ATENCI\u00d3N A LA DIVERSIDAD<\/a><\/li>\n<li><a href=\"https:\/\/blogsaverroes.juntadeandalucia.es\/ieslaroda\/files\/2024\/11\/Plan-de-Actuacion-Digital-2425.pdf\">Plan de Actuaci\u00f3n Digital 2425<\/a><\/li>\n<li><a href=\"https:\/\/blogsaverroes.juntadeandalucia.es\/ieslaroda\/files\/2020\/12\/Plan-de-comunicaci\u00f3n-interna-y-externa-del-centro.pdf\">Plan de comunicaci\u00f3n interna y externa del centro<\/a><\/li>\n<li><a href=\"https:\/\/blogsaverroes.juntadeandalucia.es\/ieslaroda\/files\/2023\/12\/8-ANEXO-VII-Proyecto-Promoci\u00f3n-de-H\u00e1bitos-de-vida-saludable-\uf02223-24.pdf\">Proyecto Promoci\u00f3n de H\u00e1bitos de vida saludable \uf02223-24<\/a><\/li>\n<li><a href=\"https:\/\/blogsaverroes.juntadeandalucia.es\/ieslaroda\/files\/2023\/12\/7-ANEXO-VI-PLAN-DIRECTOR-de-colaboraci\u00f3n-entre-el-Ministerio-del-Interior-y-el-de-Educaci\u00f3n-y-Ciencia.pdf\">PLAN DIRECTOR<\/a><\/li>\n<li><a href=\"https:\/\/blogsaverroes.juntadeandalucia.es\/ieslaroda\/files\/2025\/10\/Plan-de-Trabajo-Biblioteca-Escolar-Linea-3.-25-26.pdf\">Plan de Trabajo Biblioteca Escolar L\u00ednea 3. 25-26<\/a><\/li>\n<li><a href=\"https:\/\/blogsaverroes.juntadeandalucia.es\/ieslaroda\/files\/2025\/10\/PlAn-lectura-CENTRO-25-26.docx.pdf\">Plan lectura 25 26.<\/a><\/li>\n<li><a href=\"https:\/\/blogsaverroes.juntadeandalucia.es\/ieslaroda\/files\/2025\/10\/Plan-de-razonamiento-matematico.pdf\">Plan de razonamiento matem\u00e1tico<\/a><\/li>\n<li><a href=\"https:\/\/blogsaverroes.juntadeandalucia.es\/ieslaroda\/files\/2023\/12\/PLAN-DE-IGUALDAD.docx.pdf\">PLAN DE IGUALDAD.<\/a><\/li>\n<li><a href=\"https:\/\/blogsaverroes.juntadeandalucia.es\/ieslaroda\/files\/2024\/10\/plan-de-convivencia-ies-la-roda.odt.docx-5.pdf\">Programa Biling\u00fce 22-23<\/a><\/li>\n<li><a href=\"https:\/\/blogsaverroes.juntadeandalucia.es\/ieslaroda\/files\/2023\/12\/2-ANEXO-I-PROGRAMA-DE-TR\u00c1NSITO-23-24.pdf\">PROGRAMA DE TR\u00c1NSITO 23-24<\/a><\/li>\n<li><a href=\"https:\/\/blogsaverroes.juntadeandalucia.es\/ieslaroda\/files\/2025\/09\/Plan-de-Formacion_41701389-I.E.S-1.pdf\">Plan de Formaci\u00f3n_41701389 &#8211; I.E.S&nbsp;<\/a><\/li>\n<\/ul>\n<h2>2. Reglamento de organizaci\u00f3n y funcionamiento<\/h2>\n<h2><a href=\"https:\/\/blogsaverroes.juntadeandalucia.es\/ieslaroda\/files\/2026\/04\/ROF-ies-ESO.docx-1.pdf\">ROF ies ESO.<\/a><\/h2>\n<h3><a href=\"https:\/\/blogsaverroes.juntadeandalucia.es\/ieslaroda\/files\/2024\/12\/plan-de-autoproteccion.pdf\">PLAN DE AUTOPROTECCI\u00d3N<\/a><\/h3>\n<h2>3. Proyecto de Gesti\u00f3n<\/h2>\n<h3><a href=\"https:\/\/blogsaverroes.juntadeandalucia.es\/ieslaroda\/files\/2023\/12\/proyecto-de-gestion.docx.pdf\">Proyecto de gestion<\/a><\/h3>\n","protected":false},"excerpt":{"rendered":"<p>Un centro se define en gran medida por su Proyecto Educativo. En \u00e9l se plasma el modelo educativo y la concreci\u00f3n de la normativa que un centro realiza respecto a las ense\u00f1anzas que imparte.&#46;&#46;&#46;<\/p>\n","protected":false},"author":1,"featured_media":0,"parent":0,"menu_order":0,"comment_status":"open","ping_status":"open","template":"","meta":{"ngg_post_thumbnail":0,"footnotes":"","_mc_calendar":[]},"aioseo_notices":[],"_links":{"self":[{"href":"https:\/\/blogsaverroes.juntadeandalucia.es\/ieslaroda\/wp-json\/wp\/v2\/pages\/49"}],"collection":[{"href":"https:\/\/blogsaverroes.juntadeandalucia.es\/ieslaroda\/wp-json\/wp\/v2\/pages"}],"about":[{"href":"https:\/\/blogsaverroes.juntadeandalucia.es\/ieslaroda\/wp-json\/wp\/v2\/types\/page"}],"author":[{"embeddable":true,"href":"https:\/\/blogsaverroes.juntadeandalucia.es\/ieslaroda\/wp-json\/wp\/v2\/users\/1"}],"replies":[{"embeddable":true,"href":"https:\/\/blogsaverroes.juntadeandalucia.es\/ieslaroda\/wp-json\/wp\/v2\/comments?post=49"}],"version-history":[{"count":154,"href":"https:\/\/blogsaverroes.juntadeandalucia.es\/ieslaroda\/wp-json\/wp\/v2\/pages\/49\/revisions"}],"predecessor-version":[{"id":7349,"href":"https:\/\/blogsaverroes.juntadeandalucia.es\/ieslaroda\/wp-json\/wp\/v2\/pages\/49\/revisions\/7349"}],"wp:attachment":[{"href":"https:\/\/blogsaverroes.juntadeandalucia.es\/ieslaroda\/wp-json\/wp\/v2\/media?parent=49"}],"curies":[{"name":"wp","href":"https:\/\/api.w.org\/{rel}","templated":true}]}}