{"id":5401,"date":"2022-02-16T13:01:32","date_gmt":"2022-02-16T13:01:32","guid":{"rendered":"https:\/\/blogsaverroes.juntadeandalucia.es\/ieslaroda\/?page_id=5401"},"modified":"2023-06-05T10:00:23","modified_gmt":"2023-06-05T10:00:23","slug":"impulsa","status":"publish","type":"page","link":"https:\/\/blogsaverroes.juntadeandalucia.es\/ieslaroda\/impulsa\/","title":{"rendered":"Impulsa"},"content":{"rendered":"<p><a href=\"https:\/\/blogsaverroes.juntadeandalucia.es\/ieslaroda\/files\/2022\/03\/normas-cocina.pdf\">normas de la cocina<\/a><\/p>\n<p>Recetas f\u00e1ciles<\/p>\n<p><iframe loading=\"lazy\" src=\"\/\/www.youtube.com\/embed\/2zNeH-f4X7Q\" width=\"560\" height=\"314\"><\/iframe><\/p>\n<p>Visita al Bioparc Benalm\u00e1dena<\/p>\n<p><iframe loading=\"lazy\" src=\"\/\/www.youtube.com\/embed\/GlAPMRQWTlg\" width=\"560\" height=\"314\"><\/iframe><\/p>\n<h4>Carrillera con verduras<\/h4>\n<p>El Restaurante Casa Antonio, de la mano de su cocinera Mirtes Milaine, cocin\u00f3 unas ricas carrilleras en el IES La Roda.<\/p>\n<p>INGREDIENTES: carrillada, verduras, vino tinto, vino dulce, mantequilla, aceite de oliva, maicena y especias<\/p>\n<p><iframe loading=\"lazy\" src=\"\/\/www.youtube.com\/embed\/vr_YWzRLTLk\" width=\"560\" height=\"314\"><\/iframe><\/p>\n<p>Visita de Mari Leiva, experta cocinera, para ense\u00f1arnos recetas saludables: revuelto de setas y salm\u00f3n.<\/p>\n<p><iframe loading=\"lazy\" src=\"\/\/www.youtube.com\/embed\/p47HqE42Jv4\" width=\"560\" height=\"314\"><\/iframe><\/p>\n<p><a href=\"https:\/\/mega.nz\/file\/mHgGjAYS#tlcpAMbxLfz-7FI8xhefNT29qKfqSIl7Mi2eRVqlGaM\">https:\/\/mega.nz\/file\/mHgGjAYS#tlcpAMbxLfz-7FI8xhefNT29qKfqSIl7Mi2eRVqlGaM<\/a><\/p>\n<p>Trabajando en los fogones al calor de tradiciones andaluzas: PESTI\u00d1OS<\/p>\n<p><a href=\"https:\/\/blogsaverroes.juntadeandalucia.es\/ieslaroda\/files\/2022\/03\/IMG-20220308-WA0010.jpg\"><img loading=\"lazy\" decoding=\"async\" class=\"aligncenter size-medium wp-image-5490\" src=\"https:\/\/blogsaverroes.juntadeandalucia.es\/ieslaroda\/files\/2022\/03\/IMG-20220308-WA0010-300x224.jpg\" alt=\"\" width=\"300\" height=\"224\" srcset=\"https:\/\/blogsaverroes.juntadeandalucia.es\/ieslaroda\/files\/2022\/03\/IMG-20220308-WA0010-300x224.jpg 300w, https:\/\/blogsaverroes.juntadeandalucia.es\/ieslaroda\/files\/2022\/03\/IMG-20220308-WA0010-1024x766.jpg 1024w, https:\/\/blogsaverroes.juntadeandalucia.es\/ieslaroda\/files\/2022\/03\/IMG-20220308-WA0010-768x575.jpg 768w, https:\/\/blogsaverroes.juntadeandalucia.es\/ieslaroda\/files\/2022\/03\/IMG-20220308-WA0010-1536x1149.jpg 1536w, https:\/\/blogsaverroes.juntadeandalucia.es\/ieslaroda\/files\/2022\/03\/IMG-20220308-WA0010.jpg 1600w\" sizes=\"(max-width: 300px) 100vw, 300px\" \/><\/a><\/p>\n<p><a href=\"https:\/\/blogsaverroes.juntadeandalucia.es\/ieslaroda\/files\/2022\/03\/IMG-20220308-WA0009.jpg\"><img loading=\"lazy\" decoding=\"async\" class=\"size-medium wp-image-5489 alignleft\" src=\"https:\/\/blogsaverroes.juntadeandalucia.es\/ieslaroda\/files\/2022\/03\/IMG-20220308-WA0009-224x300.jpg\" alt=\"\" width=\"224\" height=\"300\" srcset=\"https:\/\/blogsaverroes.juntadeandalucia.es\/ieslaroda\/files\/2022\/03\/IMG-20220308-WA0009-224x300.jpg 224w, https:\/\/blogsaverroes.juntadeandalucia.es\/ieslaroda\/files\/2022\/03\/IMG-20220308-WA0009-766x1024.jpg 766w, https:\/\/blogsaverroes.juntadeandalucia.es\/ieslaroda\/files\/2022\/03\/IMG-20220308-WA0009-768x1027.jpg 768w, https:\/\/blogsaverroes.juntadeandalucia.es\/ieslaroda\/files\/2022\/03\/IMG-20220308-WA0009-1149x1536.jpg 1149w, https:\/\/blogsaverroes.juntadeandalucia.es\/ieslaroda\/files\/2022\/03\/IMG-20220308-WA0009.jpg 1197w\" sizes=\"(max-width: 224px) 100vw, 224px\" \/><\/a> <a href=\"https:\/\/blogsaverroes.juntadeandalucia.es\/ieslaroda\/files\/2022\/03\/IMG-20220308-WA0008.jpg\"><img loading=\"lazy\" decoding=\"async\" class=\"aligncenter size-medium wp-image-5488\" src=\"https:\/\/blogsaverroes.juntadeandalucia.es\/ieslaroda\/files\/2022\/03\/IMG-20220308-WA0008-225x300.jpg\" alt=\"\" width=\"225\" height=\"300\" srcset=\"https:\/\/blogsaverroes.juntadeandalucia.es\/ieslaroda\/files\/2022\/03\/IMG-20220308-WA0008-225x300.jpg 225w, https:\/\/blogsaverroes.juntadeandalucia.es\/ieslaroda\/files\/2022\/03\/IMG-20220308-WA0008-768x1024.jpg 768w, https:\/\/blogsaverroes.juntadeandalucia.es\/ieslaroda\/files\/2022\/03\/IMG-20220308-WA0008-1152x1536.jpg 1152w, https:\/\/blogsaverroes.juntadeandalucia.es\/ieslaroda\/files\/2022\/03\/IMG-20220308-WA0008.jpg 1200w\" sizes=\"(max-width: 225px) 100vw, 225px\" \/><\/a><\/p>\n<p>INAGURACI\u00d3N \u201cINCLUCOCINA\u201d<\/p>\n<p>Nuestro antiguo alumno Joaqu\u00edn Olmedo Pach\u00f3n, cocinero del restaurante La C\u00e1ndida nos ha cocinado unos Noodles de pollo y verduras que estaban buen\u00edsimos.<\/p>\n<p>ngg_shortcode_0_placeholder<iframe loading=\"lazy\" src=\"\/\/www.youtube.com\/embed\/4gBV3xNehHU\" width=\"560\" height=\"314\"><\/iframe><\/p>\n<p><iframe loading=\"lazy\" src=\"\/\/www.youtube.com\/embed\/JSqBRXKRsFU\" width=\"560\" height=\"314\"><\/iframe><\/p>\n<p>Le Chandeleur<\/p>\n<p><iframe loading=\"lazy\" src=\"\/\/www.youtube.com\/embed\/efDYPujwVLI\" width=\"560\" height=\"314\"><\/iframe><\/p>\n<p>&nbsp;<\/p>\n<p><iframe loading=\"lazy\" src=\"\/\/www.youtube.com\/embed\/oF5uVuzD6Vs\" width=\"560\" height=\"314\"><\/iframe><\/p>\n<p><iframe loading=\"lazy\" src=\"\/\/www.youtube.com\/embed\/wsZ_kjca1xM\" width=\"560\" height=\"314\"><\/iframe><\/p>\n<p>Limpiando la cocina<\/p>\n<p><a href=\"https:\/\/blogsaverroes.juntadeandalucia.es\/ieslaroda\/files\/2022\/02\/InShot_20220213_103149158.jpg\"><img loading=\"lazy\" decoding=\"async\" class=\"aligncenter size-medium wp-image-5426\" src=\"https:\/\/blogsaverroes.juntadeandalucia.es\/ieslaroda\/files\/2022\/02\/InShot_20220213_103149158-300x300.jpg\" alt=\"\" width=\"300\" height=\"300\" srcset=\"https:\/\/blogsaverroes.juntadeandalucia.es\/ieslaroda\/files\/2022\/02\/InShot_20220213_103149158-300x300.jpg 300w, https:\/\/blogsaverroes.juntadeandalucia.es\/ieslaroda\/files\/2022\/02\/InShot_20220213_103149158-1024x1024.jpg 1024w, https:\/\/blogsaverroes.juntadeandalucia.es\/ieslaroda\/files\/2022\/02\/InShot_20220213_103149158-150x150.jpg 150w, https:\/\/blogsaverroes.juntadeandalucia.es\/ieslaroda\/files\/2022\/02\/InShot_20220213_103149158-768x768.jpg 768w, https:\/\/blogsaverroes.juntadeandalucia.es\/ieslaroda\/files\/2022\/02\/InShot_20220213_103149158-1536x1536.jpg 1536w, https:\/\/blogsaverroes.juntadeandalucia.es\/ieslaroda\/files\/2022\/02\/InShot_20220213_103149158-80x80.jpg 80w, https:\/\/blogsaverroes.juntadeandalucia.es\/ieslaroda\/files\/2022\/02\/InShot_20220213_103149158-320x320.jpg 320w, https:\/\/blogsaverroes.juntadeandalucia.es\/ieslaroda\/files\/2022\/02\/InShot_20220213_103149158.jpg 1600w\" sizes=\"(max-width: 300px) 100vw, 300px\" \/><\/a> <a href=\"https:\/\/blogsaverroes.juntadeandalucia.es\/ieslaroda\/files\/2022\/02\/InShot_20220213_103730568.jpg\"><img loading=\"lazy\" decoding=\"async\" class=\"aligncenter wp-image-5427 size-medium\" src=\"https:\/\/blogsaverroes.juntadeandalucia.es\/ieslaroda\/files\/2022\/02\/InShot_20220213_103730568-300x300.jpg\" alt=\"Trabajos en el huerto\" width=\"300\" height=\"300\" srcset=\"https:\/\/blogsaverroes.juntadeandalucia.es\/ieslaroda\/files\/2022\/02\/InShot_20220213_103730568-300x300.jpg 300w, https:\/\/blogsaverroes.juntadeandalucia.es\/ieslaroda\/files\/2022\/02\/InShot_20220213_103730568-1024x1024.jpg 1024w, https:\/\/blogsaverroes.juntadeandalucia.es\/ieslaroda\/files\/2022\/02\/InShot_20220213_103730568-150x150.jpg 150w, https:\/\/blogsaverroes.juntadeandalucia.es\/ieslaroda\/files\/2022\/02\/InShot_20220213_103730568-768x768.jpg 768w, https:\/\/blogsaverroes.juntadeandalucia.es\/ieslaroda\/files\/2022\/02\/InShot_20220213_103730568-1536x1536.jpg 1536w, https:\/\/blogsaverroes.juntadeandalucia.es\/ieslaroda\/files\/2022\/02\/InShot_20220213_103730568-80x80.jpg 80w, https:\/\/blogsaverroes.juntadeandalucia.es\/ieslaroda\/files\/2022\/02\/InShot_20220213_103730568-320x320.jpg 320w, https:\/\/blogsaverroes.juntadeandalucia.es\/ieslaroda\/files\/2022\/02\/InShot_20220213_103730568.jpg 1600w\" sizes=\"(max-width: 300px) 100vw, 300px\" \/><\/a><\/p>\n","protected":false},"excerpt":{"rendered":"<p>normas de la cocina Recetas f\u00e1ciles Visita al Bioparc Benalm\u00e1dena Carrillera con verduras El Restaurante Casa Antonio, de la mano de su cocinera Mirtes Milaine, cocin\u00f3 unas ricas carrilleras en el IES La Roda.&#46;&#46;&#46;<\/p>\n","protected":false},"author":2459,"featured_media":0,"parent":0,"menu_order":0,"comment_status":"closed","ping_status":"closed","template":"","meta":{"ngg_post_thumbnail":0,"footnotes":"","_mc_calendar":[]},"aioseo_notices":[],"_links":{"self":[{"href":"https:\/\/blogsaverroes.juntadeandalucia.es\/ieslaroda\/wp-json\/wp\/v2\/pages\/5401"}],"collection":[{"href":"https:\/\/blogsaverroes.juntadeandalucia.es\/ieslaroda\/wp-json\/wp\/v2\/pages"}],"about":[{"href":"https:\/\/blogsaverroes.juntadeandalucia.es\/ieslaroda\/wp-json\/wp\/v2\/types\/page"}],"author":[{"embeddable":true,"href":"https:\/\/blogsaverroes.juntadeandalucia.es\/ieslaroda\/wp-json\/wp\/v2\/users\/2459"}],"replies":[{"embeddable":true,"href":"https:\/\/blogsaverroes.juntadeandalucia.es\/ieslaroda\/wp-json\/wp\/v2\/comments?post=5401"}],"version-history":[{"count":23,"href":"https:\/\/blogsaverroes.juntadeandalucia.es\/ieslaroda\/wp-json\/wp\/v2\/pages\/5401\/revisions"}],"predecessor-version":[{"id":6034,"href":"https:\/\/blogsaverroes.juntadeandalucia.es\/ieslaroda\/wp-json\/wp\/v2\/pages\/5401\/revisions\/6034"}],"wp:attachment":[{"href":"https:\/\/blogsaverroes.juntadeandalucia.es\/ieslaroda\/wp-json\/wp\/v2\/media?parent=5401"}],"curies":[{"name":"wp","href":"https:\/\/api.w.org\/{rel}","templated":true}]}}