{"id":5404,"date":"2022-02-16T16:40:20","date_gmt":"2022-02-16T16:40:20","guid":{"rendered":"https:\/\/blogsaverroes.juntadeandalucia.es\/ieslaroda\/?page_id=5404"},"modified":"2024-10-17T11:21:01","modified_gmt":"2024-10-17T11:21:01","slug":"comunica","status":"publish","type":"page","link":"https:\/\/blogsaverroes.juntadeandalucia.es\/ieslaroda\/comunica\/","title":{"rendered":"EDUCOMUNICACI\u00d3N"},"content":{"rendered":"<p>&nbsp;Hoy en d\u00eda, gracias a los medios de comunicaci\u00f3n podemos conocer de primera mano lo que est\u00e1 pasando en todos los rincones del mundo, desde explorar nuevas culturas hasta vivir de primera mano las aventuras de un desconocido en una red social. Sin embargo, a veces conocemos demasiado bien lo que ocurre aqu\u00ed y all\u00e1, pero no sabemos nada de lo que ocurre frente a nosotros, qu\u00e9 est\u00e1 ocurriendo en mi ciudad, en mi pueblo, en mi barrio&#8230;.? \u00bfQu\u00e9 iniciativas se est\u00e1n llevando a cabo en \u00e9l? Con frecuencia lo m\u00e1s cercano es lo m\u00e1s desconocido.<br \/>\nEs por esta raz\u00f3n que desde nuestro centro somos conscientes de la realidad a la que nos enfrentamos y que hoy en d\u00eda \u201clo que no se ve es que no se ha hecho\u201d.<\/p>\n<p>Nos sumergimos en este programa con una gran ilusi\u00f3n y un sinf\u00edn de inquietudes que estamos seguros de que llegar\u00e1n a buen puerto. La idea principal de este proyecto surge de la necesidad de compartir todo lo que se lleva a cabo en nuestro centro y, no solo con la creaci\u00f3n de un medio de comunicaci\u00f3n, sino dos: una revista y una radio.<\/p>\n<p>Desde nuestro centro, ponemos en marcha este reto con una visi\u00f3n com\u00fan y<br \/>\nalentadora, y es que comunicar no es solamente el fin de este proyecto, intercambiar y criticar ideas, expresar nuestras opiniones, ser conscientes de nuestra capacidad de escuchar y comprender, respetar opiniones diferentes y, por supuesto, emocionar forman parte del proceso comunicativo.<\/p>\n","protected":false},"excerpt":{"rendered":"<p>&nbsp;Hoy en d\u00eda, gracias a los medios de comunicaci\u00f3n podemos conocer de primera mano lo que est\u00e1 pasando en todos los rincones del mundo, desde explorar nuevas culturas hasta vivir de primera mano las&#46;&#46;&#46;<\/p>\n","protected":false},"author":2459,"featured_media":0,"parent":0,"menu_order":0,"comment_status":"closed","ping_status":"closed","template":"page-templates\/child-menu.php","meta":{"ngg_post_thumbnail":0,"footnotes":"","_mc_calendar":[]},"aioseo_notices":[],"_links":{"self":[{"href":"https:\/\/blogsaverroes.juntadeandalucia.es\/ieslaroda\/wp-json\/wp\/v2\/pages\/5404"}],"collection":[{"href":"https:\/\/blogsaverroes.juntadeandalucia.es\/ieslaroda\/wp-json\/wp\/v2\/pages"}],"about":[{"href":"https:\/\/blogsaverroes.juntadeandalucia.es\/ieslaroda\/wp-json\/wp\/v2\/types\/page"}],"author":[{"embeddable":true,"href":"https:\/\/blogsaverroes.juntadeandalucia.es\/ieslaroda\/wp-json\/wp\/v2\/users\/2459"}],"replies":[{"embeddable":true,"href":"https:\/\/blogsaverroes.juntadeandalucia.es\/ieslaroda\/wp-json\/wp\/v2\/comments?post=5404"}],"version-history":[{"count":2,"href":"https:\/\/blogsaverroes.juntadeandalucia.es\/ieslaroda\/wp-json\/wp\/v2\/pages\/5404\/revisions"}],"predecessor-version":[{"id":6523,"href":"https:\/\/blogsaverroes.juntadeandalucia.es\/ieslaroda\/wp-json\/wp\/v2\/pages\/5404\/revisions\/6523"}],"wp:attachment":[{"href":"https:\/\/blogsaverroes.juntadeandalucia.es\/ieslaroda\/wp-json\/wp\/v2\/media?parent=5404"}],"curies":[{"name":"wp","href":"https:\/\/api.w.org\/{rel}","templated":true}]}}