{"id":5500,"date":"2022-03-21T09:52:25","date_gmt":"2022-03-21T09:52:25","guid":{"rendered":"https:\/\/blogsaverroes.juntadeandalucia.es\/ieslaroda\/?page_id=5500"},"modified":"2022-06-09T09:18:54","modified_gmt":"2022-06-09T09:18:54","slug":"erasmus","status":"publish","type":"page","link":"https:\/\/blogsaverroes.juntadeandalucia.es\/ieslaroda\/erasmus\/","title":{"rendered":"Erasmus +"},"content":{"rendered":"<p><a href=\"https:\/\/blogsaverroes.juntadeandalucia.es\/ieslaroda\/files\/2019\/09\/imageserasmus.jpg\"><img loading=\"lazy\" decoding=\"async\" class=\"aligncenter size-full wp-image-3876\" src=\"https:\/\/blogsaverroes.juntadeandalucia.es\/ieslaroda\/files\/2019\/09\/imageserasmus.jpg\" alt=\"\" width=\"241\" height=\"209\" srcset=\"https:\/\/blogsaverroes.juntadeandalucia.es\/ieslaroda\/files\/2019\/09\/imageserasmus.jpg 241w, https:\/\/blogsaverroes.juntadeandalucia.es\/ieslaroda\/files\/2019\/09\/imageserasmus-24x21.jpg 24w, https:\/\/blogsaverroes.juntadeandalucia.es\/ieslaroda\/files\/2019\/09\/imageserasmus-36x31.jpg 36w, https:\/\/blogsaverroes.juntadeandalucia.es\/ieslaroda\/files\/2019\/09\/imageserasmus-48x42.jpg 48w\" sizes=\"(max-width: 241px) 100vw, 241px\" \/><\/a><\/p>\n<p><a href=\"https:\/\/blogsaverroes.juntadeandalucia.es\/ieslaroda\/files\/2022\/03\/erasmus.png\"><img loading=\"lazy\" decoding=\"async\" class=\"aligncenter size-medium wp-image-5506\" src=\"https:\/\/blogsaverroes.juntadeandalucia.es\/ieslaroda\/files\/2022\/03\/erasmus-300x63.png\" alt=\"\" width=\"300\" height=\"63\" srcset=\"https:\/\/blogsaverroes.juntadeandalucia.es\/ieslaroda\/files\/2022\/03\/erasmus-300x63.png 300w, https:\/\/blogsaverroes.juntadeandalucia.es\/ieslaroda\/files\/2022\/03\/erasmus.png 491w\" sizes=\"(max-width: 300px) 100vw, 300px\" \/><\/a><\/p>\n<h4>&nbsp;<\/h4>\n<p>Adem\u00e1s de la utilizaci\u00f3n del logotipo oficial para beneficiarios del programa Erasmus+ 2021-2027, en p\u00e1ginas web, as\u00ed como en cualquier tipo de publicaci\u00f3n y estudios elaborados con financiaci\u00f3n del programa Erasmus+ de la Uni\u00f3n Europea, se deber\u00e1 utilizar el siguiente texto:<br \/>\n\u00abEl proyecto \u00bb Patrimoniados\u00bb est\u00e1 cofinanciado por el programa Erasmus+ de la Uni\u00f3n Europea. El contenido de esta publicaci\u00f3n es responsabilidad exclusiva del IES LA RODA&nbsp; y ni la Comisi\u00f3n Europea, ni el Servicio Espa\u00f1ol para la Internacionalizaci\u00f3n de la Educaci\u00f3n (SEPIE) son responsables del uso que pueda hacerse de la informaci\u00f3n aqu\u00ed difundida.\u00bb<\/p>\n<p>&nbsp;<\/p>\n<p>Para informaci\u00f3n y seguimiento de nuestro proyecto pinchar en el siguiente <a href=\"https:\/\/www.instagram.com\/erasmusplus_patrimoniados\/\">enlace<\/a><\/p>\n","protected":false},"excerpt":{"rendered":"<p>&nbsp; Adem\u00e1s de la utilizaci\u00f3n del logotipo oficial para beneficiarios del programa Erasmus+ 2021-2027, en p\u00e1ginas web, as\u00ed como en cualquier tipo de publicaci\u00f3n y estudios elaborados con financiaci\u00f3n del programa Erasmus+ de la&#46;&#46;&#46;<\/p>\n","protected":false},"author":2459,"featured_media":0,"parent":0,"menu_order":0,"comment_status":"closed","ping_status":"closed","template":"","meta":{"ngg_post_thumbnail":0,"footnotes":"","_mc_calendar":[]},"aioseo_notices":[],"_links":{"self":[{"href":"https:\/\/blogsaverroes.juntadeandalucia.es\/ieslaroda\/wp-json\/wp\/v2\/pages\/5500"}],"collection":[{"href":"https:\/\/blogsaverroes.juntadeandalucia.es\/ieslaroda\/wp-json\/wp\/v2\/pages"}],"about":[{"href":"https:\/\/blogsaverroes.juntadeandalucia.es\/ieslaroda\/wp-json\/wp\/v2\/types\/page"}],"author":[{"embeddable":true,"href":"https:\/\/blogsaverroes.juntadeandalucia.es\/ieslaroda\/wp-json\/wp\/v2\/users\/2459"}],"replies":[{"embeddable":true,"href":"https:\/\/blogsaverroes.juntadeandalucia.es\/ieslaroda\/wp-json\/wp\/v2\/comments?post=5500"}],"version-history":[{"count":5,"href":"https:\/\/blogsaverroes.juntadeandalucia.es\/ieslaroda\/wp-json\/wp\/v2\/pages\/5500\/revisions"}],"predecessor-version":[{"id":5630,"href":"https:\/\/blogsaverroes.juntadeandalucia.es\/ieslaroda\/wp-json\/wp\/v2\/pages\/5500\/revisions\/5630"}],"wp:attachment":[{"href":"https:\/\/blogsaverroes.juntadeandalucia.es\/ieslaroda\/wp-json\/wp\/v2\/media?parent=5500"}],"curies":[{"name":"wp","href":"https:\/\/api.w.org\/{rel}","templated":true}]}}