{"id":5877,"date":"2023-02-21T08:22:50","date_gmt":"2023-02-21T08:22:50","guid":{"rendered":"https:\/\/blogsaverroes.juntadeandalucia.es\/ieslaroda\/?page_id=5877"},"modified":"2025-03-12T09:24:20","modified_gmt":"2025-03-12T09:24:20","slug":"video","status":"publish","type":"page","link":"https:\/\/blogsaverroes.juntadeandalucia.es\/ieslaroda\/comunica\/video\/","title":{"rendered":"V\u00eddeo"},"content":{"rendered":"<h2>Programa CIMA: <b>Arte, cultura y creatividad.<\/b><\/h2>\n<h3>La casa de Bernarda Alba<\/h3>\n<p><iframe loading=\"lazy\" src=\"\/\/www.youtube.com\/embed\/qJapFHEDu4s\" width=\"560\" height=\"314\"><\/iframe><\/p>\n<p>&nbsp;<\/p>\n<h3>Don Quijote de la Mancha<\/h3>\n<h2><iframe loading=\"lazy\" src=\"\/\/www.youtube.com\/embed\/Kb2XBU1RPPc\" width=\"560\" height=\"314\"><\/iframe><\/h2>\n<h3>Alad\u00edn<\/h3>\n<p><iframe loading=\"lazy\" src=\"\/\/www.youtube.com\/embed\/ENrFrMhHiN0\" width=\"560\" height=\"314\"><\/iframe><\/p>\n<h2>Reportaje period\u00edstico<\/h2>\n<p><a href=\"https:\/\/blogsaverroes.juntadeandalucia.es\/ieslaroda\/files\/2023\/08\/Trabajo-reportaje-period\u00edstico-7-may-2023-12-36.mov\">Trabajo reportaje period\u00edstico (7 may 2023, 12 36)<\/a><\/p>\n<p><iframe loading=\"lazy\" src=\"\/\/www.youtube.com\/embed\/FS-u5R7_ib8\" width=\"560\" height=\"314\"><\/iframe><\/p>\n<h2>Grabaci\u00f3n de un diario<\/h2>\n<p><a href=\"https:\/\/blogsaverroes.juntadeandalucia.es\/ieslaroda\/files\/2023\/08\/Grabaci\u00f3n-de-un-diario-24-sept-2022-13-32.mov\">Grabaci\u00f3n de un diario (24 sept 2022, 13 32)<\/a><\/p>\n<p><iframe loading=\"lazy\" src=\"\/\/www.youtube.com\/embed\/mFhL2vW7baY\" width=\"560\" height=\"314\"><\/iframe><\/p>\n<h2>M\u00fasica<\/h2>\n<p>Trabajo realizado con la app chatterpix sobre la biograf\u00eda musical de Franceca Caccini realizado por Salma Akrach Benelkhadra<\/p>\n<p><a href=\"https:\/\/blogsaverroes.juntadeandalucia.es\/ieslaroda\/files\/2023\/08\/Mi-obra-en-30-segundos.-7-may-2023-a-las-21_44.mov\">Mi obra en 30 segundos. (7 may 2023 a la(s) 21_44)<\/a><\/p>\n<p>Cristina G\u00f3mez Pino realiza una sonorizaci\u00f3n de im\u00e1genes en movimiento sobre la primera imagen grabada de la historia, titulada El caballo en movimiento.<\/p>\n<p><iframe loading=\"lazy\" src=\"\/\/www.youtube.com\/embed\/ZjI2H0LNg1g\" width=\"560\" height=\"314\"><\/iframe><\/p>\n<h2>Puerta corredera<\/h2>\n<p><iframe loading=\"lazy\" src=\"\/\/www.youtube.com\/embed\/y66cDWvq3Zo\" width=\"560\" height=\"314\"><\/iframe><\/p>\n<p><iframe loading=\"lazy\" src=\"\/\/www.youtube.com\/embed\/-F5bd4wzQjM\" width=\"560\" height=\"314\"><\/iframe><\/p>\n<h2>\u00bfC\u00f3mo piensan los robot?<\/h2>\n<p>Video del proyecto STEAM Rob\u00f3tica aplicada en el aula, llevado a cabo por el alumnado y el profesorado del IES La Roda<\/p>\n<p><iframe loading=\"lazy\" src=\"\/\/www.youtube.com\/embed\/k-YKjnyH3pA\" width=\"560\" height=\"314\"><\/iframe><\/p>\n<h2>Entrevista<\/h2>\n<p>Entrevista realizada por Luc\u00eda \u00c1lvarez Verdugo a su abuela<\/p>\n<p><iframe loading=\"lazy\" src=\"\/\/www.youtube.com\/embed\/NLtSnaNX8rk\" width=\"560\" height=\"314\"><\/iframe><\/p>\n<p>&nbsp;<\/p>\n<h2>Latbook<\/h2>\n<p>Un<strong>&nbsp;lapbook<\/strong> es un tr\u00edptico o cuaderno desplegable que permite&nbsp; interactuar con sus contenidos y aprender con ellos.<\/p>\n<p><iframe loading=\"lazy\" src=\"\/\/www.youtube.com\/embed\/6kUbv6dseZI\" width=\"560\" height=\"314\"><\/iframe><\/p>\n<p><iframe loading=\"lazy\" src=\"\/\/www.youtube.com\/embed\/yHZLUQLt5CY\" width=\"560\" height=\"314\"><\/iframe><\/p>\n<p><iframe loading=\"lazy\" src=\"\/\/www.youtube.com\/embed\/3R7HdCJmXcc\" width=\"560\" height=\"314\"><\/iframe><\/p>\n<h2>Rese\u00f1as de libros<\/h2>\n<p><a href=\"https:\/\/youtube.com\/shorts\/UFMw4D43JK4?feature=share\">Rese\u00f1a del libro \u00abAsesinato de la profesora de lengua\u00bb<\/a><\/p>\n<h2>2 de abril D\u00eda Internacional de las personas con autismo<\/h2>\n<p>El alumnado del aula espec\u00edfica ha pictorizado el centro con la finalidad de favorecer la autonom\u00eda y desenvolvimiento en el entorno de nuestro alumnado con autismos.<\/p>\n<h2><iframe loading=\"lazy\" src=\"\/\/www.youtube.com\/embed\/oJqWKTMYepQ\" width=\"560\" height=\"314\"><\/iframe><\/h2>\n<h2>Recetas<\/h2>\n<p><a href=\"https:\/\/view.genial.ly\/6381fd9c9889c20012daec7d\/interactive-content-recipe-donuts\">Donuts<\/a><\/p>\n<p><a href=\"https:\/\/view.genial.ly\/6384f7dd5a491500196e8642\/presentation-presentacion-acuarela\">Fish and chips<\/a><\/p>\n<p><a href=\"https:\/\/view.genial.ly\/637de2f5a6a7ab0019eba493\/presentation-presentacion-receta-cocina\">Tortitas<\/a><\/p>\n<p><a href=\"https:\/\/view.genial.ly\/637e0f119adcac0011b3db66\/interactive-content-escape-chaotic-kitchen\">CupCakes<\/a><\/p>\n<p><a href=\"https:\/\/view.genial.ly\/637b41da822fab0013937917\/presentation-presentacion-receta-cocina\">American breakfast<\/a><\/p>\n<p><a href=\"https:\/\/l.facebook.com\/l.php?u=https%3A%2F%2Fview.genial.ly%2F637b4a98d56c190013bd24d2%2Fpresentation-presentacion-acuarela&amp;h=AT0ExMmZxYvWLsbJmW1DOMMjHzCu4WE9r2RxOu6HP3ncA-efMiAKFmbRWsVYj72mKn8qS14mAnT-9IfVz4uA-XCsx0j66WXE5RgKaOgs9tsLSKBi2bZbMGzapB3fYNUmQBdBzxDVJfHP&amp;__tn__=-UK-R&amp;c[0]=AT39FpZIOXZt0Rp6bPQ44yeMhVuX4CwsNIylMb6Yomy_0aOpa3-8j43VOash7QBrgpmyoHHGE0_mQm37Wbhhb2hOPbjb-TkVVCi6ZfXzW0BuksgfIZQgXDmfD64KpNEL5Soy2pRQaJqiFCZDlaVEafxXiKCUxYuIfM8k7Dk3-60M0qPJAcsSVWD22lT2Cv_epESEbxSahDR64mIQWkBKWAtciC8OUFIhVuY\">Mac &amp; Cheese<\/a><\/p>\n","protected":false},"excerpt":{"rendered":"<p>Programa CIMA: Arte, cultura y creatividad. La casa de Bernarda Alba &nbsp; Don Quijote de la Mancha Alad\u00edn Reportaje period\u00edstico Trabajo reportaje period\u00edstico (7 may 2023, 12 36) Grabaci\u00f3n de un diario Grabaci\u00f3n de&#46;&#46;&#46;<\/p>\n","protected":false},"author":2459,"featured_media":0,"parent":5404,"menu_order":0,"comment_status":"closed","ping_status":"closed","template":"page-templates\/child-menu.php","meta":{"ngg_post_thumbnail":0,"footnotes":"","_mc_calendar":[]},"aioseo_notices":[],"_links":{"self":[{"href":"https:\/\/blogsaverroes.juntadeandalucia.es\/ieslaroda\/wp-json\/wp\/v2\/pages\/5877"}],"collection":[{"href":"https:\/\/blogsaverroes.juntadeandalucia.es\/ieslaroda\/wp-json\/wp\/v2\/pages"}],"about":[{"href":"https:\/\/blogsaverroes.juntadeandalucia.es\/ieslaroda\/wp-json\/wp\/v2\/types\/page"}],"author":[{"embeddable":true,"href":"https:\/\/blogsaverroes.juntadeandalucia.es\/ieslaroda\/wp-json\/wp\/v2\/users\/2459"}],"replies":[{"embeddable":true,"href":"https:\/\/blogsaverroes.juntadeandalucia.es\/ieslaroda\/wp-json\/wp\/v2\/comments?post=5877"}],"version-history":[{"count":26,"href":"https:\/\/blogsaverroes.juntadeandalucia.es\/ieslaroda\/wp-json\/wp\/v2\/pages\/5877\/revisions"}],"predecessor-version":[{"id":6841,"href":"https:\/\/blogsaverroes.juntadeandalucia.es\/ieslaroda\/wp-json\/wp\/v2\/pages\/5877\/revisions\/6841"}],"up":[{"embeddable":true,"href":"https:\/\/blogsaverroes.juntadeandalucia.es\/ieslaroda\/wp-json\/wp\/v2\/pages\/5404"}],"wp:attachment":[{"href":"https:\/\/blogsaverroes.juntadeandalucia.es\/ieslaroda\/wp-json\/wp\/v2\/media?parent=5877"}],"curies":[{"name":"wp","href":"https:\/\/api.w.org\/{rel}","templated":true}]}}