{"id":6621,"date":"2024-11-13T12:43:49","date_gmt":"2024-11-13T12:43:49","guid":{"rendered":"https:\/\/blogsaverroes.juntadeandalucia.es\/ieslaroda\/?page_id=6621"},"modified":"2024-11-19T10:31:12","modified_gmt":"2024-11-19T10:31:12","slug":"plan-digital-de-centro","status":"publish","type":"page","link":"https:\/\/blogsaverroes.juntadeandalucia.es\/ieslaroda\/proyecto-educativo\/plan-digital-de-centro\/","title":{"rendered":"Plan Transformaci\u00f3n Digital Educativa"},"content":{"rendered":"<p>Gu\u00eda buen uso de las TIC<\/p>\n<p><a href=\"https:\/\/www.canva.com\/design\/DAGWXDlE6eQ\/EzyTTHh_oXsid7thRybuqw\/view?utm_content=DAGWXDlE6eQ&amp;utm_campaign=designshare&amp;utm_medium=link&amp;utm_source=editor\">Para el alumnado<\/a><\/p>\n<p><a href=\"https:\/\/www.canva.com\/design\/DAGWXFZzS9U\/r8fXFyPueo9SdtgGop84bQ\/view?utm_content=DAGWXFZzS9U&amp;utm_campaign=designshare&amp;utm_medium=link&amp;utm_source=editor\">Para la familia<\/a><\/p>\n<p><a href=\"https:\/\/www.canva.com\/design\/DAGWSev75MY\/ZCLwItjwTvp5U7NvW2LqfA\/view?utm_content=DAGWSev75MY&amp;utm_campaign=designshare&amp;utm_medium=link&amp;utm_source=editor\">Para el profesorado<\/a><\/p>\n<p><a href=\"https:\/\/blogsaverroes.juntadeandalucia.es\/ieslaroda\/files\/2024\/11\/PROTOCOLO-PARA-EL-REPARTO-DE-EQUIPOS-DE-DOTACION-PARA-LA-BRECHA.pdf\">PROTOCOLO PARA EL REPARTO DE EQUIPOS DE DOTACI\u00d3N PARA LA BRECHA<\/a><\/p>\n<p><a href=\"https:\/\/blogsaverroes.juntadeandalucia.es\/ieslaroda\/files\/2024\/11\/Uso-de-las-Aulas-de-Informatica_Portatiles-1.pdf\">Uso del Aula de Inform\u00e1tica y Port\u00e1tiles<\/a><\/p>\n<p><a href=\"https:\/\/blogsaverroes.juntadeandalucia.es\/ieslaroda\/files\/2024\/11\/Plan-de-Actuacion-Digital-2425.pdf\">Plan de Actuaci\u00f3n Digital 2425<\/a><\/p>\n","protected":false},"excerpt":{"rendered":"<p>Gu\u00eda buen uso de las TIC Para el alumnado Para la familia Para el profesorado PROTOCOLO PARA EL REPARTO DE EQUIPOS DE DOTACI\u00d3N PARA LA BRECHA Uso del Aula de Inform\u00e1tica y Port\u00e1tiles Plan&#46;&#46;&#46;<\/p>\n","protected":false},"author":2459,"featured_media":0,"parent":49,"menu_order":0,"comment_status":"closed","ping_status":"closed","template":"page-templates\/child-menu.php","meta":{"ngg_post_thumbnail":0,"footnotes":"","_mc_calendar":[]},"aioseo_notices":[],"_links":{"self":[{"href":"https:\/\/blogsaverroes.juntadeandalucia.es\/ieslaroda\/wp-json\/wp\/v2\/pages\/6621"}],"collection":[{"href":"https:\/\/blogsaverroes.juntadeandalucia.es\/ieslaroda\/wp-json\/wp\/v2\/pages"}],"about":[{"href":"https:\/\/blogsaverroes.juntadeandalucia.es\/ieslaroda\/wp-json\/wp\/v2\/types\/page"}],"author":[{"embeddable":true,"href":"https:\/\/blogsaverroes.juntadeandalucia.es\/ieslaroda\/wp-json\/wp\/v2\/users\/2459"}],"replies":[{"embeddable":true,"href":"https:\/\/blogsaverroes.juntadeandalucia.es\/ieslaroda\/wp-json\/wp\/v2\/comments?post=6621"}],"version-history":[{"count":9,"href":"https:\/\/blogsaverroes.juntadeandalucia.es\/ieslaroda\/wp-json\/wp\/v2\/pages\/6621\/revisions"}],"predecessor-version":[{"id":6640,"href":"https:\/\/blogsaverroes.juntadeandalucia.es\/ieslaroda\/wp-json\/wp\/v2\/pages\/6621\/revisions\/6640"}],"up":[{"embeddable":true,"href":"https:\/\/blogsaverroes.juntadeandalucia.es\/ieslaroda\/wp-json\/wp\/v2\/pages\/49"}],"wp:attachment":[{"href":"https:\/\/blogsaverroes.juntadeandalucia.es\/ieslaroda\/wp-json\/wp\/v2\/media?parent=6621"}],"curies":[{"name":"wp","href":"https:\/\/api.w.org\/{rel}","templated":true}]}}