{"id":869,"date":"2015-03-16T07:03:52","date_gmt":"2015-03-16T07:03:52","guid":{"rendered":"http:\/\/blogsaverroes.juntadeandalucia.es\/pre\/ceip\/?page_id=84"},"modified":"2025-12-18T08:18:48","modified_gmt":"2025-12-18T08:18:48","slug":"calendario-escolar","status":"publish","type":"page","link":"https:\/\/blogsaverroes.juntadeandalucia.es\/ieslaroda\/calendario-escolar\/","title":{"rendered":"Calendario escolar"},"content":{"rendered":"<p style=\"text-align: left\"><strong>&nbsp;<\/strong><\/p>\n<h4 style=\"text-align: center\"><a href=\"https:\/\/drive.google.com\/file\/d\/118cw6id7eRN53dpCsDjSgnk7LBAcCGt1\/view?usp=sharing\">D\u00cdAS FESTIVOS EN EL CALENDARIO DE LA LOCALIDAD<\/a><\/h4>\n<p><a href=\"https:\/\/blogsaverroes.juntadeandalucia.es\/ieslaroda\/files\/2025\/08\/CALENDARIO-ESCOLAR-2025-2026.pdf\">CALENDARIO ESCOLAR 2025-2026<\/a><\/p>\n<table style=\"width: 60.0423%\">\n<tbody>\n<tr>\n<td style=\"width: 11.9718%\">Fecha<\/td>\n<td style=\"width: 65.0704%\">Descripci\u00f3n de la festividad<\/td>\n<td style=\"width: 21.4085%\">\u00c1mbito de aplicaci\u00f3n<\/td>\n<\/tr>\n<tr>\n<td style=\"width: 11.9718%\">13\/10\/2025<\/td>\n<td style=\"width: 65.0704%\">D\u00eda de la Hispanidad &#8211; pasado a lunes por ser el d\u00eda 12 domingo<\/td>\n<td style=\"width: 21.4085%\">Andaluc\u00eda<\/td>\n<\/tr>\n<tr>\n<td style=\"width: 11.9718%\">3\/11\/2025<\/td>\n<td style=\"width: 65.0704%\">D\u00eda de libre disposici\u00f3n<\/td>\n<td style=\"width: 21.4085%\">Localidad<\/td>\n<\/tr>\n<tr>\n<td style=\"width: 11.9718%\">08\/12\/2025<\/td>\n<td style=\"width: 65.0704%\">D\u00eda de la Inmaculada Concepci\u00f3n<\/td>\n<td style=\"width: 21.4085%\">Andaluc\u00eda<\/td>\n<\/tr>\n<tr>\n<td style=\"width: 11.9718%\">22\/12\/2025<\/td>\n<td style=\"width: 65.0704%\">Vacaciones de Navidad<\/td>\n<td style=\"width: 21.4085%\">Localidad<\/td>\n<\/tr>\n<tr>\n<td style=\"width: 11.9718%\">23\/12\/2025<\/td>\n<td style=\"width: 65.0704%\">Vacaciones de Navidad<\/td>\n<td style=\"width: 21.4085%\">Localidad<\/td>\n<\/tr>\n<tr>\n<td style=\"width: 11.9718%\">24\/12\/2025<\/td>\n<td style=\"width: 65.0704%\">Vacaciones de Navidad<\/td>\n<td style=\"width: 21.4085%\">Localidad<\/td>\n<\/tr>\n<tr>\n<td style=\"width: 11.9718%\">25\/12\/2025<\/td>\n<td style=\"width: 65.0704%\">D\u00eda de Navidad<\/td>\n<td style=\"width: 21.4085%\">Andaluc\u00eda<\/td>\n<\/tr>\n<tr>\n<td style=\"width: 11.9718%\">26\/12\/2025<\/td>\n<td style=\"width: 65.0704%\">Vacaciones de Navidad<\/td>\n<td style=\"width: 21.4085%\">Localidad<\/td>\n<\/tr>\n<tr>\n<td style=\"width: 11.9718%\">29\/12\/2025<\/td>\n<td style=\"width: 65.0704%\">Vacaciones de Navidad<\/td>\n<td style=\"width: 21.4085%\">Localidad<\/td>\n<\/tr>\n<tr>\n<td style=\"width: 11.9718%\">30\/12\/2025<\/td>\n<td style=\"width: 65.0704%\">Vacaciones de Navidad<\/td>\n<td style=\"width: 21.4085%\">Localidad<\/td>\n<\/tr>\n<tr>\n<td style=\"width: 11.9718%\">31\/12\/2025<\/td>\n<td style=\"width: 65.0704%\">Vacaciones de Navidad<\/td>\n<td style=\"width: 21.4085%\">Localidad<\/td>\n<\/tr>\n<tr>\n<td style=\"width: 11.9718%\">01\/01\/2026<\/td>\n<td style=\"width: 65.0704%\">D\u00eda de A\u00f1o Nuevo<\/td>\n<td style=\"width: 21.4085%\">Andaluc\u00eda<\/td>\n<\/tr>\n<tr>\n<td style=\"width: 11.9718%\">02\/01\/2026<\/td>\n<td style=\"width: 65.0704%\">Vacaciones de Navidad<\/td>\n<td style=\"width: 21.4085%\">Localidad<\/td>\n<\/tr>\n<tr>\n<td style=\"width: 11.9718%\">05\/01\/2026<\/td>\n<td style=\"width: 65.0704%\">Vacaciones de Navidad<\/td>\n<td style=\"width: 21.4085%\">Localidad<\/td>\n<\/tr>\n<tr>\n<td style=\"width: 11.9718%\">06\/01\/2026<\/td>\n<td style=\"width: 65.0704%\">D\u00eda de la Epifan\u00eda<\/td>\n<td style=\"width: 21.4085%\">Andaluc\u00eda<\/td>\n<\/tr>\n<tr>\n<td style=\"width: 11.9718%\">07\/01\/2026<\/td>\n<td style=\"width: 65.0704%\">D\u00eda no lectivo provincial<\/td>\n<td style=\"width: 21.4085%\">Localidad<\/td>\n<\/tr>\n<tr>\n<td style=\"width: 11.9718%\">25\/02\/2026<\/td>\n<td style=\"width: 65.0704%\">D\u00eda vacacional<\/td>\n<td style=\"width: 21.4085%\">Localidad<\/td>\n<\/tr>\n<tr>\n<td style=\"width: 11.9718%\">26\/02\/2026<\/td>\n<td style=\"width: 65.0704%\">D\u00eda vacacional<\/td>\n<td style=\"width: 21.4085%\">Localidad<\/td>\n<\/tr>\n<tr>\n<td style=\"width: 11.9718%\">27\/02\/2026<\/td>\n<td style=\"width: 65.0704%\">D\u00eda de la Comunidad Educativa<\/td>\n<td style=\"width: 21.4085%\">Provincial<\/td>\n<\/tr>\n<tr>\n<td style=\"width: 11.9718%\">30\/03\/2026<\/td>\n<td style=\"width: 65.0704%\">Vacaciones de Semana Santa<\/td>\n<td style=\"width: 21.4085%\">Localidad<\/td>\n<\/tr>\n<tr>\n<td style=\"width: 11.9718%\">31\/03\/2026<\/td>\n<td style=\"width: 65.0704%\">Vacaciones de Semana Santa<\/td>\n<td style=\"width: 21.4085%\">Localidad<\/td>\n<\/tr>\n<tr>\n<td style=\"width: 11.9718%\">01\/04\/2026<\/td>\n<td style=\"width: 65.0704%\">Vacaciones de Semana Santa<\/td>\n<td style=\"width: 21.4085%\">Localidad<\/td>\n<\/tr>\n<tr>\n<td style=\"width: 11.9718%\">02\/04\/2026<\/td>\n<td style=\"width: 65.0704%\">Jueves Santo<\/td>\n<td style=\"width: 21.4085%\">Andaluc\u00eda<\/td>\n<\/tr>\n<tr>\n<td style=\"width: 11.9718%\">03\/04\/2026<\/td>\n<td style=\"width: 65.0704%\">Viernes Santo<\/td>\n<td style=\"width: 21.4085%\">Andaluc\u00eda<\/td>\n<\/tr>\n<tr>\n<td style=\"width: 11.9718%\">01\/05\/2026<\/td>\n<td style=\"width: 65.0704%\">D\u00eda del Trabajo<\/td>\n<td style=\"width: 21.4085%\">Andaluc\u00eda<\/td>\n<\/tr>\n<tr>\n<td style=\"width: 11.9718%\">04\/05\/2026<\/td>\n<td style=\"width: 65.0704%\">D\u00eda de libre disposici\u00f3n<\/td>\n<td style=\"width: 21.4085%\">Localidad<\/td>\n<\/tr>\n<\/tbody>\n<\/table>\n<p style=\"text-align: center\">&nbsp;<\/p>\n","protected":false},"excerpt":{"rendered":"<p>&nbsp; D\u00cdAS FESTIVOS EN EL CALENDARIO DE LA LOCALIDAD CALENDARIO ESCOLAR 2025-2026 Fecha Descripci\u00f3n de la festividad \u00c1mbito de aplicaci\u00f3n 13\/10\/2025 D\u00eda de la Hispanidad &#8211; pasado a lunes por ser el d\u00eda 12&#46;&#46;&#46;<\/p>\n","protected":false},"author":1,"featured_media":0,"parent":0,"menu_order":0,"comment_status":"open","ping_status":"open","template":"page-templates\/child-menu.php","meta":{"ngg_post_thumbnail":0,"footnotes":"","_mc_calendar":{"weekends":"true","shortcode":"[my_calendar weekends=&quot;true&quot;]","append":""}},"aioseo_notices":[],"_links":{"self":[{"href":"https:\/\/blogsaverroes.juntadeandalucia.es\/ieslaroda\/wp-json\/wp\/v2\/pages\/869"}],"collection":[{"href":"https:\/\/blogsaverroes.juntadeandalucia.es\/ieslaroda\/wp-json\/wp\/v2\/pages"}],"about":[{"href":"https:\/\/blogsaverroes.juntadeandalucia.es\/ieslaroda\/wp-json\/wp\/v2\/types\/page"}],"author":[{"embeddable":true,"href":"https:\/\/blogsaverroes.juntadeandalucia.es\/ieslaroda\/wp-json\/wp\/v2\/users\/1"}],"replies":[{"embeddable":true,"href":"https:\/\/blogsaverroes.juntadeandalucia.es\/ieslaroda\/wp-json\/wp\/v2\/comments?post=869"}],"version-history":[{"count":34,"href":"https:\/\/blogsaverroes.juntadeandalucia.es\/ieslaroda\/wp-json\/wp\/v2\/pages\/869\/revisions"}],"predecessor-version":[{"id":7183,"href":"https:\/\/blogsaverroes.juntadeandalucia.es\/ieslaroda\/wp-json\/wp\/v2\/pages\/869\/revisions\/7183"}],"wp:attachment":[{"href":"https:\/\/blogsaverroes.juntadeandalucia.es\/ieslaroda\/wp-json\/wp\/v2\/media?parent=869"}],"curies":[{"name":"wp","href":"https:\/\/api.w.org\/{rel}","templated":true}]}}