{"id":262,"date":"2020-01-23T12:37:13","date_gmt":"2020-01-23T11:37:13","guid":{"rendered":"http:\/\/blogsaverroes.juntadeandalucia.es\/pre\/nuevoies2v2\/?page_id=262"},"modified":"2023-11-13T23:01:46","modified_gmt":"2023-11-13T21:01:46","slug":"nuestra-historia","status":"publish","type":"page","link":"https:\/\/blogsaverroes.juntadeandalucia.es\/ieslasencinas\/nuestra-historia\/","title":{"rendered":"Nuestro Centro"},"content":{"rendered":"<p><span style=\"font-size: 14pt\"><span style=\"font-family: 'comic sans ms', sans-serif\">&nbsp;<img loading=\"lazy\" decoding=\"async\" class=\" wp-image-770 alignright\" src=\"https:\/\/blogsaverroes.juntadeandalucia.es\/ieslasencinas\/files\/2023\/10\/workhard-300x218.png\" alt=\"\" width=\"313\" height=\"227\" srcset=\"https:\/\/blogsaverroes.juntadeandalucia.es\/ieslasencinas\/files\/2023\/10\/workhard-300x218.png 300w, https:\/\/blogsaverroes.juntadeandalucia.es\/ieslasencinas\/files\/2023\/10\/workhard.png 711w\" sizes=\"(max-width: 313px) 100vw, 313px\" \/><img loading=\"lazy\" decoding=\"async\" class=\"alignnone wp-image-722\" src=\"https:\/\/blogsaverroes.juntadeandalucia.es\/ieslasencinas\/files\/2023\/10\/escaleras-insti-nuevas-300x265.jpg\" alt=\"\" width=\"282\" height=\"249\" srcset=\"https:\/\/blogsaverroes.juntadeandalucia.es\/ieslasencinas\/files\/2023\/10\/escaleras-insti-nuevas-300x265.jpg 300w, https:\/\/blogsaverroes.juntadeandalucia.es\/ieslasencinas\/files\/2023\/10\/escaleras-insti-nuevas-1024x906.jpg 1024w, https:\/\/blogsaverroes.juntadeandalucia.es\/ieslasencinas\/files\/2023\/10\/escaleras-insti-nuevas-768x679.jpg 768w, https:\/\/blogsaverroes.juntadeandalucia.es\/ieslasencinas\/files\/2023\/10\/escaleras-insti-nuevas.jpg 1280w\" sizes=\"(max-width: 282px) 100vw, 282px\" \/><\/span><\/span><\/p>\n<p style=\"font-weight: 400\"><span style=\"font-family: 'comic sans ms', sans-serif;font-size: 14pt\">El centro dispone de 18 aulas polivalentes ordinarias, 2 aulas de integraci\u00f3n de peque\u00f1o grupo,2 aulas prefabricadas, 5 aulas espec\u00edficas para Pl\u00e1stica, Laboratorio, M\u00fasica, Tecnolog\u00eda e Inform\u00e1tica, 1 Biblioteca, dependencias administrativas con Administraci\u00f3n, Secretar\u00eda, Jefatura de Estudios, Direcci\u00f3n, Orientaci\u00f3n, Sala de Profesores, Conserjer\u00eda, Sala de Psicolog\u00eda Terap\u00e9utica, dependencias para cada uno de los Seminarios y Departamentos.<\/span><\/p>\n<p style=\"font-weight: 400\"><span style=\"font-family: 'comic sans ms', sans-serif;font-size: 14pt\">Adosado al edificio principal, gimnasio, vestuarios, cafeter\u00eda, patio interior, huerto y una pista polideportiva.<\/span><\/p>\n<p style=\"font-weight: 400\"><span style=\"font-family: 'comic sans ms', sans-serif;font-size: 14pt\">Para ver m\u00e1s fotos de nuestro centro pincha <a href=\"https:\/\/drive.google.com\/drive\/folders\/15z0N8ENzb_oBOJrC3_0Pb98CkWH2oiiM?usp=sharing\">aqu\u00ed<\/a><\/span><\/p>\n","protected":false},"excerpt":{"rendered":"<p>&nbsp; El centro dispone de 18 aulas polivalentes ordinarias, 2 aulas de integraci\u00f3n de peque\u00f1o grupo,2 aulas prefabricadas, 5 aulas espec\u00edficas para Pl\u00e1stica, Laboratorio, M\u00fasica, Tecnolog\u00eda e Inform\u00e1tica, 1 Biblioteca, dependencias administrativas con Administraci\u00f3n,&#46;&#46;&#46;<\/p>\n","protected":false},"author":18530,"featured_media":0,"parent":0,"menu_order":0,"comment_status":"closed","ping_status":"closed","template":"","meta":{"ngg_post_thumbnail":0,"footnotes":""},"aioseo_notices":[],"_links":{"self":[{"href":"https:\/\/blogsaverroes.juntadeandalucia.es\/ieslasencinas\/wp-json\/wp\/v2\/pages\/262"}],"collection":[{"href":"https:\/\/blogsaverroes.juntadeandalucia.es\/ieslasencinas\/wp-json\/wp\/v2\/pages"}],"about":[{"href":"https:\/\/blogsaverroes.juntadeandalucia.es\/ieslasencinas\/wp-json\/wp\/v2\/types\/page"}],"author":[{"embeddable":true,"href":"https:\/\/blogsaverroes.juntadeandalucia.es\/ieslasencinas\/wp-json\/wp\/v2\/users\/18530"}],"replies":[{"embeddable":true,"href":"https:\/\/blogsaverroes.juntadeandalucia.es\/ieslasencinas\/wp-json\/wp\/v2\/comments?post=262"}],"version-history":[{"count":7,"href":"https:\/\/blogsaverroes.juntadeandalucia.es\/ieslasencinas\/wp-json\/wp\/v2\/pages\/262\/revisions"}],"predecessor-version":[{"id":911,"href":"https:\/\/blogsaverroes.juntadeandalucia.es\/ieslasencinas\/wp-json\/wp\/v2\/pages\/262\/revisions\/911"}],"wp:attachment":[{"href":"https:\/\/blogsaverroes.juntadeandalucia.es\/ieslasencinas\/wp-json\/wp\/v2\/media?parent=262"}],"curies":[{"name":"wp","href":"https:\/\/api.w.org\/{rel}","templated":true}]}}