{"id":465,"date":"2020-12-18T08:58:00","date_gmt":"2020-12-18T07:58:00","guid":{"rendered":"https:\/\/blogsaverroes.juntadeandalucia.es\/pre\/plantilla-chalk\/?page_id=465"},"modified":"2024-09-17T18:10:38","modified_gmt":"2024-09-17T16:10:38","slug":"contactar-con-el-centro","status":"publish","type":"page","link":"https:\/\/blogsaverroes.juntadeandalucia.es\/ieslasencinas\/contactar-con-el-centro\/","title":{"rendered":"Equipo directivo y Contacto"},"content":{"rendered":"<p><iframe loading=\"lazy\" src=\"https:\/\/www.google.com\/maps\/embed?pb=!1m18!1m12!1m3!1d3168.919958549763!2d-6.0744149243830785!3d37.41536673278245!2m3!1f0!2f0!3f0!3m2!1i1024!2i768!4f13.1!3m3!1m2!1s0xd1214b46e7c0fd1%3A0x6ef615ea2708e33f!2sInstituto%20de%20Educaci%C3%B3n%20Secundaria%20Las%20Encinas!5e0!3m2!1ses!2ses!4v1696424526730!5m2!1ses!2ses\" width=\"100%\" height=\"458\"><\/iframe><\/p>\n<ul>\n<li><span style=\"font-family: 'comic sans ms', sans-serif\"><strong>Contacto:<\/strong><\/span><\/li>\n<\/ul>\n<p><span style=\"font-family: 'comic sans ms', sans-serif\">C\/Garc\u00eda Lorca, 18. Valencina de la Concepci\u00f3n 41907. Sevilla<\/span><\/p>\n<p><span style=\"font-family: 'comic sans ms', sans-serif\">Tel\u00e9fono: 955622618<\/span><\/p>\n<p><span style=\"font-family: 'comic sans ms', sans-serif\">Fax: 955622619<\/span><\/p>\n<p><span style=\"font-family: 'comic sans ms', sans-serif\">Correo electr\u00f3nico: 41701614.edu@juntadeandalucia.es<\/span><\/p>\n<ul>\n<li><strong><span style=\"font-family: 'comic sans ms', sans-serif\">Equipo directivo:<\/span><\/strong>\n<ul>\n<li><span style=\"font-family: 'comic sans ms', sans-serif\">Direcci\u00f3n:&nbsp; M\u00aa Carmen Mu\u00f1oz Mendoza<\/span><\/li>\n<li><span style=\"font-family: 'comic sans ms', sans-serif\">41701614.direccion@g.educaand.es<\/span><\/li>\n<li><span style=\"font-family: 'comic sans ms', sans-serif\">Jefatura de estudios: M\u00aa del Roc\u00edo P\u00e9rez Ort\u00edz<\/span><\/li>\n<li><span style=\"font-family: 'comic sans ms', sans-serif\">41701614.jefatura@g.educaand.es<\/span><\/li>\n<li><span style=\"font-family: 'comic sans ms', sans-serif\">Secretar\u00eda: Guadalupe Luna S\u00e1nchez<\/span><\/li>\n<li><span style=\"font-family: 'comic sans ms', sans-serif\">41701614.secretaria@g.educaand.es<\/span><\/li>\n<\/ul>\n<\/li>\n<\/ul>\n","protected":false},"excerpt":{"rendered":"<p>Contacto: C\/Garc\u00eda Lorca, 18. Valencina de la Concepci\u00f3n 41907. Sevilla Tel\u00e9fono: 955622618 Fax: 955622619 Correo electr\u00f3nico: 41701614.edu@juntadeandalucia.es Equipo directivo: Direcci\u00f3n:&nbsp; M\u00aa Carmen Mu\u00f1oz Mendoza 41701614.direccion@g.educaand.es Jefatura de estudios: M\u00aa del Roc\u00edo P\u00e9rez Ort\u00edz 41701614.jefatura@g.educaand.es&#46;&#46;&#46;<\/p>\n","protected":false},"author":18530,"featured_media":0,"parent":0,"menu_order":0,"comment_status":"closed","ping_status":"closed","template":"","meta":{"ngg_post_thumbnail":0,"footnotes":""},"aioseo_notices":[],"_links":{"self":[{"href":"https:\/\/blogsaverroes.juntadeandalucia.es\/ieslasencinas\/wp-json\/wp\/v2\/pages\/465"}],"collection":[{"href":"https:\/\/blogsaverroes.juntadeandalucia.es\/ieslasencinas\/wp-json\/wp\/v2\/pages"}],"about":[{"href":"https:\/\/blogsaverroes.juntadeandalucia.es\/ieslasencinas\/wp-json\/wp\/v2\/types\/page"}],"author":[{"embeddable":true,"href":"https:\/\/blogsaverroes.juntadeandalucia.es\/ieslasencinas\/wp-json\/wp\/v2\/users\/18530"}],"replies":[{"embeddable":true,"href":"https:\/\/blogsaverroes.juntadeandalucia.es\/ieslasencinas\/wp-json\/wp\/v2\/comments?post=465"}],"version-history":[{"count":10,"href":"https:\/\/blogsaverroes.juntadeandalucia.es\/ieslasencinas\/wp-json\/wp\/v2\/pages\/465\/revisions"}],"predecessor-version":[{"id":1301,"href":"https:\/\/blogsaverroes.juntadeandalucia.es\/ieslasencinas\/wp-json\/wp\/v2\/pages\/465\/revisions\/1301"}],"wp:attachment":[{"href":"https:\/\/blogsaverroes.juntadeandalucia.es\/ieslasencinas\/wp-json\/wp\/v2\/media?parent=465"}],"curies":[{"name":"wp","href":"https:\/\/api.w.org\/{rel}","templated":true}]}}