{"id":55,"date":"2020-01-10T09:42:57","date_gmt":"2020-01-10T08:42:57","guid":{"rendered":"http:\/\/blogsaverroes.juntadeandalucia.es\/pre\/nuevoies2v2\/?page_id=55"},"modified":"2025-12-17T19:16:50","modified_gmt":"2025-12-17T17:16:50","slug":"planes-y-proyectos","status":"publish","type":"page","link":"https:\/\/blogsaverroes.juntadeandalucia.es\/ieslasencinas\/planes-y-proyectos\/","title":{"rendered":"Documentos del centro"},"content":{"rendered":"<p><a href=\"https:\/\/drive.google.com\/drive\/folders\/1MvdXPuUMqJORZzHsi3yxYirrILQQjOd7?usp=drive_link\"><span style=\"font-family: 'comic sans ms', sans-serif;font-size: 12pt;color: #000080\">Plan de Centro curso 2025\/2026<\/span><\/a><\/p>\n<p><a href=\"https:\/\/drive.google.com\/drive\/folders\/15pxG6Zi2tH_TfIMPBI1HS_wsRneLBAsJ?usp=sharing\"><span style=\"font-family: 'comic sans ms', sans-serif;font-size: 12pt;color: #000080\">Programaciones curso 2025\/2026<\/span><\/a><\/p>\n<p><a href=\"https:\/\/drive.google.com\/file\/d\/19H5ure3GripmlyPAvXT9vajYJcqoXkuY\/view?usp=sharing\"><span style=\"color: #000080;font-family: comic sans ms, sans-serif\">Planificaci\u00f3n anual curso 2025\/2026<\/span><\/a><\/p>\n<p><span style=\"font-family: 'comic sans ms', sans-serif;font-size: 12pt;color: #000080\"><a style=\"color: #000080\" href=\"https:\/\/drive.google.com\/file\/d\/1n9ldHY1D0oBdZlEymDbAzTHZNgnDabvv\/view?usp=sharing\">Pluriling\u00fcismo: Information sheet for Language Assistant<\/a><\/span><\/p>\n<p><span style=\"font-family: 'comic sans ms', sans-serif;font-size: 12pt;color: #000080\"><a style=\"color: #000080\" href=\"https:\/\/drive.google.com\/file\/d\/1_bhwQWanWsfdCzbRjGq_dj_iLWBnQtl9\/view?usp=sharing\">Curr\u00edculum integrado de las lenguas<\/a><\/span><\/p>\n<p><a href=\"https:\/\/drive.google.com\/file\/d\/1jX1fjkahFQAyc65N1Mh6fWlsqlvK_U5k\/view?usp=sharing\"><span style=\"font-family: 'comic sans ms', sans-serif;font-size: 12pt;color: #000080\">Proyecto Ling\u00fc\u00edstico de centro<\/span><\/a><\/p>\n<p>&nbsp;<\/p>\n","protected":false},"excerpt":{"rendered":"<p>Plan de Centro curso 2025\/2026 Programaciones curso 2025\/2026 Planificaci\u00f3n anual curso 2025\/2026 Pluriling\u00fcismo: Information sheet for Language Assistant Curr\u00edculum integrado de las lenguas Proyecto Ling\u00fc\u00edstico de centro &nbsp;<\/p>\n","protected":false},"author":18530,"featured_media":0,"parent":0,"menu_order":0,"comment_status":"closed","ping_status":"closed","template":"","meta":{"ngg_post_thumbnail":0,"footnotes":""},"aioseo_notices":[],"_links":{"self":[{"href":"https:\/\/blogsaverroes.juntadeandalucia.es\/ieslasencinas\/wp-json\/wp\/v2\/pages\/55"}],"collection":[{"href":"https:\/\/blogsaverroes.juntadeandalucia.es\/ieslasencinas\/wp-json\/wp\/v2\/pages"}],"about":[{"href":"https:\/\/blogsaverroes.juntadeandalucia.es\/ieslasencinas\/wp-json\/wp\/v2\/types\/page"}],"author":[{"embeddable":true,"href":"https:\/\/blogsaverroes.juntadeandalucia.es\/ieslasencinas\/wp-json\/wp\/v2\/users\/18530"}],"replies":[{"embeddable":true,"href":"https:\/\/blogsaverroes.juntadeandalucia.es\/ieslasencinas\/wp-json\/wp\/v2\/comments?post=55"}],"version-history":[{"count":26,"href":"https:\/\/blogsaverroes.juntadeandalucia.es\/ieslasencinas\/wp-json\/wp\/v2\/pages\/55\/revisions"}],"predecessor-version":[{"id":1936,"href":"https:\/\/blogsaverroes.juntadeandalucia.es\/ieslasencinas\/wp-json\/wp\/v2\/pages\/55\/revisions\/1936"}],"wp:attachment":[{"href":"https:\/\/blogsaverroes.juntadeandalucia.es\/ieslasencinas\/wp-json\/wp\/v2\/media?parent=55"}],"curies":[{"name":"wp","href":"https:\/\/api.w.org\/{rel}","templated":true}]}}