{"id":638,"date":"2023-10-18T16:57:26","date_gmt":"2023-10-18T14:57:26","guid":{"rendered":"https:\/\/blogsaverroes.juntadeandalucia.es\/ieslasencinas\/?page_id=638"},"modified":"2025-03-31T18:38:07","modified_gmt":"2025-03-31T16:38:07","slug":"biblioteca-2","status":"publish","type":"page","link":"https:\/\/blogsaverroes.juntadeandalucia.es\/ieslasencinas\/biblioteca-2\/","title":{"rendered":"Biblioteca"},"content":{"rendered":"<p><a href=\"https:\/\/drive.google.com\/file\/d\/1J8veZfDSBr9owjpvqVJtD_lpCF1XLIz1\/view?usp=sharing\"><span style=\"color: #800080\">GU\u00cdA DE LA BIBLIOTECA ESCOLAR<\/span><\/a><\/p>\n<p><span style=\"color: #800080\"><a style=\"color: #800080\" href=\"https:\/\/drive.google.com\/file\/d\/0B_ElRomR4CLWT1pDeWFBb1JRbFU\/view?resourcekey=0-WcrckfJerSIbZEyiQ8GaGQ\">LA BIBLIOTECA ESCOLAR EN EL ROF<\/a><\/span><\/p>\n<p><span style=\"color: #800080\"><a style=\"color: #800080\" href=\"https:\/\/drive.google.com\/file\/d\/0B_ElRomR4CLWUHZGem9NZTZyaFE\/view?resourcekey=0-HInJFZxgGrM1qatLfbf-Yg\">PR\u00c9STAMOS Y DEVOLUCIONES<\/a><\/span><\/p>\n<p><a href=\"https:\/\/drive.google.com\/file\/d\/1bwGid1f9SFG-u79tOwpCxPinmgAB5rAj\/view?usp=sharing\"><span style=\"color: #800080\">ENLACES DE INTER\u00c9S<\/span><\/a><\/p>\n<p><span style=\"color: #800080\"><a style=\"color: #800080\" href=\"https:\/\/drive.google.com\/file\/d\/1IC_9IIcSikmg6ysEDv0JB4Kl4yheEd3s\/view?usp=sharing\">CONCURSO DE MICRORELATOS. ASOCIACI\u00d3N LOS D\u00d3LMENES<\/a><\/span><\/p>\n","protected":false},"excerpt":{"rendered":"<p>GU\u00cdA DE LA BIBLIOTECA ESCOLAR LA BIBLIOTECA ESCOLAR EN EL ROF PR\u00c9STAMOS Y DEVOLUCIONES ENLACES DE INTER\u00c9S CONCURSO DE MICRORELATOS. ASOCIACI\u00d3N LOS D\u00d3LMENES<\/p>\n","protected":false},"author":13627,"featured_media":0,"parent":0,"menu_order":0,"comment_status":"closed","ping_status":"closed","template":"","meta":{"ngg_post_thumbnail":0,"footnotes":""},"aioseo_notices":[],"_links":{"self":[{"href":"https:\/\/blogsaverroes.juntadeandalucia.es\/ieslasencinas\/wp-json\/wp\/v2\/pages\/638"}],"collection":[{"href":"https:\/\/blogsaverroes.juntadeandalucia.es\/ieslasencinas\/wp-json\/wp\/v2\/pages"}],"about":[{"href":"https:\/\/blogsaverroes.juntadeandalucia.es\/ieslasencinas\/wp-json\/wp\/v2\/types\/page"}],"author":[{"embeddable":true,"href":"https:\/\/blogsaverroes.juntadeandalucia.es\/ieslasencinas\/wp-json\/wp\/v2\/users\/13627"}],"replies":[{"embeddable":true,"href":"https:\/\/blogsaverroes.juntadeandalucia.es\/ieslasencinas\/wp-json\/wp\/v2\/comments?post=638"}],"version-history":[{"count":7,"href":"https:\/\/blogsaverroes.juntadeandalucia.es\/ieslasencinas\/wp-json\/wp\/v2\/pages\/638\/revisions"}],"predecessor-version":[{"id":1627,"href":"https:\/\/blogsaverroes.juntadeandalucia.es\/ieslasencinas\/wp-json\/wp\/v2\/pages\/638\/revisions\/1627"}],"wp:attachment":[{"href":"https:\/\/blogsaverroes.juntadeandalucia.es\/ieslasencinas\/wp-json\/wp\/v2\/media?parent=638"}],"curies":[{"name":"wp","href":"https:\/\/api.w.org\/{rel}","templated":true}]}}