{"id":681,"date":"2023-10-18T19:20:03","date_gmt":"2023-10-18T17:20:03","guid":{"rendered":"https:\/\/blogsaverroes.juntadeandalucia.es\/ieslasencinas\/?page_id=681"},"modified":"2023-11-21T20:34:57","modified_gmt":"2023-11-21T18:34:57","slug":"departamento-de-ingles-aleman","status":"publish","type":"page","link":"https:\/\/blogsaverroes.juntadeandalucia.es\/ieslasencinas\/departamento-de-ingles-aleman\/","title":{"rendered":"Departamento de Ingl\u00e9s\/ Alem\u00e1n"},"content":{"rendered":"<p>Toda la informaci\u00f3n relativa a este departamento se encuentra en los siguientes enlaces:<\/p>\n<p><a href=\"https:\/\/inglesieslasencinas.blogspot.com\">&nbsp;Ingl\u00e9s<\/a><\/p>\n<p><a href=\"https:\/\/clasedemarek.weebly.com\/alemaacuten.html\">&nbsp;Alem\u00e1n<\/a><\/p>\n","protected":false},"excerpt":{"rendered":"<p>Toda la informaci\u00f3n relativa a este departamento se encuentra en los siguientes enlaces: &nbsp;Ingl\u00e9s &nbsp;Alem\u00e1n<\/p>\n","protected":false},"author":13627,"featured_media":0,"parent":0,"menu_order":0,"comment_status":"closed","ping_status":"closed","template":"","meta":{"ngg_post_thumbnail":0,"footnotes":""},"aioseo_notices":[],"_links":{"self":[{"href":"https:\/\/blogsaverroes.juntadeandalucia.es\/ieslasencinas\/wp-json\/wp\/v2\/pages\/681"}],"collection":[{"href":"https:\/\/blogsaverroes.juntadeandalucia.es\/ieslasencinas\/wp-json\/wp\/v2\/pages"}],"about":[{"href":"https:\/\/blogsaverroes.juntadeandalucia.es\/ieslasencinas\/wp-json\/wp\/v2\/types\/page"}],"author":[{"embeddable":true,"href":"https:\/\/blogsaverroes.juntadeandalucia.es\/ieslasencinas\/wp-json\/wp\/v2\/users\/13627"}],"replies":[{"embeddable":true,"href":"https:\/\/blogsaverroes.juntadeandalucia.es\/ieslasencinas\/wp-json\/wp\/v2\/comments?post=681"}],"version-history":[{"count":4,"href":"https:\/\/blogsaverroes.juntadeandalucia.es\/ieslasencinas\/wp-json\/wp\/v2\/pages\/681\/revisions"}],"predecessor-version":[{"id":933,"href":"https:\/\/blogsaverroes.juntadeandalucia.es\/ieslasencinas\/wp-json\/wp\/v2\/pages\/681\/revisions\/933"}],"wp:attachment":[{"href":"https:\/\/blogsaverroes.juntadeandalucia.es\/ieslasencinas\/wp-json\/wp\/v2\/media?parent=681"}],"curies":[{"name":"wp","href":"https:\/\/api.w.org\/{rel}","templated":true}]}}