{"id":695,"date":"2023-10-18T19:38:46","date_gmt":"2023-10-18T17:38:46","guid":{"rendered":"https:\/\/blogsaverroes.juntadeandalucia.es\/ieslasencinas\/?page_id=695"},"modified":"2025-09-19T19:29:36","modified_gmt":"2025-09-19T17:29:36","slug":"departamento-de-orientacion","status":"publish","type":"page","link":"https:\/\/blogsaverroes.juntadeandalucia.es\/ieslasencinas\/departamento-de-orientacion\/","title":{"rendered":"Departamento de Orientaci\u00f3n"},"content":{"rendered":"<p>Castillo Castillo, Mar\u00eda Mercedes Orientaci\u00f3n Educativa . Jefa de Departamento<br \/>\nCastro Hans, Elena Pedagog\u00eda Terapeutica Eso<\/p>\n<p>Enlaces a algunas aplicaciones que pueden ser interesantes para que sus hijos busquen informaci\u00f3n sobre estudios.&nbsp;<br \/>\nEn bachillerato no hay hora de tutor\u00eda y creo que es mas f\u00e1cil y r\u00e1pido que les llegue esta informaci\u00f3n.<br \/>\n<a href=\"https:\/\/uniscopio.com\/\" target=\"_blank\" rel=\"noopener noreferrer\" data-saferedirecturl=\"https:\/\/www.google.com\/url?q=https:\/\/uniscopio.com\/&amp;source=gmail&amp;ust=1706288980321000&amp;usg=AOvVaw07dHjdrWW0w09uKcZr6yVR\">https:\/\/uniscopio.com\/<\/a>&nbsp;&nbsp;Es un buscador de estudios<br \/>\n<a href=\"https:\/\/www.youtube.com\/watch?v=_cVuXEQxkmg&amp;t=2s\" target=\"_blank\" rel=\"noopener noreferrer\" data-saferedirecturl=\"https:\/\/www.google.com\/url?q=https:\/\/www.youtube.com\/watch?v%3D_cVuXEQxkmg%26t%3D2s&amp;source=gmail&amp;ust=1706288980321000&amp;usg=AOvVaw24SFfB3VbPtgiW-jbsvW7N\">https:\/\/www.youtube.com\/watch?v=_cVuXEQxkmg&amp;t=2s<\/a>&nbsp;&nbsp;&nbsp;&nbsp;<br \/>\n<a href=\"https:\/\/www.youtube.com\/watch?v=yc4P7CwSo7Q\" target=\"_blank\" rel=\"noopener noreferrer\" data-saferedirecturl=\"https:\/\/www.google.com\/url?q=https:\/\/www.youtube.com\/watch?v%3Dyc4P7CwSo7Q&amp;source=gmail&amp;ust=1706288980321000&amp;usg=AOvVaw25Kqc8npXBOcov368PQORr\">https:\/\/www.youtube.com\/watch?v=yc4P7CwSo7Q<\/a>&nbsp; Estos son cortos sobre la importancia de la Toma de Decisiones<br \/>\n<a href=\"https:\/\/www.iivvo.com\/testfuturo\" target=\"_blank\" rel=\"noopener noreferrer\" data-saferedirecturl=\"https:\/\/www.google.com\/url?q=https:\/\/www.iivvo.com\/testfuturo&amp;source=gmail&amp;ust=1706288980321000&amp;usg=AOvVaw3k21fZEo4h8BeAJUyFeISp\">https:\/\/www.iivvo.com\/testfuturo<\/a>&nbsp;Plataforma para ayudar a conectar con tu futuro<br \/>\n<a href=\"https:\/\/www.mywaypass.com\/index.php\/auth\/register\" target=\"_blank\" rel=\"noopener noreferrer\" data-saferedirecturl=\"https:\/\/www.google.com\/url?q=https:\/\/www.mywaypass.com\/index.php\/auth\/register&amp;source=gmail&amp;ust=1706288980321000&amp;usg=AOvVaw3e6OHPFvOGmZJOCdwRSe5t\">https:\/\/www.mywaypass.com\/index.php\/auth\/register<\/a>&nbsp;Aplicaci\u00f3n &nbsp;que te ayudar\u00e1 a tomar una decisi\u00f3n sobre tu futuro.<br \/>\n<a href=\"https:\/\/www.educaweb.com\/orientacion\/intereses-profesionales\/\" target=\"_blank\" rel=\"noopener noreferrer\" data-saferedirecturl=\"https:\/\/www.google.com\/url?q=https:\/\/www.educaweb.com\/orientacion\/intereses-profesionales\/&amp;source=gmail&amp;ust=1706288980321000&amp;usg=AOvVaw2iFoKM06fqqeVPDsOJexnp\">https:\/\/www.educaweb.com\/orientacion\/intereses-profesionales\/<\/a>&nbsp;test gratuito de&nbsp;EDUCAWEB, que te ayudar\u00e1 a explorar las distintas \u00e1reas que te permiten tomar una adecuada decisi\u00f3n.<br \/>\n<a href=\"http:\/\/www.eligeprofesion.org\/pro_001.asp?ipag=1\" target=\"_blank\" rel=\"noopener noreferrer\" data-saferedirecturl=\"https:\/\/www.google.com\/url?q=http:\/\/www.eligeprofesion.org\/pro_001.asp?ipag%3D1&amp;source=gmail&amp;ust=1706288980321000&amp;usg=AOvVaw3LlpevG4hcqVldIipniNDo\">http:\/\/www.eligeprofesion.org\/pro_001.asp?ipag=1<\/a>&nbsp;El instituto de la mujer de la Regi\u00f3n de Murcia, ha publicado esta estupenda gu\u00eda de profesiones sin restricciones de g\u00e9nero. En ella descubrir\u00e1s multitud de profesiones, cu\u00e1les son las aptitudes que deber\u00e1s poseer para desempe\u00f1arlos, sus salidas profesionales, los estudios requeridos, etc.&nbsp;<br \/>\n<a href=\"https:\/\/view.genial.ly\/5eb93dd48a39780d0f6763e7\/vertical-infographic-list-las-nuevas-profesiones\" target=\"_blank\" rel=\"noopener noreferrer\" data-saferedirecturl=\"https:\/\/www.google.com\/url?q=https:\/\/view.genial.ly\/5eb93dd48a39780d0f6763e7\/vertical-infographic-list-las-nuevas-profesiones&amp;source=gmail&amp;ust=1706288980321000&amp;usg=AOvVaw0yup_56fJb4JcgkExwzSXZ\">https:\/\/view.genial.ly\/5eb93dd48a39780d0f6763e7\/vertical-infographic-list-las-nuevas-profesiones<\/a>&nbsp; &nbsp;infograf\u00eda bas\u00e1ndose en la informaci\u00f3n de educaweb, sobre las profesiones futuras, c\u00f3mo ser\u00e1n las habilidades m\u00e1s valoradas por las empresas, c\u00f3mo ser\u00e1n los nuevos trabajos. Echa un vistazo, pincha en la imagen<br \/>\nEspero que les sirva y ayude, al menos un poquito, en la Toma de Decisiones.<br \/>\nSaludos<\/p>\n<p>Mercedes Castillo<\/p>\n","protected":false},"excerpt":{"rendered":"<p>Castillo Castillo, Mar\u00eda Mercedes Orientaci\u00f3n Educativa . Jefa de Departamento Castro Hans, Elena Pedagog\u00eda Terapeutica Eso Enlaces a algunas aplicaciones que pueden ser interesantes para que sus hijos busquen informaci\u00f3n sobre estudios.&nbsp; En bachillerato&#46;&#46;&#46;<\/p>\n","protected":false},"author":13627,"featured_media":0,"parent":0,"menu_order":0,"comment_status":"closed","ping_status":"closed","template":"","meta":{"ngg_post_thumbnail":0,"footnotes":""},"aioseo_notices":[],"_links":{"self":[{"href":"https:\/\/blogsaverroes.juntadeandalucia.es\/ieslasencinas\/wp-json\/wp\/v2\/pages\/695"}],"collection":[{"href":"https:\/\/blogsaverroes.juntadeandalucia.es\/ieslasencinas\/wp-json\/wp\/v2\/pages"}],"about":[{"href":"https:\/\/blogsaverroes.juntadeandalucia.es\/ieslasencinas\/wp-json\/wp\/v2\/types\/page"}],"author":[{"embeddable":true,"href":"https:\/\/blogsaverroes.juntadeandalucia.es\/ieslasencinas\/wp-json\/wp\/v2\/users\/13627"}],"replies":[{"embeddable":true,"href":"https:\/\/blogsaverroes.juntadeandalucia.es\/ieslasencinas\/wp-json\/wp\/v2\/comments?post=695"}],"version-history":[{"count":6,"href":"https:\/\/blogsaverroes.juntadeandalucia.es\/ieslasencinas\/wp-json\/wp\/v2\/pages\/695\/revisions"}],"predecessor-version":[{"id":1831,"href":"https:\/\/blogsaverroes.juntadeandalucia.es\/ieslasencinas\/wp-json\/wp\/v2\/pages\/695\/revisions\/1831"}],"wp:attachment":[{"href":"https:\/\/blogsaverroes.juntadeandalucia.es\/ieslasencinas\/wp-json\/wp\/v2\/media?parent=695"}],"curies":[{"name":"wp","href":"https:\/\/api.w.org\/{rel}","templated":true}]}}