{"id":704,"date":"2023-10-18T19:52:55","date_gmt":"2023-10-18T17:52:55","guid":{"rendered":"https:\/\/blogsaverroes.juntadeandalucia.es\/ieslasencinas\/?page_id=704"},"modified":"2023-10-27T11:30:46","modified_gmt":"2023-10-27T09:30:46","slug":"departamento-de-formacion-evaluacion-e-innovacion-educativa-feie","status":"publish","type":"page","link":"https:\/\/blogsaverroes.juntadeandalucia.es\/ieslasencinas\/departamento-de-formacion-evaluacion-e-innovacion-educativa-feie\/","title":{"rendered":"Departamento de Formaci\u00f3n, Evaluaci\u00f3n e Innovaci\u00f3n Educativa (FEIE)"},"content":{"rendered":"<p><strong>PROFESORADO:<\/strong><\/p>\n<p>&nbsp;Carmen Contreras Romero (Jefa del Departamento)<\/p>\n","protected":false},"excerpt":{"rendered":"<p>PROFESORADO: &nbsp;Carmen Contreras Romero (Jefa del Departamento)<\/p>\n","protected":false},"author":13627,"featured_media":0,"parent":0,"menu_order":0,"comment_status":"closed","ping_status":"closed","template":"","meta":{"ngg_post_thumbnail":0,"footnotes":""},"aioseo_notices":[],"_links":{"self":[{"href":"https:\/\/blogsaverroes.juntadeandalucia.es\/ieslasencinas\/wp-json\/wp\/v2\/pages\/704"}],"collection":[{"href":"https:\/\/blogsaverroes.juntadeandalucia.es\/ieslasencinas\/wp-json\/wp\/v2\/pages"}],"about":[{"href":"https:\/\/blogsaverroes.juntadeandalucia.es\/ieslasencinas\/wp-json\/wp\/v2\/types\/page"}],"author":[{"embeddable":true,"href":"https:\/\/blogsaverroes.juntadeandalucia.es\/ieslasencinas\/wp-json\/wp\/v2\/users\/13627"}],"replies":[{"embeddable":true,"href":"https:\/\/blogsaverroes.juntadeandalucia.es\/ieslasencinas\/wp-json\/wp\/v2\/comments?post=704"}],"version-history":[{"count":3,"href":"https:\/\/blogsaverroes.juntadeandalucia.es\/ieslasencinas\/wp-json\/wp\/v2\/pages\/704\/revisions"}],"predecessor-version":[{"id":836,"href":"https:\/\/blogsaverroes.juntadeandalucia.es\/ieslasencinas\/wp-json\/wp\/v2\/pages\/704\/revisions\/836"}],"wp:attachment":[{"href":"https:\/\/blogsaverroes.juntadeandalucia.es\/ieslasencinas\/wp-json\/wp\/v2\/media?parent=704"}],"curies":[{"name":"wp","href":"https:\/\/api.w.org\/{rel}","templated":true}]}}