{"id":2890,"date":"2021-01-07T21:08:31","date_gmt":"2021-01-07T20:08:31","guid":{"rendered":"https:\/\/blogsaverroes.juntadeandalucia.es\/ieslasflores\/?page_id=2890"},"modified":"2022-03-22T18:33:38","modified_gmt":"2022-03-22T17:33:38","slug":"datos-del-centro","status":"publish","type":"page","link":"https:\/\/blogsaverroes.juntadeandalucia.es\/ieslasflores\/datos-del-centro\/","title":{"rendered":"Datos del centro"},"content":{"rendered":"<!--themify_builder_content-->\n<div id=\"themify_builder_content-2890\" data-postid=\"2890\" class=\"themify_builder_content themify_builder_content-2890 themify_builder tf_clear\">\n                    <div  data-lazy=\"1\" class=\"module_row themify_builder_row tb_ter374 tb_first tf_w\">\n            <span class=\"builder_row_cover tf_abs\"><\/span>            <div class=\"row_inner col_align_top tb_col_count_1 tf_box tf_rel\">\n                        <div  data-lazy=\"1\" class=\"module_column tb-column col-full tb_7s3q75 first\">\n                    <!-- module text -->\n<div  class=\"module module-text tb_a07o75    hover-wow\" data-tf-animation_hover=\"pulse\" data-lazy=\"1\">\n        <div  class=\"tb_text_wrap\">\n        <h1 style=\"text-align: center;\"><span style=\"color: #ffffff;\">Datos del centro y oferta educativa<\/span><\/h1><p>&nbsp;<\/p><p>&nbsp;<\/p>    <\/div>\n<\/div>\n<!-- \/module text -->        <\/div>\n                        <\/div>\n        <\/div>\n                        <div  data-lazy=\"1\" class=\"module_row themify_builder_row tb_xmfc770 tf_w\">\n                        <div class=\"row_inner col_align_top tb_col_count_2 tf_box tf_rel\">\n                        <div  data-lazy=\"1\" class=\"module_column tb-column col2-1 tb_8lha771 first\">\n                    <!-- module text -->\n<div  class=\"module module-text tb_my5u206  repeat \" data-lazy=\"1\">\n        <div  class=\"tb_text_wrap\">\n        <h3 style=\"text-align: left;\">Datos del Centro<\/h3><p><em>&#8211; Instituto de Educaci\u00f3n Secundaria<\/em> <strong>Las Flores<\/strong><\/p><p><em>&#8211; C\u00f3digo<\/em>: 29000694<\/p><p><em>&#8211; Direcci\u00f3n<\/em>:&nbsp; Avda. de la Constituci\u00f3n, s\/n. (Puente de la Cabeza),&nbsp;<\/p><p>&nbsp; &nbsp; &nbsp; &nbsp; &nbsp; &nbsp; &nbsp; &nbsp; &nbsp; &nbsp; &nbsp; &nbsp; 29500 \u00c1lora (M\u00e1laga)<\/p><p><em>&#8211; Tel\u00e9fonos<\/em>:&nbsp; 951-26-96-67&nbsp; &nbsp;y&nbsp; &nbsp;951-26-96-68<\/p><p><em>&#8211; Correo electr\u00f3nico<\/em>:&nbsp; ieslasflores@telefonica.net<\/p><p><em>&#8211; Web<\/em>: <a href=\"https:\/\/blogsaverroes.juntadeandalucia.es\/ieslasflores\" target=\"_blank\" rel=\"noopener\">https:\/\/blogsaverroes.juntadeandalucia.es\/ieslasflores<\/a><\/p><p>&nbsp;<\/p>    <\/div>\n<\/div>\n<!-- \/module text -->        <\/div>\n                    <div  data-lazy=\"1\" class=\"module_column tb-column col2-1 tb_vvau771 last\">\n                    <!-- module text -->\n<div  class=\"module module-text tb_0irx280  repeat \" data-lazy=\"1\">\n        <div  class=\"tb_text_wrap\">\n        <h3 style=\"text-align: left;\">Oferta educativa<\/h3><p>&#8211; Educaci\u00f3n Secundaria Obligatoria<\/p><p>&#8211; Programa Espec\u00edfico de Formaci\u00f3n Profesional B\u00e1sica<\/p><ul><li style=\"list-style-type: none;\"><ul style=\"list-style-type: circle;\"><li>Vidrier\u00eda y Alfarer\u00eda<\/li><\/ul><\/li><\/ul><p>&#8211; Bachillerato<\/p><ul><li style=\"list-style-type: none;\"><ul><li>Ciencias<\/li><li>Humanidades y Ciencias Sociales<\/li><\/ul><\/li><\/ul><p>&#8211; Educaci\u00f3n Secundaria para Personas Adultas (ESPA):<\/p><ul><li style=\"list-style-type: none;\"><ul style=\"list-style-type: circle;\"><li>Modalidad Semipresencial<\/li><\/ul><\/li><\/ul>    <\/div>\n<\/div>\n<!-- \/module text -->        <\/div>\n                        <\/div>\n        <\/div>\n                        <div  data-lazy=\"1\" class=\"module_row themify_builder_row tb_8r7a475 tf_w\">\n                        <div class=\"row_inner col_align_top tb_col_count_1 tf_box tf_rel\">\n                        <div  data-lazy=\"1\" class=\"module_column tb-column col-full tb_75ol478 first\">\n                    <!-- module text -->\n<div  class=\"module module-text tb_mgnf427  repeat \" data-lazy=\"1\">\n        <div  class=\"tb_text_wrap\">\n        <h3 class=\"sppb-addon-title\">\u00bfD\u00f3nde estamos?<\/h3><p><iframe loading=\"lazy\" style=\"border: 0;\" tabindex=\"0\" src=\"https:\/\/www.google.com\/maps\/embed?pb=!1m18!1m12!1m3!1d3193.6536443180617!2d-4.705366784220338!3d36.826818773899646!2m3!1f0!2f0!3f0!3m2!1i1024!2i768!4f13.1!3m3!1m2!1s0xd72eaf2313bcb13%3A0x4fc91b3dff774d56!2sIES%20Las%20Flores!5e0!3m2!1ses!2ses!4v1610908871761!5m2!1ses!2ses\" width=\"1200\" height=\"600\" frameborder=\"0\" allowfullscreen=\"allowfullscreen\" aria-hidden=\"false\"><\/iframe>&nbsp;<\/p>    <\/div>\n<\/div>\n<!-- \/module text -->        <\/div>\n                        <\/div>\n        <\/div>\n        <\/div>\n<!--\/themify_builder_content-->","protected":false},"excerpt":{"rendered":"<p>Datos del centro y oferta educativa &nbsp; &nbsp; Datos del Centro &#8211; Instituto de Educaci\u00f3n Secundaria Las Flores &#8211; C\u00f3digo: 29000694 &#8211; Direcci\u00f3n:&nbsp; Avda. de la Constituci\u00f3n, s\/n. (Puente de la Cabeza),&nbsp; &nbsp; &nbsp; &nbsp; &nbsp; &nbsp; &nbsp; &nbsp; &nbsp; &nbsp; &nbsp; &nbsp; &nbsp; 29500 \u00c1lora (M\u00e1laga) &#8211; Tel\u00e9fonos:&nbsp; 951-26-96-67&nbsp; &nbsp;y&nbsp; &nbsp;951-26-96-68 &#8211; Correo electr\u00f3nico:&nbsp; [&hellip;]<\/p>\n","protected":false},"author":11740,"featured_media":0,"parent":0,"menu_order":0,"comment_status":"closed","ping_status":"closed","template":"","meta":{"ngg_post_thumbnail":0,"footnotes":"","_mc_calendar":[]},"aioseo_notices":[],"_links":{"self":[{"href":"https:\/\/blogsaverroes.juntadeandalucia.es\/ieslasflores\/wp-json\/wp\/v2\/pages\/2890"}],"collection":[{"href":"https:\/\/blogsaverroes.juntadeandalucia.es\/ieslasflores\/wp-json\/wp\/v2\/pages"}],"about":[{"href":"https:\/\/blogsaverroes.juntadeandalucia.es\/ieslasflores\/wp-json\/wp\/v2\/types\/page"}],"author":[{"embeddable":true,"href":"https:\/\/blogsaverroes.juntadeandalucia.es\/ieslasflores\/wp-json\/wp\/v2\/users\/11740"}],"replies":[{"embeddable":true,"href":"https:\/\/blogsaverroes.juntadeandalucia.es\/ieslasflores\/wp-json\/wp\/v2\/comments?post=2890"}],"version-history":[{"count":119,"href":"https:\/\/blogsaverroes.juntadeandalucia.es\/ieslasflores\/wp-json\/wp\/v2\/pages\/2890\/revisions"}],"predecessor-version":[{"id":5321,"href":"https:\/\/blogsaverroes.juntadeandalucia.es\/ieslasflores\/wp-json\/wp\/v2\/pages\/2890\/revisions\/5321"}],"wp:attachment":[{"href":"https:\/\/blogsaverroes.juntadeandalucia.es\/ieslasflores\/wp-json\/wp\/v2\/media?parent=2890"}],"curies":[{"name":"wp","href":"https:\/\/api.w.org\/{rel}","templated":true}]}}