{"id":2974,"date":"2021-01-10T14:35:45","date_gmt":"2021-01-10T13:35:45","guid":{"rendered":"https:\/\/blogsaverroes.juntadeandalucia.es\/ieslasflores\/?page_id=2974"},"modified":"2022-04-19T13:39:02","modified_gmt":"2022-04-19T12:39:02","slug":"orientacion-educativa","status":"publish","type":"page","link":"https:\/\/blogsaverroes.juntadeandalucia.es\/ieslasflores\/orientacion-educativa\/","title":{"rendered":"Orientaci\u00f3n educativa"},"content":{"rendered":"<!--themify_builder_content-->\n<div id=\"themify_builder_content-2974\" data-postid=\"2974\" class=\"themify_builder_content themify_builder_content-2974 themify_builder tf_clear\">\n                    <div  data-lazy=\"1\" class=\"module_row themify_builder_row tb_vzu7490 tb_first tf_w\">\n                        <div class=\"row_inner col_align_top tb_col_count_1 tf_box tf_rel\">\n                        <div  data-lazy=\"1\" class=\"module_column tb-column col-full tb_z8mb491 first\">\n                    <!-- module text -->\n<div  class=\"module module-text tb_hhx3975    hover-wow\" data-tf-animation_hover=\"pulse\" data-lazy=\"1\">\n        <div  class=\"tb_text_wrap\">\n        <h1 style=\"text-align: center;\"><span style=\"color: #ffffff;\">Departamento de Orientaci\u00f3n Educativa<\/span><\/h1>    <\/div>\n<\/div>\n<!-- \/module text -->        <\/div>\n                        <\/div>\n        <\/div>\n                        <div  data-lazy=\"1\" class=\"module_row themify_builder_row tb_cx3s187 tf_w\">\n                        <div class=\"row_inner col_align_top tb_col_count_1 tf_box tf_rel\">\n                        <div  data-lazy=\"1\" class=\"module_column tb-column col-full tb_fbd3187 first\">\n                    <!-- module text -->\n<div  class=\"module module-text tb_1wrl897 -  \" data-lazy=\"1\">\n        <div  class=\"tb_text_wrap\">\n        <h3><span style=\"color: #2c91bd;\">Composici\u00f3n del Departamento:<\/span><\/h3><ul style=\"list-style-type: disc;\"><li>Orientadora Jefa de Departamento<\/li><li>Orientadora del programa de Unidades de Acompa\u00f1amiento y Orientaci\u00f3n Profesional y Familiar<\/li><li>Maestras especialistas en Pedagog\u00eda Terap\u00e9utica<\/li><li>Profesorado de Compensaci\u00f3n Educativa.<\/li><\/ul><h3><span style=\"color: #2c91bd;\">Recursos:<\/span><\/h3><table style=\"height: 200px; width: 100%; border-collapse: collapse; background-color: #29cae3;\" border=\"1\" cellpadding=\"2\"><tbody><tr style=\"height: 24px;\"><td style=\"width: 99.8764%; background-color: #29cae3; height: 24px; text-align: center;\" colspan=\"2\"><strong>FAMILIAS<\/strong><\/td><\/tr><tr style=\"height: 56px;\"><td style=\"width: 99.8764%; background-color: #ffffff; height: 56px;\" colspan=\"2\" width=\"93\"><p><a href=\"https:\/\/www.juntadeandalucia.es\/temas\/estudiar\/becas\/junta-andalucia.html\">-Portal de la Junta de Andaluc\u00eda con los diferentes tipos de Becas, Ayudas y Subvenciones<\/a><\/p><p style=\"text-align: left;\"><a href=\"https:\/\/www.juntadeandalucia.es\/educacion\/portals\/delegate\/content\/052a5b1a-8502-44a3-91fc-c930b29ee9f6\">-Gu\u00eda de Orientaci\u00f3n para familias con adolescentes<\/a><\/p><p><a href=\"https:\/\/blogsaverroes.juntadeandalucia.es\/ieslasflores\/files\/2022\/04\/Tutorial-h\u00e1bito-de-estudio.pdf\">-H\u00e1bitos de Estudio<\/a><\/p><p><a href=\"https:\/\/blogsaverroes.juntadeandalucia.es\/ieslasflores\/files\/2022\/04\/Instrucciones-14-11-2013-Atenci\u00f3n-educativa-domiciliaria-por-enfermedad.pdf\">-Atenci\u00f3n Domiciliaria<\/a><\/p><\/td><\/tr><tr style=\"height: 24px;\"><td style=\"width: 99.8764%; background-color: #29cae3; text-align: center; height: 24px;\" colspan=\"2\"><strong>ORIENTACI\u00d3N ACAD\u00c9MICA<\/strong><\/td><\/tr><tr style=\"height: 24px;\"><td style=\"width: 8.27231%; text-align: center; height: 24px;\"><strong>ESO<\/strong><\/td><td style=\"width: 91.6041%; height: 24px; background-color: #ffffff;\"><a href=\"https:\/\/www.juntadeandalucia.es\/educacion\/portals\/web\/educacion-permanente\/pruebas\/pruebas-obtencion-graduado-eso\">-Prueba de obtenci\u00f3n del T\u00edtulo de ESO para mayores de 18 a\u00f1os<\/a><\/td><\/tr><tr style=\"height: 24px;\"><td style=\"width: 8.27231%; text-align: center; height: 24px;\"><strong>BACHILLERATO<\/strong><\/td><td style=\"width: 91.6041%; background-color: #ffffff; height: 24px;\"><a href=\"https:\/\/blogsaverroes.juntadeandalucia.es\/ieslasflores\/files\/2022\/04\/Presentaci\u00f3n-Acceso-y-Admisi\u00f3n-UMA-2022.pdf\">-Acceso Universidad: Gu\u00eda explicativa sobre la PVAU<\/a><\/td><\/tr><tr style=\"height: 24px;\"><td style=\"width: 8.27231%; text-align: center; height: 24px;\"><strong>FP<\/strong><\/td><td style=\"width: 91.6041%; background-color: #ffffff; height: 24px;\"><a href=\"https:\/\/blogsaverroes.juntadeandalucia.es\/fpmalaga\/\">-Sitio web sobre la FP de la Delegaci\u00f3n Territorial de Educaci\u00f3n y Deporte en M\u00e1laga<\/a><\/td><\/tr><tr><td style=\"width: 8.27231%; text-align: center;\"><p><strong>Programas Espec\u00edficos <\/strong><strong>de FPB<br><\/strong><\/p><\/td><td style=\"width: 91.6041%; background-color: #ffffff;\"><p><a href=\"https:\/\/blogsaverroes.juntadeandalucia.es\/ieslasflores\/files\/2022\/04\/Instrucciones-PEFPB-21_22-DT-M\u00e1laga.pdf\"><span style=\"font-family: inherit; font-size: inherit;\">-Instrucciones admisi\u00f3n y matriculaci\u00f3n<\/span><\/a><\/p><p><a href=\"https:\/\/blogsaverroes.juntadeandalucia.es\/ieslasflores\/files\/2022\/04\/C\u00f3digos-pe-fpb.pdf\"><span style=\"font-family: inherit; font-size: inherit;\">&#8211;<\/span><span style=\"font-family: inherit; font-size: inherit;\">C\u00f3digos de Programas espec\u00edficos de FPB<\/span><\/a><\/p><p><a href=\"https:\/\/blogsaverroes.juntadeandalucia.es\/ieslasflores\/files\/2022\/04\/Oferta-PE-FPB-2021-22-1-1.pdf\">-Oferta PEFPB Curso 2021\/2022<\/a>&nbsp;<\/p><\/td><\/tr><tr><td style=\"width: 8.27231%; text-align: center;\"><p><strong>Educaci\u00f3n Permanente<\/strong><\/p><\/td><td style=\"width: 91.6041%; background-color: #ffffff;\"><p><a href=\"https:\/\/www.juntadeandalucia.es\/educacion\/portals\/web\/educacion-permanente\/inicio\"><span style=\"font-family: inherit; font-size: inherit;\">-Sitio web de Educaci\u00f3n Permanente de la Consejer\u00eda de Educaci\u00f3n y Deporte de la Junta de Andaluc\u00eda<\/span><\/a><\/p><\/td><\/tr><tr style=\"height: 24px;\"><td style=\"text-align: center; height: 24px; width: 99.8764%;\" colspan=\"2\"><strong>ORIENTACI\u00d3N VOCACIONAL<\/strong><strong><br><\/strong><\/td><\/tr><tr><td style=\"background-color: #ffffff; text-align: center; width: 99.8764%;\" colspan=\"2\"><p style=\"text-align: left;\">-A continuaci\u00f3n os dejamos un <a href=\"https:\/\/blogsaverroes.juntadeandalucia.es\/salonvirtualdelestudiante\/test_orientacion\/\">enlace<\/a> con diferentes test que te ayudar\u00e1n a decidir entre las diferentes opciones acad\u00e9micas y profesionales<strong>&nbsp;<\/strong><\/p><\/td><\/tr><tr style=\"height: 24px;\"><td style=\"text-align: center; height: 24px; width: 99.8764%;\" colspan=\"2\"><strong>ORIENTACI\u00d3N LABORAL<\/strong><strong><br><\/strong><\/td><\/tr><tr><td style=\"background-color: #ffffff; width: 99.8764%; text-align: left;\" colspan=\"2\"><a href=\"https:\/\/blogsaverroes.juntadeandalucia.es\/orientadelegacionmalaga\/orientacion-laboral\/\">-P\u00e1gina web de Orientaci\u00f3n Laboral del Equipo T\u00e9cnico Provincial de Orientaci\u00f3n de M\u00e1laga<\/a><\/td><\/tr><\/tbody><\/table><p>&nbsp;<\/p>    <\/div>\n<\/div>\n<!-- \/module text -->        <\/div>\n                        <\/div>\n        <\/div>\n        <\/div>\n<!--\/themify_builder_content-->","protected":false},"excerpt":{"rendered":"<p>Departamento de Orientaci\u00f3n Educativa Composici\u00f3n del Departamento: Orientadora Jefa de Departamento Orientadora del programa de Unidades de Acompa\u00f1amiento y Orientaci\u00f3n Profesional y Familiar Maestras especialistas en Pedagog\u00eda Terap\u00e9utica Profesorado de Compensaci\u00f3n Educativa. Recursos: FAMILIAS -Portal de la Junta de Andaluc\u00eda con los diferentes tipos de Becas, Ayudas y Subvenciones -Gu\u00eda de Orientaci\u00f3n para familias con [&hellip;]<\/p>\n","protected":false},"author":11740,"featured_media":0,"parent":0,"menu_order":0,"comment_status":"closed","ping_status":"closed","template":"","meta":{"ngg_post_thumbnail":0,"footnotes":"","_mc_calendar":[]},"aioseo_notices":[],"_links":{"self":[{"href":"https:\/\/blogsaverroes.juntadeandalucia.es\/ieslasflores\/wp-json\/wp\/v2\/pages\/2974"}],"collection":[{"href":"https:\/\/blogsaverroes.juntadeandalucia.es\/ieslasflores\/wp-json\/wp\/v2\/pages"}],"about":[{"href":"https:\/\/blogsaverroes.juntadeandalucia.es\/ieslasflores\/wp-json\/wp\/v2\/types\/page"}],"author":[{"embeddable":true,"href":"https:\/\/blogsaverroes.juntadeandalucia.es\/ieslasflores\/wp-json\/wp\/v2\/users\/11740"}],"replies":[{"embeddable":true,"href":"https:\/\/blogsaverroes.juntadeandalucia.es\/ieslasflores\/wp-json\/wp\/v2\/comments?post=2974"}],"version-history":[{"count":47,"href":"https:\/\/blogsaverroes.juntadeandalucia.es\/ieslasflores\/wp-json\/wp\/v2\/pages\/2974\/revisions"}],"predecessor-version":[{"id":5395,"href":"https:\/\/blogsaverroes.juntadeandalucia.es\/ieslasflores\/wp-json\/wp\/v2\/pages\/2974\/revisions\/5395"}],"wp:attachment":[{"href":"https:\/\/blogsaverroes.juntadeandalucia.es\/ieslasflores\/wp-json\/wp\/v2\/media?parent=2974"}],"curies":[{"name":"wp","href":"https:\/\/api.w.org\/{rel}","templated":true}]}}