{"id":2980,"date":"2021-01-10T14:44:12","date_gmt":"2021-01-10T13:44:12","guid":{"rendered":"https:\/\/blogsaverroes.juntadeandalucia.es\/ieslasflores\/?page_id=2980"},"modified":"2022-06-15T15:29:31","modified_gmt":"2022-06-15T14:29:31","slug":"convivencia","status":"publish","type":"page","link":"https:\/\/blogsaverroes.juntadeandalucia.es\/ieslasflores\/convivencia\/","title":{"rendered":"Convivencia"},"content":{"rendered":"<!--themify_builder_content-->\n<div id=\"themify_builder_content-2980\" data-postid=\"2980\" class=\"themify_builder_content themify_builder_content-2980 themify_builder tf_clear\">\n                    <div  data-lazy=\"1\" class=\"module_row themify_builder_row tb_urw3194 tb_first tf_w\">\n            <span class=\"builder_row_cover tf_abs\"><\/span>            <div class=\"row_inner col_align_top tb_col_count_1 tf_box tf_rel\">\n                        <div  data-lazy=\"1\" class=\"module_column tb-column col-full tb_qko0194 first\">\n                    <!-- module text -->\n<div  class=\"module module-text tb_l7x0195    hide-mobile hover-wow\" data-tf-animation_hover=\"pulse\" data-lazy=\"1\">\n        <div  class=\"tb_text_wrap\">\n        <h1 style=\"text-align: left;\">Departamento de Convivencia y Atenci\u00f3n a la Diversidad<\/h1>    <\/div>\n<\/div>\n<!-- \/module text --><!-- module text -->\n<div  class=\"module module-text tb_yz3c223    hide-desktop hide-tablet hide-tablet_landscape hover-wow\" data-tf-animation_hover=\"pulse\" data-lazy=\"1\">\n        <div  class=\"tb_text_wrap\">\n        <h1 style=\"text-align: center;\">Departamento de Convivencia y Atenci\u00f3n a la Diversidad<\/h1>    <\/div>\n<\/div>\n<!-- \/module text -->        <\/div>\n                        <\/div>\n        <\/div>\n                        <div  data-lazy=\"1\" class=\"module_row themify_builder_row tb_af2t54 tf_w\">\n                        <div class=\"row_inner col_align_top tb_col_count_1 tf_box tf_rel\">\n                        <div  data-lazy=\"1\" class=\"module_column tb-column col-full tb_o6bb55 first\">\n                    <!-- module text -->\n<div  class=\"module module-text tb_eilb949   \" data-lazy=\"1\">\n        <div  class=\"tb_text_wrap\">\n        <h3><span style=\"color: #2c91bd;\">Funci\u00f3n b\u00e1sica&nbsp;<\/span><\/h3><p style=\"text-align: justify;\">Nuestro centro educativo, como recurso docente para conseguir una mejora en la convivencia de nuestra comunidad educativa fue pionero en la creaci\u00f3n del <strong>Departamento de Convivencia y Atenci\u00f3n a la Diversidad<\/strong>. La funci\u00f3n b\u00e1sica de este departamento es <span style=\"text-decoration: underline;\">prevenir<\/span> la existencia de conflictos, <span style=\"text-decoration: underline;\">minimizar<\/span> su impacto cuando se producen, as\u00ed como <span style=\"text-decoration: underline;\">gestionar<\/span> los aspectos m\u00e1s relevantes para la convivencia en nuestro centro educativo.<\/p><p style=\"text-align: justify;\">Son muchas y variadas las actividades que se realizan a lo largo del curso, en las tutor\u00edas, la celebraci\u00f3n de efem\u00e9rides, charlas, talleres, exposiciones, concursos, cuentacuentos, actividades art\u00edsticas, jornadas de convivencia escolar, formaci\u00f3n de mediadores escolares, para sensibilizar y educar en valores a nuestro alumnado.<\/p><p>Sin embargo, los conflictos no son ajenos a la vida escolar, como tampoco lo ser\u00e1n durante la vida de nuestro alumnado. Trabajamos para la prevenci\u00f3n de situaciones violentas y tratamos de prepararlo para afrontar dichas situaciones y la necesidad de formarse continuamente como personas responsables. A pesar de ello, se producen situaciones contrarias a las normas de convivencia.<\/p>    <\/div>\n<\/div>\n<!-- \/module text -->        <\/div>\n                        <\/div>\n        <\/div>\n                        <div  data-lazy=\"1\" class=\"module_row themify_builder_row tb_rmla485 tf_w\">\n                        <div class=\"row_inner col_align_top tb_col_count_1 tf_box tf_rel\">\n                        <div  data-lazy=\"1\" class=\"module_column tb-column col-full tb_54k6486 first\">\n                    <!-- module text -->\n<div  class=\"module module-text tb_a611602   \" data-lazy=\"1\">\n        <div  class=\"tb_text_wrap\">\n        <h3><span style=\"color: #2c91bd;\">Primer Premio a la promoci\u00f3n de la Cultura de Paz y la Convivencia 2017-2018<\/span><\/h3>    <\/div>\n<\/div>\n<!-- \/module text -->        <\/div>\n                        <\/div>\n        <\/div>\n                        <div  data-lazy=\"1\" class=\"module_row themify_builder_row tb_e14l299 tf_w\">\n                        <div class=\"row_inner col_align_top tb_col_count_2 tf_box tf_rel\">\n                        <div  data-lazy=\"1\" class=\"module_column tb-column col2-1 tb_muhh299 first\">\n                    <!-- module text -->\n<div  class=\"module module-text tb_wndx671   \" data-lazy=\"1\">\n        <div  class=\"tb_text_wrap\">\n        <p style=\"text-align: justify;\">El Gabinete de Convivencia de la Delegaci\u00f3n Provincial de Educaci\u00f3n de M\u00e1laga, seleccion\u00f3 a nuestro centro para defender la labor realizada en materia de convivencia en la <strong>XI Edici\u00f3n de los Premios<\/strong>, concedidos a centros docentes andaluces sostenidos con fondos p\u00fablicos que destaquen por su labor en la promoci\u00f3n de la Cultura de Paz, la mejora de la convivencia escolar y la resoluci\u00f3n pac\u00edfica y dialogada de los conflictos, correspondiente al curso 2017-2018. Tras la fase provincial, accedimos a la fase auton\u00f3mica consiguiendo el <strong>Primer Premio<\/strong>.<\/p><p style=\"text-align: justify;\">En la siguiente <a href=\"https:\/\/youtu.be\/l1_2_J3Trfg\">presentaci\u00f3n<\/a> pueden verse alguno de los aspectos sobre los que se trabaja en el instituto.<\/p><p style=\"text-align: justify;\">La entrega de premios tuvo lugar en el Parque de las Ciencias de Granada y lo recogi\u00f3 nuestro director D. Antonio Hidalgo. En el siguiente <a href=\"https:\/\/youtu.be\/wLB0rZGKd2g\">enlace<\/a> puede un extracto de la ceremonia mostrando dicho momento.<\/p>    <\/div>\n<\/div>\n<!-- \/module text -->        <\/div>\n                    <div  data-lazy=\"1\" class=\"module_column tb-column col2-1 tb_yy19300 last\">\n                    <!-- module image -->\n<div  class=\"module module-image tb_fxpn634 image-top rounded  tf_mw\" data-lazy=\"1\">\n        <div class=\"image-wrap tf_rel tf_mw\">\n            <a href=\"https:\/\/blogsaverroes.juntadeandalucia.es\/ieslasflores\/files\/2022\/05\/Premio-scaled.jpg\">\n                   <img loading=\"lazy\" decoding=\"async\" width=\"1600\" height=\"1195\" src=\"https:\/\/blogsaverroes.juntadeandalucia.es\/ieslasflores\/files\/2022\/05\/Premio-scaled.jpg\" class=\"wp-post-image wp-image-5823\" title=\"Convivencia\" alt=\"Convivencia\" srcset=\"https:\/\/blogsaverroes.juntadeandalucia.es\/ieslasflores\/files\/2022\/05\/Premio-scaled.jpg 1600w, https:\/\/blogsaverroes.juntadeandalucia.es\/ieslasflores\/files\/2022\/05\/Premio-768x574.jpg 768w, https:\/\/blogsaverroes.juntadeandalucia.es\/ieslasflores\/files\/2022\/05\/Premio-1536x1147.jpg 1536w, https:\/\/blogsaverroes.juntadeandalucia.es\/ieslasflores\/files\/2022\/05\/Premio-2048x1530.jpg 2048w\" sizes=\"(max-width: 1600px) 100vw, 1600px\" \/>        <\/a>\n    \n        <\/div>\n    <!-- \/image-wrap -->\n    \n        <\/div>\n<!-- \/module image -->        <\/div>\n                        <\/div>\n        <\/div>\n                        <div  data-lazy=\"1\" class=\"module_row themify_builder_row tb_8uo6501 tf_w\">\n                        <div class=\"row_inner col_align_top tb_col_count_2 tf_box tf_rel\">\n                        <div  data-lazy=\"1\" class=\"module_column tb-column col2-1 tb_w3vk502 first\">\n                    <!-- module text -->\n<div  class=\"module module-text tb_r2ti295   \" data-lazy=\"1\">\n        <div  class=\"tb_text_wrap\">\n        <h3 style=\"text-align: left;\"><span style=\"color: #2c91bd;\">Proyecto \u00abSoy \u00datil\u00bb&nbsp;<\/span><\/h3>    <\/div>\n<\/div>\n<!-- \/module text -->        <\/div>\n                    <div  data-lazy=\"1\" class=\"module_column tb-column col2-1 tb_855y503 last\">\n                    <!-- module image -->\n<div  class=\"module module-image tb_9hyg488 image-top rounded  tf_mw\" data-lazy=\"1\">\n        <div class=\"image-wrap tf_rel tf_mw\">\n            <img loading=\"lazy\" decoding=\"async\" src=\"https:\/\/blogsaverroes.juntadeandalucia.es\/ieslasflores\/files\/2022\/06\/LOGO-SOY-UTIL_v3-111x94.jpg\" width=\"111\" height=\"94\" class=\"wp-post-image wp-image-6127\" title=\"Convivencia\" alt=\"Convivencia\">    \n        <\/div>\n    <!-- \/image-wrap -->\n    \n        <\/div>\n<!-- \/module image -->        <\/div>\n                        <\/div>\n        <\/div>\n                        <div  data-lazy=\"1\" class=\"module_row themify_builder_row tb_uj8f354 tf_w\">\n                        <div class=\"row_inner col_align_top tb_col_count_1 tf_box tf_rel\">\n                        <div  data-lazy=\"1\" class=\"module_column tb-column col-full tb_fy7s355 first\">\n                    <!-- module text -->\n<div  class=\"module module-text tb_1rma626   \" data-lazy=\"1\">\n        <div  class=\"tb_text_wrap\">\n        <p style=\"text-align: justify;\">El profesorado, en primera instancia, el Departamento de Convivencia y el Equipo Directivo tienen como prioridad la actuaci\u00f3n preventiva y formativa para fomentar un buen ambiente en la comunidad educativa. A pesar de ello, se producen situaciones contrarias a las normas de convivencia. Nuestro centro cuenta entre otros recursos con el Aula de Convivencia. Aun as\u00ed, hay casos que derivan en la medida disciplinaria de suspensi\u00f3n del derecho de asistencia al centro por un periodo superior a tres d\u00edas e inferior a un mes.<\/p><p style=\"text-align: justify;\">Preocupados por dotar de contenido educativo a esta medida, nace nuestro Proyecto \u201cSoy \u00datil\u201d. La idea es que el alumnado acuda a una entidad de la localidad que realice una labor social para colaborar con ellos durante ese periodo. Se trata de una metodolog\u00eda basada en el Aprendizaje-Servicio. Tratamos de proporcionar un contexto donde el alumnado pueda sentirse \u00fatil y sentirse protagonista destacando por una labor positiva y no disruptiva. De esta forma su autoestima aumenta y puede descubrir un servicio con el que poder aportar su val\u00eda.<\/p><p style=\"text-align: justify;\">Las familias participan y la acogen favorablemente, ya que les ayuda a gestionar una situaci\u00f3n que en muchas ocasiones les desborda. Manifiestan que a veces es dif\u00edcil conciliar la vida laboral con la atenci\u00f3n en casa al alumnado durante el periodo de expulsi\u00f3n.&nbsp;<\/p><p style=\"text-align: justify;\">Nuestras entidades colaboradoras son:<\/p><ul><li style=\"text-align: justify;\">Residencia de Ancianos Virgen de Flores.&nbsp;<\/li><li style=\"text-align: justify;\">Ayuntamiento (Biblioteca Municipal).<\/li><li style=\"text-align: justify;\">Asociaci\u00f3n de Enfermos de Alzheimer de \u00c1lora<\/li><\/ul><p style=\"text-align: justify;\">Son entornos que adem\u00e1s de desarrollar una labor social, tambi\u00e9n proporcionan a nuestro alumnado valores de igualdad, ya que, entre otras cosas, lo implica en el cuidado a los mayores; una labor que tradicionalmente ha sido vista con rol femenino.<\/p><p style=\"text-align: justify;\">El proyecto tiene un protocolo de actuaci\u00f3n y se ha generado un material de implementaci\u00f3n, que est\u00e1 a disposici\u00f3n de&nbsp;<i>&nbsp;<\/i>cualquier centro educativo que lo solicite. De hecho ya se est\u00e1 llevando a cabo en otros institutos.<\/p><p>Para finalizar, os mostramos dos videos con los relatos de los protagonistas, el primer video desde el punto de vista de Tom\u00e1s Su\u00e1rez, director de la Residencia Virgen de las Flores de \u00c1lora y el segundo video, desde el punto de vista de un alumno que ha participado en el proyecto.<\/p>    <\/div>\n<\/div>\n<!-- \/module text -->        <\/div>\n                        <\/div>\n        <\/div>\n                        <div  data-lazy=\"1\" class=\"module_row themify_builder_row tb_j6u6221 tf_w\">\n                        <div class=\"row_inner col_align_top tb_col_count_2 tf_box tf_rel\">\n                        <div  data-lazy=\"1\" class=\"module_column tb-column col2-1 tb_7a73222 first\">\n                    <!-- module video -->\n<div  class=\"module module-video tb_lzgq565 video-top  \" data-lazy=\"1\">\n                    <div class=\"video-wrap-outer\">\n            <div class=\"video-wrap tf_rel tf_overflow tf_local_video\">\n                \n                    \n                    <div style=\"width: 640px;\" class=\"wp-video\"><!--[if lt IE 9]><script>document.createElement('video');<\/script><![endif]-->\n<video class=\"wp-video-shortcode\" id=\"video-2980-1\" width=\"640\" height=\"360\" preload=\"metadata\" controls=\"controls\"><source type=\"video\/mp4\" src=\"https:\/\/blogsaverroes.juntadeandalucia.es\/ieslasflores\/files\/2022\/06\/testim_Tomas.mp4?_=1\" \/><a href=\"https:\/\/blogsaverroes.juntadeandalucia.es\/ieslasflores\/files\/2022\/06\/testim_Tomas.mp4\">https:\/\/blogsaverroes.juntadeandalucia.es\/ieslasflores\/files\/2022\/06\/testim_Tomas.mp4<\/a><\/video><\/div>\n                    \n                                <\/div>\n            <!-- \/video-wrap -->\n        <\/div>\n        <!-- \/video-wrap-outer -->\n            <\/div>\n        <\/div>\n                    <div  data-lazy=\"1\" class=\"module_column tb-column col2-1 tb_y2pn222 last\">\n                    <!-- module video -->\n<div  class=\"module module-video tb_k2c8551 video-top  \" data-lazy=\"1\">\n                    <div class=\"video-wrap-outer\">\n            <div class=\"video-wrap tf_rel tf_overflow tf_local_video\">\n                \n                    \n                    <div style=\"width: 640px;\" class=\"wp-video\"><video class=\"wp-video-shortcode\" id=\"video-2980-2\" width=\"640\" height=\"360\" preload=\"metadata\" controls=\"controls\"><source type=\"video\/mp4\" src=\"https:\/\/blogsaverroes.juntadeandalucia.es\/ieslasflores\/files\/2022\/06\/testim_alumno.mp4?_=2\" \/><a href=\"https:\/\/blogsaverroes.juntadeandalucia.es\/ieslasflores\/files\/2022\/06\/testim_alumno.mp4\">https:\/\/blogsaverroes.juntadeandalucia.es\/ieslasflores\/files\/2022\/06\/testim_alumno.mp4<\/a><\/video><\/div>\n                    \n                                <\/div>\n            <!-- \/video-wrap -->\n        <\/div>\n        <!-- \/video-wrap-outer -->\n            <\/div>\n        <\/div>\n                        <\/div>\n        <\/div>\n        <\/div>\n<!--\/themify_builder_content-->","protected":false},"excerpt":{"rendered":"<p>Departamento de Convivencia y Atenci\u00f3n a la Diversidad Departamento de Convivencia y Atenci\u00f3n a la Diversidad Funci\u00f3n b\u00e1sica&nbsp; Nuestro centro educativo, como recurso docente para conseguir una mejora en la convivencia de nuestra comunidad educativa fue pionero en la creaci\u00f3n del Departamento de Convivencia y Atenci\u00f3n a la Diversidad. La funci\u00f3n b\u00e1sica de este departamento [&hellip;]<\/p>\n","protected":false},"author":11740,"featured_media":0,"parent":0,"menu_order":0,"comment_status":"closed","ping_status":"closed","template":"","meta":{"ngg_post_thumbnail":0,"footnotes":"","_mc_calendar":[]},"aioseo_notices":[],"_links":{"self":[{"href":"https:\/\/blogsaverroes.juntadeandalucia.es\/ieslasflores\/wp-json\/wp\/v2\/pages\/2980"}],"collection":[{"href":"https:\/\/blogsaverroes.juntadeandalucia.es\/ieslasflores\/wp-json\/wp\/v2\/pages"}],"about":[{"href":"https:\/\/blogsaverroes.juntadeandalucia.es\/ieslasflores\/wp-json\/wp\/v2\/types\/page"}],"author":[{"embeddable":true,"href":"https:\/\/blogsaverroes.juntadeandalucia.es\/ieslasflores\/wp-json\/wp\/v2\/users\/11740"}],"replies":[{"embeddable":true,"href":"https:\/\/blogsaverroes.juntadeandalucia.es\/ieslasflores\/wp-json\/wp\/v2\/comments?post=2980"}],"version-history":[{"count":175,"href":"https:\/\/blogsaverroes.juntadeandalucia.es\/ieslasflores\/wp-json\/wp\/v2\/pages\/2980\/revisions"}],"predecessor-version":[{"id":6194,"href":"https:\/\/blogsaverroes.juntadeandalucia.es\/ieslasflores\/wp-json\/wp\/v2\/pages\/2980\/revisions\/6194"}],"wp:attachment":[{"href":"https:\/\/blogsaverroes.juntadeandalucia.es\/ieslasflores\/wp-json\/wp\/v2\/media?parent=2980"}],"curies":[{"name":"wp","href":"https:\/\/api.w.org\/{rel}","templated":true}]}}