{"id":2982,"date":"2021-01-10T14:44:37","date_gmt":"2021-01-10T13:44:37","guid":{"rendered":"https:\/\/blogsaverroes.juntadeandalucia.es\/ieslasflores\/?page_id=2982"},"modified":"2022-03-21T18:35:33","modified_gmt":"2022-03-21T17:35:33","slug":"feie","status":"publish","type":"page","link":"https:\/\/blogsaverroes.juntadeandalucia.es\/ieslasflores\/feie\/","title":{"rendered":"FEIE"},"content":{"rendered":"<!--themify_builder_content-->\n<div id=\"themify_builder_content-2982\" data-postid=\"2982\" class=\"themify_builder_content themify_builder_content-2982 themify_builder tf_clear\">\n                    <div  data-lazy=\"1\" class=\"module_row themify_builder_row tb_ruch730 tb_first tf_w\">\n            <span class=\"builder_row_cover tf_abs\"><\/span>            <div class=\"row_inner col_align_top tb_col_count_1 tf_box tf_rel\">\n                        <div  data-lazy=\"1\" class=\"module_column tb-column col-full tb_6idk730 first\">\n                    <!-- module text -->\n<div  class=\"module module-text tb_5elm731    hover-wow\" data-tf-animation_hover=\"pulse\" data-lazy=\"1\">\n        <div  class=\"tb_text_wrap\">\n        <h1 style=\"text-align: center;\">Departamento de Formaci\u00f3n, Evaluaci\u00f3n e Innovaci\u00f3n Educativa<\/h1>    <\/div>\n<\/div>\n<!-- \/module text -->        <\/div>\n                        <\/div>\n        <\/div>\n                        <div  data-lazy=\"1\" class=\"module_row themify_builder_row tb_z8ix417 tf_w\">\n                        <div class=\"row_inner col_align_top tb_col_count_1 tf_box tf_rel\">\n                        <div  data-lazy=\"1\" class=\"module_column tb-column col-full tb_jtks418 first\">\n                    <!-- module text -->\n<div  class=\"module module-text tb_dvq2607   \" data-lazy=\"1\">\n        <div  class=\"tb_text_wrap\">\n        <p>El Departamento de Formaci\u00f3n, Evaluaci\u00f3n e Innovaci\u00f3n Educativa es un departamento cuya creaci\u00f3n se enmarca bajo el amparo del <strong>Decreto 327\/2010<\/strong>, de 13 de julio, por el que se aprueba el Reglamento Org\u00e1nico de los Institutos de Educaci\u00f3n Secundaria.<\/p><h3><span style=\"color: #2c91bd;\">Composici\u00f3n del Departamento:<\/span><\/h3><p>El Departamento est\u00e1 compuesto por<strong>:<\/strong><\/p><ol><li>Las personas que ejerzan la coordinaci\u00f3n de las \u00e1reas de competencias:<ol style=\"list-style-type: lower-alpha;\"><li>\u00c1rea Cient\u00edfico-Tecnol\u00f3gica.<\/li><li>\u00c1rea Socio-Ling\u00fc\u00edstica.<\/li><li>\u00c1rea Art\u00edstica.<\/li><\/ol><\/li><li>La persona que ejerza la jefatura del Departamento de FEIE.<\/li><\/ol><h3><span style=\"color: #2c91bd;\">Funciones del Departamento:<\/span><\/h3><p>De acuerdo con el art\u00edculo 87 del <strong>Decreto 327\/2010<\/strong>, el departamento tiene las siguientes funciones:<\/p><table style=\"height: 152px; width: 100%; border-collapse: collapse; background-color: #29cae3;\" border=\"1\" cellpadding=\"2\"><tbody><tr style=\"height: 24px;\"><td style=\"width: 16.6211%; background-color: #2c91bd; text-align: center; height: 24px;\">Tipo<\/td><td style=\"width: 83.2553%; background-color: #2c91bd; text-align: center; height: 24px;\">Funciones<\/td><\/tr><tr style=\"height: 56px;\"><td style=\"width: 16.6211%; background-color: #29cae3; height: 56px;\" width=\"93\"><p style=\"text-align: center;\"><strong>Formaci\u00f3n<\/strong><\/p><\/td><td style=\"width: 83.2553%; height: 56px; background-color: #ffffff;\">a) Realizar el diagn\u00f3stico de las necesidades formativas del profesorado atendiendo a los resultados de la autoevaluaci\u00f3n o de las evaluaciones internas o externas realizadas.<br>b) Proponer al equipo directivo y al Claustro las actividades formativas que constituir\u00e1n, cada curso escolar, el plan de formaci\u00f3n del profesorado, para su inclusi\u00f3n en el proyecto educativo.<br>c) Promover, mediante la informaci\u00f3n a los miembros del claustro en colaboraci\u00f3n con el correspondiente centro del profesorado, de las actividades formativas de las que tengamos noticia, y la puesta en marcha grupos de trabajo y formaci\u00f3n en centro.<br>d) Coordinar la realizaci\u00f3n de las actividades de perfeccionamiento del profesorado.<br>e) Colaborar con el centro del profesorado de M\u00e1laga en cualquier otro aspecto relacionado con la oferta de actividades formativas y difundir entre los miembros del claustro informaci\u00f3n sobre las mismas.<br>f) Investigar sobre el uso de las buenas pr\u00e1cticas docentes existentes y promocionar su difusi\u00f3n, tanto dentro de nuestro centro docente como fuera de \u00e9l.<\/td><\/tr><tr style=\"height: 24px;\"><td style=\"width: 16.6211%; background-color: #29cae3; text-align: center; height: 24px;\"><strong>Innovaci\u00f3n<\/strong><\/td><td style=\"width: 83.2553%; height: 24px; background-color: #ffffff;\">g) Fomentar el trabajo cooperativo de los equipos docentes para que estos contribuyan al desarrollo de las competencias b\u00e1sicas en la educaci\u00f3n secundaria obligatoria.<br>h) Informar al profesorado sobre l\u00edneas de investigaci\u00f3n did\u00e1ctica innovadoras que se est\u00e9n llevando a cabo con respecto al curr\u00edculo.<br>i) Fomentar iniciativas entre los departamentos de coordinaci\u00f3n did\u00e1ctica que favorezcan la elaboraci\u00f3n de materiales curriculares.<br>j) Promover que las materias optativas de configuraci\u00f3n propia y el proyecto integrado est\u00e9n basados en trabajos de investigaci\u00f3n y sigan una metodolog\u00eda activa y participativa entre el alumnado.<\/td><\/tr><tr style=\"height: 24px;\"><td style=\"width: 16.6211%; text-align: center; height: 24px;\"><strong>Evaluaci\u00f3n<\/strong><\/td><td style=\"width: 83.2553%; height: 24px; background-color: #ffffff;\">k) Establecer indicadores de calidad que permitan valorar la eficacia de las actividades desarrolladas por el Centro, y realizar su seguimiento.<br>l) Elevar al Claustro de Profesorado el plan para evaluar los aspectos educativos del Plan de Centro, la evoluci\u00f3n del aprendizaje y el proceso de ense\u00f1anza.<br>m) Colaborar con las autoridades educativas en la aplicaci\u00f3n y el seguimiento del proceso de evaluaci\u00f3n del Centro.<br>n) Proponer, al equipo directivo y al claustro de Profesorado, planes de mejora como resultado de las evaluaciones llevadas a cabo en el instituto.<\/td><\/tr><tr style=\"height: 24px;\"><td style=\"width: 16.6211%; text-align: center; height: 24px;\"><strong>Otras<\/strong><\/td><td style=\"width: 83.2553%; height: 24px; background-color: #ffffff;\">\u00f1) Cualesquiera otras que le sean atribuidas en el proyecto educativo del instituto o por Orden de la persona titular de la Consejer\u00eda competente en materia de educaci\u00f3n.<\/td><\/tr><\/tbody><\/table><p>&nbsp;<\/p>    <\/div>\n<\/div>\n<!-- \/module text -->        <\/div>\n                        <\/div>\n        <\/div>\n        <\/div>\n<!--\/themify_builder_content-->","protected":false},"excerpt":{"rendered":"<p>Departamento de Formaci\u00f3n, Evaluaci\u00f3n e Innovaci\u00f3n Educativa El Departamento de Formaci\u00f3n, Evaluaci\u00f3n e Innovaci\u00f3n Educativa es un departamento cuya creaci\u00f3n se enmarca bajo el amparo del Decreto 327\/2010, de 13 de julio, por el que se aprueba el Reglamento Org\u00e1nico de los Institutos de Educaci\u00f3n Secundaria. Composici\u00f3n del Departamento: El Departamento est\u00e1 compuesto por: Las [&hellip;]<\/p>\n","protected":false},"author":11740,"featured_media":0,"parent":0,"menu_order":0,"comment_status":"closed","ping_status":"closed","template":"","meta":{"ngg_post_thumbnail":0,"footnotes":"","_mc_calendar":[]},"aioseo_notices":[],"_links":{"self":[{"href":"https:\/\/blogsaverroes.juntadeandalucia.es\/ieslasflores\/wp-json\/wp\/v2\/pages\/2982"}],"collection":[{"href":"https:\/\/blogsaverroes.juntadeandalucia.es\/ieslasflores\/wp-json\/wp\/v2\/pages"}],"about":[{"href":"https:\/\/blogsaverroes.juntadeandalucia.es\/ieslasflores\/wp-json\/wp\/v2\/types\/page"}],"author":[{"embeddable":true,"href":"https:\/\/blogsaverroes.juntadeandalucia.es\/ieslasflores\/wp-json\/wp\/v2\/users\/11740"}],"replies":[{"embeddable":true,"href":"https:\/\/blogsaverroes.juntadeandalucia.es\/ieslasflores\/wp-json\/wp\/v2\/comments?post=2982"}],"version-history":[{"count":42,"href":"https:\/\/blogsaverroes.juntadeandalucia.es\/ieslasflores\/wp-json\/wp\/v2\/pages\/2982\/revisions"}],"predecessor-version":[{"id":5243,"href":"https:\/\/blogsaverroes.juntadeandalucia.es\/ieslasflores\/wp-json\/wp\/v2\/pages\/2982\/revisions\/5243"}],"wp:attachment":[{"href":"https:\/\/blogsaverroes.juntadeandalucia.es\/ieslasflores\/wp-json\/wp\/v2\/media?parent=2982"}],"curies":[{"name":"wp","href":"https:\/\/api.w.org\/{rel}","templated":true}]}}