{"id":2984,"date":"2021-01-10T14:45:01","date_gmt":"2021-01-10T13:45:01","guid":{"rendered":"https:\/\/blogsaverroes.juntadeandalucia.es\/ieslasflores\/?page_id=2984"},"modified":"2022-05-03T12:11:11","modified_gmt":"2022-05-03T11:11:11","slug":"dace","status":"publish","type":"page","link":"https:\/\/blogsaverroes.juntadeandalucia.es\/ieslasflores\/dace\/","title":{"rendered":"DACE"},"content":{"rendered":"<!--themify_builder_content-->\n<div id=\"themify_builder_content-2984\" data-postid=\"2984\" class=\"themify_builder_content themify_builder_content-2984 themify_builder tf_clear\">\n                    <div  data-lazy=\"1\" class=\"module_row themify_builder_row tb_x6jc395 tb_first tf_w\">\n            <span class=\"builder_row_cover tf_abs\"><\/span>            <div class=\"row_inner col_align_top tb_col_count_1 tf_box tf_rel\">\n                        <div  data-lazy=\"1\" class=\"module_column tb-column col-full tb_gqoj395 first\">\n                    <!-- module text -->\n<div  class=\"module module-text tb_ofqf396    hover-wow\" data-tf-animation_hover=\"pulse\" data-lazy=\"1\">\n        <div  class=\"tb_text_wrap\">\n        <h1 style=\"text-align: center;\"><span style=\"color: #ffffff;\">Departamento de Actividades Complementarias y Extraescolares<\/span><\/h1>    <\/div>\n<\/div>\n<!-- \/module text -->        <\/div>\n                        <\/div>\n        <\/div>\n                        <div  data-lazy=\"1\" class=\"module_row themify_builder_row tb_wmsg597 tf_w\">\n                        <div class=\"row_inner col_align_top tb_col_count_1 tf_box tf_rel\">\n                        <div  data-lazy=\"1\" class=\"module_column tb-column col-full tb_ah6n597 first\">\n                    <!-- module text -->\n<div  class=\"module module-text tb_u7ri598   \" data-lazy=\"1\">\n        <div  class=\"tb_text_wrap\">\n        <div class=\"fusion-layout-column fusion_builder_column fusion_builder_column_1_1 fusion-one-full fusion-column-first fusion-column-last fusion-column-no-min-height 1_1\"><div class=\"fusion-column-wrapper\" data-bg-url=\"\"><div class=\"fusion-title title fusion-title-size-two\"><h3 class=\"title-heading-left\" data-fontsize=\"30\" data-lineheight=\"36\"><span style=\"color: #2c91bd;\">\u00a1Bienvenidos\/as al Departamento de Actividades complementarias y extraescolares!<\/span><\/h3><p class=\"title-heading-left\" data-fontsize=\"30\" data-lineheight=\"36\"><span style=\"text-align: justify; font-size: 16px;\">Esperamos que la informaci\u00f3n que aqu\u00ed se ofrece sea de utilidad para toda la comunidad educativa.<\/span><\/p><\/div><div class=\"fusion-text\"><p style=\"text-align: justify;\">El DACE es el encargado de promover, organizar y coordinar la realizaci\u00f3n de todas estas actividades en el centro, en colaboraci\u00f3n con los departamentos did\u00e1cticos, el Departamento de Orientaci\u00f3n, el Departamento de Convivencia y con la Asociaci\u00f3n de Madres y Padres de Alumnado del centro.<\/p><p style=\"text-align: justify;\">El objetivo de estas actividades es el desarrollo integral de nuestro alumnado, as\u00ed como completar su formaci\u00f3n acad\u00e9mica con actividades muy variadas, de ampliaci\u00f3n cultural, deportivas y de contacto con la naturaleza.<\/p><\/div><\/div><\/div><div class=\"fusion-layout-column fusion_builder_column fusion_builder_column_1_1 fusion-one-full fusion-column-first fusion-column-last 1_1\"><div class=\"fusion-column-wrapper\" data-bg-url=\"\"><div class=\"fusion-text\"><h3 class=\"fusion-clearfix\" style=\"text-align: justify;\"><span style=\"color: #2c91bd;\">Actividades destacadas<\/span><\/h3><\/div><\/div><\/div>    <\/div>\n<\/div>\n<!-- \/module text -->        <\/div>\n                        <\/div>\n        <\/div>\n                        <div  data-lazy=\"1\" class=\"module_row themify_builder_row tb_bkzh164 tf_w\">\n                        <div class=\"row_inner col_align_top tb_col_count_1 tf_box tf_rel\">\n                        <div  data-lazy=\"1\" class=\"module_column tb-column col-full tb_args164 first\">\n                    <!-- module post -->\n<div  class=\"module module-post tb_nadj164 \">\n    <div  class=\"builder-posts-wrap loops-wrapper grid3 masonry polaroid tf_rel tf_clear tf_clearfix\" data-lazy=\"1\">\n    <article id=\"post-5760\" class=\"post tf_clearfix post-5760 type-post status-publish format-standard has-post-thumbnail hentry category-dace category-tecnologia has-post-title has-post-date has-post-category has-post-tag has-post-comment has-post-author \">\n\t    \n\t                <figure class=\"post-image tf_clearfix\">\n                                                            <a href=\"https:\/\/blogsaverroes.juntadeandalucia.es\/ieslasflores\/2022\/05\/13\/feria-de-la-ciencia-de-sevilla-participacion\/\">\n                                        <img loading=\"lazy\" decoding=\"async\" width=\"800\" height=\"800\" src=\"https:\/\/blogsaverroes.juntadeandalucia.es\/ieslasflores\/files\/2022\/05\/feria_dest2.jpg\" class=\"wp-post-image wp-image-5770\" title=\"feria_dest2\" alt=\"feria_dest2\" srcset=\"https:\/\/blogsaverroes.juntadeandalucia.es\/ieslasflores\/files\/2022\/05\/feria_dest2.jpg 800w, https:\/\/blogsaverroes.juntadeandalucia.es\/ieslasflores\/files\/2022\/05\/feria_dest2-768x768.jpg 768w\" sizes=\"(max-width: 800px) 100vw, 800px\" \/>                                                                    <\/a>\n                                                                <\/figure>\n                    \t<div class=\"post-content\">\n\t\t<div class=\"post-content-inner\">\n\n\t\t\t\t\t\t\t\t<div class=\"post-date-wrap post-date-inline\">\n\t\t<time class=\"post-date entry-date updated\" datetime=\"2022-05-13\">\n\t\t\t\t\t<span class=\"year\">13 de mayo de 2022<\/span>\n\t\t\t\t<\/time>\n\t<\/div><!-- .post-date-wrap -->\n\t\t\t\t\n\t\t\t<h2 class=\"post-title entry-title\"><a href=\"https:\/\/blogsaverroes.juntadeandalucia.es\/ieslasflores\/2022\/05\/13\/feria-de-la-ciencia-de-sevilla-participacion\/\">Feria de la Ciencia de Sevilla (participaci\u00f3n)<\/a><\/h2>\n\t\t\t\n\t\t\t\n\t\t\t        <div class=\"entry-content\">\n\n        \n        <\/div><!-- \/.entry-content -->\n        \n\t\t<\/div>\n\t\t<!-- \/.post-content-inner -->\n\t<\/div>\n\t<!-- \/.post-content -->\n\t\n<\/article>\n<!-- \/.post -->\n<article id=\"post-5743\" class=\"post tf_clearfix post-5743 type-post status-publish format-standard has-post-thumbnail hentry category-dace category-tecnologia has-post-title has-post-date has-post-category has-post-tag has-post-comment has-post-author \">\n\t    \n\t                <figure class=\"post-image tf_clearfix\">\n                                                            <a href=\"https:\/\/blogsaverroes.juntadeandalucia.es\/ieslasflores\/2022\/05\/13\/feria-de-la-ciencia-de-sevilla-previo\/\">\n                                        <img loading=\"lazy\" decoding=\"async\" width=\"800\" height=\"800\" src=\"https:\/\/blogsaverroes.juntadeandalucia.es\/ieslasflores\/files\/2022\/05\/feria_dest1.jpg\" class=\"wp-post-image wp-image-5758\" title=\"Feria de la Ciencia de Sevilla (previo)\" alt=\"Feria de la Ciencia de Sevilla (previo)\" srcset=\"https:\/\/blogsaverroes.juntadeandalucia.es\/ieslasflores\/files\/2022\/05\/feria_dest1.jpg 800w, https:\/\/blogsaverroes.juntadeandalucia.es\/ieslasflores\/files\/2022\/05\/feria_dest1-768x768.jpg 768w\" sizes=\"(max-width: 800px) 100vw, 800px\" \/>                                                                    <\/a>\n                                                                <\/figure>\n                    \t<div class=\"post-content\">\n\t\t<div class=\"post-content-inner\">\n\n\t\t\t\t\t\t\t\t<div class=\"post-date-wrap post-date-inline\">\n\t\t<time class=\"post-date entry-date updated\" datetime=\"2022-05-13\">\n\t\t\t\t\t<span class=\"year\">13 de mayo de 2022<\/span>\n\t\t\t\t<\/time>\n\t<\/div><!-- .post-date-wrap -->\n\t\t\t\t\n\t\t\t<h2 class=\"post-title entry-title\"><a href=\"https:\/\/blogsaverroes.juntadeandalucia.es\/ieslasflores\/2022\/05\/13\/feria-de-la-ciencia-de-sevilla-previo\/\">Feria de la Ciencia de Sevilla (previo)<\/a><\/h2>\n\t\t\t\n\t\t\t\n\t\t\t        <div class=\"entry-content\">\n\n        \n        <\/div><!-- \/.entry-content -->\n        \n\t\t<\/div>\n\t\t<!-- \/.post-content-inner -->\n\t<\/div>\n\t<!-- \/.post-content -->\n\t\n<\/article>\n<!-- \/.post -->\n<article id=\"post-5728\" class=\"post tf_clearfix post-5728 type-post status-publish format-standard has-post-thumbnail hentry category-dace category-geografia-e-historia-noticias has-post-title has-post-date has-post-category has-post-tag has-post-comment has-post-author \">\n\t    \n\t                <figure class=\"post-image tf_clearfix\">\n                                                            <a href=\"https:\/\/blogsaverroes.juntadeandalucia.es\/ieslasflores\/2022\/05\/12\/visita-a-la-catedral-de-malaga\/\">\n                                        <img loading=\"lazy\" decoding=\"async\" width=\"850\" height=\"850\" src=\"https:\/\/blogsaverroes.juntadeandalucia.es\/ieslasflores\/files\/2022\/05\/catedral_dest.jpg\" class=\"wp-post-image wp-image-5737\" title=\"Visita a la Catedral de M\u00e1laga\" alt=\"Visita a la Catedral de M\u00e1laga\" srcset=\"https:\/\/blogsaverroes.juntadeandalucia.es\/ieslasflores\/files\/2022\/05\/catedral_dest.jpg 850w, https:\/\/blogsaverroes.juntadeandalucia.es\/ieslasflores\/files\/2022\/05\/catedral_dest-768x768.jpg 768w\" sizes=\"(max-width: 850px) 100vw, 850px\" \/>                                                                    <\/a>\n                                                                <\/figure>\n                    \t<div class=\"post-content\">\n\t\t<div class=\"post-content-inner\">\n\n\t\t\t\t\t\t\t\t<div class=\"post-date-wrap post-date-inline\">\n\t\t<time class=\"post-date entry-date updated\" datetime=\"2022-05-12\">\n\t\t\t\t\t<span class=\"year\">12 de mayo de 2022<\/span>\n\t\t\t\t<\/time>\n\t<\/div><!-- .post-date-wrap -->\n\t\t\t\t\n\t\t\t<h2 class=\"post-title entry-title\"><a href=\"https:\/\/blogsaverroes.juntadeandalucia.es\/ieslasflores\/2022\/05\/12\/visita-a-la-catedral-de-malaga\/\">Visita a la Catedral de M\u00e1laga<\/a><\/h2>\n\t\t\t\n\t\t\t\n\t\t\t        <div class=\"entry-content\">\n\n        \n        <\/div><!-- \/.entry-content -->\n        \n\t\t<\/div>\n\t\t<!-- \/.post-content-inner -->\n\t<\/div>\n\t<!-- \/.post-content -->\n\t\n<\/article>\n<!-- \/.post -->\n<article id=\"post-5456\" class=\"post tf_clearfix post-5456 type-post status-publish format-standard has-post-thumbnail hentry category-dace category-fp-basica has-post-title has-post-date has-post-category has-post-tag has-post-comment has-post-author \">\n\t    \n\t                <figure class=\"post-image tf_clearfix\">\n                                                            <a href=\"https:\/\/blogsaverroes.juntadeandalucia.es\/ieslasflores\/2022\/04\/07\/mercadillo-de-primavera\/\">\n                                        <img loading=\"lazy\" decoding=\"async\" width=\"1200\" height=\"1200\" src=\"https:\/\/blogsaverroes.juntadeandalucia.es\/ieslasflores\/files\/2022\/04\/mercadillo_dest.jpg\" class=\"wp-post-image wp-image-5467\" title=\"mercadillo_dest\" alt=\"mercadillo_dest\" srcset=\"https:\/\/blogsaverroes.juntadeandalucia.es\/ieslasflores\/files\/2022\/04\/mercadillo_dest.jpg 1200w, https:\/\/blogsaverroes.juntadeandalucia.es\/ieslasflores\/files\/2022\/04\/mercadillo_dest-768x768.jpg 768w\" sizes=\"(max-width: 1200px) 100vw, 1200px\" \/>                                                                    <\/a>\n                                                                <\/figure>\n                    \t<div class=\"post-content\">\n\t\t<div class=\"post-content-inner\">\n\n\t\t\t\t\t\t\t\t<div class=\"post-date-wrap post-date-inline\">\n\t\t<time class=\"post-date entry-date updated\" datetime=\"2022-04-07\">\n\t\t\t\t\t<span class=\"year\">7 de abril de 2022<\/span>\n\t\t\t\t<\/time>\n\t<\/div><!-- .post-date-wrap -->\n\t\t\t\t\n\t\t\t<h2 class=\"post-title entry-title\"><a href=\"https:\/\/blogsaverroes.juntadeandalucia.es\/ieslasflores\/2022\/04\/07\/mercadillo-de-primavera\/\">Mercadillo de primavera<\/a><\/h2>\n\t\t\t\n\t\t\t\n\t\t\t        <div class=\"entry-content\">\n\n        \n        <\/div><!-- \/.entry-content -->\n        \n\t\t<\/div>\n\t\t<!-- \/.post-content-inner -->\n\t<\/div>\n\t<!-- \/.post-content -->\n\t\n<\/article>\n<!-- \/.post -->\n<article id=\"post-5498\" class=\"post tf_clearfix post-5498 type-post status-publish format-standard has-post-thumbnail hentry category-dace category-escuela-espacio-de-paz category-geografia-e-historia-noticias has-post-title has-post-date has-post-category has-post-tag has-post-comment has-post-author \">\n\t    \n\t                <figure class=\"post-image tf_clearfix\">\n                                                            <a href=\"https:\/\/blogsaverroes.juntadeandalucia.es\/ieslasflores\/2022\/04\/01\/visita-al-caminito-del-rey\/\">\n                                        <img loading=\"lazy\" decoding=\"async\" width=\"900\" height=\"900\" src=\"https:\/\/blogsaverroes.juntadeandalucia.es\/ieslasflores\/files\/2022\/05\/caminito_dest.jpg\" class=\"wp-post-image wp-image-5511\" title=\"Visita al Caminito del Rey\" alt=\"Visita al Caminito del Rey\" srcset=\"https:\/\/blogsaverroes.juntadeandalucia.es\/ieslasflores\/files\/2022\/05\/caminito_dest.jpg 900w, https:\/\/blogsaverroes.juntadeandalucia.es\/ieslasflores\/files\/2022\/05\/caminito_dest-768x768.jpg 768w\" sizes=\"(max-width: 900px) 100vw, 900px\" \/>                                                                    <\/a>\n                                                                <\/figure>\n                    \t<div class=\"post-content\">\n\t\t<div class=\"post-content-inner\">\n\n\t\t\t\t\t\t\t\t<div class=\"post-date-wrap post-date-inline\">\n\t\t<time class=\"post-date entry-date updated\" datetime=\"2022-04-01\">\n\t\t\t\t\t<span class=\"year\">1 de abril de 2022<\/span>\n\t\t\t\t<\/time>\n\t<\/div><!-- .post-date-wrap -->\n\t\t\t\t\n\t\t\t<h2 class=\"post-title entry-title\"><a href=\"https:\/\/blogsaverroes.juntadeandalucia.es\/ieslasflores\/2022\/04\/01\/visita-al-caminito-del-rey\/\">Visita al Caminito del Rey<\/a><\/h2>\n\t\t\t\n\t\t\t\n\t\t\t        <div class=\"entry-content\">\n\n        \n        <\/div><!-- \/.entry-content -->\n        \n\t\t<\/div>\n\t\t<!-- \/.post-content-inner -->\n\t<\/div>\n\t<!-- \/.post-content -->\n\t\n<\/article>\n<!-- \/.post -->\n<article id=\"post-5529\" class=\"post tf_clearfix post-5529 type-post status-publish format-standard has-post-thumbnail hentry category-bachillerato category-dace has-post-title has-post-date has-post-category has-post-tag has-post-comment has-post-author \">\n\t    \n\t                <figure class=\"post-image tf_clearfix\">\n                                                            <a href=\"https:\/\/blogsaverroes.juntadeandalucia.es\/ieslasflores\/2022\/03\/30\/jornadas-puertas-abiertas-uma\/\">\n                                        <img loading=\"lazy\" decoding=\"async\" width=\"1100\" height=\"1100\" src=\"https:\/\/blogsaverroes.juntadeandalucia.es\/ieslasflores\/files\/2022\/05\/jornadasUMA_dest.jpg\" class=\"wp-post-image wp-image-5540\" title=\"Jornadas de Puertas Abiertas UMA\" alt=\"Jornadas de Puertas Abiertas UMA\" srcset=\"https:\/\/blogsaverroes.juntadeandalucia.es\/ieslasflores\/files\/2022\/05\/jornadasUMA_dest.jpg 1100w, https:\/\/blogsaverroes.juntadeandalucia.es\/ieslasflores\/files\/2022\/05\/jornadasUMA_dest-768x768.jpg 768w\" sizes=\"(max-width: 1100px) 100vw, 1100px\" \/>                                                                    <\/a>\n                                                                <\/figure>\n                    \t<div class=\"post-content\">\n\t\t<div class=\"post-content-inner\">\n\n\t\t\t\t\t\t\t\t<div class=\"post-date-wrap post-date-inline\">\n\t\t<time class=\"post-date entry-date updated\" datetime=\"2022-03-30\">\n\t\t\t\t\t<span class=\"year\">30 de marzo de 2022<\/span>\n\t\t\t\t<\/time>\n\t<\/div><!-- .post-date-wrap -->\n\t\t\t\t\n\t\t\t<h2 class=\"post-title entry-title\"><a href=\"https:\/\/blogsaverroes.juntadeandalucia.es\/ieslasflores\/2022\/03\/30\/jornadas-puertas-abiertas-uma\/\">Jornadas de Puertas Abiertas UMA<\/a><\/h2>\n\t\t\t\n\t\t\t\n\t\t\t        <div class=\"entry-content\">\n\n        \n        <\/div><!-- \/.entry-content -->\n        \n\t\t<\/div>\n\t\t<!-- \/.post-content-inner -->\n\t<\/div>\n\t<!-- \/.post-content -->\n\t\n<\/article>\n<!-- \/.post -->\n    <\/div><!-- .builder-posts-wrap -->\n                                <div class=\"pagenav tf_clear tf_box tf_textr tf_clearfix \"> <span class=\"number current\">1<\/span> <a href=\"https:\/\/blogsaverroes.juntadeandalucia.es\/ieslasflores\/wp-json\/wp\/v2\/pages\/2984\/page\/2\/\" class=\"number\">2<\/a><\/div>                <\/div>\n<!-- \/module post -->\n            <\/div>\n                        <\/div>\n        <\/div>\n        <\/div>\n<!--\/themify_builder_content-->","protected":false},"excerpt":{"rendered":"<p>Departamento de Actividades Complementarias y Extraescolares \u00a1Bienvenidos\/as al Departamento de Actividades complementarias y extraescolares! Esperamos que la informaci\u00f3n que aqu\u00ed se ofrece sea de utilidad para toda la comunidad educativa. El DACE es el encargado de promover, organizar y coordinar la realizaci\u00f3n de todas estas actividades en el centro, en colaboraci\u00f3n con los departamentos did\u00e1cticos, [&hellip;]<\/p>\n","protected":false},"author":11740,"featured_media":0,"parent":0,"menu_order":0,"comment_status":"closed","ping_status":"closed","template":"","meta":{"ngg_post_thumbnail":0,"footnotes":"","_mc_calendar":[]},"aioseo_notices":[],"_links":{"self":[{"href":"https:\/\/blogsaverroes.juntadeandalucia.es\/ieslasflores\/wp-json\/wp\/v2\/pages\/2984"}],"collection":[{"href":"https:\/\/blogsaverroes.juntadeandalucia.es\/ieslasflores\/wp-json\/wp\/v2\/pages"}],"about":[{"href":"https:\/\/blogsaverroes.juntadeandalucia.es\/ieslasflores\/wp-json\/wp\/v2\/types\/page"}],"author":[{"embeddable":true,"href":"https:\/\/blogsaverroes.juntadeandalucia.es\/ieslasflores\/wp-json\/wp\/v2\/users\/11740"}],"replies":[{"embeddable":true,"href":"https:\/\/blogsaverroes.juntadeandalucia.es\/ieslasflores\/wp-json\/wp\/v2\/comments?post=2984"}],"version-history":[{"count":40,"href":"https:\/\/blogsaverroes.juntadeandalucia.es\/ieslasflores\/wp-json\/wp\/v2\/pages\/2984\/revisions"}],"predecessor-version":[{"id":5666,"href":"https:\/\/blogsaverroes.juntadeandalucia.es\/ieslasflores\/wp-json\/wp\/v2\/pages\/2984\/revisions\/5666"}],"wp:attachment":[{"href":"https:\/\/blogsaverroes.juntadeandalucia.es\/ieslasflores\/wp-json\/wp\/v2\/media?parent=2984"}],"curies":[{"name":"wp","href":"https:\/\/api.w.org\/{rel}","templated":true}]}}