{"id":3675,"date":"2021-04-25T17:47:50","date_gmt":"2021-04-25T16:47:50","guid":{"rendered":"https:\/\/blogsaverroes.juntadeandalucia.es\/ieslasflores\/?page_id=3675"},"modified":"2022-09-13T11:27:13","modified_gmt":"2022-09-13T10:27:13","slug":"ampa","status":"publish","type":"page","link":"https:\/\/blogsaverroes.juntadeandalucia.es\/ieslasflores\/ampa\/","title":{"rendered":"AMPA"},"content":{"rendered":"<!--themify_builder_content-->\n<div id=\"themify_builder_content-3675\" data-postid=\"3675\" class=\"themify_builder_content themify_builder_content-3675 themify_builder tf_clear\">\n                    <div  data-lazy=\"1\" class=\"module_row themify_builder_row tb_6yyg279 tb_first tf_w\">\n                        <div class=\"row_inner col_align_top tb_col_count_1 tf_box tf_rel\">\n                        <div  data-lazy=\"1\" class=\"module_column tb-column col-full tb_g0qi279 first\">\n                    <!-- module text -->\n<div  class=\"module module-text tb_oyt8609   \" data-lazy=\"1\">\n        <div  class=\"tb_text_wrap\">\n        <h3>AMPA<\/h3>    <\/div>\n<\/div>\n<!-- \/module text -->        <\/div>\n                        <\/div>\n        <\/div>\n                        <div  data-lazy=\"1\" class=\"module_row themify_builder_row tb_3qex984 tf_w\">\n                        <div class=\"row_inner col_align_top tb_col_count_1 tf_box tf_rel\">\n                        <div  data-lazy=\"1\" class=\"module_column tb-column col-full tb_ixz9984 first\">\n                    <!-- module text -->\n<div  class=\"module module-text tb_nr90569   \" data-lazy=\"1\">\n        <div  class=\"tb_text_wrap\">\n        <p><span style=\"font-family: Arial, sans-serif;\"><span style=\"color: #000000;\"><span style=\"font-size: large;\">&nbsp;&nbsp;&nbsp;&nbsp;&nbsp;La <strong>Asociaci\u00f3n de Madres y Padres de Alumnos \u201cILURO\u201d<\/strong> del IES LAS FLORES, es una entidad sin \u00e1nimo de lucro, financiada por las cuotas recibidas por los socios, que son los padres y madres, o tutores legales, del alumnado escolarizado en este centro, que voluntariamente hemos decidido asociarnos.<\/span><\/span><\/span><\/p><p><span style=\"color: #000000;\"><span style=\"font-family: Arial, sans-serif;\"><span style=\"font-size: large;\">&nbsp;&nbsp;&nbsp;&nbsp;&nbsp;Tiene como finalidad servir de cauce en la participaci\u00f3n colectiva de los padres y madres del alumnado y garantizar la intervenci\u00f3n de estos en lo concerniente a la educaci\u00f3n de sus hijos. <\/span><\/span><\/span><\/p><ul style=\"list-style-type: disc;\"><li><span style=\"color: #000000;\"><span style=\"font-family: Arial, sans-serif;\"><span style=\"font-size: large;\">Es una entidad imprescindible para participar y reivindicar de forma colectiva la mejora constante de la educaci\u00f3n en el Centro.<\/span><\/span><\/span><\/li><li><span style=\"color: #000000;\"><span style=\"font-family: Arial, sans-serif;\"><span style=\"font-size: large;\">Asociarse es voluntario. Compartimos experiencias, opiniones y propuestas acerca del proceso educativo que nos afecta directamente.<\/span><\/span><\/span><\/li><li><span style=\"color: #000000;\"><span style=\"font-family: Arial, sans-serif;\"><span style=\"font-size: large;\"> La asociaci\u00f3n representa nuestros intereses y sirve de interlocutor con el Centro y el entorno del mismo para todos los temas de inter\u00e9s colectivo, participando en los Consejos Escolares y otras comisiones de trabajo.<\/span><\/span><\/span><\/li><\/ul><p><span style=\"color: #000000;\"><span style=\"font-family: Arial, sans-serif;\"><span style=\"font-size: large;\">&nbsp;&nbsp;&nbsp;&nbsp;&nbsp;En Octubre del a\u00f1o 2020 la junta directiva de esta AMPA se renov\u00f3 y se inscribi\u00f3 en los libros oficiales de registros de AMPAs de la Junta de Andaluc\u00eda, Ayuntamiento y Federaci\u00f3n de AMPAs (FDAPA).<\/span><\/span><\/span><\/p><p><span style=\"color: #000000;\"><span style=\"font-family: Arial, sans-serif;\"><span style=\"font-size: large;\">&nbsp;&nbsp;&nbsp;&nbsp;&nbsp;Este curso 2020\/2021 se ha conseguido la asociaci\u00f3n de 63 padres y madres, y el plazo de inscripci\u00f3n, seg\u00fan acta, se estableci\u00f3 hasta el final del primer trimestre acad\u00e9mico, siendo de 5 euros por familia, la cuota establecida. <\/span><\/span><\/span><\/p><p><span style=\"color: #000000;\"><span style=\"font-family: Arial, sans-serif;\"><span style=\"font-size: large;\">&nbsp;&nbsp;&nbsp;&nbsp;&nbsp;Debido a las peculiaridades de la situaci\u00f3n actual, derivadas del Covid-19, nuestra principal propuesta es ponernos a disposici\u00f3n del centro para cualquier necesidad originada por la misma. <\/span><\/span><\/span><\/p><p><span style=\"color: #000000;\"><span style=\"font-family: Arial, sans-serif;\"><span style=\"font-size: large;\">&nbsp;&nbsp;&nbsp;&nbsp;&nbsp;Seguimos muy pendientes de nuestros hijos, gracias al contacto continuo con el centro y, peri\u00f3dicamente, enviamos todas las actividades y conferencias que se ofertan para padres de forma telem\u00e1tica. <\/span><\/span><\/span><\/p><p><span style=\"color: #000000;\"><span style=\"font-family: Arial, sans-serif;\"><span style=\"font-size: large;\">&nbsp;&nbsp;&nbsp;&nbsp;&nbsp;Esperamos con gran ilusi\u00f3n que se normalice esta situaci\u00f3n pand\u00e9mica, para poder colaborar como AMPA en actividades extraescolares, celebraciones, encuentros, verbenas finales de curso, graduaciones de nuestros hijos e hijas y viajes. Pero sobre todo lo esperamos y deseamos para el bien de toda nuestra comunidad educativa y de todos en general.<\/span><\/span><\/span><\/p>    <\/div>\n<\/div>\n<!-- \/module text -->        <\/div>\n                        <\/div>\n        <\/div>\n        <\/div>\n<!--\/themify_builder_content-->","protected":false},"excerpt":{"rendered":"<p>AMPA &nbsp;&nbsp;&nbsp;&nbsp;&nbsp;La Asociaci\u00f3n de Madres y Padres de Alumnos \u201cILURO\u201d del IES LAS FLORES, es una entidad sin \u00e1nimo de lucro, financiada por las cuotas recibidas por los socios, que son los padres y madres, o tutores legales, del alumnado escolarizado en este centro, que voluntariamente hemos decidido asociarnos. &nbsp;&nbsp;&nbsp;&nbsp;&nbsp;Tiene como finalidad servir de cauce [&hellip;]<\/p>\n","protected":false},"author":11740,"featured_media":0,"parent":0,"menu_order":0,"comment_status":"closed","ping_status":"closed","template":"","meta":{"ngg_post_thumbnail":0,"footnotes":"","_mc_calendar":[]},"aioseo_notices":[],"_links":{"self":[{"href":"https:\/\/blogsaverroes.juntadeandalucia.es\/ieslasflores\/wp-json\/wp\/v2\/pages\/3675"}],"collection":[{"href":"https:\/\/blogsaverroes.juntadeandalucia.es\/ieslasflores\/wp-json\/wp\/v2\/pages"}],"about":[{"href":"https:\/\/blogsaverroes.juntadeandalucia.es\/ieslasflores\/wp-json\/wp\/v2\/types\/page"}],"author":[{"embeddable":true,"href":"https:\/\/blogsaverroes.juntadeandalucia.es\/ieslasflores\/wp-json\/wp\/v2\/users\/11740"}],"replies":[{"embeddable":true,"href":"https:\/\/blogsaverroes.juntadeandalucia.es\/ieslasflores\/wp-json\/wp\/v2\/comments?post=3675"}],"version-history":[{"count":63,"href":"https:\/\/blogsaverroes.juntadeandalucia.es\/ieslasflores\/wp-json\/wp\/v2\/pages\/3675\/revisions"}],"predecessor-version":[{"id":6482,"href":"https:\/\/blogsaverroes.juntadeandalucia.es\/ieslasflores\/wp-json\/wp\/v2\/pages\/3675\/revisions\/6482"}],"wp:attachment":[{"href":"https:\/\/blogsaverroes.juntadeandalucia.es\/ieslasflores\/wp-json\/wp\/v2\/media?parent=3675"}],"curies":[{"name":"wp","href":"https:\/\/api.w.org\/{rel}","templated":true}]}}