{"id":4779,"date":"2022-02-19T16:18:48","date_gmt":"2022-02-19T15:18:48","guid":{"rendered":"https:\/\/blogsaverroes.juntadeandalucia.es\/ieslasflores\/?page_id=4779"},"modified":"2022-11-07T23:11:40","modified_gmt":"2022-11-07T22:11:40","slug":"documentos-del-centro","status":"publish","type":"page","link":"https:\/\/blogsaverroes.juntadeandalucia.es\/ieslasflores\/documentos-del-centro\/","title":{"rendered":"Documentos del centro"},"content":{"rendered":"<!--themify_builder_content-->\n<div id=\"themify_builder_content-4779\" data-postid=\"4779\" class=\"themify_builder_content themify_builder_content-4779 themify_builder tf_clear\">\n                    <div  data-lazy=\"1\" class=\"module_row themify_builder_row tb_y3og720 tb_first tf_w hide-mobile\">\n            <span class=\"builder_row_cover tf_abs\"><\/span>            <div class=\"row_inner col_align_top tb_col_count_3 tf_box tf_rel\">\n                        <div  data-lazy=\"1\" class=\"module_column tb-column col3-1 tb_jeh6721 first\">\n                    <!-- module buttons -->\n<div  class=\"module module-buttons tb_49hf166 buttons-horizontal solid  large circle hover-wow\" data-tf-animation_hover=\"rubberBand\" data-lazy=\"1\">\n        <div class=\"module-buttons-item tf_in_flx\">\n                        <a href=\"https:\/\/blogsaverroes.juntadeandalucia.es\/ieslasflores\/files\/2022\/06\/Proyecto-Educativo.pdf\" class=\"ui builder_button tf_in_flx blue\" >\n                                                Proyecto Educativo                                        <\/a>\n                <\/div>\n            <\/div>\n<!-- \/module buttons -->\n<!-- module buttons -->\n<div  class=\"module module-buttons tb_yyo7926 buttons-horizontal solid  large circle hover-wow\" data-tf-animation_hover=\"rubberBand\" data-lazy=\"1\">\n        <div class=\"module-buttons-item tf_in_flx\">\n                        <a href=\"https:\/\/blogsaverroes.juntadeandalucia.es\/ieslasflores\/files\/2022\/05\/Plan-de-Convivencia-21-22.pdf\" class=\"ui builder_button tf_in_flx light-blue\" >\n                                                Plan de Convivencia                                        <\/a>\n                <\/div>\n            <\/div>\n<!-- \/module buttons -->\n        <\/div>\n                    <div  data-lazy=\"1\" class=\"module_column tb-column col3-1 tb_gbvw721\">\n                    <!-- module buttons -->\n<div  class=\"module module-buttons tb_b9ut885 buttons-horizontal solid  large circle hover-wow\" data-tf-animation_hover=\"rubberBand\" data-lazy=\"1\">\n        <div class=\"module-buttons-item tf_in_flx\">\n                        <a href=\"https:\/\/blogsaverroes.juntadeandalucia.es\/ieslasflores\/files\/2022\/06\/Proyecto-de-Gestion-21-22.pdf\" class=\"ui builder_button tf_in_flx green\" >\n                                                Proyecto de Gesti\u00f3n                                        <\/a>\n                <\/div>\n            <\/div>\n<!-- \/module buttons -->\n<!-- module buttons -->\n<div  class=\"module module-buttons tb_jkjj927 buttons-horizontal solid  large circle hover-wow\" data-tf-animation_hover=\"rubberBand\" data-lazy=\"1\">\n        <div class=\"module-buttons-item tf_in_flx\">\n                        <a href=\"https:\/\/blogsaverroes.juntadeandalucia.es\/ieslasflores\/files\/2022\/06\/Protocolo-de-Actuaci\u00f3n-COVID-19.-IES-Las-Flores.pdf\" class=\"ui builder_button tf_in_flx yellow\" >\n                                                Protocolo de Actuaci\u00f3n Covid-19                                        <\/a>\n                <\/div>\n            <\/div>\n<!-- \/module buttons -->\n<!-- module buttons -->\n<div  class=\"module module-buttons tb_bvxg398 buttons-horizontal solid  large circle hover-wow\" data-tf-animation_hover=\"rubberBand\" data-lazy=\"1\">\n        <div class=\"module-buttons-item tf_in_flx\">\n                        <a href=\"https:\/\/blogsaverroes.juntadeandalucia.es\/ieslasflores\/files\/2022\/11\/Gu\u00eda-sobre-uso-responsable.pdf\" class=\"ui builder_button tf_in_flx orange\" >\n                                                Gu\u00eda sobre uso responsable de los equipos y dispositivos.                                        <\/a>\n                <\/div>\n            <\/div>\n<!-- \/module buttons -->\n        <\/div>\n                    <div  data-lazy=\"1\" class=\"module_column tb-column col3-1 tb_6uwy722 last\">\n                    <!-- module buttons -->\n<div  class=\"module module-buttons tb_qe4c782 buttons-horizontal solid  large circle hover-wow\" data-tf-animation_hover=\"rubberBand\" data-lazy=\"1\">\n        <div class=\"module-buttons-item tf_in_flx\">\n                        <a href=\"https:\/\/blogsaverroes.juntadeandalucia.es\/ieslasflores\/files\/2022\/05\/ROF-21-22.pdf\" class=\"ui builder_button tf_in_flx purple\" >\n                                                R.O.F.                                        <\/a>\n                <\/div>\n            <\/div>\n<!-- \/module buttons -->\n<!-- module buttons -->\n<div  class=\"module module-buttons tb_zt89927 buttons-horizontal solid  large circle hover-wow\" data-tf-animation_hover=\"rubberBand\" data-lazy=\"1\">\n        <div class=\"module-buttons-item tf_in_flx\">\n                        <a href=\"https:\/\/blogsaverroes.juntadeandalucia.es\/ieslasflores\/files\/2022\/11\/Plan-de-actuaci\u00f3n-digital-22-23.pdf\" class=\"ui builder_button tf_in_flx pink\" >\n                                                Plan de Actuaci\u00f3n Digital                                        <\/a>\n                <\/div>\n            <\/div>\n<!-- \/module buttons -->\n        <\/div>\n                        <\/div>\n        <\/div>\n                        <div  data-lazy=\"1\" class=\"module_row themify_builder_row tb_xtym894 tf_w hide-desktop hide-tablet hide-tablet_landscape\">\n            <span class=\"builder_row_cover tf_abs\"><\/span>            <div class=\"row_inner col_align_top tb_col_count_1 tf_box tf_rel\">\n                        <div  data-lazy=\"1\" class=\"module_column tb-column col-full tb_xurj895 first\">\n                    <!-- module buttons -->\n<div  class=\"module module-buttons tb_r9e2895 buttons-horizontal solid  large circle hover-wow\" data-tf-animation_hover=\"rubberBand\" data-lazy=\"1\">\n        <div class=\"module-buttons-item tf_in_flx\">\n                        <a href=\"https:\/\/blogsaverroes.juntadeandalucia.es\/ieslasflores\/files\/2022\/06\/Proyecto-Educativo.pdf\" class=\"ui builder_button tf_in_flx blue\" >\n                                                Proyecto Educativo                                        <\/a>\n                <\/div>\n            <\/div>\n<!-- \/module buttons -->\n<!-- module buttons -->\n<div  class=\"module module-buttons tb_zrb3895 buttons-horizontal solid  large circle hover-wow\" data-tf-animation_hover=\"rubberBand\" data-lazy=\"1\">\n        <div class=\"module-buttons-item tf_in_flx\">\n                        <a href=\"https:\/\/blogsaverroes.juntadeandalucia.es\/ieslasflores\/files\/2022\/05\/Plan-de-Convivencia-21-22.pdf\" class=\"ui builder_button tf_in_flx light-blue\" >\n                                                Plan de Convivencia                                        <\/a>\n                <\/div>\n            <\/div>\n<!-- \/module buttons -->\n<!-- module buttons -->\n<div  class=\"module module-buttons tb_7f8n896 buttons-horizontal solid  large circle hover-wow\" data-tf-animation_hover=\"rubberBand\" data-lazy=\"1\">\n        <div class=\"module-buttons-item tf_in_flx\">\n                        <a href=\"https:\/\/blogsaverroes.juntadeandalucia.es\/ieslasflores\/files\/2022\/06\/Proyecto-de-Gestion-21-22.pdf\" class=\"ui builder_button tf_in_flx green\" >\n                                                Proyecto de Gesti\u00f3n                                        <\/a>\n                <\/div>\n            <\/div>\n<!-- \/module buttons -->\n<!-- module buttons -->\n<div  class=\"module module-buttons tb_kb7r896 buttons-horizontal solid  large circle hover-wow\" data-tf-animation_hover=\"rubberBand\" data-lazy=\"1\">\n        <div class=\"module-buttons-item tf_in_flx\">\n                        <a href=\"https:\/\/blogsaverroes.juntadeandalucia.es\/ieslasflores\/files\/2022\/06\/Protocolo-de-Actuaci\u00f3n-COVID-19.-IES-Las-Flores.pdf\" class=\"ui builder_button tf_in_flx yellow\" >\n                                                Protocolo de Actuaci\u00f3n Covid-19                                        <\/a>\n                <\/div>\n            <\/div>\n<!-- \/module buttons -->\n<!-- module buttons -->\n<div  class=\"module module-buttons tb_6mt4897 buttons-horizontal solid  large circle hover-wow\" data-tf-animation_hover=\"rubberBand\" data-lazy=\"1\">\n        <div class=\"module-buttons-item tf_in_flx\">\n                        <a href=\"https:\/\/blogsaverroes.juntadeandalucia.es\/ieslasflores\/files\/2022\/05\/ROF-21-22.pdf\" class=\"ui builder_button tf_in_flx purple\" >\n                                                R.O.F.                                        <\/a>\n                <\/div>\n            <\/div>\n<!-- \/module buttons -->\n<!-- module buttons -->\n<div  class=\"module module-buttons tb_kkcj897 buttons-horizontal solid  large circle hover-wow\" data-tf-animation_hover=\"rubberBand\" data-lazy=\"1\">\n        <div class=\"module-buttons-item tf_in_flx\">\n                        <a href=\"https:\/\/blogsaverroes.juntadeandalucia.es\/ieslasflores\/files\/2022\/11\/Plan-de-actuaci\u00f3n-digital-22-23.pdf\" class=\"ui builder_button tf_in_flx pink\" >\n                                                Plan de Actuaci\u00f3n Digital                                        <\/a>\n                <\/div>\n            <\/div>\n<!-- \/module buttons -->\n<!-- module buttons -->\n<div  class=\"module module-buttons tb_wcim148 buttons-horizontal solid  large circle\" data-lazy=\"1\">\n        <div class=\"module-buttons-item tf_in_flx\">\n                        <a href=\"https:\/\/blogsaverroes.juntadeandalucia.es\/ieslasflores\/files\/2022\/11\/Gu\u00eda-sobre-uso-responsable.pdf\" class=\"ui builder_button tf_in_flx tb_default_color\" >\n                                                Gu\u00eda sobre uso responsable de los equipos y dispositivos.                                        <\/a>\n                <\/div>\n            <\/div>\n<!-- \/module buttons -->\n        <\/div>\n                        <\/div>\n        <\/div>\n        <\/div>\n<!--\/themify_builder_content-->","protected":false},"excerpt":{"rendered":"<p>Proyecto Educativo Plan de Convivencia Proyecto de Gesti\u00f3n Protocolo de Actuaci\u00f3n Covid-19 Gu\u00eda sobre uso responsable de los equipos y dispositivos. R.O.F. Plan de Actuaci\u00f3n Digital Proyecto Educativo Plan de Convivencia Proyecto de Gesti\u00f3n Protocolo de Actuaci\u00f3n Covid-19 R.O.F. Plan de Actuaci\u00f3n Digital Gu\u00eda sobre uso responsable de los equipos y dispositivos. Proyecto Educativo Plan [&hellip;]<\/p>\n","protected":false},"author":11740,"featured_media":0,"parent":0,"menu_order":0,"comment_status":"closed","ping_status":"closed","template":"","meta":{"ngg_post_thumbnail":0,"footnotes":"","_mc_calendar":[]},"aioseo_notices":[],"_links":{"self":[{"href":"https:\/\/blogsaverroes.juntadeandalucia.es\/ieslasflores\/wp-json\/wp\/v2\/pages\/4779"}],"collection":[{"href":"https:\/\/blogsaverroes.juntadeandalucia.es\/ieslasflores\/wp-json\/wp\/v2\/pages"}],"about":[{"href":"https:\/\/blogsaverroes.juntadeandalucia.es\/ieslasflores\/wp-json\/wp\/v2\/types\/page"}],"author":[{"embeddable":true,"href":"https:\/\/blogsaverroes.juntadeandalucia.es\/ieslasflores\/wp-json\/wp\/v2\/users\/11740"}],"replies":[{"embeddable":true,"href":"https:\/\/blogsaverroes.juntadeandalucia.es\/ieslasflores\/wp-json\/wp\/v2\/comments?post=4779"}],"version-history":[{"count":210,"href":"https:\/\/blogsaverroes.juntadeandalucia.es\/ieslasflores\/wp-json\/wp\/v2\/pages\/4779\/revisions"}],"predecessor-version":[{"id":6668,"href":"https:\/\/blogsaverroes.juntadeandalucia.es\/ieslasflores\/wp-json\/wp\/v2\/pages\/4779\/revisions\/6668"}],"wp:attachment":[{"href":"https:\/\/blogsaverroes.juntadeandalucia.es\/ieslasflores\/wp-json\/wp\/v2\/media?parent=4779"}],"curies":[{"name":"wp","href":"https:\/\/api.w.org\/{rel}","templated":true}]}}