{"id":2474,"date":"2020-11-18T18:52:39","date_gmt":"2020-11-18T18:52:39","guid":{"rendered":"https:\/\/blogsaverroes.juntadeandalucia.es\/ieslasfuentezuelas\/?page_id=2474"},"modified":"2025-05-29T12:04:14","modified_gmt":"2025-05-29T12:04:14","slug":"inicio","status":"publish","type":"page","link":"https:\/\/blogsaverroes.juntadeandalucia.es\/ieslasfuentezuelas\/","title":{"rendered":"IES Las Fuentezuelas"},"content":{"rendered":"<pre><span style=\"color: #333300\"><strong>                  Bienvenidos a la web del IES Las Fuentezuelas<\/strong><\/span><\/pre>\n<table style=\"width: 100%;border-collapse: collapse;background-color: #a9e6eb\">\n<tbody>\n<tr>\n<td style=\"width: 583px;text-align: center\"><strong>INFORMACI\u00d3N DE INTER\u00c9S<\/strong><\/td>\n<\/tr>\n<\/tbody>\n<\/table>\n<div>\n<div dir=\"auto\">&nbsp;<\/div>\n<div dir=\"auto\"><img loading=\"lazy\" decoding=\"async\" class=\"CToWUd\" src=\"https:\/\/ci3.googleusercontent.com\/meips\/ADKq_NYZTO73ojdqrLWfeyXZ2KaD6JUNqlf8cEU7rsnb2bMZo1C98cbtzm4ViblyfcEWym6eb-L0O8MTSTo1bbW0kl7C5lDFkcqwIu6-McrUOrB-tfk9EbL4BIs=s0-d-e1-ft#https:\/\/static.xx.fbcdn.net\/images\/emoji.php\/v9\/t2c\/1\/16\/1f477.png\" alt=\"\ud83d\udc77\" width=\"16\" height=\"16\" data-bit=\"iit\"><img loading=\"lazy\" decoding=\"async\" class=\"CToWUd\" src=\"https:\/\/ci3.googleusercontent.com\/meips\/ADKq_NZiuV0QCLe5G9oVi5O5vL96f2Eg3qgeDQq846DWSOs2jnYTbU3cJg7AKo5mqPTBh94g_lXxj_ekjI1hUJOb_oweh-Shev_rUNZu9UrVt3B3SCkz3n-nWGKXjr4Z828HwkcU=s0-d-e1-ft#https:\/\/static.xx.fbcdn.net\/images\/emoji.php\/v9\/t5a\/1\/16\/1f477_200d_2640.png\" alt=\"\ud83d\udc77\u200d\u2640\ufe0f\" width=\"16\" height=\"16\" data-bit=\"iit\">&nbsp;Se comunica que hoy es el \u00faltimo d\u00eda de la acci\u00f3n formativa, impartida en el <strong>IES Las Fuentezuelas<\/strong> de Ja\u00e9n, conducente al Certificado de Profesionalidad <strong>MONTAJE Y PUESTA EN MARCHA DE BIENES DE EQUIPO Y MAQUINARIA INDUSTRIAL (FMEE0208).<\/strong><\/div>\n<div dir=\"auto\">&nbsp;<\/div>\n<\/div>\n<div>\n<div dir=\"auto\" style=\"text-align: left\"><img loading=\"lazy\" decoding=\"async\" class=\"CToWUd\" src=\"https:\/\/ci3.googleusercontent.com\/meips\/ADKq_NZ0OV65x3MezVW5N45yw8ou_KZwUkbXcsRdP6TpRGd96l-hpr2LgzK_z6GNuvrIxssxSb2fZ8Yaflzoeunq1aFOjJKF_40fiqzFBCC61XsO9eqkbif-rZo=s0-d-e1-ft#https:\/\/static.xx.fbcdn.net\/images\/emoji.php\/v9\/tf3\/1\/16\/1f539.png\" alt=\"\ud83d\udd39\" width=\"16\" height=\"16\" data-bit=\"iit\">&nbsp;<strong><em>Los gastos correspondientes a la acci\u00f3n formativa son financiados por el Ministerio de Educaci\u00f3n, Formaci\u00f3n Profesional y Deportes.<\/em><\/strong><\/div>\n<\/div>\n<p>&nbsp;<\/p>\n<p>&nbsp;<\/p>\n<table style=\"border-collapse: collapse;width: 100%\">\n<tbody>\n<tr>\n<td style=\"width: 100%;background-color: #dce6d5;text-align: center\"><strong>REUNI\u00d3N CON FAMILIAS FP GRADO MEDIO&nbsp;<\/strong><\/td>\n<\/tr>\n<\/tbody>\n<\/table>\n<p style=\"text-align: center\">Martes, 8<strong>&nbsp;de octubre, a las 17.00h,<\/strong> se realizar\u00e1 la reuni\u00f3n con las familias del alumando que cursan<strong> Ense\u00f1anzas de FP de Grado Medio.&nbsp;&nbsp;<\/strong><\/p>\n<p style=\"text-align: center\">Los tutores y tutoras recibir\u00e1n a las familias directamente en las aulas seg\u00fan se indica en la siguiente imangen.&nbsp;<\/p>\n<p><a href=\"https:\/\/blogsaverroes.juntadeandalucia.es\/ieslasfuentezuelas\/files\/2024\/10\/Tutores-24-25-FP-GRADO-MEDIO-.jpg\"><img loading=\"lazy\" decoding=\"async\" class=\"aligncenter size-full wp-image-3965\" src=\"https:\/\/blogsaverroes.juntadeandalucia.es\/ieslasfuentezuelas\/files\/2024\/10\/Tutores-24-25-FP-GRADO-MEDIO-.jpg\" alt=\"\" width=\"2245\" height=\"1866\" srcset=\"https:\/\/blogsaverroes.juntadeandalucia.es\/ieslasfuentezuelas\/files\/2024\/10\/Tutores-24-25-FP-GRADO-MEDIO-.jpg 1600w, https:\/\/blogsaverroes.juntadeandalucia.es\/ieslasfuentezuelas\/files\/2024\/10\/Tutores-24-25-FP-GRADO-MEDIO--300x249.jpg 300w, https:\/\/blogsaverroes.juntadeandalucia.es\/ieslasfuentezuelas\/files\/2024\/10\/Tutores-24-25-FP-GRADO-MEDIO--1024x851.jpg 1024w, https:\/\/blogsaverroes.juntadeandalucia.es\/ieslasfuentezuelas\/files\/2024\/10\/Tutores-24-25-FP-GRADO-MEDIO--768x638.jpg 768w, https:\/\/blogsaverroes.juntadeandalucia.es\/ieslasfuentezuelas\/files\/2024\/10\/Tutores-24-25-FP-GRADO-MEDIO--1536x1277.jpg 1536w, https:\/\/blogsaverroes.juntadeandalucia.es\/ieslasfuentezuelas\/files\/2024\/10\/Tutores-24-25-FP-GRADO-MEDIO--2048x1702.jpg 2048w\" sizes=\"(max-width: 2245px) 100vw, 2245px\" \/><\/a><\/p>\n<p>&nbsp;<\/p>\n<table style=\"width: 100%;border-collapse: collapse;background-color: #98d496\">\n<tbody>\n<tr>\n<td style=\"width: 100%;text-align: center\"><strong>INICIO CURSOS DE ESPECIALIZACI\u00d3N<\/strong><\/td>\n<\/tr>\n<\/tbody>\n<\/table>\n<p><a href=\"https:\/\/blogsaverroes.juntadeandalucia.es\/ieslasfuentezuelas\/files\/2024\/09\/CURSOS-ESPECIALIZACION.jpeg\"><img loading=\"lazy\" decoding=\"async\" class=\"aligncenter wp-image-3961\" src=\"https:\/\/blogsaverroes.juntadeandalucia.es\/ieslasfuentezuelas\/files\/2024\/09\/CURSOS-ESPECIALIZACION.jpeg\" alt=\"\" width=\"537\" height=\"532\" srcset=\"https:\/\/blogsaverroes.juntadeandalucia.es\/ieslasfuentezuelas\/files\/2024\/09\/CURSOS-ESPECIALIZACION.jpeg 720w, https:\/\/blogsaverroes.juntadeandalucia.es\/ieslasfuentezuelas\/files\/2024\/09\/CURSOS-ESPECIALIZACION-300x297.jpeg 300w, https:\/\/blogsaverroes.juntadeandalucia.es\/ieslasfuentezuelas\/files\/2024\/09\/CURSOS-ESPECIALIZACION-150x150.jpeg 150w\" sizes=\"(max-width: 537px) 100vw, 537px\" \/><\/a><\/p>\n<p>&nbsp;<\/p>\n<table style=\"width: 100%;border-collapse: collapse;background-color: #cbe7f7\">\n<tbody>\n<tr>\n<td style=\"width: 100%;text-align: center\"><strong>REUNI\u00d3N CON FAMILIAS<\/strong><\/td>\n<\/tr>\n<\/tbody>\n<\/table>\n<p style=\"text-align: center\">Martes, <strong>1 de octubre, a las 17.00h,<\/strong> se realizar\u00e1 la <strong>reuni\u00f3n con las familias y&nbsp; presentaci\u00f3n del AMPA.&nbsp;<\/strong><\/p>\n<p style=\"text-align: center\">Inicialmente se recibir\u00e1 a las familias en la entrada del edificio principal y posteriormente cada familia ser\u00e1 atendido por las tutoras y tutores en el aula de referencia seg\u00fan se indica en la siguiente imagen.&nbsp;<\/p>\n<p><a href=\"https:\/\/blogsaverroes.juntadeandalucia.es\/ieslasfuentezuelas\/files\/2024\/09\/Reunion-familias.jpeg\"><img loading=\"lazy\" decoding=\"async\" class=\"aligncenter wp-image-3958\" src=\"https:\/\/blogsaverroes.juntadeandalucia.es\/ieslasfuentezuelas\/files\/2024\/09\/Reunion-familias.jpeg\" alt=\"\" width=\"625\" height=\"463\" srcset=\"https:\/\/blogsaverroes.juntadeandalucia.es\/ieslasfuentezuelas\/files\/2024\/09\/Reunion-familias.jpeg 720w, https:\/\/blogsaverroes.juntadeandalucia.es\/ieslasfuentezuelas\/files\/2024\/09\/Reunion-familias-300x222.jpeg 300w\" sizes=\"(max-width: 625px) 100vw, 625px\" \/><\/a><\/p>\n<p>&nbsp;<\/p>\n<table style=\"width: 100%;border-collapse: collapse;background-color: #e5f0d5\">\n<tbody>\n<tr>\n<td style=\"width: 583px;text-align: center\"><strong>HORARIO DE ACOGIDA ALUMNADO<\/strong><\/td>\n<\/tr>\n<\/tbody>\n<\/table>\n<p>&nbsp;<\/p>\n<p><a href=\"https:\/\/blogsaverroes.juntadeandalucia.es\/ieslasfuentezuelas\/files\/2024\/09\/WhatsApp-Image-2024-09-13-at-18.39.46.jpeg\"><img loading=\"lazy\" decoding=\"async\" class=\"aligncenter wp-image-3948\" src=\"https:\/\/blogsaverroes.juntadeandalucia.es\/ieslasfuentezuelas\/files\/2024\/09\/WhatsApp-Image-2024-09-13-at-18.39.46.jpeg\" alt=\"\" width=\"522\" height=\"738\" srcset=\"https:\/\/blogsaverroes.juntadeandalucia.es\/ieslasfuentezuelas\/files\/2024\/09\/WhatsApp-Image-2024-09-13-at-18.39.46.jpeg 1131w, https:\/\/blogsaverroes.juntadeandalucia.es\/ieslasfuentezuelas\/files\/2024\/09\/WhatsApp-Image-2024-09-13-at-18.39.46-212x300.jpeg 212w, https:\/\/blogsaverroes.juntadeandalucia.es\/ieslasfuentezuelas\/files\/2024\/09\/WhatsApp-Image-2024-09-13-at-18.39.46-724x1024.jpeg 724w, https:\/\/blogsaverroes.juntadeandalucia.es\/ieslasfuentezuelas\/files\/2024\/09\/WhatsApp-Image-2024-09-13-at-18.39.46-768x1086.jpeg 768w, https:\/\/blogsaverroes.juntadeandalucia.es\/ieslasfuentezuelas\/files\/2024\/09\/WhatsApp-Image-2024-09-13-at-18.39.46-1086x1536.jpeg 1086w\" sizes=\"(max-width: 522px) 100vw, 522px\" \/><\/a><\/p>\n<p>Nota informativa: el alumnado completar\u00e1 su horario una vez realizada la acogida siendo su salida a las 14.30 para el alumnado de la ma\u00f1ana.&nbsp;<\/p>\n<table style=\"border-collapse: collapse;width: 100%\">\n<tbody>\n<tr>\n<td style=\"width: 100%;background-color: #faf9f5\"><span style=\"color: #ff0000\">LIBROS DE TEXTO PARA EL CURSO 24\/25<\/span><\/td>\n<\/tr>\n<\/tbody>\n<\/table>\n<p><a href=\"https:\/\/drive.google.com\/file\/d\/1Klhte2RIIE6L8zHcUav9bFv55cZpXFqe\/view?usp=drive_link\">1\u00ba Bachillerato<\/a><\/p>\n<p><a href=\"https:\/\/drive.google.com\/file\/d\/10R1IaOru-g7UkdDN_E7AkjM0WyrM_6GQ\/view?usp=drive_link\">2\u00ba Bachillerato<\/a><\/p>\n<p><a href=\"https:\/\/drive.google.com\/file\/d\/1WGPov_TLoVSoN-N_cF4-hwPtcTe3qgV8\/view?usp=drive_link\">Ciclos Formativos<\/a><\/p>\n<p>&nbsp;<\/p>\n<pre><strong>INFORMACI\u00d3N DE INTER\u00c9S<\/strong><\/pre>\n<p><a href=\"https:\/\/blogsaverroes.juntadeandalucia.es\/ieslasfuentezuelas\/files\/2024\/02\/Plazo-de-escolarizaci\u00f3n.png\"><img loading=\"lazy\" decoding=\"async\" class=\"aligncenter wp-image-3891\" src=\"https:\/\/blogsaverroes.juntadeandalucia.es\/ieslasfuentezuelas\/files\/2024\/02\/Plazo-de-escolarizaci\u00f3n.png\" alt=\"\" width=\"466\" height=\"262\" srcset=\"https:\/\/blogsaverroes.juntadeandalucia.es\/ieslasfuentezuelas\/files\/2024\/02\/Plazo-de-escolarizaci\u00f3n.png 1600w, https:\/\/blogsaverroes.juntadeandalucia.es\/ieslasfuentezuelas\/files\/2024\/02\/Plazo-de-escolarizaci\u00f3n-300x169.png 300w, https:\/\/blogsaverroes.juntadeandalucia.es\/ieslasfuentezuelas\/files\/2024\/02\/Plazo-de-escolarizaci\u00f3n-1024x576.png 1024w, https:\/\/blogsaverroes.juntadeandalucia.es\/ieslasfuentezuelas\/files\/2024\/02\/Plazo-de-escolarizaci\u00f3n-768x432.png 768w, https:\/\/blogsaverroes.juntadeandalucia.es\/ieslasfuentezuelas\/files\/2024\/02\/Plazo-de-escolarizaci\u00f3n-1536x864.png 1536w\" sizes=\"(max-width: 466px) 100vw, 466px\" \/><\/a><\/p>\n<p><strong>Entre los d\u00edas 1 de marzo y 1 de abril<\/strong>, ambos inclusive, permanecer\u00e1 abierto en Andaluc\u00eda el plazo para la presentaci\u00f3n de solicitudes de admisi\u00f3n correspondientes al curso escolar 2024\/25.<\/p>\n<table style=\"border-collapse: collapse;width: 100%\">\n<tbody>\n<tr>\n<td style=\"width: 23.8843%\"><img loading=\"lazy\" decoding=\"async\" class=\"aligncenter\" src=\"https:\/\/blogsaverroes.juntadeandalucia.es\/ieslasfuentezuelas\/files\/2024\/02\/flecha.jpg\" width=\"66\" height=\"66\"><\/td>\n<td style=\"width: 76.1157%\"><a class=\"documento-entry__datos--titulo\" title=\"Ver documento Instrucciones de 23 de febrero de 2024, de la Viceconsejer\u00eda, sobre los procedimientos de admisi\u00f3n y matriculaci\u00f3n del alumnado en los centros docentes sostenidos con fondos p\u00fablicos para el curso escolar 2024-25\" href=\"https:\/\/www.juntadeandalucia.es\/educacion\/portales\/documents\/270701\/669539\/Instrucciones%20de%2023%20de%20febrero%20de%202024,%20de%20la%20Viceconsejer%C3%ADa,%20sobre%20los%20procedimientos%20de%20admisi%C3%B3n%20y%20matriculaci%C3%B3n%20del%20alumnado%20en%20los%20centros%20docentes%20sostenidos%20con%20fondos%20p%C3%BAblicos%20para%20el%20curso%20escolar%202024-25\/34bf4f4f-c945-0591-8865-920d77bc560c?version=1.1\" target=\"_blank\" rel=\"noopener noreferrer\">Instrucciones de 23 de febrero de 2024, de la Viceconsejer\u00eda, sobre los procedimientos de admisi\u00f3n y matriculaci\u00f3n del alumnado en los centros docentes sostenidos con fondos p\u00fablicos para el curso escolar 2024-25<\/a><\/td>\n<\/tr>\n<\/tbody>\n<\/table>\n<p>&nbsp;<\/p>\n<p><a href=\"https:\/\/view.genial.ly\/65ddcba514ee420014c61d1b\/interactive-content-oferta-educativa-24-25\">Pincha en la imagen para consultar las ense\u00f1anzas de nuestro centro.<\/a><\/p>\n<p><a href=\"https:\/\/view.genial.ly\/65ddcba514ee420014c61d1b\/interactive-content-oferta-educativa-24-25\"><br \/>\n<img loading=\"lazy\" decoding=\"async\" class=\"aligncenter size-full wp-image-3911\" src=\"https:\/\/blogsaverroes.juntadeandalucia.es\/ieslasfuentezuelas\/files\/2024\/02\/Ense\u00f1anzas-1.png\" alt=\"\" width=\"1086\" height=\"605\" srcset=\"https:\/\/blogsaverroes.juntadeandalucia.es\/ieslasfuentezuelas\/files\/2024\/02\/Ense\u00f1anzas-1.png 1086w, https:\/\/blogsaverroes.juntadeandalucia.es\/ieslasfuentezuelas\/files\/2024\/02\/Ense\u00f1anzas-1-300x167.png 300w, https:\/\/blogsaverroes.juntadeandalucia.es\/ieslasfuentezuelas\/files\/2024\/02\/Ense\u00f1anzas-1-1024x570.png 1024w, https:\/\/blogsaverroes.juntadeandalucia.es\/ieslasfuentezuelas\/files\/2024\/02\/Ense\u00f1anzas-1-768x428.png 768w\" sizes=\"(max-width: 1086px) 100vw, 1086px\" \/><\/a><\/p>\n<p>&nbsp;<\/p>\n<pre><strong>NOVEDAD<\/strong><\/pre>\n<p><strong>Se comunica que el inicio de la acci\u00f3n formativa impartida en el IES Las Fuentezuelas de Ja\u00e9n conducente al Certificado de Profesionalidad MONTAJE Y PUESTA EN MARCHA DE BIENES DE EQUIPO Y MAQUINARIA INDUSTRIAL (FMEE0208) es el 15 de febrero de 2024 a las 16:00h.<br \/>\n<\/strong>Los gastos correspondientes a la acci\u00f3n formativa son financiados por el Ministerio de Educaci\u00f3n, Formaci\u00f3n Profesional y Deportes.&nbsp;<\/p>\n<table style=\"border-collapse: collapse;width: 100%;height: 108px\">\n<tbody>\n<tr style=\"height: 108px\">\n<td style=\"width: 50%;height: 108px\"><a href=\"https:\/\/blogsaverroes.juntadeandalucia.es\/ieslasfuentezuelas\/files\/2024\/02\/LOGo-definitivo.png\"><img loading=\"lazy\" decoding=\"async\" class=\"aligncenter wp-image-3839\" src=\"https:\/\/blogsaverroes.juntadeandalucia.es\/ieslasfuentezuelas\/files\/2024\/02\/LOGo-definitivo.png\" alt=\"\" width=\"265\" height=\"64\"><\/a><\/td>\n<td style=\"width: 50%;height: 108px\"><a href=\"https:\/\/blogsaverroes.juntadeandalucia.es\/ieslasfuentezuelas\/files\/2024\/02\/Ahora.png\"><img loading=\"lazy\" decoding=\"async\" class=\"aligncenter wp-image-3845\" src=\"https:\/\/blogsaverroes.juntadeandalucia.es\/ieslasfuentezuelas\/files\/2024\/02\/Ahora.png\" alt=\"\" width=\"209\" height=\"157\" srcset=\"https:\/\/blogsaverroes.juntadeandalucia.es\/ieslasfuentezuelas\/files\/2024\/02\/Ahora.png 1192w, https:\/\/blogsaverroes.juntadeandalucia.es\/ieslasfuentezuelas\/files\/2024\/02\/Ahora-300x226.png 300w, https:\/\/blogsaverroes.juntadeandalucia.es\/ieslasfuentezuelas\/files\/2024\/02\/Ahora-1024x771.png 1024w, https:\/\/blogsaverroes.juntadeandalucia.es\/ieslasfuentezuelas\/files\/2024\/02\/Ahora-768x579.png 768w\" sizes=\"(max-width: 209px) 100vw, 209px\" \/><\/a><\/td>\n<\/tr>\n<\/tbody>\n<\/table>\n<p>&nbsp;<\/p>\n<table style=\"border-collapse: collapse;width: 100%\">\n<tbody>\n<tr>\n<td style=\"width: 100%\"><a href=\"https:\/\/blogsaverroes.juntadeandalucia.es\/ieslasfuentezuelas\/files\/2020\/11\/logofuntezuelas.jpg\"><img loading=\"lazy\" decoding=\"async\" class=\"aligncenter wp-image-2662\" src=\"https:\/\/blogsaverroes.juntadeandalucia.es\/ieslasfuentezuelas\/files\/2020\/11\/logofuntezuelas.jpg\" alt=\"\" width=\"137\" height=\"137\" srcset=\"https:\/\/blogsaverroes.juntadeandalucia.es\/ieslasfuentezuelas\/files\/2020\/11\/logofuntezuelas.jpg 1000w, https:\/\/blogsaverroes.juntadeandalucia.es\/ieslasfuentezuelas\/files\/2020\/11\/logofuntezuelas-300x300.jpg 300w, https:\/\/blogsaverroes.juntadeandalucia.es\/ieslasfuentezuelas\/files\/2020\/11\/logofuntezuelas-150x150.jpg 150w, https:\/\/blogsaverroes.juntadeandalucia.es\/ieslasfuentezuelas\/files\/2020\/11\/logofuntezuelas-768x768.jpg 768w, https:\/\/blogsaverroes.juntadeandalucia.es\/ieslasfuentezuelas\/files\/2020\/11\/logofuntezuelas-100x100.jpg 100w, https:\/\/blogsaverroes.juntadeandalucia.es\/ieslasfuentezuelas\/files\/2020\/11\/logofuntezuelas-24x24.jpg 24w, https:\/\/blogsaverroes.juntadeandalucia.es\/ieslasfuentezuelas\/files\/2020\/11\/logofuntezuelas-36x36.jpg 36w, https:\/\/blogsaverroes.juntadeandalucia.es\/ieslasfuentezuelas\/files\/2020\/11\/logofuntezuelas-48x48.jpg 48w\" sizes=\"(max-width: 137px) 100vw, 137px\" \/><\/a><\/td>\n<\/tr>\n<\/tbody>\n<\/table>\n<p>&nbsp;<\/p>\n<p>&nbsp;<\/p>\n<p>&nbsp;<\/p>\n<p>&nbsp;<\/p>\n<p>&nbsp;<\/p>\n<p>&nbsp;<\/p>\n<h6>&nbsp;<\/h6>\n<p><!--themify_builder_static--><!--\/themify_builder_static--><\/p>\n","protected":false},"excerpt":{"rendered":"<p>Bienvenidos a la web del IES Las Fuentezuelas INFORMACI\u00d3N DE INTER\u00c9S &nbsp; &nbsp;Se comunica que hoy es el \u00faltimo d\u00eda de la acci\u00f3n formativa, impartida en el IES Las Fuentezuelas de Ja\u00e9n, conducente al Certificado de Profesionalidad MONTAJE Y PUESTA EN MARCHA DE BIENES DE EQUIPO Y MAQUINARIA INDUSTRIAL (FMEE0208). &nbsp; &nbsp;Los gastos correspondientes a [&hellip;]<\/p>\n","protected":false},"author":11479,"featured_media":0,"parent":0,"menu_order":1,"comment_status":"closed","ping_status":"closed","template":"","meta":{"ngg_post_thumbnail":0,"footnotes":"","_mc_calendar":[]},"aioseo_notices":[],"_links":{"self":[{"href":"https:\/\/blogsaverroes.juntadeandalucia.es\/ieslasfuentezuelas\/wp-json\/wp\/v2\/pages\/2474"}],"collection":[{"href":"https:\/\/blogsaverroes.juntadeandalucia.es\/ieslasfuentezuelas\/wp-json\/wp\/v2\/pages"}],"about":[{"href":"https:\/\/blogsaverroes.juntadeandalucia.es\/ieslasfuentezuelas\/wp-json\/wp\/v2\/types\/page"}],"author":[{"embeddable":true,"href":"https:\/\/blogsaverroes.juntadeandalucia.es\/ieslasfuentezuelas\/wp-json\/wp\/v2\/users\/11479"}],"replies":[{"embeddable":true,"href":"https:\/\/blogsaverroes.juntadeandalucia.es\/ieslasfuentezuelas\/wp-json\/wp\/v2\/comments?post=2474"}],"version-history":[{"count":152,"href":"https:\/\/blogsaverroes.juntadeandalucia.es\/ieslasfuentezuelas\/wp-json\/wp\/v2\/pages\/2474\/revisions"}],"predecessor-version":[{"id":4074,"href":"https:\/\/blogsaverroes.juntadeandalucia.es\/ieslasfuentezuelas\/wp-json\/wp\/v2\/pages\/2474\/revisions\/4074"}],"wp:attachment":[{"href":"https:\/\/blogsaverroes.juntadeandalucia.es\/ieslasfuentezuelas\/wp-json\/wp\/v2\/media?parent=2474"}],"curies":[{"name":"wp","href":"https:\/\/api.w.org\/{rel}","templated":true}]}}