{"id":82,"date":"2015-03-16T06:59:55","date_gmt":"2015-03-16T06:59:55","guid":{"rendered":"http:\/\/blogsaverroes.juntadeandalucia.es\/pre\/ceip\/?page_id=82"},"modified":"2024-09-13T17:03:20","modified_gmt":"2024-09-13T17:03:20","slug":"horarios","status":"publish","type":"page","link":"https:\/\/blogsaverroes.juntadeandalucia.es\/ieslasfuentezuelas\/horarios\/","title":{"rendered":"Horarios"},"content":{"rendered":"<p><img loading=\"lazy\" decoding=\"async\" class=\"size-medium wp-image-1675 alignleft\" src=\"http:\/\/blogsaverroes.juntadeandalucia.es\/temahuemanies\/files\/2015\/03\/horario2-300x211.jpg\" alt=\"horario2\" width=\"300\" height=\"211\" srcset=\"https:\/\/blogsaverroes.juntadeandalucia.es\/ieslasfuentezuelas\/files\/2015\/03\/horario2-300x211.jpg 300w, https:\/\/blogsaverroes.juntadeandalucia.es\/ieslasfuentezuelas\/files\/2015\/03\/horario2.jpg 640w\" sizes=\"(max-width: 300px) 100vw, 300px\" \/><\/p>\n<p style=\"text-align: justify\">Durante este curso 2024\/25 el horario de ma\u00f1ana del centro es de 08:00 a 14:30 y el de tarde de 15:00 a 21:00.<\/p>\n<p>Los recreos de la ma\u00f1ana ser\u00e1n de 11.00h a 11.30h.&nbsp;a 11:30<\/p>\n<p><a href=\"https:\/\/drive.google.com\/file\/d\/1lnw-r6Y7JOCJlMM6ghiu6fYcgWsOqSPb\/view?usp=drive_link\">HORARIOS GRUPOS CURSO 23-24<\/a><\/p>\n<p>&nbsp;<\/p>\n","protected":false},"excerpt":{"rendered":"<p>Durante este curso 2024\/25 el horario de ma\u00f1ana del centro es de 08:00 a 14:30 y el de tarde de 15:00 a 21:00. Los recreos de la ma\u00f1ana ser\u00e1n de 11.00h a 11.30h.&nbsp;a 11:30 HORARIOS GRUPOS CURSO 23-24 &nbsp;<\/p>\n","protected":false},"author":1,"featured_media":0,"parent":0,"menu_order":0,"comment_status":"open","ping_status":"open","template":"","meta":{"ngg_post_thumbnail":0,"footnotes":"","_mc_calendar":[]},"aioseo_notices":[],"_links":{"self":[{"href":"https:\/\/blogsaverroes.juntadeandalucia.es\/ieslasfuentezuelas\/wp-json\/wp\/v2\/pages\/82"}],"collection":[{"href":"https:\/\/blogsaverroes.juntadeandalucia.es\/ieslasfuentezuelas\/wp-json\/wp\/v2\/pages"}],"about":[{"href":"https:\/\/blogsaverroes.juntadeandalucia.es\/ieslasfuentezuelas\/wp-json\/wp\/v2\/types\/page"}],"author":[{"embeddable":true,"href":"https:\/\/blogsaverroes.juntadeandalucia.es\/ieslasfuentezuelas\/wp-json\/wp\/v2\/users\/1"}],"replies":[{"embeddable":true,"href":"https:\/\/blogsaverroes.juntadeandalucia.es\/ieslasfuentezuelas\/wp-json\/wp\/v2\/comments?post=82"}],"version-history":[{"count":11,"href":"https:\/\/blogsaverroes.juntadeandalucia.es\/ieslasfuentezuelas\/wp-json\/wp\/v2\/pages\/82\/revisions"}],"predecessor-version":[{"id":3954,"href":"https:\/\/blogsaverroes.juntadeandalucia.es\/ieslasfuentezuelas\/wp-json\/wp\/v2\/pages\/82\/revisions\/3954"}],"wp:attachment":[{"href":"https:\/\/blogsaverroes.juntadeandalucia.es\/ieslasfuentezuelas\/wp-json\/wp\/v2\/media?parent=82"}],"curies":[{"name":"wp","href":"https:\/\/api.w.org\/{rel}","templated":true}]}}