{"id":51,"date":"2019-12-02T09:57:12","date_gmt":"2019-12-02T08:57:12","guid":{"rendered":"http:\/\/www.ieslasmarinas.es\/?page_id=51"},"modified":"2019-12-02T09:57:12","modified_gmt":"2019-12-02T08:57:12","slug":"lengua-castellana-y-literatura","status":"publish","type":"page","link":"https:\/\/blogsaverroes.juntadeandalucia.es\/ieslasmarinas\/lengua-castellana-y-literatura\/","title":{"rendered":"Lengua Castellana y Literatura"},"content":{"rendered":"\n<h3 class=\"wp-block-heading\">Componentes<\/h3>\n\n\n<p><span style=\"font-size: revert;color: initial\">Inmaculada Villaverde Vay\u00e1: ivilyay302@g.educaand.es<br \/>Ana M\u00aa Mar\u00edn Hern\u00e1ndez: amarher707@g.educaand.es<br \/>Ana M\u00aa Moya Mart\u00ednez: amoymar545@g.educaand.es<br \/>Mart\u00edn Cort\u00e9s Cort\u00e9s: mcorcor851@g.educaand.es<br \/>Inmaculada Concepci\u00f3n Bleda Garc\u00eda: iblegar685@g.educaand.es<br \/>Alicia Garc\u00eda Moreno: agarmor491@g.educaand.es<\/span><\/p>\n<p><span style=\"font-size: revert;color: initial\">Laura Briones Cantero: \u00a0<a href=\"mailto:lbrican858@g.educaand.es\" target=\"_blank\" rel=\"noopener\">lbrican858@g.educaand.es<\/a><\/span><\/p>\n<p><span style=\"font-size: revert;color: initial\">Carmen Jim\u00e9nez Molero:\u00a0<a href=\"mailto:cjimmol030@g.educaand.es\" target=\"_blank\" rel=\"noopener\">cjimmol030@g.educaand.es<\/a><\/p>\n<p><\/span><\/p>\n\n\n<h3 class=\"wp-block-heading\">Programaciones<\/h3>\n\n\n\n<p><\/p>\n\n\n\n<figure class=\"wp-block-image size-full is-resized\"><a href=\"https:\/\/blogsaverroes.juntadeandalucia.es\/ieslasmarinas\/files\/2023\/12\/Progamacion-didactica-2o-Bachillerato-Humanidades-y-Ciencias-Sociales.pdf\"><img loading=\"lazy\" decoding=\"async\" src=\"https:\/\/blogsaverroes.juntadeandalucia.es\/ieslasmarinas\/files\/2020\/11\/descarga.png\" alt=\"2\u00ba Bachillerato\" class=\"wp-image-3118\" width=\"115\" height=\"115\" srcset=\"https:\/\/blogsaverroes.juntadeandalucia.es\/ieslasmarinas\/files\/2020\/11\/descarga.png 225w, https:\/\/blogsaverroes.juntadeandalucia.es\/ieslasmarinas\/files\/2020\/11\/descarga-150x150.png 150w, https:\/\/blogsaverroes.juntadeandalucia.es\/ieslasmarinas\/files\/2020\/11\/descarga-80x80.png 80w\" sizes=\"(max-width: 115px) 100vw, 115px\" \/><\/a><figcaption>2\u00ba Bachillerato H y CCSS<\/figcaption><\/figure>\n\n\n\n<figure class=\"wp-block-image size-full is-resized\"><a href=\"https:\/\/blogsaverroes.juntadeandalucia.es\/ieslasmarinas\/files\/2023\/12\/Progamacion-didactica-2o-Bachillerato-Ciencias-y-Tecnologia.pdf\"><img loading=\"lazy\" decoding=\"async\" src=\"https:\/\/blogsaverroes.juntadeandalucia.es\/ieslasmarinas\/files\/2020\/11\/descarga.png\" alt=\"2\u00ba Bachillerato\" class=\"wp-image-3118\" width=\"114\" height=\"114\" srcset=\"https:\/\/blogsaverroes.juntadeandalucia.es\/ieslasmarinas\/files\/2020\/11\/descarga.png 225w, https:\/\/blogsaverroes.juntadeandalucia.es\/ieslasmarinas\/files\/2020\/11\/descarga-150x150.png 150w, https:\/\/blogsaverroes.juntadeandalucia.es\/ieslasmarinas\/files\/2020\/11\/descarga-80x80.png 80w\" sizes=\"(max-width: 114px) 100vw, 114px\" \/><\/a><figcaption> 2\u00ba Bachillerato CC y Tecn<\/figcaption><\/figure>\n\n\n\n<figure class=\"wp-block-image size-full is-resized\"><a href=\"https:\/\/blogsaverroes.juntadeandalucia.es\/ieslasmarinas\/files\/2023\/12\/Progamacion-didactica-1o-Bachillerato-Humanidades-y-Ciencias-Sociales.pdf\"><img loading=\"lazy\" decoding=\"async\" src=\"https:\/\/blogsaverroes.juntadeandalucia.es\/ieslasmarinas\/files\/2020\/11\/descarga.png\" alt=\"\" class=\"wp-image-3118\" width=\"115\" height=\"115\" srcset=\"https:\/\/blogsaverroes.juntadeandalucia.es\/ieslasmarinas\/files\/2020\/11\/descarga.png 225w, https:\/\/blogsaverroes.juntadeandalucia.es\/ieslasmarinas\/files\/2020\/11\/descarga-150x150.png 150w, https:\/\/blogsaverroes.juntadeandalucia.es\/ieslasmarinas\/files\/2020\/11\/descarga-80x80.png 80w\" sizes=\"(max-width: 115px) 100vw, 115px\" \/><\/a><figcaption>1\u00ba Bachillerato Hum. y CCSS<\/figcaption><\/figure>\n\n\n\n<figure class=\"wp-block-image size-full is-resized\"><a href=\"https:\/\/blogsaverroes.juntadeandalucia.es\/ieslasmarinas\/files\/2023\/12\/Progamacion-didactica-1o-Bachillerato-Ciencias-y-Tecnologia.pdf\"><img loading=\"lazy\" decoding=\"async\" src=\"https:\/\/blogsaverroes.juntadeandalucia.es\/ieslasmarinas\/files\/2020\/11\/descarga.png\" alt=\"\" class=\"wp-image-3118\" width=\"113\" height=\"113\" srcset=\"https:\/\/blogsaverroes.juntadeandalucia.es\/ieslasmarinas\/files\/2020\/11\/descarga.png 225w, https:\/\/blogsaverroes.juntadeandalucia.es\/ieslasmarinas\/files\/2020\/11\/descarga-150x150.png 150w, https:\/\/blogsaverroes.juntadeandalucia.es\/ieslasmarinas\/files\/2020\/11\/descarga-80x80.png 80w\" sizes=\"(max-width: 113px) 100vw, 113px\" \/><\/a><figcaption>1\u00ba Bachillerato Ciencias y Tecnolog\u00eda<\/figcaption><\/figure>\n\n\n\n<figure class=\"wp-block-image size-full is-resized\"><a href=\"https:\/\/blogsaverroes.juntadeandalucia.es\/ieslasmarinas\/files\/2023\/12\/Programacion-didactica-Literatura-Universal.pdf\"><img loading=\"lazy\" decoding=\"async\" src=\"https:\/\/blogsaverroes.juntadeandalucia.es\/ieslasmarinas\/files\/2020\/11\/descarga.png\" alt=\"\" class=\"wp-image-3118\" width=\"112\" height=\"112\" srcset=\"https:\/\/blogsaverroes.juntadeandalucia.es\/ieslasmarinas\/files\/2020\/11\/descarga.png 225w, https:\/\/blogsaverroes.juntadeandalucia.es\/ieslasmarinas\/files\/2020\/11\/descarga-150x150.png 150w, https:\/\/blogsaverroes.juntadeandalucia.es\/ieslasmarinas\/files\/2020\/11\/descarga-80x80.png 80w\" sizes=\"(max-width: 112px) 100vw, 112px\" \/><\/a><figcaption>Literatura Universal<\/figcaption><\/figure>\n\n\n\n<figure class=\"wp-block-image size-full is-resized\"><a href=\"https:\/\/blogsaverroes.juntadeandalucia.es\/ieslasmarinas\/files\/2023\/12\/Programacion-didactica-1o-ESO.pdf\"><img loading=\"lazy\" decoding=\"async\" src=\"https:\/\/blogsaverroes.juntadeandalucia.es\/ieslasmarinas\/files\/2020\/11\/descarga.png\" alt=\"\" class=\"wp-image-3118\" width=\"111\" height=\"111\" srcset=\"https:\/\/blogsaverroes.juntadeandalucia.es\/ieslasmarinas\/files\/2020\/11\/descarga.png 225w, https:\/\/blogsaverroes.juntadeandalucia.es\/ieslasmarinas\/files\/2020\/11\/descarga-150x150.png 150w, https:\/\/blogsaverroes.juntadeandalucia.es\/ieslasmarinas\/files\/2020\/11\/descarga-80x80.png 80w\" sizes=\"(max-width: 111px) 100vw, 111px\" \/><\/a><figcaption>1\u00ba ESO<\/figcaption><\/figure>\n\n\n\n<figure class=\"wp-block-image size-full is-resized\"><a href=\"https:\/\/blogsaverroes.juntadeandalucia.es\/ieslasmarinas\/files\/2023\/12\/Programacion-didactica-2o-ESO.pdf\"><img loading=\"lazy\" decoding=\"async\" src=\"https:\/\/blogsaverroes.juntadeandalucia.es\/ieslasmarinas\/files\/2020\/11\/descarga.png\" alt=\"\" class=\"wp-image-3118\" width=\"111\" height=\"111\" srcset=\"https:\/\/blogsaverroes.juntadeandalucia.es\/ieslasmarinas\/files\/2020\/11\/descarga.png 225w, https:\/\/blogsaverroes.juntadeandalucia.es\/ieslasmarinas\/files\/2020\/11\/descarga-150x150.png 150w, https:\/\/blogsaverroes.juntadeandalucia.es\/ieslasmarinas\/files\/2020\/11\/descarga-80x80.png 80w\" sizes=\"(max-width: 111px) 100vw, 111px\" \/><\/a><figcaption>2\u00ba ESO<\/figcaption><\/figure>\n\n\n\n<figure class=\"wp-block-image size-full is-resized\"><a href=\"https:\/\/blogsaverroes.juntadeandalucia.es\/ieslasmarinas\/files\/2023\/12\/Programacion-didactica-3o-ESO.pdf\"><img loading=\"lazy\" decoding=\"async\" src=\"https:\/\/blogsaverroes.juntadeandalucia.es\/ieslasmarinas\/files\/2020\/11\/descarga.png\" alt=\"\" class=\"wp-image-3118\" width=\"111\" height=\"111\" srcset=\"https:\/\/blogsaverroes.juntadeandalucia.es\/ieslasmarinas\/files\/2020\/11\/descarga.png 225w, https:\/\/blogsaverroes.juntadeandalucia.es\/ieslasmarinas\/files\/2020\/11\/descarga-150x150.png 150w, https:\/\/blogsaverroes.juntadeandalucia.es\/ieslasmarinas\/files\/2020\/11\/descarga-80x80.png 80w\" sizes=\"(max-width: 111px) 100vw, 111px\" \/><\/a><figcaption>3\u00ba ESO<\/figcaption><\/figure>\n\n\n\n<figure class=\"wp-block-image size-full is-resized\"><a href=\"https:\/\/blogsaverroes.juntadeandalucia.es\/ieslasmarinas\/files\/2023\/12\/Programacion-didactica-4o-ESO.pdf\"><img loading=\"lazy\" decoding=\"async\" src=\"https:\/\/blogsaverroes.juntadeandalucia.es\/ieslasmarinas\/files\/2020\/11\/descarga.png\" alt=\"\" class=\"wp-image-3118\" width=\"111\" height=\"111\" srcset=\"https:\/\/blogsaverroes.juntadeandalucia.es\/ieslasmarinas\/files\/2020\/11\/descarga.png 225w, https:\/\/blogsaverroes.juntadeandalucia.es\/ieslasmarinas\/files\/2020\/11\/descarga-150x150.png 150w, https:\/\/blogsaverroes.juntadeandalucia.es\/ieslasmarinas\/files\/2020\/11\/descarga-80x80.png 80w\" sizes=\"(max-width: 111px) 100vw, 111px\" \/><\/a><figcaption>4\u00ba ESO<\/figcaption><\/figure>\n\n\n\n<figure class=\"wp-block-image size-full is-resized\"><a href=\"https:\/\/blogsaverroes.juntadeandalucia.es\/ieslasmarinas\/files\/2023\/12\/ASL-4o-ESO.pdf\"><img loading=\"lazy\" decoding=\"async\" src=\"https:\/\/blogsaverroes.juntadeandalucia.es\/ieslasmarinas\/files\/2020\/11\/descarga.png\" alt=\"\" class=\"wp-image-3118\" width=\"111\" height=\"111\" srcset=\"https:\/\/blogsaverroes.juntadeandalucia.es\/ieslasmarinas\/files\/2020\/11\/descarga.png 225w, https:\/\/blogsaverroes.juntadeandalucia.es\/ieslasmarinas\/files\/2020\/11\/descarga-150x150.png 150w, https:\/\/blogsaverroes.juntadeandalucia.es\/ieslasmarinas\/files\/2020\/11\/descarga-80x80.png 80w\" sizes=\"(max-width: 111px) 100vw, 111px\" \/><\/a><figcaption>4\u00ba ESO ALS<\/figcaption><\/figure>\n","protected":false},"excerpt":{"rendered":"<p>Componentes Inmaculada Villaverde Vay\u00e1: ivilyay302@g.educaand.esAna M\u00aa Mar\u00edn Hern\u00e1ndez: amarher707@g.educaand.esAna M\u00aa Moya Mart\u00ednez: amoymar545@g.educaand.esMart\u00edn Cort\u00e9s Cort\u00e9s: mcorcor851@g.educaand.esInmaculada Concepci\u00f3n Bleda Garc\u00eda: iblegar685@g.educaand.esAlicia Garc\u00eda Moreno: agarmor491@g.educaand.es Laura Briones Cantero: \u00a0lbrican858@g.educaand.es Carmen Jim\u00e9nez Molero:\u00a0cjimmol030@g.educaand.es Programaciones 2\u00ba Bachillerato H&#46;&#46;&#46;<\/p>\n","protected":false},"author":2913,"featured_media":0,"parent":0,"menu_order":0,"comment_status":"closed","ping_status":"closed","template":"","meta":{"ngg_post_thumbnail":0,"footnotes":""},"aioseo_notices":[],"_links":{"self":[{"href":"https:\/\/blogsaverroes.juntadeandalucia.es\/ieslasmarinas\/wp-json\/wp\/v2\/pages\/51"}],"collection":[{"href":"https:\/\/blogsaverroes.juntadeandalucia.es\/ieslasmarinas\/wp-json\/wp\/v2\/pages"}],"about":[{"href":"https:\/\/blogsaverroes.juntadeandalucia.es\/ieslasmarinas\/wp-json\/wp\/v2\/types\/page"}],"author":[{"embeddable":true,"href":"https:\/\/blogsaverroes.juntadeandalucia.es\/ieslasmarinas\/wp-json\/wp\/v2\/users\/2913"}],"replies":[{"embeddable":true,"href":"https:\/\/blogsaverroes.juntadeandalucia.es\/ieslasmarinas\/wp-json\/wp\/v2\/comments?post=51"}],"version-history":[{"count":0,"href":"https:\/\/blogsaverroes.juntadeandalucia.es\/ieslasmarinas\/wp-json\/wp\/v2\/pages\/51\/revisions"}],"wp:attachment":[{"href":"https:\/\/blogsaverroes.juntadeandalucia.es\/ieslasmarinas\/wp-json\/wp\/v2\/media?parent=51"}],"curies":[{"name":"wp","href":"https:\/\/api.w.org\/{rel}","templated":true}]}}