{"id":137,"date":"2019-12-11T12:13:31","date_gmt":"2019-12-11T11:13:31","guid":{"rendered":"http:\/\/www.ieslasmarinas.es\/?page_id=137"},"modified":"2024-11-16T18:47:24","modified_gmt":"2024-11-16T17:47:24","slug":"educacion-fisica","status":"publish","type":"page","link":"https:\/\/blogsaverroes.juntadeandalucia.es\/ieslasmarinas0\/educacion-fisica\/","title":{"rendered":"Educaci\u00f3n F\u00edsica, M\u00fasica, Dibujo y Pl\u00e1stica"},"content":{"rendered":"\r\n<p>Jefe de departamento: Joaqu\u00edn Est\u00e9vez<\/p>\r\n\r\n\r\n\r\n<p>Jefe de \u00e1rea: M\u00aa \u00c1ngeles Barranco<\/p>\r\n\r\n\r\n\r\n<p style=\"font-size: 22px;text-align: center\">Programaciones<\/p>\r\n\r\n\r\n\r\n\r\n\r\n\r\n\r\n\r\n\r\n<figure class=\"wp-block-image size-full is-resized\">\r\n<figcaption><a href=\"https:\/\/drive.google.com\/drive\/folders\/1ELVQqZn4S5sTLmvaeJN5jNIboRFAKR-u?usp=sharing\" target=\"_blank\" rel=\"noopener\"><img loading=\"lazy\" decoding=\"async\" class=\"alignnone size-medium wp-image-5975 aligncenter\" src=\"https:\/\/blogsaverroes.juntadeandalucia.es\/ieslasmarinas0\/files\/2024\/11\/programaciones-1-234x300.jpg\" alt=\"\" width=\"234\" height=\"300\" srcset=\"https:\/\/blogsaverroes.juntadeandalucia.es\/ieslasmarinas0\/files\/2024\/11\/programaciones-1-234x300.jpg 234w, https:\/\/blogsaverroes.juntadeandalucia.es\/ieslasmarinas0\/files\/2024\/11\/programaciones-1.jpg 740w\" sizes=\"(max-width: 234px) 100vw, 234px\" \/><\/a><\/figcaption>\r\n<\/figure>\r\n","protected":false},"excerpt":{"rendered":"<p>Jefe de departamento: Joaqu\u00edn Est\u00e9vez Jefe de \u00e1rea: M\u00aa \u00c1ngeles Barranco Programaciones<\/p>\n","protected":false},"author":2913,"featured_media":0,"parent":0,"menu_order":0,"comment_status":"closed","ping_status":"closed","template":"","meta":{"footnotes":""},"aioseo_notices":[],"_links":{"self":[{"href":"https:\/\/blogsaverroes.juntadeandalucia.es\/ieslasmarinas0\/wp-json\/wp\/v2\/pages\/137"}],"collection":[{"href":"https:\/\/blogsaverroes.juntadeandalucia.es\/ieslasmarinas0\/wp-json\/wp\/v2\/pages"}],"about":[{"href":"https:\/\/blogsaverroes.juntadeandalucia.es\/ieslasmarinas0\/wp-json\/wp\/v2\/types\/page"}],"author":[{"embeddable":true,"href":"https:\/\/blogsaverroes.juntadeandalucia.es\/ieslasmarinas0\/wp-json\/wp\/v2\/users\/2913"}],"replies":[{"embeddable":true,"href":"https:\/\/blogsaverroes.juntadeandalucia.es\/ieslasmarinas0\/wp-json\/wp\/v2\/comments?post=137"}],"version-history":[{"count":3,"href":"https:\/\/blogsaverroes.juntadeandalucia.es\/ieslasmarinas0\/wp-json\/wp\/v2\/pages\/137\/revisions"}],"predecessor-version":[{"id":5997,"href":"https:\/\/blogsaverroes.juntadeandalucia.es\/ieslasmarinas0\/wp-json\/wp\/v2\/pages\/137\/revisions\/5997"}],"wp:attachment":[{"href":"https:\/\/blogsaverroes.juntadeandalucia.es\/ieslasmarinas0\/wp-json\/wp\/v2\/media?parent=137"}],"curies":[{"name":"wp","href":"https:\/\/api.w.org\/{rel}","templated":true}]}}