{"id":25,"date":"2019-11-29T08:55:06","date_gmt":"2019-11-29T07:55:06","guid":{"rendered":"http:\/\/www.ieslasmarinas.es\/?page_id=25"},"modified":"2019-11-29T08:55:06","modified_gmt":"2019-11-29T07:55:06","slug":"contacto","status":"publish","type":"page","link":"https:\/\/blogsaverroes.juntadeandalucia.es\/ieslasmarinas0\/contacto\/","title":{"rendered":"Contacto"},"content":{"rendered":"\n<h4 class=\"wp-block-heading\">Para contactar con nosotros:<\/h4>\n\n\n\n<p><strong>Domicilio : <\/strong> Calle Coimbra 1, Roquetas de Mar. 04740 (Almer\u00eda) <\/p>\n\n\n\n<p><strong>Correo Electr\u00f3nico :<\/strong> <em>04000341.edu@juntadeandalucia.es<\/em><\/p>\n\n\n\n<p><strong>Tel\u00e9fonos :<\/strong> <em> 671 530 647 (administraci\u00f3n), 697 952 208<\/em> (conserje)<\/p>\n\n\n\n<p><\/p>\n","protected":false},"excerpt":{"rendered":"<p>Para contactar con nosotros: Domicilio : Calle Coimbra 1, Roquetas de Mar. 04740 (Almer\u00eda) Correo Electr\u00f3nico : 04000341.edu@juntadeandalucia.es Tel\u00e9fonos : 671 530 647 (administraci\u00f3n), 697 952 208 (conserje)<\/p>\n","protected":false},"author":2913,"featured_media":0,"parent":0,"menu_order":0,"comment_status":"closed","ping_status":"closed","template":"","meta":{"footnotes":""},"aioseo_notices":[],"_links":{"self":[{"href":"https:\/\/blogsaverroes.juntadeandalucia.es\/ieslasmarinas0\/wp-json\/wp\/v2\/pages\/25"}],"collection":[{"href":"https:\/\/blogsaverroes.juntadeandalucia.es\/ieslasmarinas0\/wp-json\/wp\/v2\/pages"}],"about":[{"href":"https:\/\/blogsaverroes.juntadeandalucia.es\/ieslasmarinas0\/wp-json\/wp\/v2\/types\/page"}],"author":[{"embeddable":true,"href":"https:\/\/blogsaverroes.juntadeandalucia.es\/ieslasmarinas0\/wp-json\/wp\/v2\/users\/2913"}],"replies":[{"embeddable":true,"href":"https:\/\/blogsaverroes.juntadeandalucia.es\/ieslasmarinas0\/wp-json\/wp\/v2\/comments?post=25"}],"version-history":[{"count":0,"href":"https:\/\/blogsaverroes.juntadeandalucia.es\/ieslasmarinas0\/wp-json\/wp\/v2\/pages\/25\/revisions"}],"wp:attachment":[{"href":"https:\/\/blogsaverroes.juntadeandalucia.es\/ieslasmarinas0\/wp-json\/wp\/v2\/media?parent=25"}],"curies":[{"name":"wp","href":"https:\/\/api.w.org\/{rel}","templated":true}]}}